{"id":3514,"date":"2026-03-13T23:13:34","date_gmt":"2026-03-13T15:13:34","guid":{"rendered":"https:\/\/glasswaremanufacturers.com\/product\/120ml-matte-black-glass-jar-for-cosmetic-packaging\/"},"modified":"2026-03-13T23:13:34","modified_gmt":"2026-03-13T15:13:34","slug":"120ml-mattschwarzes-glasgefas-fur-kosmetikverpackungen","status":"publish","type":"product","link":"https:\/\/glasswaremanufacturers.com\/de\/product\/120ml-matte-black-glass-jar-for-cosmetic-packaging\/","title":{"rendered":"120 ml mattschwarzes Glasgef\u00e4\u00df f\u00fcr Kosmetikverpackungen"},"content":{"rendered":"<h2>Produkte Details<\/h2>\n<div class=\"product-table\">\n<div class=\"row\">\n<div class=\"cell label\">Material der Kappe<\/div>\n<div class=\"cell value\">Kunststoff<\/div>\n<\/div>\n<div class=\"row\">\n<div class=\"cell label\">Drucken Handhabung<\/div>\n<div class=\"cell value\">Dekoration Brennen, Heat Transfer Printing, Siebdruck, Spr\u00fchen, Frosting, Goldstempel<\/div>\n<\/div>\n<div class=\"row\">\n<div class=\"cell label\">Industrielle Nutzung<\/div>\n<div class=\"cell value\">Kosmetisch<\/div>\n<\/div>\n<div class=\"row\">\n<div class=\"cell label\">Logo-Druck<\/div>\n<div class=\"cell value\">ja<\/div>\n<\/div>\n<div class=\"row\">\n<div class=\"cell label\">Grundmaterial<\/div>\n<div class=\"cell value\">Glas<\/div>\n<\/div>\n<div class=\"row\">\n<div class=\"cell label\">Material des Kragens<\/div>\n<div class=\"cell value\">Glas<\/div>\n<\/div>\n<div class=\"row\">\n<div class=\"cell label\">Handhabung der Oberfl\u00e4che<\/div>\n<div class=\"cell value\">Lackieren Spr\u00fchen<\/div>\n<\/div>\n<div class=\"row\">\n<div class=\"cell label\">Verwendung<\/div>\n<div class=\"cell value\">Creme<\/div>\n<\/div>\n<div class=\"row\">\n<div class=\"cell label\">Name des Produkts<\/div>\n<div class=\"cell value\">Cremefarbenes Glasgef\u00e4\u00df<\/div>\n<\/div>\n<div class=\"row\">\n<div class=\"cell label\">Material<\/div>\n<div class=\"cell value\">Glas+ Kunststoffkappe<\/div>\n<\/div>\n<div class=\"row\">\n<div class=\"cell label\">Farbe<\/div>\n<div class=\"cell value\">Schwarz\/Wei\u00df<\/div>\n<\/div>\n<div class=\"row\">\n<div class=\"cell label\">Kapazit\u00e4t<\/div>\n<div class=\"cell value\">30g \/50g\/60g\/120g<\/div>\n<\/div>\n<div class=\"row\">\n<div class=\"cell label\">Form<\/div>\n<div class=\"cell value\">Rund<\/div>\n<\/div>\n<div class=\"row\">\n<div class=\"cell label\">Schl\u00fcsselwort<\/div>\n<div class=\"cell value\">Glasgef\u00e4\u00df-Container<\/div>\n<\/div>\n<div class=\"row\">\n<div class=\"cell label\">Kappe<\/div>\n<div class=\"cell value\">Schraube<\/div>\n<\/div>\n<div class=\"row\">\n<div class=\"cell label\">Material des Geh\u00e4uses<\/div>\n<div class=\"cell value\">Giass<\/div>\n<\/div>\n<div class=\"row\">\n<div class=\"cell label\">Logo<\/div>\n<div class=\"cell value\">Akzeptables Kundenlogo<\/div>\n<\/div>\n<div class=\"row\">\n<div class=\"cell label\">Verkaufende Einheiten<\/div>\n<div class=\"cell value\">Einzelnes Element<\/div>\n<\/div>\n<div class=\"row\">\n<div class=\"cell label\">Einzelne Packungsgr\u00f6\u00dfe<\/div>\n<div class=\"cell value\">6,8X6,8X67 cm<\/div>\n<\/div>\n<div class=\"row\">\n<div class=\"cell label\">Einfaches Bruttogewicht<\/div>\n<div class=\"cell value\">0,500 kg<\/div>\n<\/div>\n<\/div>\n<p>\n<img decoding=\"async\" src=\"https:\/\/glasswaremanufacturers.com\/wp-content\/uploads\/120ml_Matte_Black_Glass_Jar_for_Cosmetic_Packaging.webp\" alt=\"120 ml mattschwarzes Glasgef\u00e4\u00df f\u00fcr Kosmetikverpackungen\" title=\"120 ml mattschwarzes Glasgef\u00e4\u00df f\u00fcr Kosmetikverpackungen\"><\/p>\n<h2>FAQ<\/h2>\n<p><strong>1. Wie gro\u00df ist das Fassungsverm\u00f6gen des Gef\u00e4\u00dfes?<\/strong><br \/>Der Tiegel fasst 120 ml, perfekt f\u00fcr verschiedene Kosmetika.<\/p>\n<p><strong>2. Ist das Glasgef\u00e4\u00df umweltfreundlich?<\/strong><br \/>Ja, er ist wiederverwendbar und recycelbar.<\/p>\n<p><strong>3. Ist das Gef\u00e4\u00df luftdicht verschlossen?<\/strong><br \/>Ja, es gew\u00e4hrleistet die Frische und Langlebigkeit der Produkte.<\/p>\n<p><strong>4. Kann die Dose mit Logos versehen werden?<\/strong><br \/>Auf jeden Fall unterst\u00fctzt es markenspezifische Designs.<\/p>\n<p><strong>5. Ist die mattschwarze Oberfl\u00e4che kratzfest?<\/strong><br \/>Ja, es ist so konzipiert, dass es normaler Abnutzung standh\u00e4lt.<\/p>\n<p><strong>6. Welche Arten von Kosmetika passen in diese Dose?<\/strong><br \/>Ideal f\u00fcr Cremes, Lotionen und Balsame.<\/p>\n<p><strong>7. Ist das Gef\u00e4\u00df reisefreundlich?<\/strong><br \/>Ja, seine kompakte Gr\u00f6\u00dfe macht ihn perfekt f\u00fcr Reisen.<\/p>\n<p><strong>8. Unterst\u00fctzt der Krug Gro\u00dfbestellungen?<\/strong><br \/>Ja, Gro\u00dfeink\u00e4ufe sind f\u00fcr Unternehmen m\u00f6glich.<\/p>\n<p><\/p>","protected":false},"featured_media":3513,"parent":0,"template":"","meta":{"_acf_changed":false,"_seopress_robots_primary_cat":"","_seopress_titles_title":"","_seopress_titles_desc":"","_seopress_robots_index":"","_seopress_analysis_target_kw":""},"categories":[14],"class_list":["post-3514","product","type-product","status-publish","has-post-thumbnail","hentry","category-glass-bottle-manufacturers"],"acf":{"product_maidian":"<li>Elegant matte black finish enhances brand image.<\/li>\r\n<li>Durable glass material ensures product safety.<\/li>\r\n<li>Airtight seal preserves cosmetic freshness.<\/li>\r\n<li>Ideal size for travel-friendly packaging.<\/li>\r\n<li>Sleek design appeals to premium market segments.<\/li>\r\n<li>Eco-friendly and reusable packaging solution.<\/li>\r\n<li>Compatible with various cosmetic products.<\/li>\r\n<li>Customizable for brand-specific designs.<\/li>"},"_links":{"self":[{"href":"https:\/\/glasswaremanufacturers.com\/de\/wp-json\/wp\/v2\/product\/3514","targetHints":{"allow":["GET"]}}],"collection":[{"href":"https:\/\/glasswaremanufacturers.com\/de\/wp-json\/wp\/v2\/product"}],"about":[{"href":"https:\/\/glasswaremanufacturers.com\/de\/wp-json\/wp\/v2\/types\/product"}],"wp:featuredmedia":[{"embeddable":true,"href":"https:\/\/glasswaremanufacturers.com\/de\/wp-json\/wp\/v2\/media\/3513"}],"wp:attachment":[{"href":"https:\/\/glasswaremanufacturers.com\/de\/wp-json\/wp\/v2\/media?parent=3514"}],"wp:term":[{"taxonomy":"category","embeddable":true,"href":"https:\/\/glasswaremanufacturers.com\/de\/wp-json\/wp\/v2\/categories?post=3514"}],"curies":[{"name":"wp","href":"https:\/\/api.w.org\/{rel}","templated":true}]}}