{"id":4797,"date":"2026-04-14T23:32:58","date_gmt":"2026-04-14T15:32:58","guid":{"rendered":"https:\/\/glasswaremanufacturers.com\/product\/250ml-glass-coffee-mug\/"},"modified":"2026-04-14T23:32:58","modified_gmt":"2026-04-14T15:32:58","slug":"250ml-glas-kaffeebecher","status":"publish","type":"product","link":"https:\/\/glasswaremanufacturers.com\/de\/product\/250ml-glass-coffee-mug\/","title":{"rendered":"250Ml Glas Kaffeebecher"},"content":{"rendered":"<h2>Produkte Details<\/h2>\n<div class=\"product-table\">\n<div class=\"row\">\n<div class=\"cell label\">Material<\/div>\n<div class=\"cell value\">Glas<\/div>\n<\/div>\n<div class=\"row\">\n<div class=\"cell label\">Typ<\/div>\n<div class=\"cell value\">Becher<\/div>\n<\/div>\n<div class=\"row\">\n<div class=\"cell label\">Wandkonstruktion<\/div>\n<div class=\"cell value\">Verdickte Wand<\/div>\n<\/div>\n<div class=\"row\">\n<div class=\"cell label\">Mikrowellengeeignet<\/div>\n<div class=\"cell value\">Ja<\/div>\n<\/div>\n<div class=\"row\">\n<div class=\"cell label\">sp\u00fclmaschinenfest<\/div>\n<div class=\"cell value\">Ja<\/div>\n<\/div>\n<div class=\"row\">\n<div class=\"cell label\">Anmeldung<\/div>\n<div class=\"cell value\">Haus, Wandern, Geschenk, B\u00fcro<\/div>\n<\/div>\n<div class=\"row\">\n<div class=\"cell label\">Funktion<\/div>\n<div class=\"cell value\">Nicht umgedreht, Einweg<\/div>\n<\/div>\n<div class=\"row\">\n<div class=\"cell label\">Stil<\/div>\n<div class=\"cell value\">Modern<\/div>\n<\/div>\n<div class=\"row\">\n<div class=\"cell label\">Anwendbare Personen<\/div>\n<div class=\"cell value\">Unisex<\/div>\n<\/div>\n<div class=\"row\">\n<div class=\"cell label\">Anlass<\/div>\n<div class=\"cell value\">Reisen<\/div>\n<\/div>\n<div class=\"row\">\n<div class=\"cell label\">Verwendung<\/div>\n<div class=\"cell value\">Trinkgeschirr<\/div>\n<\/div>\n<div class=\"row\">\n<div class=\"cell label\">Logo<\/div>\n<div class=\"cell value\">Kundenspezifisches Logo akzeptabel<\/div>\n<\/div>\n<div class=\"row\">\n<div class=\"cell label\">MOQ<\/div>\n<div class=\"cell value\">500St\u00fcck<\/div>\n<\/div>\n<div class=\"row\">\n<div class=\"cell label\">Farben<\/div>\n<div class=\"cell value\">klar<\/div>\n<\/div>\n<div class=\"row\">\n<div class=\"cell label\">Kapazit\u00e4t<\/div>\n<div class=\"cell value\">250ml<\/div>\n<\/div>\n<div class=\"row\">\n<div class=\"cell label\">Muster<\/div>\n<div class=\"cell value\">Muster bereitstellen<\/div>\n<\/div>\n<div class=\"row\">\n<div class=\"cell label\">OEM\/ODM<\/div>\n<div class=\"cell value\">Abrufbar unter<\/div>\n<\/div>\n<div class=\"row\">\n<div class=\"cell label\">Verpacken<\/div>\n<div class=\"cell value\">Karton Schachtel<\/div>\n<\/div>\n<div class=\"row\">\n<div class=\"cell label\">Deckel<\/div>\n<div class=\"cell value\">\/<\/div>\n<\/div>\n<div class=\"row\">\n<div class=\"cell label\">Form<\/div>\n<div class=\"cell value\">Rund<\/div>\n<\/div>\n<div class=\"row\">\n<div class=\"cell label\">Verkaufende Einheiten<\/div>\n<div class=\"cell value\">Einzelnes Element<\/div>\n<\/div>\n<div class=\"row\">\n<div class=\"cell label\">Einzelne Packungsgr\u00f6\u00dfe<\/div>\n<div class=\"cell value\">10X10X10 cm<\/div>\n<\/div>\n<div class=\"row\">\n<div class=\"cell label\">Einfaches Bruttogewicht<\/div>\n<div class=\"cell value\">0,500 kg<\/div>\n<\/div>\n<\/div>\n<p>\n<img decoding=\"async\" src=\"https:\/\/glasswaremanufacturers.com\/wp-content\/uploads\/250ml_Glass_Coffee_Mug.webp\" alt=\"250Ml Glas Kaffeebecher\" title=\"250Ml Glas Kaffeebecher\"><\/p>\n<h2>FAQ<\/h2>\n<p><strong>1. Ist der Glasbecher sp\u00fclmaschinenfest?<\/strong><br \/>Ja, der 250-ml-Kaffeebecher aus Glas ist sp\u00fclmaschinenfest und l\u00e4sst sich daher leicht reinigen.<\/p>\n<p><strong>2. Kann der Becher f\u00fcr Hei\u00dfgetr\u00e4nke verwendet werden?<\/strong><br \/>Der 250-ml-Kaffeebecher aus Glas ist f\u00fcr hei\u00dfe und kalte Getr\u00e4nke geeignet.<\/p>\n<p><strong>3. Ist der Glasbecher f\u00fcr den Gebrauch im B\u00fcro geeignet?<\/strong><br \/>Ja, sein schlankes Design macht ihn perfekt f\u00fcr professionelle Umgebungen.<\/p>\n<p><strong>4. Wie gro\u00df ist das Fassungsverm\u00f6gen des Bechers?<\/strong><br \/>Der Becher hat ein Fassungsverm\u00f6gen von 250 ml, ideal f\u00fcr Standard-Kaffeeportionen.<\/p>\n<p><strong>5. Ist der Becher mikrowellengeeignet?<\/strong><br \/>Ja, der Kaffeebecher aus Glas ist mikrowellengeeignet und l\u00e4sst sich bequem aufw\u00e4rmen.<\/p>\n<p><strong>6. Enth\u00e4lt der Becher irgendwelche sch\u00e4dlichen Chemikalien?<\/strong><br \/>Nein, das Glasmaterial ist frei von sch\u00e4dlichen Chemikalien, was die Sicherheit gew\u00e4hrleistet.<\/p>\n<p><strong>7. Kann der Becher mit Logos versehen werden?<\/strong><br \/>Ja, die durchsichtige Oberfl\u00e4che des Bechers ist ideal f\u00fcr Branding und Logoanpassung.<\/p>\n<p><strong>8. Ist der Glasbecher umweltfreundlich?<\/strong><br \/>Ja, die Verwendung eines Glasbechers reduziert den Abfall von Einwegbechern und f\u00f6rdert die Nachhaltigkeit.<\/p>\n<p><\/p>\n<h2>Neuester Blog<\/h2>\n<ul class=\"reco-links\">\n<li><a href=\"https:\/\/glasswaremanufacturers.com\/de\/glasbecherhersteller-in-venezuela\/\" target=\"_blank\">glasbecherhersteller in venezuela<\/a><\/li>\n<li><a href=\"https:\/\/glasswaremanufacturers.com\/de\/glasbecherhersteller-in-venezuela\/\" target=\"_blank\">glasbecherhersteller in venezuela<\/a><\/li>\n<li><a href=\"https:\/\/glasswaremanufacturers.com\/de\/glasbecherhersteller-in-vatikanstadt\/\" target=\"_blank\">glasbecherhersteller in vatikanstadt<\/a><\/li>\n<li><a href=\"https:\/\/glasswaremanufacturers.com\/de\/glasbecher-hersteller-in-usbekistan\/\" target=\"_blank\">glasbecher hersteller in usbekistan<\/a><\/li>\n<\/ul>","protected":false},"featured_media":4796,"parent":0,"template":"","meta":{"_acf_changed":false,"_seopress_robots_primary_cat":"","_seopress_titles_title":"","_seopress_titles_desc":"","_seopress_robots_index":"","_seopress_analysis_target_kw":""},"categories":[12],"class_list":["post-4797","product","type-product","status-publish","has-post-thumbnail","hentry","category-glass-cup-manufacturers"],"acf":{"product_maidian":"<li>Durable glass material ensures long-lasting use.<\/li>\r\n<li>Sleek design complements any professional setting.<\/li>\r\n<li>Easy to clean and maintain, saving time.<\/li>\r\n<li>Perfect size for coffee breaks at the office.<\/li>\r\n<li>Eco-friendly alternative to disposable cups.<\/li>\r\n<li>Enhances the coffee drinking experience.<\/li>\r\n<li>Ideal for branding or corporate gifting.<\/li>\r\n<li>Microwave safe for quick reheating.<\/li>"},"_links":{"self":[{"href":"https:\/\/glasswaremanufacturers.com\/de\/wp-json\/wp\/v2\/product\/4797","targetHints":{"allow":["GET"]}}],"collection":[{"href":"https:\/\/glasswaremanufacturers.com\/de\/wp-json\/wp\/v2\/product"}],"about":[{"href":"https:\/\/glasswaremanufacturers.com\/de\/wp-json\/wp\/v2\/types\/product"}],"wp:featuredmedia":[{"embeddable":true,"href":"https:\/\/glasswaremanufacturers.com\/de\/wp-json\/wp\/v2\/media\/4796"}],"wp:attachment":[{"href":"https:\/\/glasswaremanufacturers.com\/de\/wp-json\/wp\/v2\/media?parent=4797"}],"wp:term":[{"taxonomy":"category","embeddable":true,"href":"https:\/\/glasswaremanufacturers.com\/de\/wp-json\/wp\/v2\/categories?post=4797"}],"curies":[{"name":"wp","href":"https:\/\/api.w.org\/{rel}","templated":true}]}}