{"id":4807,"date":"2026-04-14T23:33:06","date_gmt":"2026-04-14T15:33:06","guid":{"rendered":"https:\/\/glasswaremanufacturers.com\/product\/500ml-glass-cup-with-straw\/"},"modified":"2026-04-14T23:33:06","modified_gmt":"2026-04-14T15:33:06","slug":"500ml-glasbecher-mit-strohhalm","status":"publish","type":"product","link":"https:\/\/glasswaremanufacturers.com\/de\/product\/500ml-glass-cup-with-straw\/","title":{"rendered":"500Ml Glasbecher mit Strohhalm"},"content":{"rendered":"<h2>Produkte Details<\/h2>\n<div class=\"product-table\">\n<div class=\"row\">\n<div class=\"cell label\">Material<\/div>\n<div class=\"cell value\">Glas<\/div>\n<\/div>\n<div class=\"row\">\n<div class=\"cell label\">Typ<\/div>\n<div class=\"cell value\">Becher<\/div>\n<\/div>\n<div class=\"row\">\n<div class=\"cell label\">Mikrowellengeeignet<\/div>\n<div class=\"cell value\">Ja<\/div>\n<\/div>\n<div class=\"row\">\n<div class=\"cell label\">sp\u00fclmaschinenfest<\/div>\n<div class=\"cell value\">Ja<\/div>\n<\/div>\n<div class=\"row\">\n<div class=\"cell label\">Anmeldung<\/div>\n<div class=\"cell value\">Haus, Hotel, B\u00fcro, Geschenk, Wandern, Camping, Hochzeit, Party, Reisen, Schulanfang<\/div>\n<\/div>\n<div class=\"row\">\n<div class=\"cell label\">Funktion<\/div>\n<div class=\"cell value\">Tragbar, wiederverwendbar<\/div>\n<\/div>\n<div class=\"row\">\n<div class=\"cell label\">Art der Wasserflaschenverschl\u00fcsse<\/div>\n<div class=\"cell value\">Zum Anschrauben<\/div>\n<\/div>\n<div class=\"row\">\n<div class=\"cell label\">Stil<\/div>\n<div class=\"cell value\">Modern<\/div>\n<\/div>\n<div class=\"row\">\n<div class=\"cell label\">Muster<\/div>\n<div class=\"cell value\">Anpassbar<\/div>\n<\/div>\n<div class=\"row\">\n<div class=\"cell label\">Anwendbare Personen<\/div>\n<div class=\"cell value\">Unisex<\/div>\n<\/div>\n<div class=\"row\">\n<div class=\"cell label\">Anlass<\/div>\n<div class=\"cell value\">Universal<\/div>\n<\/div>\n<div class=\"row\">\n<div class=\"cell label\">Muster<\/div>\n<div class=\"cell value\">Erh\u00e4ltlich<\/div>\n<\/div>\n<div class=\"row\">\n<div class=\"cell label\">Gestaltung<\/div>\n<div class=\"cell value\">Benutzerdefinierte Designs akzeptieren<\/div>\n<\/div>\n<div class=\"row\">\n<div class=\"cell label\">Stil<\/div>\n<div class=\"cell value\">Modern<\/div>\n<\/div>\n<div class=\"row\">\n<div class=\"cell label\">Produktname<\/div>\n<div class=\"cell value\">Glas Trinkgeschirr<\/div>\n<\/div>\n<div class=\"row\">\n<div class=\"cell label\">Typ<\/div>\n<div class=\"cell value\">Glas Trinkgeschirr<\/div>\n<\/div>\n<div class=\"row\">\n<div class=\"cell label\">Logo<\/div>\n<div class=\"cell value\">Kundenspezifisches Logo akzeptabel<\/div>\n<\/div>\n<div class=\"row\">\n<div class=\"cell label\">Vorteil<\/div>\n<div class=\"cell value\">Tragbar, langlebig und sicher Lebensmittelqualit\u00e4t<\/div>\n<\/div>\n<div class=\"row\">\n<div class=\"cell label\">Paket<\/div>\n<div class=\"cell value\">Standard-Kartonverpackung<\/div>\n<\/div>\n<div class=\"row\">\n<div class=\"cell label\">Verkaufende Einheiten<\/div>\n<div class=\"cell value\">Einzelnes Element<\/div>\n<\/div>\n<div class=\"row\">\n<div class=\"cell label\">Einzelne Packungsgr\u00f6\u00dfe<\/div>\n<div class=\"cell value\">10X10X20 cm<\/div>\n<\/div>\n<div class=\"row\">\n<div class=\"cell label\">Einfaches Bruttogewicht<\/div>\n<div class=\"cell value\">0,800 kg<\/div>\n<\/div>\n<\/div>\n<p>\n<img decoding=\"async\" src=\"https:\/\/glasswaremanufacturers.com\/wp-content\/uploads\/500ml_Glass_Cup_with_Straw.webp\" alt=\"500Ml Glasbecher mit Strohhalm\" title=\"500Ml Glasbecher mit Strohhalm\"><\/p>\n<h2>FAQ<\/h2>\n<p><strong>1. Ist der Glasbecher sp\u00fclmaschinenfest?<\/strong><br \/>Ja, der Glasbecher ist sp\u00fclmaschinenfest und l\u00e4sst sich leicht reinigen.<\/p>\n<p><strong>2. Kann ich den Becher f\u00fcr Hei\u00dfgetr\u00e4nke verwenden?<\/strong><br \/>Der Glasbecher ist sowohl f\u00fcr hei\u00dfe als auch f\u00fcr kalte Getr\u00e4nke geeignet.<\/p>\n<p><strong>3. Wie gro\u00df ist das Fassungsverm\u00f6gen des Bechers?<\/strong><br \/>Der Glasbecher hat ein Fassungsverm\u00f6gen von 500 ml, ideal f\u00fcr verschiedene Getr\u00e4nke.<\/p>\n<p><strong>4. Ist der Strohhalm wiederverwendbar?<\/strong><br \/>Ja, der Strohhalm ist f\u00fcr mehrere Verwendungszwecke konzipiert und umweltfreundlich.<\/p>\n<p><strong>5. Ist der Becher mit einem Deckel versehen?<\/strong><br \/>Nein, der Becher hat keinen Deckel; er ist offen gestaltet.<\/p>\n<p><strong>6. Aus welchem Material ist das Stroh hergestellt?<\/strong><br \/>Der Strohhalm ist aus haltbarem, BPA-freiem Material hergestellt.<\/p>\n<p><strong>7. Ist der Glasbecher umweltfreundlich?<\/strong><br \/>Ja, das Design aus Glas und Strohhalm ist umweltfreundlich und reduziert den Plastikm\u00fcll.<\/p>\n<p><strong>8. Kann der Becher im Freien verwendet werden?<\/strong><br \/>Ja, die Glastasse ist perfekt f\u00fcr den Au\u00dfenbereich geeignet und bietet Stil und Komfort.<\/p>\n<p><\/p>\n<h2>Neuester Blog<\/h2>\n<ul class=\"reco-links\">\n<li><a href=\"https:\/\/glasswaremanufacturers.com\/de\/glasbecherhersteller-in-haiti\/\" target=\"_blank\">glasbecherhersteller in haiti<\/a><\/li>\n<li><a href=\"https:\/\/glasswaremanufacturers.com\/de\/glasbecherhersteller-in-myanmar\/\" target=\"_blank\">glasbecherhersteller in myanmar<\/a><\/li>\n<li><a href=\"https:\/\/glasswaremanufacturers.com\/de\/glasbecherhersteller-in-guinea-bissau\/\" target=\"_blank\">glasbecherhersteller in guinea bissau<\/a><\/li>\n<li><a href=\"https:\/\/glasswaremanufacturers.com\/de\/glasbecherhersteller-in-guinea\/\" target=\"_blank\">glasbecherhersteller in guinea<\/a><\/li>\n<\/ul>","protected":false},"featured_media":4806,"parent":0,"template":"","meta":{"_acf_changed":false,"_seopress_robots_primary_cat":"","_seopress_titles_title":"","_seopress_titles_desc":"","_seopress_robots_index":""},"categories":[12],"class_list":["post-4807","product","type-product","status-publish","has-post-thumbnail","hentry","category-glass-cup-manufacturers"],"acf":{"product_maidian":"<li>Durable 500ml glass for long-term use.<\/li>\r\n<li>Eco-friendly design reduces plastic waste.<\/li>\r\n<li>Convenient straw for easy sipping.<\/li>\r\n<li>Stylish and modern look for any setting.<\/li>\r\n<li>Easy to clean and maintain without hassle.<\/li>\r\n<li>Perfect for both hot and cold beverages.<\/li>\r\n<li>Ideal for office, home, or outdoor use.<\/li>\r\n<li>Enhances drinking experience with smooth flow.<\/li>"},"_links":{"self":[{"href":"https:\/\/glasswaremanufacturers.com\/de\/wp-json\/wp\/v2\/product\/4807","targetHints":{"allow":["GET"]}}],"collection":[{"href":"https:\/\/glasswaremanufacturers.com\/de\/wp-json\/wp\/v2\/product"}],"about":[{"href":"https:\/\/glasswaremanufacturers.com\/de\/wp-json\/wp\/v2\/types\/product"}],"wp:featuredmedia":[{"embeddable":true,"href":"https:\/\/glasswaremanufacturers.com\/de\/wp-json\/wp\/v2\/media\/4806"}],"wp:attachment":[{"href":"https:\/\/glasswaremanufacturers.com\/de\/wp-json\/wp\/v2\/media?parent=4807"}],"wp:term":[{"taxonomy":"category","embeddable":true,"href":"https:\/\/glasswaremanufacturers.com\/de\/wp-json\/wp\/v2\/categories?post=4807"}],"curies":[{"name":"wp","href":"https:\/\/api.w.org\/{rel}","templated":true}]}}