{"id":4809,"date":"2026-04-14T23:33:08","date_gmt":"2026-04-14T15:33:08","guid":{"rendered":"https:\/\/glasswaremanufacturers.com\/product\/400ml-square-glass-cup\/"},"modified":"2026-04-14T23:33:08","modified_gmt":"2026-04-14T15:33:08","slug":"400ml-quadratischer-glasbecher","status":"publish","type":"product","link":"https:\/\/glasswaremanufacturers.com\/de\/product\/400ml-square-glass-cup\/","title":{"rendered":"400Ml Quadratischer Glasbecher"},"content":{"rendered":"<h2>Produkte Details<\/h2>\n<div class=\"product-table\">\n<div class=\"row\">\n<div class=\"cell label\">Material<\/div>\n<div class=\"cell value\">Glas<\/div>\n<\/div>\n<div class=\"row\">\n<div class=\"cell label\">Stil<\/div>\n<div class=\"cell value\">Modern<\/div>\n<\/div>\n<div class=\"row\">\n<div class=\"cell label\">Anlass<\/div>\n<div class=\"cell value\">Pr\u00e4sentiert<\/div>\n<\/div>\n<div class=\"row\">\n<div class=\"cell label\">Name des Produkts<\/div>\n<div class=\"cell value\">400ml Quadratischer Glasbecher<\/div>\n<\/div>\n<div class=\"row\">\n<div class=\"cell label\">Material<\/div>\n<div class=\"cell value\">Glas<\/div>\n<\/div>\n<div class=\"row\">\n<div class=\"cell label\">Kapazit\u00e4t<\/div>\n<div class=\"cell value\">400ml<\/div>\n<\/div>\n<div class=\"row\">\n<div class=\"cell label\">Farbe<\/div>\n<div class=\"cell value\">Klar<\/div>\n<\/div>\n<div class=\"row\">\n<div class=\"cell label\">Verwendung<\/div>\n<div class=\"cell value\">Kaffee. Tee. Bier. Wasser<\/div>\n<\/div>\n<div class=\"row\">\n<div class=\"cell label\">Logo<\/div>\n<div class=\"cell value\">Kundenspezifisches Logo akzeptieren<\/div>\n<\/div>\n<div class=\"row\">\n<div class=\"cell label\">MOQ<\/div>\n<div class=\"cell value\">10 St\u00fcck<\/div>\n<\/div>\n<div class=\"row\">\n<div class=\"cell label\">Deckel<\/div>\n<div class=\"cell value\">Kunststoffdeckel<\/div>\n<\/div>\n<div class=\"row\">\n<div class=\"cell label\">Muster<\/div>\n<div class=\"cell value\">Muster bereitstellen<\/div>\n<\/div>\n<div class=\"row\">\n<div class=\"cell label\">Verpacken<\/div>\n<div class=\"cell value\">Box<\/div>\n<\/div>\n<div class=\"row\">\n<div class=\"cell label\">Verkaufende Einheiten<\/div>\n<div class=\"cell value\">Einzelnes Element<\/div>\n<\/div>\n<div class=\"row\">\n<div class=\"cell label\">Einzelne Packungsgr\u00f6\u00dfe<\/div>\n<div class=\"cell value\">10X10X10 cm<\/div>\n<\/div>\n<div class=\"row\">\n<div class=\"cell label\">Einfaches Bruttogewicht<\/div>\n<div class=\"cell value\">1.000 kg<\/div>\n<\/div>\n<\/div>\n<p>\n<img decoding=\"async\" src=\"https:\/\/glasswaremanufacturers.com\/wp-content\/uploads\/400ml_Square_Glass_Cup.webp\" alt=\"400Ml Quadratischer Glasbecher\" title=\"400Ml Quadratischer Glasbecher\"><\/p>\n<h2>FAQ<\/h2>\n<p><strong>1. Wie gro\u00df ist das Fassungsverm\u00f6gen des Glasbechers?<\/strong><br \/>Der Glasbecher hat ein Fassungsverm\u00f6gen von 400 ml, ideal f\u00fcr Getr\u00e4nke im B\u00fcro.<\/p>\n<p><strong>2. Ist der Glasbecher sp\u00fclmaschinenfest?<\/strong><br \/>Ja, der Glasbecher ist leicht zu reinigen und sp\u00fclmaschinenfest.<\/p>\n<p><strong>3. Kann der Glasbecher f\u00fcr hei\u00dfe Getr\u00e4nke verwendet werden?<\/strong><br \/>Der quadratische Glasbecher mit 400 ml Fassungsverm\u00f6gen eignet sich sowohl f\u00fcr hei\u00dfe als auch f\u00fcr kalte Getr\u00e4nke.<\/p>\n<p><strong>4. Aus welchem Material ist der Glasbecher hergestellt?<\/strong><br \/>Der Glasbecher ist aus hochwertigem, bleifreiem Glas gefertigt, das Sicherheit und Langlebigkeit gew\u00e4hrleistet.<\/p>\n<p><strong>5. Wirkt sich die quadratische Form auf die Griffigkeit aus?<\/strong><br \/>Die quadratische Form verbessert die Griffigkeit und Handhabung und erleichtert die Verwendung.<\/p>\n<p><strong>6. Ist der Glasbecher f\u00fcr Unternehmen geeignet?<\/strong><br \/>Ja, sein elegantes Design macht ihn zu einer perfekten Erg\u00e4nzung f\u00fcr Gesch\u00e4ftsessen.<\/p>\n<p><strong>7. Wie l\u00e4sst sich der Glasbecher platzsparend aufbewahren?<\/strong><br \/>Das stapelbare Design erm\u00f6glicht eine effiziente Lagerung und spart wertvollen Platz.<\/p>\n<p><strong>8. Ist der Glasbecher in anderen Gr\u00f6\u00dfen erh\u00e4ltlich?<\/strong><br \/>Derzeit ist der Glasbecher in einer Gr\u00f6\u00dfe von 400 ml erh\u00e4ltlich, ideal f\u00fcr Standardgetr\u00e4nke.<\/p>\n<p><\/p>\n<h2>Neuester Blog<\/h2>\n<ul class=\"reco-links\">\n<li><a href=\"https:\/\/glasswaremanufacturers.com\/de\/glasbecher-hersteller-in-nicaragua\/\" target=\"_blank\">glasbecher hersteller in nicaragua<\/a><\/li>\n<li><a href=\"https:\/\/glasswaremanufacturers.com\/de\/glasbecher-hersteller-in-mozambique\/\" target=\"_blank\">glasbecher hersteller in mozambique<\/a><\/li>\n<li><a href=\"https:\/\/glasswaremanufacturers.com\/de\/glasbecher-hersteller-in-grenada\/\" target=\"_blank\">glasbecher hersteller in grenada<\/a><\/li>\n<li><a href=\"https:\/\/glasswaremanufacturers.com\/de\/glasbecherhersteller-in-sudsudan\/\" target=\"_blank\">glasbecherhersteller in s\u00fcdsudan<\/a><\/li>\n<\/ul>","protected":false},"featured_media":4808,"parent":0,"template":"","meta":{"_acf_changed":false,"_seopress_robots_primary_cat":"","_seopress_titles_title":"","_seopress_titles_desc":"","_seopress_robots_index":""},"categories":[12],"class_list":["post-4809","product","type-product","status-publish","has-post-thumbnail","hentry","category-glass-cup-manufacturers"],"acf":{"product_maidian":"<li>Durable and stylish design ideal for office use.<\/li>\r\n<li>400ml capacity perfect for serving beverages.<\/li>\r\n<li>Square shape enhances grip and handling.<\/li>\r\n<li>Made from high-quality, lead-free glass.<\/li>\r\n<li>Easy to clean and dishwasher-safe.<\/li>\r\n<li>Suitable for both hot and cold drinks.<\/li>\r\n<li>Elegant addition to corporate dining settings.<\/li>\r\n<li>Stackable design saves storage space.<\/li>"},"_links":{"self":[{"href":"https:\/\/glasswaremanufacturers.com\/de\/wp-json\/wp\/v2\/product\/4809","targetHints":{"allow":["GET"]}}],"collection":[{"href":"https:\/\/glasswaremanufacturers.com\/de\/wp-json\/wp\/v2\/product"}],"about":[{"href":"https:\/\/glasswaremanufacturers.com\/de\/wp-json\/wp\/v2\/types\/product"}],"wp:featuredmedia":[{"embeddable":true,"href":"https:\/\/glasswaremanufacturers.com\/de\/wp-json\/wp\/v2\/media\/4808"}],"wp:attachment":[{"href":"https:\/\/glasswaremanufacturers.com\/de\/wp-json\/wp\/v2\/media?parent=4809"}],"wp:term":[{"taxonomy":"category","embeddable":true,"href":"https:\/\/glasswaremanufacturers.com\/de\/wp-json\/wp\/v2\/categories?post=4809"}],"curies":[{"name":"wp","href":"https:\/\/api.w.org\/{rel}","templated":true}]}}