{"id":4813,"date":"2026-04-14T23:33:11","date_gmt":"2026-04-14T15:33:11","guid":{"rendered":"https:\/\/glasswaremanufacturers.com\/product\/530ml-stripe-glass-cup\/"},"modified":"2026-04-14T23:33:11","modified_gmt":"2026-04-14T15:33:11","slug":"530ml-gestreifter-glasbecher","status":"publish","type":"product","link":"https:\/\/glasswaremanufacturers.com\/de\/product\/530ml-stripe-glass-cup\/","title":{"rendered":"530Ml Glasbecher mit Streifen"},"content":{"rendered":"<h2>Produkte Details<\/h2>\n<div class=\"product-table\">\n<div class=\"row\">\n<div class=\"cell label\">Material<\/div>\n<div class=\"cell value\">Glas<\/div>\n<\/div>\n<div class=\"row\">\n<div class=\"cell label\">Typ<\/div>\n<div class=\"cell value\">Becher<\/div>\n<\/div>\n<div class=\"row\">\n<div class=\"cell label\">Anmeldung<\/div>\n<div class=\"cell value\">Zuhause, Hotel, B\u00fcro, Geschenk, Wandern, Camping, Hochzeit, Party, Sport, Abschlussfeier, Reisen, Back to School, Getr\u00e4nke hei\u00df, Getr\u00e4nke kalt, Vakuumflaschen, Nachmittagstee<\/div>\n<\/div>\n<div class=\"row\">\n<div class=\"cell label\">Funktion<\/div>\n<div class=\"cell value\">Vorr\u00e4tig<\/div>\n<\/div>\n<div class=\"row\">\n<div class=\"cell label\">Art der Wasserflaschenverschl\u00fcsse<\/div>\n<div class=\"cell value\">Befestigter Karabiner<\/div>\n<\/div>\n<div class=\"row\">\n<div class=\"cell label\">Stil<\/div>\n<div class=\"cell value\">Modern<\/div>\n<\/div>\n<div class=\"row\">\n<div class=\"cell label\">Muster<\/div>\n<div class=\"cell value\">Solide<\/div>\n<\/div>\n<div class=\"row\">\n<div class=\"cell label\">Anwendbare Personen<\/div>\n<div class=\"cell value\">Studenten<\/div>\n<\/div>\n<div class=\"row\">\n<div class=\"cell label\">Anlass<\/div>\n<div class=\"cell value\">Zur\u00fcck zur Schule<\/div>\n<\/div>\n<div class=\"row\">\n<div class=\"cell label\">Verkaufende Einheiten<\/div>\n<div class=\"cell value\">Einzelnes Element<\/div>\n<\/div>\n<div class=\"row\">\n<div class=\"cell label\">Einzelne Packungsgr\u00f6\u00dfe<\/div>\n<div class=\"cell value\">15X15X9 cm<\/div>\n<\/div>\n<div class=\"row\">\n<div class=\"cell label\">Einfaches Bruttogewicht<\/div>\n<div class=\"cell value\">0,200 kg<\/div>\n<\/div>\n<\/div>\n<p>\n<img decoding=\"async\" src=\"https:\/\/glasswaremanufacturers.com\/wp-content\/uploads\/530ml_Stripe_Glass_Cup.webp\" alt=\"530Ml Glasbecher mit Streifen\" title=\"530Ml Glasbecher mit Streifen\"><\/p>\n<h2>FAQ<\/h2>\n<p><strong>1. Wie gro\u00df ist das Fassungsverm\u00f6gen des Glasbechers?<\/strong><br \/>Der Glasbecher hat ein Fassungsverm\u00f6gen von 530 ml, ideal f\u00fcr Getr\u00e4nke.<\/p>\n<p><strong>2. Ist der Glasbecher sp\u00fclmaschinenfest?<\/strong><br \/>Ja, der gestreifte Glasbecher ist leicht zu reinigen und sp\u00fclmaschinenfest.<\/p>\n<p><strong>3. Kann der Glasbecher f\u00fcr Hei\u00dfgetr\u00e4nke verwendet werden?<\/strong><br \/>Dank der robusten Glaskonstruktion k\u00f6nnen hei\u00dfe Getr\u00e4nke sicher aufbewahrt werden.<\/p>\n<p><strong>4. Ist das Streifendesign rein \u00e4sthetisch?<\/strong><br \/>Das Streifendesign ist \u00e4sthetisch ansprechend und verbessert die Griffigkeit.<\/p>\n<p><strong>5. Welchen Nutzen hat dieser Glasbecher f\u00fcr die Umwelt?<\/strong><br \/>Die Wahl von Glas anstelle von Kunststoff verringert die Umweltbelastung.<\/p>\n<p><strong>6. Eignet sich diese Glastasse f\u00fcr Firmengeschenke?<\/strong><br \/>Ja, sein elegantes Design macht ihn zu einem perfekten Werbegeschenk.<\/p>\n<p><strong>7. Passt der Glasbecher in Standardbecherhalter?<\/strong><br \/>Ja, die 530-ml-Gr\u00f6\u00dfe passt bequem in Standardbecherhalter.<\/p>\n<p><strong>8. Warum sollte man diesen Glasbecher einem Plastikbecher vorziehen?<\/strong><br \/>Glas ist haltbarer, umweltfreundlicher und bewahrt den Geschmack von Getr\u00e4nken.<\/p>\n<p><\/p>\n<h2>Neuester Blog<\/h2>\n<ul class=\"reco-links\">\n<li><a href=\"https:\/\/glasswaremanufacturers.com\/de\/glasbecher-hersteller-in-slowenien\/\" target=\"_blank\">glasbecher hersteller in slowenien<\/a><\/li>\n<li><a href=\"https:\/\/glasswaremanufacturers.com\/de\/glasbecherhersteller-in-der-slowakei\/\" target=\"_blank\">glasbecherhersteller in der slowakei<\/a><\/li>\n<li><a href=\"https:\/\/glasswaremanufacturers.com\/de\/glasbecher-hersteller-in-somalia\/\" target=\"_blank\">glasbecher hersteller in somalia<\/a><\/li>\n<li><a href=\"https:\/\/glasswaremanufacturers.com\/de\/glasbecherhersteller-in-guatemala\/\" target=\"_blank\">glasbecherhersteller in guatemala<\/a><\/li>\n<\/ul>","protected":false},"featured_media":4812,"parent":0,"template":"","meta":{"_acf_changed":false,"_seopress_robots_primary_cat":"","_seopress_titles_title":"","_seopress_titles_desc":"","_seopress_robots_index":""},"categories":[12],"class_list":["post-4813","product","type-product","status-publish","has-post-thumbnail","hentry","category-glass-cup-manufacturers"],"acf":{"product_maidian":"<li>Durable glass construction ensures longevity.<\/li>\r\n<li>530ml capacity perfect for beverages at work.<\/li>\r\n<li>Elegant stripe design enhances aesthetic appeal.<\/li>\r\n<li>Easy to clean, suitable for busy environments.<\/li>\r\n<li>Comfortable grip for secure handling.<\/li>\r\n<li>Eco-friendly alternative to plastic cups.<\/li>\r\n<li>Ideal for corporate gifting or office use.<\/li>\r\n<li>Fits standard cup holders for convenience.<\/li>"},"_links":{"self":[{"href":"https:\/\/glasswaremanufacturers.com\/de\/wp-json\/wp\/v2\/product\/4813","targetHints":{"allow":["GET"]}}],"collection":[{"href":"https:\/\/glasswaremanufacturers.com\/de\/wp-json\/wp\/v2\/product"}],"about":[{"href":"https:\/\/glasswaremanufacturers.com\/de\/wp-json\/wp\/v2\/types\/product"}],"wp:featuredmedia":[{"embeddable":true,"href":"https:\/\/glasswaremanufacturers.com\/de\/wp-json\/wp\/v2\/media\/4812"}],"wp:attachment":[{"href":"https:\/\/glasswaremanufacturers.com\/de\/wp-json\/wp\/v2\/media?parent=4813"}],"wp:term":[{"taxonomy":"category","embeddable":true,"href":"https:\/\/glasswaremanufacturers.com\/de\/wp-json\/wp\/v2\/categories?post=4813"}],"curies":[{"name":"wp","href":"https:\/\/api.w.org\/{rel}","templated":true}]}}