{"id":5148,"date":"2026-04-18T22:42:26","date_gmt":"2026-04-18T14:42:26","guid":{"rendered":"https:\/\/glasswaremanufacturers.com\/product\/clear-glass-drinking-cup\/"},"modified":"2026-04-18T22:42:26","modified_gmt":"2026-04-18T14:42:26","slug":"trinkbecher-aus-klarglas","status":"publish","type":"product","link":"https:\/\/glasswaremanufacturers.com\/de\/product\/clear-glass-drinking-cup\/","title":{"rendered":"Klarglas-Trinkbecher"},"content":{"rendered":"<h2>Produkte Details<\/h2>\n<div class=\"product-table\">\n<div class=\"row\">\n<div class=\"cell label\">Glastyp<\/div>\n<div class=\"cell value\">Transparent<\/div>\n<\/div>\n<div class=\"row\">\n<div class=\"cell label\">Kapazit\u00e4t<\/div>\n<div class=\"cell value\">270ML<\/div>\n<\/div>\n<div class=\"row\">\n<div class=\"cell label\">Material<\/div>\n<div class=\"cell value\">Glas<\/div>\n<\/div>\n<div class=\"row\">\n<div class=\"cell label\">Stil<\/div>\n<div class=\"cell value\">Amerikanischer Stil<\/div>\n<\/div>\n<div class=\"row\">\n<div class=\"cell label\">verwenden.<\/div>\n<div class=\"cell value\">Wein<\/div>\n<\/div>\n<div class=\"row\">\n<div class=\"cell label\">Menge<\/div>\n<div class=\"cell value\">1<\/div>\n<\/div>\n<div class=\"row\">\n<div class=\"cell label\">Material<\/div>\n<div class=\"cell value\">Glas<\/div>\n<\/div>\n<div class=\"row\">\n<div class=\"cell label\">Produktname<\/div>\n<div class=\"cell value\">Glaspokal<\/div>\n<\/div>\n<div class=\"row\">\n<div class=\"cell label\">Kapazit\u00e4t<\/div>\n<div class=\"cell value\">270ml<\/div>\n<\/div>\n<div class=\"row\">\n<div class=\"cell label\">Farbe<\/div>\n<div class=\"cell value\">Buntes<\/div>\n<\/div>\n<div class=\"row\">\n<div class=\"cell label\">Verwendung<\/div>\n<div class=\"cell value\">Home Hotel Restaurant Hochzeit Party<\/div>\n<\/div>\n<div class=\"row\">\n<div class=\"cell label\">Logo<\/div>\n<div class=\"cell value\">Individuelles Logo<\/div>\n<\/div>\n<div class=\"row\">\n<div class=\"cell label\">Verpacken<\/div>\n<div class=\"cell value\">Box<\/div>\n<\/div>\n<div class=\"row\">\n<div class=\"cell label\">Stil<\/div>\n<div class=\"cell value\">Modern und modisch<\/div>\n<\/div>\n<div class=\"row\">\n<div class=\"cell label\">Anmeldung<\/div>\n<div class=\"cell value\">Hotel Restaurant Haus Hochzeit Party<\/div>\n<\/div>\n<div class=\"row\">\n<div class=\"cell label\">MOQ<\/div>\n<div class=\"cell value\">50St\u00fcck<\/div>\n<\/div>\n<div class=\"row\">\n<div class=\"cell label\">Verkaufende Einheiten<\/div>\n<div class=\"cell value\">Einzelnes Element<\/div>\n<\/div>\n<div class=\"row\">\n<div class=\"cell label\">Einzelne Packungsgr\u00f6\u00dfe<\/div>\n<div class=\"cell value\">16X14X20 cm<\/div>\n<\/div>\n<div class=\"row\">\n<div class=\"cell label\">Einfaches Bruttogewicht<\/div>\n<div class=\"cell value\">1.000 kg<\/div>\n<\/div>\n<\/div>\n<p>\n<img decoding=\"async\" src=\"https:\/\/glasswaremanufacturers.com\/wp-content\/uploads\/Clear_Glass_Drinking_Cup.webp\" alt=\"Klarglas-Trinkbecher\" title=\"Klarglas-Trinkbecher\"><\/p>\n<h2>FAQ<\/h2>\n<p><strong>1. Ist der Glasbecher sp\u00fclmaschinenfest?<\/strong><br \/>Ja, der Glasbecher ist sp\u00fclmaschinenfest, was die Reinigung einfach und effizient macht.<\/p>\n<p><strong>2. Kann ich das Glas f\u00fcr hei\u00dfe Getr\u00e4nke verwenden?<\/strong><br \/>Auf jeden Fall ist das Glas sowohl f\u00fcr hei\u00dfe als auch f\u00fcr kalte Getr\u00e4nke geeignet.<\/p>\n<p><strong>3. Ist das Glas bleifrei?<\/strong><br \/>Ja, das Glas ist bleifrei und bietet Sicherheit und Ruhe.<\/p>\n<p><strong>4. Bleibt das Glas mit der Zeit klar?<\/strong><br \/>Ja, unser Glas beh\u00e4lt seine kristallklare Klarheit f\u00fcr den langfristigen Gebrauch.<\/p>\n<p><strong>5. Sind die Becher stapelbar?<\/strong><br \/>Ja, das stapelbare Design hilft, Platz in den Lagerr\u00e4umen zu sparen.<\/p>\n<p><strong>6. Wie gro\u00df ist das Fassungsverm\u00f6gen des Bechers?<\/strong><br \/>Der Glasbecher fasst ein Standardvolumen, das f\u00fcr verschiedene Getr\u00e4nke geeignet ist.<\/p>\n<p><strong>7. Ist das Glas f\u00fcr die gewerbliche Nutzung geeignet?<\/strong><br \/>Ja, es ist sowohl f\u00fcr den gewerblichen als auch f\u00fcr den privaten Bereich geeignet.<\/p>\n<p><strong>8. Hat das Glas ein ergonomisches Design?<\/strong><br \/>Ja, das Glas hat eine ergonomische Form f\u00fcr einen bequemen Griff.<\/p>\n<p><strong>9. H\u00e4lt das Glas Temperaturschwankungen stand?<\/strong><br \/>Ja, es ist so konzipiert, dass es erheblichen Temperaturschwankungen standh\u00e4lt.<\/p>\n<p><strong>10. Ist das Design des Glases modern?<\/strong><br \/>Ja, das elegante Design passt zu jeder modernen Getr\u00e4nkekollektion.<\/p>\n<p><\/p>\n<h2>Neuester Blog<\/h2>\n<ul class=\"reco-links\">\n<li><a href=\"https:\/\/glasswaremanufacturers.com\/de\/glasbecherhersteller-in-irak\/\" target=\"_blank\">glasbecherhersteller in irak<\/a><\/li>\n<li><a href=\"https:\/\/glasswaremanufacturers.com\/de\/glasbecher-hersteller-in-rumanien\/\" target=\"_blank\">glasbecher hersteller in rum\u00e4nien<\/a><\/li>\n<li><a href=\"https:\/\/glasswaremanufacturers.com\/de\/glass-cup-manufacturers-in-greece\/\" target=\"_blank\">glasbecher hersteller in griechenland<\/a><\/li>\n<li><a href=\"https:\/\/glasswaremanufacturers.com\/de\/glasbecherhersteller-in-peru\/\" target=\"_blank\">glasbecherhersteller in peru<\/a><\/li>\n<\/ul>","protected":false},"featured_media":5147,"parent":0,"template":"","meta":{"_acf_changed":false,"_seopress_robots_primary_cat":"","_seopress_titles_title":"","_seopress_titles_desc":"","_seopress_robots_index":""},"categories":[12],"class_list":["post-5148","product","type-product","status-publish","has-post-thumbnail","hentry","category-glass-cup-manufacturers"],"acf":{"product_maidian":"<li>Durable glass construction ensures longevity.<\/li>\r\n<li>Elegant design enhances any beverage presentation.<\/li>\r\n<li>Easy to clean for hassle-free maintenance.<\/li>\r\n<li>Perfect size for a variety of drinks.<\/li>\r\n<li>Lead-free glass guarantees safety.<\/li>\r\n<li>Stackable design saves storage space.<\/li>\r\n<li>Crystal-clear clarity showcases drink colors.<\/li>\r\n<li>Comfortable grip with ergonomic shape.<\/li>\r\n<li>Versatile use for hot and cold beverages.<\/li>\r\n<li>Ideal for both commercial and home use.<\/li>"},"_links":{"self":[{"href":"https:\/\/glasswaremanufacturers.com\/de\/wp-json\/wp\/v2\/product\/5148","targetHints":{"allow":["GET"]}}],"collection":[{"href":"https:\/\/glasswaremanufacturers.com\/de\/wp-json\/wp\/v2\/product"}],"about":[{"href":"https:\/\/glasswaremanufacturers.com\/de\/wp-json\/wp\/v2\/types\/product"}],"wp:featuredmedia":[{"embeddable":true,"href":"https:\/\/glasswaremanufacturers.com\/de\/wp-json\/wp\/v2\/media\/5147"}],"wp:attachment":[{"href":"https:\/\/glasswaremanufacturers.com\/de\/wp-json\/wp\/v2\/media?parent=5148"}],"wp:term":[{"taxonomy":"category","embeddable":true,"href":"https:\/\/glasswaremanufacturers.com\/de\/wp-json\/wp\/v2\/categories?post=5148"}],"curies":[{"name":"wp","href":"https:\/\/api.w.org\/{rel}","templated":true}]}}