{"id":5152,"date":"2026-04-18T22:42:30","date_gmt":"2026-04-18T14:42:30","guid":{"rendered":"https:\/\/glasswaremanufacturers.com\/product\/colored-glass-drinking-cups\/"},"modified":"2026-04-18T22:42:30","modified_gmt":"2026-04-18T14:42:30","slug":"farbige-trinkbecher-aus-glas","status":"publish","type":"product","link":"https:\/\/glasswaremanufacturers.com\/de\/product\/colored-glass-drinking-cups\/","title":{"rendered":"Farbige Glastrinkbecher"},"content":{"rendered":"<h2>Produkte Details<\/h2>\n<div class=\"product-table\">\n<div class=\"row\">\n<div class=\"cell label\">Material<\/div>\n<div class=\"cell value\">Glas<\/div>\n<\/div>\n<div class=\"row\">\n<div class=\"cell label\">Typ<\/div>\n<div class=\"cell value\">Becher<\/div>\n<\/div>\n<div class=\"row\">\n<div class=\"cell label\">Mikrowellengeeignet<\/div>\n<div class=\"cell value\">Nein<\/div>\n<\/div>\n<div class=\"row\">\n<div class=\"cell label\">sp\u00fclmaschinenfest<\/div>\n<div class=\"cell value\">Nein<\/div>\n<\/div>\n<div class=\"row\">\n<div class=\"cell label\">Anmeldung<\/div>\n<div class=\"cell value\">Zuhause, Hotel, B\u00fcro, Camping, Party, Getr\u00e4nke kalt, Back to School, Nachmittagstee<\/div>\n<\/div>\n<div class=\"row\">\n<div class=\"cell label\">Funktion<\/div>\n<div class=\"cell value\">Tragbar, BPA-frei, lebensmittelecht<\/div>\n<\/div>\n<div class=\"row\">\n<div class=\"cell label\">Stil<\/div>\n<div class=\"cell value\">Modern<\/div>\n<\/div>\n<div class=\"row\">\n<div class=\"cell label\">Muster<\/div>\n<div class=\"cell value\">Logo<\/div>\n<\/div>\n<div class=\"row\">\n<div class=\"cell label\">Anwendbare Personen<\/div>\n<div class=\"cell value\">Unisex<\/div>\n<\/div>\n<div class=\"row\">\n<div class=\"cell label\">Anlass<\/div>\n<div class=\"cell value\">Camping<\/div>\n<\/div>\n<div class=\"row\">\n<div class=\"cell label\">Typ<\/div>\n<div class=\"cell value\">Trinken<\/div>\n<\/div>\n<div class=\"row\">\n<div class=\"cell label\">Logo<\/div>\n<div class=\"cell value\">Kundenspezifisches Logo willkommen<\/div>\n<\/div>\n<div class=\"row\">\n<div class=\"cell label\">Drucken<\/div>\n<div class=\"cell value\">Seidendruck, W\u00e4rmetransferdruck, Laser etc.<\/div>\n<\/div>\n<div class=\"row\">\n<div class=\"cell label\">Farbe<\/div>\n<div class=\"cell value\">Jede kundenspezifische Farbe verf\u00fcgbar<\/div>\n<\/div>\n<div class=\"row\">\n<div class=\"cell label\">Gr\u00f6\u00dfe<\/div>\n<div class=\"cell value\">300\/350ml<\/div>\n<\/div>\n<div class=\"row\">\n<div class=\"cell label\">Lieferung<\/div>\n<div class=\"cell value\">25-30 Tage<\/div>\n<\/div>\n<div class=\"row\">\n<div class=\"cell label\">Verpacken<\/div>\n<div class=\"cell value\">Bulk-Verpackung<\/div>\n<\/div>\n<div class=\"row\">\n<div class=\"cell label\">Muster<\/div>\n<div class=\"cell value\">Erreichbar unter<\/div>\n<\/div>\n<div class=\"row\">\n<div class=\"cell label\">MOQ<\/div>\n<div class=\"cell value\">1000St\u00fcck<\/div>\n<\/div>\n<div class=\"row\">\n<div class=\"cell label\">Stil<\/div>\n<div class=\"cell value\">klassisch<\/div>\n<\/div>\n<div class=\"row\">\n<div class=\"cell label\">Verkaufende Einheiten<\/div>\n<div class=\"cell value\">Einzelnes Element<\/div>\n<\/div>\n<div class=\"row\">\n<div class=\"cell label\">Einzelne Packungsgr\u00f6\u00dfe<\/div>\n<div class=\"cell value\">20X20X20 cm<\/div>\n<\/div>\n<div class=\"row\">\n<div class=\"cell label\">Einfaches Bruttogewicht<\/div>\n<div class=\"cell value\">2.000 kg<\/div>\n<\/div>\n<\/div>\n<p>\n<img decoding=\"async\" src=\"https:\/\/glasswaremanufacturers.com\/wp-content\/uploads\/Colored_Glass_Drinking_Cups.webp\" alt=\"Farbige Glastrinkbecher\" title=\"Farbige Glastrinkbecher\"><\/p>\n<h2>FAQ<\/h2>\n<p><strong>1. Sind die Becher sp\u00fclmaschinenfest?<\/strong><br \/>Ja, die farbigen Glastrinkbecher sind zur einfachen Reinigung sp\u00fclmaschinenfest.<\/p>\n<p><strong>2. Welche Materialien werden verwendet?<\/strong><br \/>Die Becher sind aus haltbarem, ungiftigem Farbglas hergestellt.<\/p>\n<p><strong>3. K\u00f6nnen sie Hei\u00dfgetr\u00e4nke aufnehmen?<\/strong><br \/>Ja, diese Becher sind so konzipiert, dass sie sowohl hei\u00dfe als auch kalte Getr\u00e4nke aufnehmen k\u00f6nnen.<\/p>\n<p><strong>4. Sind die Farben lichtecht?<\/strong><br \/>Ja, die leuchtenden Farben sind so konzipiert, dass sie mit der Zeit nicht verblassen.<\/p>\n<p><strong>5. Gibt es die Becher in verschiedenen Gr\u00f6\u00dfen?<\/strong><br \/>Ja, es gibt sie in verschiedenen Gr\u00f6\u00dfen, um den unterschiedlichen Bed\u00fcrfnissen gerecht zu werden.<\/p>\n<p><strong>6. Sind die Becher stapelbar?<\/strong><br \/>Ja, das Design erm\u00f6glicht ein einfaches und platzsparendes Stapeln.<\/p>\n<p><strong>7. Ist das Glas umweltfreundlich?<\/strong><br \/>Ja, das Glas ist aus nachhaltigen Materialien hergestellt.<\/p>\n<p><strong>8. K\u00f6nnen sie im Freien verwendet werden?<\/strong><br \/>Ja, diese Tassen sind sowohl f\u00fcr den Innen- als auch f\u00fcr den Au\u00dfenbereich geeignet.<\/p>\n<p><\/p>\n<h2>Neuester Blog<\/h2>\n<ul class=\"reco-links\">\n<li><a href=\"https:\/\/glasswaremanufacturers.com\/de\/glasbecher-hersteller-in-tschechien\/\" target=\"_blank\">glasbecher hersteller in tschechien<\/a><\/li>\n<li><a href=\"https:\/\/glasswaremanufacturers.com\/de\/glasbecher-hersteller-in-chile\/\" target=\"_blank\">glasbecher hersteller in chile<\/a><\/li>\n<li><a href=\"https:\/\/glasswaremanufacturers.com\/de\/glass-cup-manufacturers-in-hong-kong\/\" target=\"_blank\">glasbecher hersteller in hongkong<\/a><\/li>\n<li><a href=\"https:\/\/glasswaremanufacturers.com\/de\/glass-cup-manufacturers-in-colombia\/\" target=\"_blank\">glasbecherhersteller in kolumbien<\/a><\/li>\n<\/ul>","protected":false},"featured_media":5151,"parent":0,"template":"","meta":{"_acf_changed":false,"_seopress_robots_primary_cat":"","_seopress_titles_title":"","_seopress_titles_desc":"","_seopress_robots_index":""},"categories":[12],"class_list":["post-5152","product","type-product","status-publish","has-post-thumbnail","hentry","category-glass-cup-manufacturers"],"acf":{"product_maidian":"<li>Durable colored glass for long-lasting use.<\/li>\r\n<li>Available in various vibrant colors to match any decor.<\/li>\r\n<li>Perfect for both hot and cold beverages.<\/li>\r\n<li>Eco-friendly materials promote sustainability.<\/li>\r\n<li>Non-toxic and safe for everyday use.<\/li>\r\n<li>Easy to clean, dishwasher safe.<\/li>\r\n<li>Stylish design enhances table aesthetics.<\/li>\r\n<li>Ideal for restaurants, cafes, and home use.<\/li>"},"_links":{"self":[{"href":"https:\/\/glasswaremanufacturers.com\/de\/wp-json\/wp\/v2\/product\/5152","targetHints":{"allow":["GET"]}}],"collection":[{"href":"https:\/\/glasswaremanufacturers.com\/de\/wp-json\/wp\/v2\/product"}],"about":[{"href":"https:\/\/glasswaremanufacturers.com\/de\/wp-json\/wp\/v2\/types\/product"}],"wp:featuredmedia":[{"embeddable":true,"href":"https:\/\/glasswaremanufacturers.com\/de\/wp-json\/wp\/v2\/media\/5151"}],"wp:attachment":[{"href":"https:\/\/glasswaremanufacturers.com\/de\/wp-json\/wp\/v2\/media?parent=5152"}],"wp:term":[{"taxonomy":"category","embeddable":true,"href":"https:\/\/glasswaremanufacturers.com\/de\/wp-json\/wp\/v2\/categories?post=5152"}],"curies":[{"name":"wp","href":"https:\/\/api.w.org\/{rel}","templated":true}]}}