{"id":5154,"date":"2026-04-18T22:42:31","date_gmt":"2026-04-18T14:42:31","guid":{"rendered":"https:\/\/glasswaremanufacturers.com\/product\/colored-glass-wine-cup\/"},"modified":"2026-04-18T22:42:31","modified_gmt":"2026-04-18T14:42:31","slug":"farbglas-weinbecher","status":"publish","type":"product","link":"https:\/\/glasswaremanufacturers.com\/de\/product\/colored-glass-wine-cup\/","title":{"rendered":"Farbiges Glas Weinbecher"},"content":{"rendered":"<h2>Produkte Details<\/h2>\n<div class=\"product-table\">\n<div class=\"row\">\n<div class=\"cell label\">Material<\/div>\n<div class=\"cell value\">Kristall<\/div>\n<\/div>\n<div class=\"row\">\n<div class=\"cell label\">Typ<\/div>\n<div class=\"cell value\">Bierkr\u00fcge<\/div>\n<\/div>\n<div class=\"row\">\n<div class=\"cell label\">Mikrowellengeeignet<\/div>\n<div class=\"cell value\">Nein<\/div>\n<\/div>\n<div class=\"row\">\n<div class=\"cell label\">sp\u00fclmaschinenfest<\/div>\n<div class=\"cell value\">Nein<\/div>\n<\/div>\n<div class=\"row\">\n<div class=\"cell label\">Anmeldung<\/div>\n<div class=\"cell value\">Getr\u00e4nke kalt<\/div>\n<\/div>\n<div class=\"row\">\n<div class=\"cell label\">Funktion<\/div>\n<div class=\"cell value\">Vorr\u00e4tig<\/div>\n<\/div>\n<div class=\"row\">\n<div class=\"cell label\">Art der Wasserflaschenverschl\u00fcsse<\/div>\n<div class=\"cell value\">Nein<\/div>\n<\/div>\n<div class=\"row\">\n<div class=\"cell label\">Stil<\/div>\n<div class=\"cell value\">CLASSIC,Modern,Nordisch,Traditionell<\/div>\n<\/div>\n<div class=\"row\">\n<div class=\"cell label\">Muster<\/div>\n<div class=\"cell value\">Logo<\/div>\n<\/div>\n<div class=\"row\">\n<div class=\"cell label\">Anwendbare Personen<\/div>\n<div class=\"cell value\">Erwachsene<\/div>\n<\/div>\n<div class=\"row\">\n<div class=\"cell label\">Anlass<\/div>\n<div class=\"cell value\">T\u00e4glich verwendet, Business-Geschenk, Party, Weihnachtsgeschenk<\/div>\n<\/div>\n<div class=\"row\">\n<div class=\"cell label\">Produktname<\/div>\n<div class=\"cell value\">180ml 250ml Umweltfreundliches, farbiges Glasgeschirr<\/div>\n<\/div>\n<div class=\"row\">\n<div class=\"cell label\">Material<\/div>\n<div class=\"cell value\">Glas<\/div>\n<\/div>\n<div class=\"row\">\n<div class=\"cell label\">Verwendung<\/div>\n<div class=\"cell value\">Kaffee. Tee. Bier. Wasser<\/div>\n<\/div>\n<div class=\"row\">\n<div class=\"cell label\">Farbe<\/div>\n<div class=\"cell value\">Kundenspezifische Farbe<\/div>\n<\/div>\n<div class=\"row\">\n<div class=\"cell label\">Kapazit\u00e4t<\/div>\n<div class=\"cell value\">180ml\/250ml<\/div>\n<\/div>\n<div class=\"row\">\n<div class=\"cell label\">MOQ<\/div>\n<div class=\"cell value\">100 St\u00fcck<\/div>\n<\/div>\n<div class=\"row\">\n<div class=\"cell label\">Stil<\/div>\n<div class=\"cell value\">Moderne Kunst Einzigartig<\/div>\n<\/div>\n<div class=\"row\">\n<div class=\"cell label\">ZAHLUNG<\/div>\n<div class=\"cell value\">T\/T<\/div>\n<\/div>\n<div class=\"row\">\n<div class=\"cell label\">Qualit\u00e4t<\/div>\n<div class=\"cell value\">Hohe Qualit\u00e4t<\/div>\n<\/div>\n<div class=\"row\">\n<div class=\"cell label\">Dienst<\/div>\n<div class=\"cell value\">24-Stunden-Online-Antwort<\/div>\n<\/div>\n<div class=\"row\">\n<div class=\"cell label\">Verkaufende Einheiten<\/div>\n<div class=\"cell value\">Einzelnes Element<\/div>\n<\/div>\n<div class=\"row\">\n<div class=\"cell label\">Einzelne Packungsgr\u00f6\u00dfe<\/div>\n<div class=\"cell value\">15X15X15 cm<\/div>\n<\/div>\n<div class=\"row\">\n<div class=\"cell label\">Einfaches Bruttogewicht<\/div>\n<div class=\"cell value\">2.000 kg<\/div>\n<\/div>\n<\/div>\n<p>\n<img decoding=\"async\" src=\"https:\/\/glasswaremanufacturers.com\/wp-content\/uploads\/Colored_Glass_Wine_Cup.webp\" alt=\"Farbiges Glas Weinbecher\" title=\"Farbiges Glas Weinbecher\"><\/p>\n<h2>FAQ<\/h2>\n<p><strong>1. Aus welchem Material sind die Becher hergestellt?<\/strong><br \/>Die farbigen Glasweinbecher sind aus hochwertigem, langlebigem Glas gefertigt.<\/p>\n<p><strong>2. Sind diese Tassen sp\u00fclmaschinenfest?<\/strong><br \/>Ja, die farbigen Weinbecher aus Glas sind sp\u00fclmaschinenfest und lassen sich leicht reinigen.<\/p>\n<p><strong>3. K\u00f6nnen diese Becher sowohl f\u00fcr Rot- als auch f\u00fcr Wei\u00dfwein verwendet werden?<\/strong><br \/>Auf jeden Fall sind die farbigen Weinbecher aus Glas vielseitig einsetzbar f\u00fcr jede Art von Wein.<\/p>\n<p><strong>4. Verblassen die Farben mit der Zeit?<\/strong><br \/>Nein, die leuchtenden Farben des Glases sind so konzipiert, dass sie lebendig und lang anhaltend bleiben.<\/p>\n<p><strong>5. Welche Gr\u00f6\u00dfen gibt es f\u00fcr diese Weinbecher?<\/strong><br \/>Die farbigen Weinbecher aus Glas sind in verschiedenen Gr\u00f6\u00dfen erh\u00e4ltlich, um unterschiedlichen Servieranforderungen gerecht zu werden.<\/p>\n<p><strong>6. Sind diese Weinbecher f\u00fcr formelle Anl\u00e4sse geeignet?<\/strong><br \/>Ja, ihr elegantes Design macht sie ideal f\u00fcr gehobene Veranstaltungen.<\/p>\n<p><strong>7. Wie verbessern diese Becher das Erlebnis der Weinverkostung?<\/strong><br \/>Die leuchtenden Farben verleihen der Weinverkostung eine einzigartige visuelle Dimension.<\/p>\n<p><strong>8. Gibt es eine Mindestbestellmenge?<\/strong><br \/>Ja, bitte kontaktieren Sie uns f\u00fcr Details zu Mindestbestellmengen.<\/p>\n<p><\/p>\n<h2>Neuester Blog<\/h2>\n<ul class=\"reco-links\">\n<li><a href=\"https:\/\/glasswaremanufacturers.com\/de\/glasbecherhersteller-in-danemark\/\" target=\"_blank\">glasbecherhersteller in d\u00e4nemark<\/a><\/li>\n<li><a href=\"https:\/\/glasswaremanufacturers.com\/de\/glass-cup-manufacturers-in-singapore\/\" target=\"_blank\">glasbecher hersteller in singapur<\/a><\/li>\n<li><a href=\"https:\/\/glasswaremanufacturers.com\/de\/glasbecher-hersteller-auf-den-philippinen\/\" target=\"_blank\">glasbecher hersteller auf den philippinen<\/a><\/li>\n<li><a href=\"https:\/\/glasswaremanufacturers.com\/de\/glasbecherhersteller-in-malaysia\/\" target=\"_blank\">glasbecherhersteller in malaysia<\/a><\/li>\n<\/ul>","protected":false},"featured_media":5153,"parent":0,"template":"","meta":{"_acf_changed":false,"_seopress_robots_primary_cat":"","_seopress_titles_title":"","_seopress_titles_desc":"","_seopress_robots_index":""},"categories":[12],"class_list":["post-5154","product","type-product","status-publish","has-post-thumbnail","hentry","category-glass-cup-manufacturers"],"acf":{"product_maidian":"<li>Enhance wine tasting experience with vibrant colors.<\/li>\r\n<li>Durable material ensures long-lasting use.<\/li>\r\n<li>Easy to clean and maintain for busy settings.<\/li>\r\n<li>Perfect for upscale events and casual gatherings.<\/li>\r\n<li>Lightweight design for comfortable handling.<\/li>\r\n<li>Versatile for both red and white wines.<\/li>\r\n<li>Attractive design to impress guests and clients.<\/li>\r\n<li>Available in various sizes to suit different needs.<\/li>"},"_links":{"self":[{"href":"https:\/\/glasswaremanufacturers.com\/de\/wp-json\/wp\/v2\/product\/5154","targetHints":{"allow":["GET"]}}],"collection":[{"href":"https:\/\/glasswaremanufacturers.com\/de\/wp-json\/wp\/v2\/product"}],"about":[{"href":"https:\/\/glasswaremanufacturers.com\/de\/wp-json\/wp\/v2\/types\/product"}],"wp:featuredmedia":[{"embeddable":true,"href":"https:\/\/glasswaremanufacturers.com\/de\/wp-json\/wp\/v2\/media\/5153"}],"wp:attachment":[{"href":"https:\/\/glasswaremanufacturers.com\/de\/wp-json\/wp\/v2\/media?parent=5154"}],"wp:term":[{"taxonomy":"category","embeddable":true,"href":"https:\/\/glasswaremanufacturers.com\/de\/wp-json\/wp\/v2\/categories?post=5154"}],"curies":[{"name":"wp","href":"https:\/\/api.w.org\/{rel}","templated":true}]}}