{"id":5156,"date":"2026-04-18T22:42:33","date_gmt":"2026-04-18T14:42:33","guid":{"rendered":"https:\/\/glasswaremanufacturers.com\/product\/colorful-glass-drinking-cup\/"},"modified":"2026-04-18T22:42:33","modified_gmt":"2026-04-18T14:42:33","slug":"bunter-glas-trinkbecher","status":"publish","type":"product","link":"https:\/\/glasswaremanufacturers.com\/de\/product\/colorful-glass-drinking-cup\/","title":{"rendered":"Bunter Glas Trinkbecher"},"content":{"rendered":"<h2>Produkte Details<\/h2>\n<div class=\"product-table\">\n<div class=\"row\">\n<div class=\"cell label\">Material<\/div>\n<div class=\"cell value\">Glas<\/div>\n<\/div>\n<div class=\"row\">\n<div class=\"cell label\">Typ<\/div>\n<div class=\"cell value\">Milchbecher<\/div>\n<\/div>\n<div class=\"row\">\n<div class=\"cell label\">Anmeldung<\/div>\n<div class=\"cell value\">Startseite<\/div>\n<\/div>\n<div class=\"row\">\n<div class=\"cell label\">Funktion<\/div>\n<div class=\"cell value\">Vorr\u00e4tig, umweltfreundlich<\/div>\n<\/div>\n<div class=\"row\">\n<div class=\"cell label\">Stil<\/div>\n<div class=\"cell value\">Keine<\/div>\n<\/div>\n<div class=\"row\">\n<div class=\"cell label\">Anwendbare Personen<\/div>\n<div class=\"cell value\">Unisex<\/div>\n<\/div>\n<div class=\"row\">\n<div class=\"cell label\">Anlass<\/div>\n<div class=\"cell value\">Party<\/div>\n<\/div>\n<div class=\"row\">\n<div class=\"cell label\">Name des Produkts<\/div>\n<div class=\"cell value\">Glasbecher<\/div>\n<\/div>\n<div class=\"row\">\n<div class=\"cell label\">Form<\/div>\n<div class=\"cell value\">Runde Form<\/div>\n<\/div>\n<div class=\"row\">\n<div class=\"cell label\">Schl\u00fcsselwort<\/div>\n<div class=\"cell value\">Vorratsflasche aus Glas<\/div>\n<\/div>\n<div class=\"row\">\n<div class=\"cell label\">Gr\u00f6\u00dfe<\/div>\n<div class=\"cell value\">als Bild<\/div>\n<\/div>\n<div class=\"row\">\n<div class=\"cell label\">MOQ<\/div>\n<div class=\"cell value\">500St\u00fcck<\/div>\n<\/div>\n<div class=\"row\">\n<div class=\"cell label\">Deckel<\/div>\n<div class=\"cell value\">kein Deckel<\/div>\n<\/div>\n<div class=\"row\">\n<div class=\"cell label\">Farbe<\/div>\n<div class=\"cell value\">als Bild<\/div>\n<\/div>\n<div class=\"row\">\n<div class=\"cell label\">Muster<\/div>\n<div class=\"cell value\">Kann sie liefern<\/div>\n<\/div>\n<div class=\"row\">\n<div class=\"cell label\">Verkaufende Einheiten<\/div>\n<div class=\"cell value\">Einzelnes Element<\/div>\n<\/div>\n<div class=\"row\">\n<div class=\"cell label\">Einzelne Packungsgr\u00f6\u00dfe<\/div>\n<div class=\"cell value\">1X1X1 cm<\/div>\n<\/div>\n<div class=\"row\">\n<div class=\"cell label\">Einfaches Bruttogewicht<\/div>\n<div class=\"cell value\">0,350 kg<\/div>\n<\/div>\n<\/div>\n<p>\n<img decoding=\"async\" src=\"https:\/\/glasswaremanufacturers.com\/wp-content\/uploads\/Colorful_Glass_Drinking_Cup.webp\" alt=\"Bunter Glas Trinkbecher\" title=\"Bunter Glas Trinkbecher\"><\/p>\n<h2>FAQ<\/h2>\n<p><strong>1. Was ist das verwendete Material?<\/strong><br \/>Der Becher ist aus hochwertigem, langlebigem Glas gefertigt.<\/p>\n<p><strong>2. Sind die Tassen mikrowellengeeignet?<\/strong><br \/>Ja, diese Glastassen sind mikrowellengeeignet.<\/p>\n<p><strong>3. Kann ich sie f\u00fcr hei\u00dfe Getr\u00e4nke verwenden?<\/strong><br \/>Diese Becher sind auf jeden Fall f\u00fcr Hei\u00dfgetr\u00e4nke geeignet.<\/p>\n<p><strong>4. Wie reinige ich die Becher?<\/strong><br \/>Die Becher sind sp\u00fclmaschinenfest und lassen sich leicht reinigen.<\/p>\n<p><strong>5. Sind die Becher stapelbar?<\/strong><br \/>Ja, das Design erm\u00f6glicht eine einfache Stapelung und Lagerung.<\/p>\n<p><strong>6. Kann ich die Becher mit meinem Logo individuell gestalten?<\/strong><br \/>F\u00fcr Branding-Zwecke sind anpassbare Optionen verf\u00fcgbar.<\/p>\n<p><strong>7. Sind die Becher umweltfreundlich?<\/strong><br \/>Ja, sie tragen mit ihrem Glasmaterial zur Verringerung des Plastikverbrauchs bei.<\/p>\n<p><strong>8. Welche Farben sind verf\u00fcgbar?<\/strong><br \/>Die Becher sind in einer Vielzahl von leuchtenden Farben erh\u00e4ltlich.<\/p>\n<p><\/p>\n<h2>Neuester Blog<\/h2>\n<ul class=\"reco-links\">\n<li><a href=\"https:\/\/glasswaremanufacturers.com\/de\/glasbecherhersteller-in-bangladesch\/\" target=\"_blank\">glasbecherhersteller in bangladesch<\/a><\/li>\n<li><a href=\"https:\/\/glasswaremanufacturers.com\/de\/glasbecherhersteller-in-finnland\/\" target=\"_blank\">glasbecherhersteller in finnland<\/a><\/li>\n<li><a href=\"https:\/\/glasswaremanufacturers.com\/de\/glass-cup-manufacturers-in-egypt\/\" target=\"_blank\">glasbecher hersteller in \u00e4gypten<\/a><\/li>\n<li><a href=\"https:\/\/glasswaremanufacturers.com\/de\/glass-cup-manufacturers-in-pakistan\/\" target=\"_blank\">glasbecher hersteller in pakistan<\/a><\/li>\n<\/ul>","protected":false},"featured_media":5155,"parent":0,"template":"","meta":{"_acf_changed":false,"_seopress_robots_primary_cat":"","_seopress_titles_title":"","_seopress_titles_desc":"","_seopress_robots_index":""},"categories":[12],"class_list":["post-5156","product","type-product","status-publish","has-post-thumbnail","hentry","category-glass-cup-manufacturers"],"acf":{"product_maidian":"<li>Durable glass design for long-lasting use.<\/li>\r\n<li>Vibrant colors to enhance any setting.<\/li>\r\n<li>Ideal for both hot and cold beverages.<\/li>\r\n<li>Easy to clean and dishwasher safe.<\/li>\r\n<li>Perfect for restaurants, cafes, and bars.<\/li>\r\n<li>Stackable design for convenient storage.<\/li>\r\n<li>Eco-friendly material reducing plastic usage.<\/li>\r\n<li>Customizable options available for branding.<\/li>"},"_links":{"self":[{"href":"https:\/\/glasswaremanufacturers.com\/de\/wp-json\/wp\/v2\/product\/5156","targetHints":{"allow":["GET"]}}],"collection":[{"href":"https:\/\/glasswaremanufacturers.com\/de\/wp-json\/wp\/v2\/product"}],"about":[{"href":"https:\/\/glasswaremanufacturers.com\/de\/wp-json\/wp\/v2\/types\/product"}],"wp:featuredmedia":[{"embeddable":true,"href":"https:\/\/glasswaremanufacturers.com\/de\/wp-json\/wp\/v2\/media\/5155"}],"wp:attachment":[{"href":"https:\/\/glasswaremanufacturers.com\/de\/wp-json\/wp\/v2\/media?parent=5156"}],"wp:term":[{"taxonomy":"category","embeddable":true,"href":"https:\/\/glasswaremanufacturers.com\/de\/wp-json\/wp\/v2\/categories?post=5156"}],"curies":[{"name":"wp","href":"https:\/\/api.w.org\/{rel}","templated":true}]}}