{"id":5160,"date":"2026-04-18T22:42:36","date_gmt":"2026-04-18T14:42:36","guid":{"rendered":"https:\/\/glasswaremanufacturers.com\/product\/crystal-beer-glass-mug\/"},"modified":"2026-04-18T22:42:36","modified_gmt":"2026-04-18T14:42:36","slug":"kristall-bierkrug","status":"publish","type":"product","link":"https:\/\/glasswaremanufacturers.com\/de\/product\/crystal-beer-glass-mug\/","title":{"rendered":"Kristall-Bierglasbecher"},"content":{"rendered":"<h2>Produkte Details<\/h2>\n<div class=\"product-table\">\n<div class=\"row\">\n<div class=\"cell label\">Glastyp<\/div>\n<div class=\"cell value\">Transparent<\/div>\n<\/div>\n<div class=\"row\">\n<div class=\"cell label\">Material<\/div>\n<div class=\"cell value\">Glas<\/div>\n<\/div>\n<div class=\"row\">\n<div class=\"cell label\">Funktion<\/div>\n<div class=\"cell value\">nachhaltig<\/div>\n<\/div>\n<div class=\"row\">\n<div class=\"cell label\">Stil<\/div>\n<div class=\"cell value\">Klassisch<\/div>\n<\/div>\n<div class=\"row\">\n<div class=\"cell label\">verwenden.<\/div>\n<div class=\"cell value\">Wein<\/div>\n<\/div>\n<div class=\"row\">\n<div class=\"cell label\">Anlass<\/div>\n<div class=\"cell value\">Party<\/div>\n<\/div>\n<div class=\"row\">\n<div class=\"cell label\">Menge<\/div>\n<div class=\"cell value\">1<\/div>\n<\/div>\n<div class=\"row\">\n<div class=\"cell label\">Produktion<\/div>\n<div class=\"cell value\">Bierglas mit Henkel<\/div>\n<\/div>\n<div class=\"row\">\n<div class=\"cell label\">Verkaufende Einheiten<\/div>\n<div class=\"cell value\">Einzelnes Element<\/div>\n<\/div>\n<div class=\"row\">\n<div class=\"cell label\">Einzelne Packungsgr\u00f6\u00dfe<\/div>\n<div class=\"cell value\">30X30X30 cm<\/div>\n<\/div>\n<div class=\"row\">\n<div class=\"cell label\">Einfaches Bruttogewicht<\/div>\n<div class=\"cell value\">1.000 kg<\/div>\n<\/div>\n<\/div>\n<p>\n<img decoding=\"async\" src=\"https:\/\/glasswaremanufacturers.com\/wp-content\/uploads\/Crystal_Beer_Glass_Mug.webp\" alt=\"Kristall-Bierglasbecher\" title=\"Kristall-Bierglasbecher\"><\/p>\n<h2>FAQ<\/h2>\n<p><strong>1. Wie gro\u00df ist das Fassungsverm\u00f6gen des Crystal Beer Glass Mug?<\/strong><br \/>Der Becher fasst bis zu 500 ml, ideal f\u00fcr Standard-Bierportionen.<\/p>\n<p><strong>2. Ist der Crystal Beer Glass Mug mikrowellengeeignet?<\/strong><br \/>Nein, es wird nicht f\u00fcr die Mikrowelle empfohlen, um seine Qualit\u00e4t zu erhalten.<\/p>\n<p><strong>3. Kann der Crystal Beer Glasbecher auch f\u00fcr andere Getr\u00e4nke verwendet werden?<\/strong><br \/>Ja, er ist vielseitig einsetzbar f\u00fcr alle Kaltgetr\u00e4nke und verbessert die Pr\u00e4sentation.<\/p>\n<p><strong>4. Wie reinige ich den Crystal Beer Glasbecher?<\/strong><br \/>Er ist sp\u00fclmaschinenfest und garantiert eine problemlose Wartung.<\/p>\n<p><strong>5. Aus welchen Materialien besteht der Crystal Beer Glass Mug?<\/strong><br \/>Hergestellt aus hochwertigem Kristallglas f\u00fcr optimale Klarheit.<\/p>\n<p><strong>6. Beeinflusst der Crystal Beer Glass Mug die Biertemperatur?<\/strong><br \/>Das Glas h\u00e4lt die Temperatur effektiv aufrecht und sorgt f\u00fcr ein erfrischendes Erlebnis.<\/p>\n<p><strong>7. Ist der Crystal Beer Glass Mug f\u00fcr Veranstaltungen im Freien geeignet?<\/strong><br \/>Ja, sein robustes Design macht ihn perfekt f\u00fcr den Einsatz im Freien.<\/p>\n<p><strong>8. Kann ich den Crystal Beer Glass Mug mit Logos personalisieren?<\/strong><br \/>Ja, es gibt Anpassungsm\u00f6glichkeiten f\u00fcr das Branding.<\/p>\n<p><\/p>\n<h2>Neuester Blog<\/h2>\n<ul class=\"reco-links\">\n<li><a href=\"https:\/\/glasswaremanufacturers.com\/de\/glass-cup-manufacturers-in-norway\/\" target=\"_blank\">glasbecherhersteller in norwegen<\/a><\/li>\n<li><a href=\"https:\/\/glasswaremanufacturers.com\/de\/glass-cup-manufacturers-in-thailand\/\" target=\"_blank\">glasbecher hersteller in thailand<\/a><\/li>\n<li><a href=\"https:\/\/glasswaremanufacturers.com\/de\/glasbecherhersteller-in-irland\/\" target=\"_blank\">glasbecherhersteller in irland<\/a><\/li>\n<li><a href=\"https:\/\/glasswaremanufacturers.com\/de\/glasbecher-hersteller-in-uae\/\" target=\"_blank\">glasbecher hersteller in uae<\/a><\/li>\n<\/ul>","protected":false},"featured_media":5159,"parent":0,"template":"","meta":{"_acf_changed":false,"_seopress_robots_primary_cat":"","_seopress_titles_title":"","_seopress_titles_desc":"","_seopress_robots_index":""},"categories":[12],"class_list":["post-5160","product","type-product","status-publish","has-post-thumbnail","hentry","category-glass-cup-manufacturers"],"acf":{"product_maidian":"<li>Enhances beer flavor with crystal-clear clarity.<\/li>\r\n<li>Durable design perfect for frequent use.<\/li>\r\n<li>Ergonomic handle for comfortable grip.<\/li>\r\n<li>Ideal for showcasing craft beer colors.<\/li>\r\n<li>Dishwasher-safe for easy cleaning.<\/li>"},"_links":{"self":[{"href":"https:\/\/glasswaremanufacturers.com\/de\/wp-json\/wp\/v2\/product\/5160","targetHints":{"allow":["GET"]}}],"collection":[{"href":"https:\/\/glasswaremanufacturers.com\/de\/wp-json\/wp\/v2\/product"}],"about":[{"href":"https:\/\/glasswaremanufacturers.com\/de\/wp-json\/wp\/v2\/types\/product"}],"wp:featuredmedia":[{"embeddable":true,"href":"https:\/\/glasswaremanufacturers.com\/de\/wp-json\/wp\/v2\/media\/5159"}],"wp:attachment":[{"href":"https:\/\/glasswaremanufacturers.com\/de\/wp-json\/wp\/v2\/media?parent=5160"}],"wp:term":[{"taxonomy":"category","embeddable":true,"href":"https:\/\/glasswaremanufacturers.com\/de\/wp-json\/wp\/v2\/categories?post=5160"}],"curies":[{"name":"wp","href":"https:\/\/api.w.org\/{rel}","templated":true}]}}