{"id":5162,"date":"2026-04-18T22:42:37","date_gmt":"2026-04-18T14:42:37","guid":{"rendered":"https:\/\/glasswaremanufacturers.com\/product\/crystal-glass-drinkware-set\/"},"modified":"2026-04-18T22:42:37","modified_gmt":"2026-04-18T14:42:37","slug":"kristallglas-getrankegeschirr-set","status":"publish","type":"product","link":"https:\/\/glasswaremanufacturers.com\/de\/product\/crystal-glass-drinkware-set\/","title":{"rendered":"Trinkgeschirr-Set aus Kristallglas"},"content":{"rendered":"<h2>Produkte Details<\/h2>\n<div class=\"product-table\">\n<div class=\"row\">\n<div class=\"cell label\">Material<\/div>\n<div class=\"cell value\">Glas<\/div>\n<\/div>\n<div class=\"row\">\n<div class=\"cell label\">Typ<\/div>\n<div class=\"cell value\">Weingl\u00e4ser<\/div>\n<\/div>\n<div class=\"row\">\n<div class=\"cell label\">Anmeldung<\/div>\n<div class=\"cell value\">Haus, Hotel, Hochzeit, Party, Getr\u00e4nke kalt<\/div>\n<\/div>\n<div class=\"row\">\n<div class=\"cell label\">Funktion<\/div>\n<div class=\"cell value\">Wiederverwendbar, Hitzebest\u00e4ndig, Transparent, Wiederverwendbarkeit<\/div>\n<\/div>\n<div class=\"row\">\n<div class=\"cell label\">Stil<\/div>\n<div class=\"cell value\">Minimalistisch<\/div>\n<\/div>\n<div class=\"row\">\n<div class=\"cell label\">Anwendbare Personen<\/div>\n<div class=\"cell value\">Erwachsene<\/div>\n<\/div>\n<div class=\"row\">\n<div class=\"cell label\">Anlass<\/div>\n<div class=\"cell value\">Party<\/div>\n<\/div>\n<div class=\"row\">\n<div class=\"cell label\">Produktname<\/div>\n<div class=\"cell value\">Glasbecher<\/div>\n<\/div>\n<div class=\"row\">\n<div class=\"cell label\">Farbe<\/div>\n<div class=\"cell value\">Transparent<\/div>\n<\/div>\n<div class=\"row\">\n<div class=\"cell label\">Material<\/div>\n<div class=\"cell value\">Glas<\/div>\n<\/div>\n<div class=\"row\">\n<div class=\"cell label\">Form<\/div>\n<div class=\"cell value\">Unregelm\u00e4\u00dfig<\/div>\n<\/div>\n<div class=\"row\">\n<div class=\"cell label\">Stil<\/div>\n<div class=\"cell value\">einheitliche Farbe<\/div>\n<\/div>\n<div class=\"row\">\n<div class=\"cell label\">Gr\u00f6\u00dfe<\/div>\n<div class=\"cell value\">Ma\u00dfgeschneidert<\/div>\n<\/div>\n<div class=\"row\">\n<div class=\"cell label\">Gewicht<\/div>\n<div class=\"cell value\">120-295g<\/div>\n<\/div>\n<div class=\"row\">\n<div class=\"cell label\">Vorteil<\/div>\n<div class=\"cell value\">Dauerhaft<\/div>\n<\/div>\n<div class=\"row\">\n<div class=\"cell label\">Verwendungsszenario<\/div>\n<div class=\"cell value\">K\u00fcche<\/div>\n<\/div>\n<div class=\"row\">\n<div class=\"cell label\">Merkmal<\/div>\n<div class=\"cell value\">Wiederverwendbar<\/div>\n<\/div>\n<div class=\"row\">\n<div class=\"cell label\">Verkaufende Einheiten<\/div>\n<div class=\"cell value\">Einzelnes Element<\/div>\n<\/div>\n<\/div>\n<p>\n<img decoding=\"async\" src=\"https:\/\/glasswaremanufacturers.com\/wp-content\/uploads\/Crystal_Glass_Drinkware_Set.webp\" alt=\"Trinkgeschirr-Set aus Kristallglas\" title=\"Trinkgeschirr-Set aus Kristallglas\"><\/p>\n<h2>FAQ<\/h2>\n<p><strong>1. Aus welchem Material besteht das Geschirrset?<\/strong><br \/>Das Trinkgeschirr-Set aus Kristallglas ist aus hochwertigem Kristallglas gefertigt und garantiert Langlebigkeit und Eleganz.<\/p>\n<p><strong>2. Kann das Trinkgeschirr-Set individuell gestaltet werden?<\/strong><br \/>Ja, das Set ist in anpassbaren Optionen erh\u00e4ltlich, um verschiedenen gesch\u00e4ftlichen Anforderungen gerecht zu werden.<\/p>\n<p><strong>3. Eignet sich das Trinkgeschirr-Set f\u00fcr Firmenveranstaltungen?<\/strong><br \/>Das elegante Design macht ihn ideal f\u00fcr Firmenveranstaltungen und professionelle Umgebungen.<\/p>\n<p><strong>4. Wie sollte das Trinkgeschirr gereinigt werden?<\/strong><br \/>Das Set ist mit den \u00fcblichen Glasreinigungsmethoden leicht zu reinigen und sorgt f\u00fcr Klarheit und Glanz.<\/p>\n<p><strong>5. Welche Arten von Getr\u00e4nken k\u00f6nnen mit diesem Set serviert werden?<\/strong><br \/>Das Geschirrset ist f\u00fcr verschiedene Getr\u00e4nkearten geeignet und wertet jedes Getr\u00e4nk auf.<\/p>\n<p><strong>6. Ist das Set f\u00fcr den h\u00e4ufigen Gebrauch geeignet?<\/strong><br \/>Ja, die robuste Konstruktion gew\u00e4hrleistet eine lange Nutzungsdauer auch bei h\u00e4ufiger Handhabung.<\/p>\n<p><strong>7. Gibt es das Geschirrset in verschiedenen Gr\u00f6\u00dfen?<\/strong><br \/>Ja, das Set ist in verschiedenen Gr\u00f6\u00dfen erh\u00e4ltlich, um unterschiedlichen Servieranforderungen gerecht zu werden.<\/p>\n<p><strong>8. Was macht dieses Set zum perfekten Geschenk?<\/strong><br \/>Durch seine Eleganz und seine Anpassungsm\u00f6glichkeiten ist es ideal f\u00fcr Firmengeschenke.<\/p>\n<p><\/p>\n<h2>Neuester Blog<\/h2>\n<ul class=\"reco-links\">\n<li><a href=\"https:\/\/glasswaremanufacturers.com\/de\/glasbecherhersteller-in-osterreich\/\" target=\"_blank\">glasbecherhersteller in \u00f6sterreich<\/a><\/li>\n<li><a href=\"https:\/\/glasswaremanufacturers.com\/de\/glass-cup-manufacturers-in-belgium\/\" target=\"_blank\">glasbecherhersteller in belgien<\/a><\/li>\n<li><a href=\"https:\/\/glasswaremanufacturers.com\/de\/glasbecher-hersteller-in-indonesien\/\" target=\"_blank\">glasbecher hersteller in indonesien<\/a><\/li>\n<li><a href=\"https:\/\/glasswaremanufacturers.com\/de\/glasbecherhersteller-in-italien\/\" target=\"_blank\">glasbecherhersteller in italien<\/a><\/li>\n<\/ul>","protected":false},"featured_media":5161,"parent":0,"template":"","meta":{"_acf_changed":false,"_seopress_robots_primary_cat":"","_seopress_titles_title":"","_seopress_titles_desc":"","_seopress_robots_index":""},"categories":[12],"class_list":["post-5162","product","type-product","status-publish","has-post-thumbnail","hentry","category-glass-cup-manufacturers"],"acf":{"product_maidian":"<li>Durable design for long-lasting use<\/li>\r\n<li>Elegant aesthetics for professional settings<\/li>\r\n<li>High-quality material ensures clarity and shine<\/li>\r\n<li>Easy to clean and maintain<\/li>\r\n<li>Enhances beverage presentation<\/li>\r\n<li>Available in customizable sets<\/li>\r\n<li>Perfect for corporate gifting<\/li>\r\n<li>Suitable for various drink types<\/li>"},"_links":{"self":[{"href":"https:\/\/glasswaremanufacturers.com\/de\/wp-json\/wp\/v2\/product\/5162","targetHints":{"allow":["GET"]}}],"collection":[{"href":"https:\/\/glasswaremanufacturers.com\/de\/wp-json\/wp\/v2\/product"}],"about":[{"href":"https:\/\/glasswaremanufacturers.com\/de\/wp-json\/wp\/v2\/types\/product"}],"wp:featuredmedia":[{"embeddable":true,"href":"https:\/\/glasswaremanufacturers.com\/de\/wp-json\/wp\/v2\/media\/5161"}],"wp:attachment":[{"href":"https:\/\/glasswaremanufacturers.com\/de\/wp-json\/wp\/v2\/media?parent=5162"}],"wp:term":[{"taxonomy":"category","embeddable":true,"href":"https:\/\/glasswaremanufacturers.com\/de\/wp-json\/wp\/v2\/categories?post=5162"}],"curies":[{"name":"wp","href":"https:\/\/api.w.org\/{rel}","templated":true}]}}