{"id":5164,"date":"2026-04-18T22:42:39","date_gmt":"2026-04-18T14:42:39","guid":{"rendered":"https:\/\/glasswaremanufacturers.com\/product\/crystal-wine-glass-cup\/"},"modified":"2026-04-18T22:42:39","modified_gmt":"2026-04-18T14:42:39","slug":"kristall-weinglas-becher","status":"publish","type":"product","link":"https:\/\/glasswaremanufacturers.com\/de\/product\/crystal-wine-glass-cup\/","title":{"rendered":"Kristall Weinglas Becher"},"content":{"rendered":"<h2>Produkte Details<\/h2>\n<div class=\"product-table\">\n<div class=\"row\">\n<div class=\"cell label\">Glastyp<\/div>\n<div class=\"cell value\">Rotwein Wei\u00dfwein Champagner Schuss Brandy Glas<\/div>\n<\/div>\n<div class=\"row\">\n<div class=\"cell label\">Material<\/div>\n<div class=\"cell value\">Glas<\/div>\n<\/div>\n<div class=\"row\">\n<div class=\"cell label\">Stil<\/div>\n<div class=\"cell value\">Klassisch<\/div>\n<\/div>\n<div class=\"row\">\n<div class=\"cell label\">verwenden.<\/div>\n<div class=\"cell value\">Wein, Champagner, Rotwein, Wei\u00dfwein, Shot Wine, Brandy Wine, Wasser<\/div>\n<\/div>\n<div class=\"row\">\n<div class=\"cell label\">Anlass<\/div>\n<div class=\"cell value\">Party<\/div>\n<\/div>\n<div class=\"row\">\n<div class=\"cell label\">Design-Stil<\/div>\n<div class=\"cell value\">Retro<\/div>\n<\/div>\n<div class=\"row\">\n<div class=\"cell label\">Verkaufende Einheiten<\/div>\n<div class=\"cell value\">Einzelnes Element<\/div>\n<\/div>\n<div class=\"row\">\n<div class=\"cell label\">Einzelne Packungsgr\u00f6\u00dfe<\/div>\n<div class=\"cell value\">25X10X10 cm<\/div>\n<\/div>\n<div class=\"row\">\n<div class=\"cell label\">Einfaches Bruttogewicht<\/div>\n<div class=\"cell value\">0,500 kg<\/div>\n<\/div>\n<\/div>\n<p>\n<img decoding=\"async\" src=\"https:\/\/glasswaremanufacturers.com\/wp-content\/uploads\/Crystal_Wine_Glass_Cup.webp\" alt=\"Kristall Weinglas Becher\" title=\"Kristall Weinglas Becher\"><\/p>\n<h2>FAQ<\/h2>\n<p><strong>1. Wodurch unterscheiden sich Weinkelche aus Kristallglas von normalen Gl\u00e4sern?<\/strong><br \/>Weinkelche aus Kristallglas bieten mehr Klarheit und Design und verbessern das Erlebnis der Weinverkostung.<\/p>\n<p><strong>2. Sind diese Gl\u00e4ser f\u00fcr alle Weinsorten geeignet?<\/strong><br \/>Ja, Kristallweinbecher gibt es in verschiedenen Gr\u00f6\u00dfen f\u00fcr unterschiedliche Weinsorten.<\/p>\n<p><strong>3. K\u00f6nnen Weinkelche aus Kristallglas in der Sp\u00fclmaschine gereinigt werden?<\/strong><br \/>Um die Qualit\u00e4t und Klarheit zu erhalten, wird Handw\u00e4sche empfohlen.<\/p>\n<p><strong>4. Ist das f\u00fcr diese Gl\u00e4ser verwendete Kristall bleifrei?<\/strong><br \/>Ja, unsere Kristall-Weinglasbecher sind aus bleifreien Materialien f\u00fcr sicheres Trinken hergestellt.<\/p>\n<p><strong>5. Wie verbessert das Glasdesign die Bel\u00fcftung des Weins?<\/strong><br \/>Das pr\u00e4zisionsgefertigte Design sorgt f\u00fcr eine bessere Bel\u00fcftung des Weins und damit f\u00fcr ein besseres Geschmackserlebnis.<\/p>\n<p><strong>6. Sind diese Gl\u00e4ser f\u00fcr Firmengeschenke geeignet?<\/strong><br \/>Auf jeden Fall eignen sie sich aufgrund ihrer Eleganz hervorragend f\u00fcr Werbeaktionen und Geschenkartikel.<\/p>\n<p><strong>7. Zerbrechen Becher aus Kristallglas leicht?<\/strong><br \/>Unsere Gl\u00e4ser sind auf Langlebigkeit ausgelegt, aber behandeln Sie sie mit Vorsicht, um Sch\u00e4den zu vermeiden.<\/p>\n<p><strong>8. Welche Gr\u00f6\u00dfen gibt es f\u00fcr Kristallweinbecher?<\/strong><br \/>Wir bieten verschiedene Gr\u00f6\u00dfen an, um verschiedenen Weintypen und Vorlieben gerecht zu werden.<\/p>\n<p><\/p>\n<h2>Neuester Blog<\/h2>\n<ul class=\"reco-links\">\n<li><a href=\"https:\/\/glasswaremanufacturers.com\/de\/glasbecher-hersteller-in-brasilien\/\" target=\"_blank\">glasbecher hersteller in brasilien<\/a><\/li>\n<li><a href=\"https:\/\/glasswaremanufacturers.com\/de\/glasbecher-hersteller-in-japan\/\" target=\"_blank\">glasbecher hersteller in japan<\/a><\/li>\n<li><a href=\"https:\/\/glasswaremanufacturers.com\/de\/glasbecher-hersteller-in-deutschland\/\" target=\"_blank\">glasbecher hersteller in deutschland<\/a><\/li>\n<li><a href=\"https:\/\/glasswaremanufacturers.com\/de\/glass-cup-manufacturers-in-the-usa\/\" target=\"_blank\">glasbecherhersteller in den usa<\/a><\/li>\n<\/ul>","protected":false},"featured_media":5163,"parent":0,"template":"","meta":{"_acf_changed":false,"_seopress_robots_primary_cat":"","_seopress_titles_title":"","_seopress_titles_desc":"","_seopress_robots_index":""},"categories":[12],"class_list":["post-5164","product","type-product","status-publish","has-post-thumbnail","hentry","category-glass-cup-manufacturers"],"acf":{"product_maidian":"<li>Enhance wine tasting experience with fine crystal glass.<\/li>\r\n<li>Elegant design suitable for upscale events and dining.<\/li>\r\n<li>Durable construction ensures long-lasting use.<\/li>\r\n<li>Precision-crafted for optimal wine aeration.<\/li>\r\n<li>Lead-free crystal for safe and healthy drinking.<\/li>\r\n<li>Perfect for gifting or corporate promotions.<\/li>\r\n<li>Available in various sizes to match different wine types.<\/li>\r\n<li>Easy to clean and maintain.<\/li>"},"_links":{"self":[{"href":"https:\/\/glasswaremanufacturers.com\/de\/wp-json\/wp\/v2\/product\/5164","targetHints":{"allow":["GET"]}}],"collection":[{"href":"https:\/\/glasswaremanufacturers.com\/de\/wp-json\/wp\/v2\/product"}],"about":[{"href":"https:\/\/glasswaremanufacturers.com\/de\/wp-json\/wp\/v2\/types\/product"}],"wp:featuredmedia":[{"embeddable":true,"href":"https:\/\/glasswaremanufacturers.com\/de\/wp-json\/wp\/v2\/media\/5163"}],"wp:attachment":[{"href":"https:\/\/glasswaremanufacturers.com\/de\/wp-json\/wp\/v2\/media?parent=5164"}],"wp:term":[{"taxonomy":"category","embeddable":true,"href":"https:\/\/glasswaremanufacturers.com\/de\/wp-json\/wp\/v2\/categories?post=5164"}],"curies":[{"name":"wp","href":"https:\/\/api.w.org\/{rel}","templated":true}]}}