{"id":5166,"date":"2026-04-18T22:42:41","date_gmt":"2026-04-18T14:42:41","guid":{"rendered":"https:\/\/glasswaremanufacturers.com\/product\/custom-animal-glass-mug\/"},"modified":"2026-04-18T22:42:41","modified_gmt":"2026-04-18T14:42:41","slug":"glasbecher-mit-tiermotiven","status":"publish","type":"product","link":"https:\/\/glasswaremanufacturers.com\/de\/product\/custom-animal-glass-mug\/","title":{"rendered":"Individueller Tier-Glasbecher"},"content":{"rendered":"<h2>Produkte Details<\/h2>\n<div class=\"product-table\">\n<div class=\"row\">\n<div class=\"cell label\">Material<\/div>\n<div class=\"cell value\">Glas<\/div>\n<\/div>\n<div class=\"row\">\n<div class=\"cell label\">Typ<\/div>\n<div class=\"cell value\">Kaffeebecher<\/div>\n<\/div>\n<div class=\"row\">\n<div class=\"cell label\">Mikrowellengeeignet<\/div>\n<div class=\"cell value\">Ja<\/div>\n<\/div>\n<div class=\"row\">\n<div class=\"cell label\">sp\u00fclmaschinenfest<\/div>\n<div class=\"cell value\">Ja<\/div>\n<\/div>\n<div class=\"row\">\n<div class=\"cell label\">Anmeldung<\/div>\n<div class=\"cell value\">Haus, Hotel, B\u00fcro<\/div>\n<\/div>\n<div class=\"row\">\n<div class=\"cell label\">Funktion<\/div>\n<div class=\"cell value\">Tragbar, wiederverwendbar, auslaufsicher<\/div>\n<\/div>\n<div class=\"row\">\n<div class=\"cell label\">Stil<\/div>\n<div class=\"cell value\">Land<\/div>\n<\/div>\n<div class=\"row\">\n<div class=\"cell label\">Anwendbare Personen<\/div>\n<div class=\"cell value\">Unisex<\/div>\n<\/div>\n<div class=\"row\">\n<div class=\"cell label\">Anlass<\/div>\n<div class=\"cell value\">Graduierung<\/div>\n<\/div>\n<div class=\"row\">\n<div class=\"cell label\">Produktname<\/div>\n<div class=\"cell value\">Glasbecher<\/div>\n<\/div>\n<div class=\"row\">\n<div class=\"cell label\">Material<\/div>\n<div class=\"cell value\">Hoch Borosilikatglas<\/div>\n<\/div>\n<div class=\"row\">\n<div class=\"cell label\">Merkmal<\/div>\n<div class=\"cell value\">Umweltfreundlich<\/div>\n<\/div>\n<div class=\"row\">\n<div class=\"cell label\">Verwendung<\/div>\n<div class=\"cell value\">Kaffee. Tee. Bier. Wasser<\/div>\n<\/div>\n<div class=\"row\">\n<div class=\"cell label\">Farbe<\/div>\n<div class=\"cell value\">Klar<\/div>\n<\/div>\n<div class=\"row\">\n<div class=\"cell label\">Kapazit\u00e4t<\/div>\n<div class=\"cell value\">400ml\/Kundenspezifische Kapazit\u00e4t akzeptabel<\/div>\n<\/div>\n<div class=\"row\">\n<div class=\"cell label\">Logo<\/div>\n<div class=\"cell value\">Kundenspezifisches Logo akzeptabel<\/div>\n<\/div>\n<div class=\"row\">\n<div class=\"cell label\">Verpacken<\/div>\n<div class=\"cell value\">Kundenspezifische Verpackung akzeptabel<\/div>\n<\/div>\n<div class=\"row\">\n<div class=\"cell label\">MOQ<\/div>\n<div class=\"cell value\">1St\u00fcck<\/div>\n<\/div>\n<div class=\"row\">\n<div class=\"cell label\">Gestaltung<\/div>\n<div class=\"cell value\">Benutzerdefinierte Designs akzeptieren<\/div>\n<\/div>\n<div class=\"row\">\n<div class=\"cell label\">Verkaufende Einheiten<\/div>\n<div class=\"cell value\">Einzelnes Element<\/div>\n<\/div>\n<div class=\"row\">\n<div class=\"cell label\">Einzelne Packungsgr\u00f6\u00dfe<\/div>\n<div class=\"cell value\">20X20X20 cm<\/div>\n<\/div>\n<div class=\"row\">\n<div class=\"cell label\">Einfaches Bruttogewicht<\/div>\n<div class=\"cell value\">1.000 kg<\/div>\n<\/div>\n<\/div>\n<p>\n<img decoding=\"async\" src=\"https:\/\/glasswaremanufacturers.com\/wp-content\/uploads\/Custom_Animal_Glass_Mug.webp\" alt=\"Individueller Tier-Glasbecher\" title=\"Individueller Tier-Glasbecher\"><\/p>\n<h2>FAQ<\/h2>\n<p><strong>1. Welche Materialien werden f\u00fcr den Becher verwendet?<\/strong><br \/>Der Becher ist aus strapazierf\u00e4higem Glas gefertigt und garantiert Langlebigkeit und Qualit\u00e4t.<\/p>\n<p><strong>2. Kann ich das Design individuell gestalten?<\/strong><br \/>Ja, Sie k\u00f6nnen das Design anpassen, um Ihr Branding oder ein bestimmtes Tiermotiv einzuf\u00fcgen.<\/p>\n<p><strong>3. Ist der Becher f\u00fcr die Mikrowelle geeignet?<\/strong><br \/>Nat\u00fcrlich ist der Becher mikrowellengeeignet und l\u00e4sst sich leicht erhitzen.<\/p>\n<p><strong>4. Wie kann der Becher gereinigt werden?<\/strong><br \/>Der Becher ist sp\u00fclmaschinenfest und somit leicht zu reinigen und zu pflegen.<\/p>\n<p><strong>5. Sind Gro\u00dfbestellungen m\u00f6glich?<\/strong><br \/>Ja, wir bieten wettbewerbsf\u00e4hige Preise f\u00fcr Gro\u00dfbestellungen, die den Bed\u00fcrfnissen von Unternehmen entsprechen.<\/p>\n<p><strong>6. Welche Gr\u00f6\u00dfen sind verf\u00fcgbar?<\/strong><br \/>Wir bieten verschiedene Gr\u00f6\u00dfen an, um unterschiedlichen Vorlieben und Anforderungen gerecht zu werden.<\/p>\n<p><strong>7. Ist der Becher umweltfreundlich?<\/strong><br \/>Ja, die verwendeten Materialien sind umweltfreundlich, was f\u00fcr umweltbewusste Unternehmen interessant ist.<\/p>\n<p><strong>8. Kann diese Tasse f\u00fcr Werbeveranstaltungen verwendet werden?<\/strong><br \/>Das einzigartige Design des Bechers macht ihn zu einem perfekten Werbegeschenk f\u00fcr Firmenveranstaltungen.<\/p>\n<p><\/p>\n<h2>Neuester Blog<\/h2>\n<ul class=\"reco-links\">\n<li><a href=\"https:\/\/glasswaremanufacturers.com\/de\/glasbecher-hersteller-in-china\/\" target=\"_blank\">glasbecher hersteller in china<\/a><\/li>\n<li><a href=\"https:\/\/glasswaremanufacturers.com\/de\/glass-cup-manufacturers-in-spain\/\" target=\"_blank\">glasbecherhersteller in spanien<\/a><\/li>\n<li><a href=\"https:\/\/glasswaremanufacturers.com\/de\/glasbecherhersteller-in-iran\/\" target=\"_blank\">glasbecherhersteller in iran<\/a><\/li>\n<li><a href=\"https:\/\/glasswaremanufacturers.com\/de\/glasbecher-hersteller-in-taiwan\/\" target=\"_blank\">glasbecher hersteller in taiwan<\/a><\/li>\n<\/ul>","protected":false},"featured_media":5165,"parent":0,"template":"","meta":{"_acf_changed":false,"_seopress_robots_primary_cat":"","_seopress_titles_title":"","_seopress_titles_desc":"","_seopress_robots_index":""},"categories":[12],"class_list":["post-5166","product","type-product","status-publish","has-post-thumbnail","hentry","category-glass-cup-manufacturers"],"acf":{"product_maidian":"<li>Unique animal designs enhance user experience.<\/li>\r\n<li>Durable glass construction ensures longevity.<\/li>\r\n<li>Customizable options for branding purposes.<\/li>\r\n<li>Perfect for promotional gifts and corporate events.<\/li>\r\n<li>Eco-friendly materials appeal to environmentally conscious businesses.<\/li>\r\n<li>Microwave and dishwasher safe for convenience.<\/li>\r\n<li>Available in various sizes to suit different needs.<\/li>\r\n<li>Competitive pricing for bulk orders.<\/li>"},"_links":{"self":[{"href":"https:\/\/glasswaremanufacturers.com\/de\/wp-json\/wp\/v2\/product\/5166","targetHints":{"allow":["GET"]}}],"collection":[{"href":"https:\/\/glasswaremanufacturers.com\/de\/wp-json\/wp\/v2\/product"}],"about":[{"href":"https:\/\/glasswaremanufacturers.com\/de\/wp-json\/wp\/v2\/types\/product"}],"wp:featuredmedia":[{"embeddable":true,"href":"https:\/\/glasswaremanufacturers.com\/de\/wp-json\/wp\/v2\/media\/5165"}],"wp:attachment":[{"href":"https:\/\/glasswaremanufacturers.com\/de\/wp-json\/wp\/v2\/media?parent=5166"}],"wp:term":[{"taxonomy":"category","embeddable":true,"href":"https:\/\/glasswaremanufacturers.com\/de\/wp-json\/wp\/v2\/categories?post=5166"}],"curies":[{"name":"wp","href":"https:\/\/api.w.org\/{rel}","templated":true}]}}