{"id":5168,"date":"2026-04-18T22:42:42","date_gmt":"2026-04-18T14:42:42","guid":{"rendered":"https:\/\/glasswaremanufacturers.com\/product\/custom-logo-glass-coffee-cup\/"},"modified":"2026-04-18T22:42:42","modified_gmt":"2026-04-18T14:42:42","slug":"kundenspezifisches-logo-glas-kaffeetasse","status":"publish","type":"product","link":"https:\/\/glasswaremanufacturers.com\/de\/product\/custom-logo-glass-coffee-cup\/","title":{"rendered":"Individuelle Logo-Glas-Kaffeetasse"},"content":{"rendered":"<h2>Produkte Details<\/h2>\n<div class=\"product-table\">\n<div class=\"row\">\n<div class=\"cell label\">Material<\/div>\n<div class=\"cell value\">Soda-Kalk-Glas<\/div>\n<\/div>\n<div class=\"row\">\n<div class=\"cell label\">Anmeldung<\/div>\n<div class=\"cell value\">Haus, Restaurant, Geschenk, Party<\/div>\n<\/div>\n<div class=\"row\">\n<div class=\"cell label\">Funktion<\/div>\n<div class=\"cell value\">Umweltfreundlich, wiederverwertbar<\/div>\n<\/div>\n<div class=\"row\">\n<div class=\"cell label\">Stil<\/div>\n<div class=\"cell value\">Modern<\/div>\n<\/div>\n<div class=\"row\">\n<div class=\"cell label\">Verpackung<\/div>\n<div class=\"cell value\">Wei\u00dfes Papier\/Blasenpapier, innere Papierschachtel, \u00e4u\u00dfere b<\/div>\n<\/div>\n<div class=\"row\">\n<div class=\"cell label\">Anlass<\/div>\n<div class=\"cell value\">Party<\/div>\n<\/div>\n<div class=\"row\">\n<div class=\"cell label\">Gr\u00f6\u00dfe<\/div>\n<div class=\"cell value\">Oben D: 78mm, Unten T: 63mm, H: 93mm<\/div>\n<\/div>\n<div class=\"row\">\n<div class=\"cell label\">Verkaufende Einheiten<\/div>\n<div class=\"cell value\">Einzelnes Element<\/div>\n<\/div>\n<\/div>\n<p>\n<img decoding=\"async\" src=\"https:\/\/glasswaremanufacturers.com\/wp-content\/uploads\/Custom_Logo_Glass_Coffee_Cup.webp\" alt=\"Individuelle Logo-Glas-Kaffeetasse\" title=\"Individuelle Logo-Glas-Kaffeetasse\"><\/p>\n<h2>FAQ<\/h2>\n<p><strong>1. Aus welchem Material besteht die Kaffeetasse?<\/strong><br \/>Die Kaffeetasse ist aus strapazierf\u00e4higem Glas gefertigt und daher sehr langlebig.<\/p>\n<p><strong>2. Kann ich das Logo auf dem Becher individuell gestalten?<\/strong><br \/>Ja, Sie k\u00f6nnen den Becher mit Ihrem eigenen Logo personalisieren.<\/p>\n<p><strong>3. Ist die Kaffeetasse aus Glas sp\u00fclmaschinenfest?<\/strong><br \/>Unsere Glastasse ist auf jeden Fall sp\u00fclmaschinenfest.<\/p>\n<p><strong>4. Welche Gr\u00f6\u00dfen gibt es f\u00fcr die Kaffeetasse?<\/strong><br \/>Die Kaffeetasse ist in verschiedenen Gr\u00f6\u00dfen erh\u00e4ltlich, um unterschiedlichen Bed\u00fcrfnissen gerecht zu werden.<\/p>\n<p><strong>5. Ist der Kaffeebecher aus Glas umweltfreundlich?<\/strong><br \/>Ja, der Becher hat ein umweltfreundliches Design, das die Nachhaltigkeit f\u00f6rdert.<\/p>\n<p><strong>6. Kann die gl\u00e4serne Kaffeetasse als Firmengeschenk verwendet werden?<\/strong><br \/>Ja, er ist ideal f\u00fcr Firmengeschenke und Werbeveranstaltungen.<\/p>\n<p><strong>7. Bietet das Glas ein hochwertiges Gef\u00fchl?<\/strong><br \/>Das hochwertige Glas sorgt f\u00fcr einen eleganten und hochwertigen Eindruck.<\/p>\n<p><strong>8. Wie verbessert die Kaffeetasse die Sichtbarkeit der Marke?<\/strong><br \/>Die individuelle Logoplatzierung optimiert die Sichtbarkeit der Marke effektiv.<\/p>\n<p><\/p>\n<h2>Neuester Blog<\/h2>\n<ul class=\"reco-links\">\n<li><a href=\"https:\/\/glasswaremanufacturers.com\/de\/glass-cup-manufacturers-in-mexico\/\" target=\"_blank\">glasbecher hersteller in mexiko<\/a><\/li>\n<li><a href=\"https:\/\/glasswaremanufacturers.com\/de\/glasbecher-hersteller-in-der-turkei\/\" target=\"_blank\">glasbecher hersteller in der t\u00fcrkei<\/a><\/li>\n<li><a href=\"https:\/\/glasswaremanufacturers.com\/de\/glasbecherhersteller-in-den-niederlanden\/\" target=\"_blank\">glasbecherhersteller in den niederlanden<\/a><\/li>\n<li><a href=\"https:\/\/glasswaremanufacturers.com\/de\/glass-cup-manufacturers-in-saudi-arabia\/\" target=\"_blank\">glasbecherhersteller in saudi arabien<\/a><\/li>\n<\/ul>","protected":false},"featured_media":5167,"parent":0,"template":"","meta":{"_acf_changed":false,"_seopress_robots_primary_cat":"","_seopress_titles_title":"","_seopress_titles_desc":"","_seopress_robots_index":""},"categories":[12],"class_list":["post-5168","product","type-product","status-publish","has-post-thumbnail","hentry","category-glass-cup-manufacturers"],"acf":{"product_maidian":"<li>Enhance brand visibility with custom logo placement.<\/li>\r\n<li>Durable glass material ensures long-lasting use.<\/li>\r\n<li>Ideal for corporate gifts and promotional events.<\/li>\r\n<li>Eco-friendly design supports sustainability initiatives.<\/li>\r\n<li>Dishwasher safe for easy cleaning.<\/li>\r\n<li>High-quality glass offers a premium feel.<\/li>\r\n<li>Available in various sizes to fit your needs.<\/li>\r\n<li>Boost employee morale with personalized drinkware.<\/li>"},"_links":{"self":[{"href":"https:\/\/glasswaremanufacturers.com\/de\/wp-json\/wp\/v2\/product\/5168","targetHints":{"allow":["GET"]}}],"collection":[{"href":"https:\/\/glasswaremanufacturers.com\/de\/wp-json\/wp\/v2\/product"}],"about":[{"href":"https:\/\/glasswaremanufacturers.com\/de\/wp-json\/wp\/v2\/types\/product"}],"wp:featuredmedia":[{"embeddable":true,"href":"https:\/\/glasswaremanufacturers.com\/de\/wp-json\/wp\/v2\/media\/5167"}],"wp:attachment":[{"href":"https:\/\/glasswaremanufacturers.com\/de\/wp-json\/wp\/v2\/media?parent=5168"}],"wp:term":[{"taxonomy":"category","embeddable":true,"href":"https:\/\/glasswaremanufacturers.com\/de\/wp-json\/wp\/v2\/categories?post=5168"}],"curies":[{"name":"wp","href":"https:\/\/api.w.org\/{rel}","templated":true}]}}