{"id":5175,"date":"2026-04-19T11:47:01","date_gmt":"2026-04-19T03:47:01","guid":{"rendered":"https:\/\/glasswaremanufacturers.com\/product\/custom-logo-glass-drinking-cups\/"},"modified":"2026-04-19T11:47:01","modified_gmt":"2026-04-19T03:47:01","slug":"trinkbecher-mit-eigenem-logo-aus-glas","status":"publish","type":"product","link":"https:\/\/glasswaremanufacturers.com\/de\/product\/custom-logo-glass-drinking-cups\/","title":{"rendered":"Trinkbecher mit individuellem Logo aus Glas"},"content":{"rendered":"<h2>Produkte Details<\/h2>\n<div class=\"product-table\">\n<div class=\"row\">\n<div class=\"cell label\">Material<\/div>\n<div class=\"cell value\">Glas<\/div>\n<\/div>\n<div class=\"row\">\n<div class=\"cell label\">Typ<\/div>\n<div class=\"cell value\">Becher<\/div>\n<\/div>\n<div class=\"row\">\n<div class=\"cell label\">Merkmal<\/div>\n<div class=\"cell value\">Umweltfreundlich, Bpa-frei, mikrowellengeeignet<\/div>\n<\/div>\n<div class=\"row\">\n<div class=\"cell label\">Anmeldung<\/div>\n<div class=\"cell value\">Haus, Restaurant, Wein, Party, Werbegeschenke, Bier<\/div>\n<\/div>\n<div class=\"row\">\n<div class=\"cell label\">Stil<\/div>\n<div class=\"cell value\">Klassisch<\/div>\n<\/div>\n<div class=\"row\">\n<div class=\"cell label\">Anlass<\/div>\n<div class=\"cell value\">Geschenke f\u00fcr Unternehmen<\/div>\n<\/div>\n<div class=\"row\">\n<div class=\"cell label\">Zubeh\u00f6r<\/div>\n<div class=\"cell value\">Keine<\/div>\n<\/div>\n<div class=\"row\">\n<div class=\"cell label\">Verpackung<\/div>\n<div class=\"cell value\">Farbkasten<\/div>\n<\/div>\n<div class=\"row\">\n<div class=\"cell label\">Material<\/div>\n<div class=\"cell value\">Natron-Kalk-Glas<\/div>\n<\/div>\n<div class=\"row\">\n<div class=\"cell label\">Anmeldung<\/div>\n<div class=\"cell value\">T\u00e4gliches Leben Zuhause<\/div>\n<\/div>\n<div class=\"row\">\n<div class=\"cell label\">Produktname<\/div>\n<div class=\"cell value\">Quadratischer Glasbecher 6er Set<\/div>\n<\/div>\n<div class=\"row\">\n<div class=\"cell label\">Verwendung<\/div>\n<div class=\"cell value\">Kaffee. Tee. Bier. Wasser<\/div>\n<\/div>\n<div class=\"row\">\n<div class=\"cell label\">Logo<\/div>\n<div class=\"cell value\">Kundenspezifisches Logo akzeptabel<\/div>\n<\/div>\n<div class=\"row\">\n<div class=\"cell label\">Muster<\/div>\n<div class=\"cell value\">Angeboten von<\/div>\n<\/div>\n<div class=\"row\">\n<div class=\"cell label\">Gr\u00f6\u00dfe<\/div>\n<div class=\"cell value\">68*55*90mm,211g,180ml<\/div>\n<\/div>\n<div class=\"row\">\n<div class=\"cell label\">OEM &amp; ODM<\/div>\n<div class=\"cell value\">Hochwillkommen Individuell<\/div>\n<\/div>\n<div class=\"row\">\n<div class=\"cell label\">MOQ<\/div>\n<div class=\"cell value\">60St\u00fcck<\/div>\n<\/div>\n<div class=\"row\">\n<div class=\"cell label\">Zertifikat<\/div>\n<div class=\"cell value\">FDA,LFGB<\/div>\n<\/div>\n<div class=\"row\">\n<div class=\"cell label\">Verkaufende Einheiten<\/div>\n<div class=\"cell value\">Einzelnes Element<\/div>\n<\/div>\n<\/div>\n<p>\n<img decoding=\"async\" src=\"https:\/\/glasswaremanufacturers.com\/wp-content\/uploads\/Custom_Logo_Glass_Drinking_Cups.webp\" alt=\"Trinkbecher mit individuellem Logo aus Glas\" title=\"Trinkbecher mit individuellem Logo aus Glas\"><\/p>\n<h2>FAQ<\/h2>\n<p><strong>1. Was sind kundenspezifische Logo-Glas-Trinkbecher?<\/strong><br \/>Individuell gestaltete Logotrinkbecher aus Glas sind personalisierte Glaswaren mit Ihrem Markenlogo oder Design.<\/p>\n<p><strong>2. Wie k\u00f6nnen diese Becher die Sichtbarkeit der Marke verbessern?<\/strong><br \/>Diese Becher stellen Ihre Marke in den Vordergrund und erh\u00f6hen den Wiedererkennungswert und die Kundentreue.<\/p>\n<p><strong>3. Sind die Glasbecher haltbar?<\/strong><br \/>Ja, sie bestehen aus hochwertigem Glas und sind daher sehr haltbar und langlebig.<\/p>\n<p><strong>4. Kann ich diese Becher f\u00fcr Werbeveranstaltungen verwenden?<\/strong><br \/>Auf jeden Fall sind sie perfekt f\u00fcr Werbeveranstaltungen und Firmengeschenke.<\/p>\n<p><strong>5. Sind die Becher umweltfreundlich?<\/strong><br \/>Ja, sie sind wiederverwendbar, was die Umweltbelastung im Vergleich zu Einwegprodukten verringert.<\/p>\n<p><strong>6. Kann ich das Design auf den Glasbechern individuell gestalten?<\/strong><br \/>Ja, es gibt zahlreiche anpassbare Designoptionen f\u00fcr ein einzigartiges Branding.<\/p>\n<p><strong>7. Welche Branchen profitieren von der Verwendung dieser Becher?<\/strong><br \/>Caf\u00e9s, Restaurants und Unternehmen auf Messen profitieren von der Verwendung dieser Markenbecher.<\/p>\n<p><strong>8. Gibt es die Becher in verschiedenen Gr\u00f6\u00dfen?<\/strong><br \/>Ja, sie sind in verschiedenen Gr\u00f6\u00dfen erh\u00e4ltlich, um unterschiedlichen Anforderungen gerecht zu werden.<\/p>\n<p><\/p>\n<h2>Neuester Blog<\/h2>\n<ul class=\"reco-links\">\n<li><a href=\"https:\/\/glasswaremanufacturers.com\/de\/glass-cup-manufacturers-in-switzerland\/\" target=\"_blank\">glasbecherhersteller in der schweiz<\/a><\/li>\n<li><a href=\"https:\/\/glasswaremanufacturers.com\/de\/glasbecherhersteller-in-polen\/\" target=\"_blank\">glasbecherhersteller in polen<\/a><\/li>\n<li><a href=\"https:\/\/glasswaremanufacturers.com\/de\/glasbecherhersteller-in-australien\/\" target=\"_blank\">glasbecherhersteller in australien<\/a><\/li>\n<li><a href=\"https:\/\/glasswaremanufacturers.com\/de\/glasbecher-hersteller-in-frankreich\/\" target=\"_blank\">glasbecher hersteller in frankreich<\/a><\/li>\n<\/ul>","protected":false},"featured_media":5174,"parent":0,"template":"","meta":{"_acf_changed":false,"_seopress_robots_primary_cat":"","_seopress_titles_title":"","_seopress_titles_desc":"","_seopress_robots_index":""},"categories":[12],"class_list":["post-5175","product","type-product","status-publish","has-post-thumbnail","hentry","category-glass-cup-manufacturers"],"acf":{"product_maidian":"<li>Enhance brand visibility with personalized glass cups.<\/li>\r\n<li>High-quality glass ensures durability and elegance.<\/li>\r\n<li>Ideal for corporate gifts and promotional events.<\/li>\r\n<li>Eco-friendly, reusable beverage solution.<\/li>\r\n<li>Customizable design options for unique branding.<\/li>\r\n<li>Perfect for cafes, restaurants, and trade shows.<\/li>\r\n<li>Boost customer engagement with branded merchandise.<\/li>\r\n<li>Available in various sizes to suit different needs.<\/li>"},"_links":{"self":[{"href":"https:\/\/glasswaremanufacturers.com\/de\/wp-json\/wp\/v2\/product\/5175","targetHints":{"allow":["GET"]}}],"collection":[{"href":"https:\/\/glasswaremanufacturers.com\/de\/wp-json\/wp\/v2\/product"}],"about":[{"href":"https:\/\/glasswaremanufacturers.com\/de\/wp-json\/wp\/v2\/types\/product"}],"wp:featuredmedia":[{"embeddable":true,"href":"https:\/\/glasswaremanufacturers.com\/de\/wp-json\/wp\/v2\/media\/5174"}],"wp:attachment":[{"href":"https:\/\/glasswaremanufacturers.com\/de\/wp-json\/wp\/v2\/media?parent=5175"}],"wp:term":[{"taxonomy":"category","embeddable":true,"href":"https:\/\/glasswaremanufacturers.com\/de\/wp-json\/wp\/v2\/categories?post=5175"}],"curies":[{"name":"wp","href":"https:\/\/api.w.org\/{rel}","templated":true}]}}