{"id":5177,"date":"2026-04-19T11:47:03","date_gmt":"2026-04-19T03:47:03","guid":{"rendered":"https:\/\/glasswaremanufacturers.com\/product\/cute-glass-drinking-cup\/"},"modified":"2026-04-19T11:47:03","modified_gmt":"2026-04-19T03:47:03","slug":"suser-trinkbecher-aus-glas","status":"publish","type":"product","link":"https:\/\/glasswaremanufacturers.com\/de\/product\/cute-glass-drinking-cup\/","title":{"rendered":"Niedlicher Glas-Trinkbecher"},"content":{"rendered":"<h2>Produkte Details<\/h2>\n<div class=\"product-table\">\n<div class=\"row\">\n<div class=\"cell label\">Glastyp<\/div>\n<div class=\"cell value\">WEINGLASSE<\/div>\n<\/div>\n<div class=\"row\">\n<div class=\"cell label\">Material<\/div>\n<div class=\"cell value\">Glas<\/div>\n<\/div>\n<div class=\"row\">\n<div class=\"cell label\">Kapazit\u00e4t<\/div>\n<div class=\"cell value\">150ml<\/div>\n<\/div>\n<div class=\"row\">\n<div class=\"cell label\">Funktion<\/div>\n<div class=\"cell value\">Umweltfreundlich<\/div>\n<\/div>\n<div class=\"row\">\n<div class=\"cell label\">Stil<\/div>\n<div class=\"cell value\">Modern<\/div>\n<\/div>\n<div class=\"row\">\n<div class=\"cell label\">Anlass<\/div>\n<div class=\"cell value\">Nicht verf\u00fcgbar<\/div>\n<\/div>\n<div class=\"row\">\n<div class=\"cell label\">verwenden.<\/div>\n<div class=\"cell value\">Wein<\/div>\n<\/div>\n<div class=\"row\">\n<div class=\"cell label\">Metalltyp<\/div>\n<div class=\"cell value\">keine<\/div>\n<\/div>\n<div class=\"row\">\n<div class=\"cell label\">keramischer Typ<\/div>\n<div class=\"cell value\">keine<\/div>\n<\/div>\n<div class=\"row\">\n<div class=\"cell label\">Kunststofftyp<\/div>\n<div class=\"cell value\">keine<\/div>\n<\/div>\n<div class=\"row\">\n<div class=\"cell label\">Menge<\/div>\n<div class=\"cell value\">>10<\/div>\n<\/div>\n<div class=\"row\">\n<div class=\"cell label\">Produktion<\/div>\n<div class=\"cell value\">Glasbecher<\/div>\n<\/div>\n<div class=\"row\">\n<div class=\"cell label\">Trinkgeschirr Typ<\/div>\n<div class=\"cell value\">Glas<\/div>\n<\/div>\n<div class=\"row\">\n<div class=\"cell label\">Farbe<\/div>\n<div class=\"cell value\">klar<\/div>\n<\/div>\n<div class=\"row\">\n<div class=\"cell label\">Verpacken<\/div>\n<div class=\"cell value\">Eierkarton<\/div>\n<\/div>\n<div class=\"row\">\n<div class=\"cell label\">Anmeldung<\/div>\n<div class=\"cell value\">trinken<\/div>\n<\/div>\n<div class=\"row\">\n<div class=\"cell label\">Verwendung<\/div>\n<div class=\"cell value\">bar<\/div>\n<\/div>\n<div class=\"row\">\n<div class=\"cell label\">Produktname<\/div>\n<div class=\"cell value\">Schnapsglas<\/div>\n<\/div>\n<div class=\"row\">\n<div class=\"cell label\">Stil<\/div>\n<div class=\"cell value\">Modern<\/div>\n<\/div>\n<div class=\"row\">\n<div class=\"cell label\">Logo<\/div>\n<div class=\"cell value\">Kundenspezifisches Logo akzeptabel<\/div>\n<\/div>\n<div class=\"row\">\n<div class=\"cell label\">Form<\/div>\n<div class=\"cell value\">rund<\/div>\n<\/div>\n<div class=\"row\">\n<div class=\"cell label\">Verkaufende Einheiten<\/div>\n<div class=\"cell value\">Einzelnes Element<\/div>\n<\/div>\n<div class=\"row\">\n<div class=\"cell label\">Einzelne Packungsgr\u00f6\u00dfe<\/div>\n<div class=\"cell value\">15X10X10 cm<\/div>\n<\/div>\n<div class=\"row\">\n<div class=\"cell label\">Einfaches Bruttogewicht<\/div>\n<div class=\"cell value\">0,500 kg<\/div>\n<\/div>\n<\/div>\n<p>\n<img decoding=\"async\" src=\"https:\/\/glasswaremanufacturers.com\/wp-content\/uploads\/Cute_Glass_Drinking_Cup.webp\" alt=\"Niedlicher Glas-Trinkbecher\" title=\"Niedlicher Glas-Trinkbecher\"><\/p>\n<h2>FAQ<\/h2>\n<p><strong>1. Ist das Glas sp\u00fclmaschinenfest?<\/strong><br \/>Ja, der Cute Glass Drinking Cup ist sp\u00fclmaschinenfest f\u00fcr eine problemlose Reinigung.<\/p>\n<p><strong>2. Welche Gr\u00f6\u00dfen sind verf\u00fcgbar?<\/strong><br \/>Der Becher ist in verschiedenen Gr\u00f6\u00dfen erh\u00e4ltlich, um den unterschiedlichen Getr\u00e4nkew\u00fcnschen gerecht zu werden.<\/p>\n<p><strong>3. Kann er hei\u00dfe Getr\u00e4nke aufnehmen?<\/strong><br \/>Ja, unser Glasbecher ist sowohl f\u00fcr hei\u00dfe als auch f\u00fcr kalte Getr\u00e4nke geeignet.<\/p>\n<p><strong>4. Ist das Glas bleifrei?<\/strong><br \/>Der Cute Glass Drinking Cup ist auf jeden Fall aus bleifreien Materialien hergestellt.<\/p>\n<p><strong>5. Gibt es eine Garantie?<\/strong><br \/>Ja, wir bieten eine Garantie f\u00fcr Herstellungsfehler.<\/p>\n<p><strong>6. Ist das Glas bruchsicher?<\/strong><br \/>Es ist zwar haltbar, aber aus Glas und sollte mit Vorsicht behandelt werden, damit es nicht bricht.<\/p>\n<p><strong>7. Wie kann ich die Becher in gro\u00dfen Mengen bestellen?<\/strong><br \/>Wenden Sie sich an unser Verkaufsteam, um Informationen \u00fcber Gro\u00dfabnahmeoptionen und Rabatte zu erhalten.<\/p>\n<p><strong>8. Sind Sonderanfertigungen m\u00f6glich?<\/strong><br \/>Ja, wir bieten individuelle Anpassungsm\u00f6glichkeiten f\u00fcr das Branding oder pers\u00f6nliche Designs.<\/p>\n<p><\/p>\n<h2>Neuester Blog<\/h2>\n<ul class=\"reco-links\">\n<li><a href=\"https:\/\/glasswaremanufacturers.com\/de\/glass-cup-manufacturers-in-uk\/\" target=\"_blank\">glasbecher hersteller in grossbritannien<\/a><\/li>\n<li><a href=\"https:\/\/glasswaremanufacturers.com\/de\/glasbecherhersteller-in-indien\/\" target=\"_blank\">glasbecherhersteller in indien<\/a><\/li>\n<li><a href=\"https:\/\/glasswaremanufacturers.com\/de\/glass-cup-manufacturers-in-canada\/\" target=\"_blank\">glasbecherhersteller in kanada<\/a><\/li>\n<li><a href=\"https:\/\/glasswaremanufacturers.com\/de\/glasbecher-hersteller-in-russland\/\" target=\"_blank\">glasbecher hersteller in russland<\/a><\/li>\n<\/ul>","protected":false},"featured_media":5176,"parent":0,"template":"","meta":{"_acf_changed":false,"_seopress_robots_primary_cat":"","_seopress_titles_title":"","_seopress_titles_desc":"","_seopress_robots_index":""},"categories":[12],"class_list":["post-5177","product","type-product","status-publish","has-post-thumbnail","hentry","category-glass-cup-manufacturers"],"acf":{"product_maidian":"<li>Durable glass construction ensures long-lasting use.<\/li>\r\n<li>Sleek design adds elegance to any setting.<\/li>\r\n<li>Easy to clean and maintain for busy environments.<\/li>\r\n<li>Available in various sizes to suit different needs.<\/li>\r\n<li>Perfect for both hot and cold beverages.<\/li>\r\n<li>Environmentally friendly, reusable glass material.<\/li>\r\n<li>Comfortable grip for easy handling.<\/li>\r\n<li>Non-toxic materials ensure safe drinking.<\/li>"},"_links":{"self":[{"href":"https:\/\/glasswaremanufacturers.com\/de\/wp-json\/wp\/v2\/product\/5177","targetHints":{"allow":["GET"]}}],"collection":[{"href":"https:\/\/glasswaremanufacturers.com\/de\/wp-json\/wp\/v2\/product"}],"about":[{"href":"https:\/\/glasswaremanufacturers.com\/de\/wp-json\/wp\/v2\/types\/product"}],"wp:featuredmedia":[{"embeddable":true,"href":"https:\/\/glasswaremanufacturers.com\/de\/wp-json\/wp\/v2\/media\/5176"}],"wp:attachment":[{"href":"https:\/\/glasswaremanufacturers.com\/de\/wp-json\/wp\/v2\/media?parent=5177"}],"wp:term":[{"taxonomy":"category","embeddable":true,"href":"https:\/\/glasswaremanufacturers.com\/de\/wp-json\/wp\/v2\/categories?post=5177"}],"curies":[{"name":"wp","href":"https:\/\/api.w.org\/{rel}","templated":true}]}}