{"id":5179,"date":"2026-04-19T11:47:09","date_gmt":"2026-04-19T03:47:09","guid":{"rendered":"https:\/\/glasswaremanufacturers.com\/product\/decorative-household-glass-cup\/"},"modified":"2026-04-19T11:47:09","modified_gmt":"2026-04-19T03:47:09","slug":"dekorativer-haushaltsglasbecher","status":"publish","type":"product","link":"https:\/\/glasswaremanufacturers.com\/de\/product\/decorative-household-glass-cup\/","title":{"rendered":"Dekorative Glastasse f\u00fcr den Haushalt"},"content":{"rendered":"<h2>Produkte Details<\/h2>\n<div class=\"product-table\">\n<div class=\"row\">\n<div class=\"cell label\">Material<\/div>\n<div class=\"cell value\">Glas<\/div>\n<\/div>\n<div class=\"row\">\n<div class=\"cell label\">Band<\/div>\n<div class=\"cell value\">190ml<\/div>\n<\/div>\n<div class=\"row\">\n<div class=\"cell label\">Funktion<\/div>\n<div class=\"cell value\">Tragbar, wiederverwendbar, umweltfreundlich, hitzebest\u00e4ndig, langlebig<\/div>\n<\/div>\n<div class=\"row\">\n<div class=\"cell label\">Stil<\/div>\n<div class=\"cell value\">Klassisch<\/div>\n<\/div>\n<div class=\"row\">\n<div class=\"cell label\">Form<\/div>\n<div class=\"cell value\">Rund<\/div>\n<\/div>\n<div class=\"row\">\n<div class=\"cell label\">Anlass<\/div>\n<div class=\"cell value\">Getr\u00e4nk<\/div>\n<\/div>\n<div class=\"row\">\n<div class=\"cell label\">Trinkgeschirr Typ<\/div>\n<div class=\"cell value\">Tassen<\/div>\n<\/div>\n<div class=\"row\">\n<div class=\"cell label\">Verkaufende Einheiten<\/div>\n<div class=\"cell value\">Einzelnes Element<\/div>\n<\/div>\n<\/div>\n<p>\n<img decoding=\"async\" src=\"https:\/\/glasswaremanufacturers.com\/wp-content\/uploads\/Decorative_Household_Glass_Cup.webp\" alt=\"Dekorative Glastasse f\u00fcr den Haushalt\" title=\"Dekorative Glastasse f\u00fcr den Haushalt\"><\/p>\n<h2>FAQ<\/h2>\n<p><strong>1. Woraus besteht der Glasbecher?<\/strong><br \/>Der Glasbecher ist aus hochwertigem, langlebigem Glasmaterial gefertigt.<\/p>\n<p><strong>2. Ist der Glasbecher sicher f\u00fcr Hei\u00dfgetr\u00e4nke?<\/strong><br \/>Ja, der Glasbecher ist so konzipiert, dass er sowohl hei\u00dfe als auch kalte Getr\u00e4nke sicher aufnehmen kann.<\/p>\n<p><strong>3. Kann ich den Glasbecher in die Sp\u00fclmaschine stellen?<\/strong><br \/>Nat\u00fcrlich ist der Glasbecher sp\u00fclmaschinenfest und l\u00e4sst sich leicht reinigen.<\/p>\n<p><strong>4. Ist der Glasbecher umweltfreundlich?<\/strong><br \/>Ja, der Glasbecher ist wiederverwendbar und aus nachhaltigen Materialien hergestellt.<\/p>\n<p><strong>5. Gibt es verschiedene Gr\u00f6\u00dfen?<\/strong><br \/>Ja, der Glasbecher ist in verschiedenen Gr\u00f6\u00dfen erh\u00e4ltlich, um verschiedenen Bed\u00fcrfnissen gerecht zu werden.<\/p>\n<p><strong>6. Ist der Glasbecher zum Verschenken geeignet?<\/strong><br \/>Das dekorative Design macht sie zu einem perfekten Geschenk f\u00fcr besondere Anl\u00e4sse.<\/p>\n<p><strong>7. Sind die f\u00fcr den Glasbecher verwendeten Materialien ungiftig?<\/strong><br \/>Ja, alle verwendeten Materialien sind sicher und ungiftig.<\/p>\n<p><strong>8. Wird der Glasbecher mein Heim versch\u00f6nern?<\/strong><br \/>Das elegante Design des Glasbechers wertet jedes Interieur \u00e4sthetisch auf.<\/p>\n<p><\/p>\n<h2>Neuester Blog<\/h2>\n<ul class=\"reco-links\">\n<li><a href=\"https:\/\/glasswaremanufacturers.com\/de\/glasbecher-hersteller-in-der-turkei\/\" target=\"_blank\">glasbecher hersteller in der t\u00fcrkei<\/a><\/li>\n<li><a href=\"https:\/\/glasswaremanufacturers.com\/de\/glass-cup-manufacturers-in-canada\/\" target=\"_blank\">glasbecherhersteller in kanada<\/a><\/li>\n<li><a href=\"https:\/\/glasswaremanufacturers.com\/de\/glasbecher-hersteller-in-indonesien\/\" target=\"_blank\">glasbecher hersteller in indonesien<\/a><\/li>\n<li><a href=\"https:\/\/glasswaremanufacturers.com\/de\/glass-cup-manufacturers-in-mexico\/\" target=\"_blank\">glasbecher hersteller in mexiko<\/a><\/li>\n<\/ul>","protected":false},"featured_media":5178,"parent":0,"template":"","meta":{"_acf_changed":false,"_seopress_robots_primary_cat":"","_seopress_titles_title":"","_seopress_titles_desc":"","_seopress_robots_index":""},"categories":[12],"class_list":["post-5179","product","type-product","status-publish","has-post-thumbnail","hentry","category-glass-cup-manufacturers"],"acf":{"product_maidian":"<li>Enhance interior aesthetics with elegant design.<\/li>\r\n<li>Durable and made from high-quality glass material.<\/li>\r\n<li>Versatile for both hot and cold beverages.<\/li>\r\n<li>Easy to clean and dishwasher safe.<\/li>\r\n<li>Perfect for gifting on special occasions.<\/li>\r\n<li>Available in a range of sizes and styles.<\/li>\r\n<li>Eco-friendly, reusable, and sustainable option.<\/li>\r\n<li>Safe and non-toxic materials used in production.<\/li>"},"_links":{"self":[{"href":"https:\/\/glasswaremanufacturers.com\/de\/wp-json\/wp\/v2\/product\/5179","targetHints":{"allow":["GET"]}}],"collection":[{"href":"https:\/\/glasswaremanufacturers.com\/de\/wp-json\/wp\/v2\/product"}],"about":[{"href":"https:\/\/glasswaremanufacturers.com\/de\/wp-json\/wp\/v2\/types\/product"}],"wp:featuredmedia":[{"embeddable":true,"href":"https:\/\/glasswaremanufacturers.com\/de\/wp-json\/wp\/v2\/media\/5178"}],"wp:attachment":[{"href":"https:\/\/glasswaremanufacturers.com\/de\/wp-json\/wp\/v2\/media?parent=5179"}],"wp:term":[{"taxonomy":"category","embeddable":true,"href":"https:\/\/glasswaremanufacturers.com\/de\/wp-json\/wp\/v2\/categories?post=5179"}],"curies":[{"name":"wp","href":"https:\/\/api.w.org\/{rel}","templated":true}]}}