{"id":5181,"date":"2026-04-19T11:47:11","date_gmt":"2026-04-19T03:47:11","guid":{"rendered":"https:\/\/glasswaremanufacturers.com\/product\/double-wall-borosilicate-cup\/"},"modified":"2026-04-19T11:47:11","modified_gmt":"2026-04-19T03:47:11","slug":"doppelwandiger-borosilikatbecher","status":"publish","type":"product","link":"https:\/\/glasswaremanufacturers.com\/de\/product\/double-wall-borosilicate-cup\/","title":{"rendered":"Doppelwandiger Borosilikat-Becher"},"content":{"rendered":"<h2>Produkte Details<\/h2>\n<div class=\"product-table\">\n<div class=\"row\">\n<div class=\"cell label\">Material<\/div>\n<div class=\"cell value\">Glas<\/div>\n<\/div>\n<div class=\"row\">\n<div class=\"cell label\">Typ<\/div>\n<div class=\"cell value\">Kaffeebecher<\/div>\n<\/div>\n<div class=\"row\">\n<div class=\"cell label\">Anmeldung<\/div>\n<div class=\"cell value\">Startseite<\/div>\n<\/div>\n<div class=\"row\">\n<div class=\"cell label\">Funktion<\/div>\n<div class=\"cell value\">Tragbar<\/div>\n<\/div>\n<div class=\"row\">\n<div class=\"cell label\">Stil<\/div>\n<div class=\"cell value\">Sport<\/div>\n<\/div>\n<div class=\"row\">\n<div class=\"cell label\">Verwendung<\/div>\n<div class=\"cell value\">Trinkgeschirr<\/div>\n<\/div>\n<div class=\"row\">\n<div class=\"cell label\">Saison<\/div>\n<div class=\"cell value\">Allt\u00e4gliches<\/div>\n<\/div>\n<div class=\"row\">\n<div class=\"cell label\">Design-Stil<\/div>\n<div class=\"cell value\">Traditionell<\/div>\n<\/div>\n<div class=\"row\">\n<div class=\"cell label\">Raumauswahl<\/div>\n<div class=\"cell value\">Unterst\u00fctzung<\/div>\n<\/div>\n<div class=\"row\">\n<div class=\"cell label\">Raum Raum<\/div>\n<div class=\"cell value\">K\u00fcche<\/div>\n<\/div>\n<div class=\"row\">\n<div class=\"cell label\">Auswahl der Anl\u00e4sse<\/div>\n<div class=\"cell value\">Unterst\u00fctzung<\/div>\n<\/div>\n<div class=\"row\">\n<div class=\"cell label\">Auswahl Ferien<\/div>\n<div class=\"cell value\">Unterst\u00fctzung<\/div>\n<\/div>\n<div class=\"row\">\n<div class=\"cell label\">Urlaub<\/div>\n<div class=\"cell value\">Chinesisches Neujahrsfest<\/div>\n<\/div>\n<div class=\"row\">\n<div class=\"cell label\">Material<\/div>\n<div class=\"cell value\">Hochborosilikat-Hitzebest\u00e4ndiges Glas<\/div>\n<\/div>\n<div class=\"row\">\n<div class=\"cell label\">Band<\/div>\n<div class=\"cell value\">100ml<\/div>\n<\/div>\n<div class=\"row\">\n<div class=\"cell label\">Verkaufende Einheiten<\/div>\n<div class=\"cell value\">Einzelnes Element<\/div>\n<\/div>\n<div class=\"row\">\n<div class=\"cell label\">Einzelne Packungsgr\u00f6\u00dfe<\/div>\n<div class=\"cell value\">15X5X3 cm<\/div>\n<\/div>\n<div class=\"row\">\n<div class=\"cell label\">Einfaches Bruttogewicht<\/div>\n<div class=\"cell value\">2.000 kg<\/div>\n<\/div>\n<\/div>\n<p>\n<img decoding=\"async\" src=\"https:\/\/glasswaremanufacturers.com\/wp-content\/uploads\/Double_Wall_Borosilicate_Cup.webp\" alt=\"Doppelwandiger Borosilikat-Becher\" title=\"Doppelwandiger Borosilikat-Becher\"><\/p>\n<h2>FAQ<\/h2>\n<p><strong>1. Was ist Borosilikatglas?<\/strong><br \/>Borosilikatglas ist eine Glasart, die f\u00fcr ihre Haltbarkeit und Temperaturbest\u00e4ndigkeit bekannt ist.<\/p>\n<p><strong>2. Wie funktioniert die Doppelwandkonstruktion?<\/strong><br \/>Die doppelwandige Konstruktion schafft eine Isolierschicht, die Getr\u00e4nke l\u00e4nger hei\u00df oder kalt h\u00e4lt.<\/p>\n<p><strong>3. Ist die Tasse mikrowellengeeignet?<\/strong><br \/>Ja, die doppelwandige Borosilikat-Tasse ist mikrowellengeeignet.<\/p>\n<p><strong>4. Kann ich es f\u00fcr kalte Getr\u00e4nke verwenden?<\/strong><br \/>Auf jeden Fall ist er dank seiner isolierenden Eigenschaften perfekt f\u00fcr kalte Getr\u00e4nke geeignet.<\/p>\n<p><strong>5. Verhindert es die Bildung von Kondenswasser?<\/strong><br \/>Ja, die Doppelwand verhindert Kondensation und h\u00e4lt die Oberfl\u00e4chen trocken.<\/p>\n<p><strong>6. Ist die Tasse sp\u00fclmaschinenfest?<\/strong><br \/>Ja, er kann in der Sp\u00fclmaschine gereinigt werden.<\/p>\n<p><strong>7. Was macht sie umweltfreundlich?<\/strong><br \/>Der Becher ist aus nachhaltigem Borosilikatglas hergestellt, das die Umweltbelastung reduziert.<\/p>\n<p><strong>8. Ist das Glas bruchempfindlich?<\/strong><br \/>Borosilikatglas ist im Vergleich zu normalem Glas sehr haltbar und bruchfest.<\/p>\n<p><\/p>\n<h2>Neuester Blog<\/h2>\n<ul class=\"reco-links\">\n<li><a href=\"https:\/\/glasswaremanufacturers.com\/de\/glass-cup-manufacturers-in-russia\/\" target=\"_blank\">glasbecher hersteller in russland<\/a><\/li>\n<li><a href=\"https:\/\/glasswaremanufacturers.com\/de\/glasbecher-hersteller-in-taiwan\/\" target=\"_blank\">glasbecher hersteller in taiwan<\/a><\/li>\n<li><a href=\"https:\/\/glasswaremanufacturers.com\/de\/glasbecherhersteller-in-australien\/\" target=\"_blank\">glasbecherhersteller in australien<\/a><\/li>\n<li><a href=\"https:\/\/glasswaremanufacturers.com\/de\/glasbecherhersteller-in-polen\/\" target=\"_blank\">glasbecherhersteller in polen<\/a><\/li>\n<\/ul>","protected":false},"featured_media":5180,"parent":0,"template":"","meta":{"_acf_changed":false,"_seopress_robots_primary_cat":"","_seopress_titles_title":"","_seopress_titles_desc":"","_seopress_robots_index":""},"categories":[12],"class_list":["post-5181","product","type-product","status-publish","has-post-thumbnail","hentry","category-glass-cup-manufacturers"],"acf":{"product_maidian":"<li>Durable double wall design enhances thermal insulation.<\/li>\r\n<li>Borosilicate glass ensures high resistance to temperature changes.<\/li>\r\n<li>Lightweight and easy to handle for everyday use.<\/li>\r\n<li>Stylish and modern aesthetic fits any setting.<\/li>\r\n<li>Eco-friendly material promotes sustainability.<\/li>\r\n<li>Microwave and dishwasher safe for convenience.<\/li>\r\n<li>Prevents condensation, keeping surfaces dry.<\/li>\r\n<li>Perfect for both hot and cold beverages.<\/li>"},"_links":{"self":[{"href":"https:\/\/glasswaremanufacturers.com\/de\/wp-json\/wp\/v2\/product\/5181","targetHints":{"allow":["GET"]}}],"collection":[{"href":"https:\/\/glasswaremanufacturers.com\/de\/wp-json\/wp\/v2\/product"}],"about":[{"href":"https:\/\/glasswaremanufacturers.com\/de\/wp-json\/wp\/v2\/types\/product"}],"wp:featuredmedia":[{"embeddable":true,"href":"https:\/\/glasswaremanufacturers.com\/de\/wp-json\/wp\/v2\/media\/5180"}],"wp:attachment":[{"href":"https:\/\/glasswaremanufacturers.com\/de\/wp-json\/wp\/v2\/media?parent=5181"}],"wp:term":[{"taxonomy":"category","embeddable":true,"href":"https:\/\/glasswaremanufacturers.com\/de\/wp-json\/wp\/v2\/categories?post=5181"}],"curies":[{"name":"wp","href":"https:\/\/api.w.org\/{rel}","templated":true}]}}