{"id":5185,"date":"2026-04-19T11:47:14","date_gmt":"2026-04-19T03:47:14","guid":{"rendered":"https:\/\/glasswaremanufacturers.com\/product\/double-wall-coffee-glass-cup\/"},"modified":"2026-04-19T11:47:14","modified_gmt":"2026-04-19T03:47:14","slug":"doppelwandiger-kaffeebecher-aus-glas","status":"publish","type":"product","link":"https:\/\/glasswaremanufacturers.com\/de\/product\/double-wall-coffee-glass-cup\/","title":{"rendered":"Doppelwandige Kaffeetasse aus Glas"},"content":{"rendered":"<h2>Produkte Details<\/h2>\n<div class=\"product-table\">\n<div class=\"row\">\n<div class=\"cell label\">Material<\/div>\n<div class=\"cell value\">Hochborosilikat<\/div>\n<\/div>\n<div class=\"row\">\n<div class=\"cell label\">Typ<\/div>\n<div class=\"cell value\">Trinkglas<\/div>\n<\/div>\n<div class=\"row\">\n<div class=\"cell label\">Merkmal<\/div>\n<div class=\"cell value\">Umweltfreundlich<\/div>\n<\/div>\n<div class=\"row\">\n<div class=\"cell label\">Anmeldung<\/div>\n<div class=\"cell value\">Startseite<\/div>\n<\/div>\n<div class=\"row\">\n<div class=\"cell label\">Stil<\/div>\n<div class=\"cell value\">Modern<\/div>\n<\/div>\n<div class=\"row\">\n<div class=\"cell label\">Anlass<\/div>\n<div class=\"cell value\">Pr\u00e4sentiert<\/div>\n<\/div>\n<div class=\"row\">\n<div class=\"cell label\">Verpackung<\/div>\n<div class=\"cell value\">Wei\u00dfe Box<\/div>\n<\/div>\n<div class=\"row\">\n<div class=\"cell label\">Material<\/div>\n<div class=\"cell value\">Hochborosilikat<\/div>\n<\/div>\n<div class=\"row\">\n<div class=\"cell label\">Funktion<\/div>\n<div class=\"cell value\">Tee, Kaffee, Wasser trinken<\/div>\n<\/div>\n<div class=\"row\">\n<div class=\"cell label\">Markt<\/div>\n<div class=\"cell value\">Europa, Asien<\/div>\n<\/div>\n<div class=\"row\">\n<div class=\"cell label\">Farbe<\/div>\n<div class=\"cell value\">transparent<\/div>\n<\/div>\n<div class=\"row\">\n<div class=\"cell label\">Pflegeanleitung<\/div>\n<div class=\"cell value\">nur Handw\u00e4sche<\/div>\n<\/div>\n<div class=\"row\">\n<div class=\"cell label\">Paket<\/div>\n<div class=\"cell value\">4 St\u00fcck\/Inneres, 24 St\u00fcck\/Karton<\/div>\n<\/div>\n<div class=\"row\">\n<div class=\"cell label\">Kapazit\u00e4t<\/div>\n<div class=\"cell value\">300ml<\/div>\n<\/div>\n<div class=\"row\">\n<div class=\"cell label\">Stil<\/div>\n<div class=\"cell value\">Modern<\/div>\n<\/div>\n<div class=\"row\">\n<div class=\"cell label\">MOQ<\/div>\n<div class=\"cell value\">1000 St\u00fcck<\/div>\n<\/div>\n<div class=\"row\">\n<div class=\"cell label\">Verwendung<\/div>\n<div class=\"cell value\">Tafelgeschirr Bar Home<\/div>\n<\/div>\n<div class=\"row\">\n<div class=\"cell label\">Verkaufende Einheiten<\/div>\n<div class=\"cell value\">Einzelnes Element<\/div>\n<\/div>\n<div class=\"row\">\n<div class=\"cell label\">Einzelne Packungsgr\u00f6\u00dfe<\/div>\n<div class=\"cell value\">53X53X20 cm<\/div>\n<\/div>\n<div class=\"row\">\n<div class=\"cell label\">Einfaches Bruttogewicht<\/div>\n<div class=\"cell value\">6.000 kg<\/div>\n<\/div>\n<\/div>\n<p>\n<img decoding=\"async\" src=\"https:\/\/glasswaremanufacturers.com\/wp-content\/uploads\/Double_Wall_Coffee_Glass_Cup.webp\" alt=\"Doppelwandige Kaffeetasse aus Glas\" title=\"Doppelwandige Kaffeetasse aus Glas\"><\/p>\n<h2>FAQ<\/h2>\n<p><strong>1. Was macht die Double Wall Coffee Glass Cup einzigartig?<\/strong><br \/>Die doppelwandige Konstruktion h\u00e4lt die Getr\u00e4nketemperatur aufrecht und verhindert gleichzeitig die Bildung von Kondenswasser.<\/p>\n<p><strong>2. Ist der Glasbecher sicher f\u00fcr Hei\u00dfgetr\u00e4nke?<\/strong><br \/>Ja, das Borosilikatglas ist hitzebest\u00e4ndig und sicher f\u00fcr hei\u00dfe Getr\u00e4nke.<\/p>\n<p><strong>3. Kann der Becher f\u00fcr kalte Getr\u00e4nke verwendet werden?<\/strong><br \/>Auf jeden Fall ist er so konzipiert, dass er kalte Getr\u00e4nke kalt h\u00e4lt, ohne zu schwitzen.<\/p>\n<p><strong>4. Ist der Glasbecher sp\u00fclmaschinenfest?<\/strong><br \/>Ja, es ist sowohl mikrowellen- als auch sp\u00fclmaschinenfest und l\u00e4sst sich daher leicht reinigen.<\/p>\n<p><strong>5. Gibt es den Glasbecher in verschiedenen Gr\u00f6\u00dfen?<\/strong><br \/>Ja, er ist in verschiedenen Gr\u00f6\u00dfen erh\u00e4ltlich, um den unterschiedlichen Getr\u00e4nkebed\u00fcrfnissen gerecht zu werden.<\/p>\n<p><strong>6. Kann der Glasbecher in der Mikrowelle verwendet werden?<\/strong><br \/>Ja, das Borosilikatglas ist mikrowellengeeignet.<\/p>\n<p><strong>7. Ist der Glasbecher umweltfreundlich?<\/strong><br \/>Ja, er bietet eine umweltfreundliche Alternative zu Einweg-Plastikbechern.<\/p>\n<p><strong>8. Was ist der Nutzen des Entwurfs?<\/strong><br \/>Das stilvolle Design sieht nicht nur gut aus, sondern bietet auch einen angenehmen Griff.<\/p>\n<p><\/p>\n<h2>Neuester Blog<\/h2>","protected":false},"featured_media":5184,"parent":0,"template":"","meta":{"_acf_changed":false,"_seopress_robots_primary_cat":"","_seopress_titles_title":"","_seopress_titles_desc":"","_seopress_robots_index":""},"categories":[12],"class_list":["post-5185","product","type-product","status-publish","has-post-thumbnail","hentry","category-glass-cup-manufacturers"],"acf":{"product_maidian":"<li>Maintains optimal temperature for hot or cold beverages<\/li>\r\n<li>Durable and scratch-resistant borosilicate glass<\/li>\r\n<li>Stylish design enhances aesthetic appeal<\/li>\r\n<li>Comfortable grip reduces risk of spills<\/li>\r\n<li>Eco-friendly alternative to plastic cups<\/li>\r\n<li>Microwave and dishwasher safe for convenience<\/li>\r\n<li>Perfect for corporate gifts and promotions<\/li>\r\n<li>Available in multiple sizes for diverse needs<\/li>"},"_links":{"self":[{"href":"https:\/\/glasswaremanufacturers.com\/de\/wp-json\/wp\/v2\/product\/5185","targetHints":{"allow":["GET"]}}],"collection":[{"href":"https:\/\/glasswaremanufacturers.com\/de\/wp-json\/wp\/v2\/product"}],"about":[{"href":"https:\/\/glasswaremanufacturers.com\/de\/wp-json\/wp\/v2\/types\/product"}],"wp:featuredmedia":[{"embeddable":true,"href":"https:\/\/glasswaremanufacturers.com\/de\/wp-json\/wp\/v2\/media\/5184"}],"wp:attachment":[{"href":"https:\/\/glasswaremanufacturers.com\/de\/wp-json\/wp\/v2\/media?parent=5185"}],"wp:term":[{"taxonomy":"category","embeddable":true,"href":"https:\/\/glasswaremanufacturers.com\/de\/wp-json\/wp\/v2\/categories?post=5185"}],"curies":[{"name":"wp","href":"https:\/\/api.w.org\/{rel}","templated":true}]}}