{"id":5187,"date":"2026-04-19T11:47:15","date_gmt":"2026-04-19T03:47:15","guid":{"rendered":"https:\/\/glasswaremanufacturers.com\/product\/double-wall-espresso-glass\/"},"modified":"2026-04-19T11:47:15","modified_gmt":"2026-04-19T03:47:15","slug":"doppelwandiges-espressoglas","status":"publish","type":"product","link":"https:\/\/glasswaremanufacturers.com\/de\/product\/double-wall-espresso-glass\/","title":{"rendered":"Doppelwandiges Espressoglas"},"content":{"rendered":"<h2>Produkte Details<\/h2>\n<div class=\"product-table\">\n<div class=\"row\">\n<div class=\"cell label\">Material<\/div>\n<div class=\"cell value\">Glas<\/div>\n<\/div>\n<div class=\"row\">\n<div class=\"cell label\">Typ<\/div>\n<div class=\"cell value\">Kaffeebecher<\/div>\n<\/div>\n<div class=\"row\">\n<div class=\"cell label\">Wandkonstruktion<\/div>\n<div class=\"cell value\">Doppelwandig<\/div>\n<\/div>\n<div class=\"row\">\n<div class=\"cell label\">Mikrowellengeeignet<\/div>\n<div class=\"cell value\">Ja<\/div>\n<\/div>\n<div class=\"row\">\n<div class=\"cell label\">sp\u00fclmaschinenfest<\/div>\n<div class=\"cell value\">Ja<\/div>\n<\/div>\n<div class=\"row\">\n<div class=\"cell label\">Anmeldung<\/div>\n<div class=\"cell value\">Haus, Hotel, B\u00fcro, Geschenk, Camping, Hochzeit, Party, Getr\u00e4nke hei\u00df, Getr\u00e4nke kalt, Nachmittagstee<\/div>\n<\/div>\n<div class=\"row\">\n<div class=\"cell label\">Funktion<\/div>\n<div class=\"cell value\">Wiederverwendbar, intelligent, doppelwandig, BPA-frei, lebensmittelecht, hitzebest\u00e4ndig, isoliert, hei\u00df begehrt, transparent, wiederverwendbar<\/div>\n<\/div>\n<div class=\"row\">\n<div class=\"cell label\">Stil<\/div>\n<div class=\"cell value\">Niedlich<\/div>\n<\/div>\n<div class=\"row\">\n<div class=\"cell label\">Muster<\/div>\n<div class=\"cell value\">Logo<\/div>\n<\/div>\n<div class=\"row\">\n<div class=\"cell label\">Anwendbare Personen<\/div>\n<div class=\"cell value\">Unisex<\/div>\n<\/div>\n<div class=\"row\">\n<div class=\"cell label\">Anlass<\/div>\n<div class=\"cell value\">Geschenke f\u00fcr Unternehmen<\/div>\n<\/div>\n<div class=\"row\">\n<div class=\"cell label\">Material<\/div>\n<div class=\"cell value\">Borosilikatglas<\/div>\n<\/div>\n<div class=\"row\">\n<div class=\"cell label\">Vorteil<\/div>\n<div class=\"cell value\">BPA-frei &amp; bleifrei<\/div>\n<\/div>\n<div class=\"row\">\n<div class=\"cell label\">Handwerk<\/div>\n<div class=\"cell value\">100% handgefertigt, mundgeblasen<\/div>\n<\/div>\n<div class=\"row\">\n<div class=\"cell label\">Kapazit\u00e4t<\/div>\n<div class=\"cell value\">150ML \/ 5oz.<\/div>\n<\/div>\n<div class=\"row\">\n<div class=\"cell label\">Logo<\/div>\n<div class=\"cell value\">Kundenspezifisches Logo akzeptabel<\/div>\n<\/div>\n<div class=\"row\">\n<div class=\"cell label\">NW \/PC<\/div>\n<div class=\"cell value\">130 g<\/div>\n<\/div>\n<div class=\"row\">\n<div class=\"cell label\">Verpacken<\/div>\n<div class=\"cell value\">96 PCS\/CTN<\/div>\n<\/div>\n<div class=\"row\">\n<div class=\"cell label\">Mikrowellengeeignet<\/div>\n<div class=\"cell value\">Ja<\/div>\n<\/div>\n<div class=\"row\">\n<div class=\"cell label\">Box Abmessung<\/div>\n<div class=\"cell value\">19,2 * 19,2 * 8,8 CM<\/div>\n<\/div>\n<div class=\"row\">\n<div class=\"cell label\">Sp\u00fclmaschinenfest<\/div>\n<div class=\"cell value\">Ja<\/div>\n<\/div>\n<div class=\"row\">\n<div class=\"cell label\">Verkaufende Einheiten<\/div>\n<div class=\"cell value\">Einzelnes Element<\/div>\n<\/div>\n<div class=\"row\">\n<div class=\"cell label\">Einzelne Packungsgr\u00f6\u00dfe<\/div>\n<div class=\"cell value\">11X11X10 cm<\/div>\n<\/div>\n<div class=\"row\">\n<div class=\"cell label\">Einfaches Bruttogewicht<\/div>\n<div class=\"cell value\">0,200 kg<\/div>\n<\/div>\n<\/div>\n<p>\n<img decoding=\"async\" src=\"https:\/\/glasswaremanufacturers.com\/wp-content\/uploads\/Double_Wall_Espresso_Glass.webp\" alt=\"Doppelwandiges Espressoglas\" title=\"Doppelwandiges Espressoglas\"><\/p>\n<h2>FAQ<\/h2>\n<p><strong>1. Was ist ein doppelwandiges Espressoglas?<\/strong><br \/>Ein doppelwandiges Espressoglas ist so konzipiert, dass Getr\u00e4nke l\u00e4nger hei\u00df oder kalt bleiben und gleichzeitig der Geschmack verbessert wird.<\/p>\n<p><strong>2. K\u00f6nnen diese Gl\u00e4ser in gewerblichen Bereichen verwendet werden?<\/strong><br \/>Ja, sie sind aufgrund ihrer Langlebigkeit perfekt f\u00fcr Caf\u00e9s, Restaurants und B\u00fcros geeignet.<\/p>\n<p><strong>3. Sind diese Gl\u00e4ser sp\u00fclmaschinenfest?<\/strong><br \/>Nat\u00fcrlich sind sie sp\u00fclmaschinenfest und lassen sich bequem reinigen.<\/p>\n<p><strong>4. Wie funktioniert die doppelwandige Konstruktion?<\/strong><br \/>Die doppelwandige Konstruktion isoliert das Getr\u00e4nk und bewahrt Temperatur und Geschmack.<\/p>\n<p><strong>5. Ist Borosilikatglas haltbar?<\/strong><br \/>Ja, Borosilikatglas ist bekannt f\u00fcr seine St\u00e4rke und Kratzfestigkeit.<\/p>\n<p><strong>6. Verhindert das Glas Kondenswasserbildung?<\/strong><br \/>Ja, die doppelwandige Konstruktion reduziert die Kondensation und sorgt so f\u00fcr ein sauberes Erlebnis.<\/p>\n<p><strong>7. Welche Espressogr\u00f6\u00dfe k\u00f6nnen diese Gl\u00e4ser aufnehmen?<\/strong><br \/>Sie sind ideal f\u00fcr Standard-Espresso-Portionsgr\u00f6\u00dfen, in der Regel 2-3 Unzen.<\/p>\n<p><strong>8. K\u00f6nnen diese Gl\u00e4ser mit Temperaturschwankungen umgehen?<\/strong><br \/>Ja, die Gl\u00e4ser sind so konzipiert, dass sie pl\u00f6tzlichen Temperaturschwankungen standhalten.<\/p>\n<p><\/p>\n<h2>Neuester Blog<\/h2>","protected":false},"featured_media":5186,"parent":0,"template":"","meta":{"_acf_changed":false,"_seopress_robots_primary_cat":"","_seopress_titles_title":"","_seopress_titles_desc":"","_seopress_robots_index":""},"categories":[12],"class_list":["post-5187","product","type-product","status-publish","has-post-thumbnail","hentry","category-glass-cup-manufacturers"],"acf":{"product_maidian":"<li>Enhances espresso flavor with double-wall insulation.<\/li>\r\n<li>Maintains the perfect temperature for longer periods.<\/li>\r\n<li>Elegant design complements professional settings.<\/li>\r\n<li>Durable and scratch-resistant borosilicate glass.<\/li>\r\n<li>Comfortable grip for easy handling.<\/li>\r\n<li>Ideal for cafes, restaurants, and office use.<\/li>\r\n<li>Reduces condensation for a clean surface.<\/li>\r\n<li>Dishwasher safe for hassle-free maintenance.<\/li>"},"_links":{"self":[{"href":"https:\/\/glasswaremanufacturers.com\/de\/wp-json\/wp\/v2\/product\/5187","targetHints":{"allow":["GET"]}}],"collection":[{"href":"https:\/\/glasswaremanufacturers.com\/de\/wp-json\/wp\/v2\/product"}],"about":[{"href":"https:\/\/glasswaremanufacturers.com\/de\/wp-json\/wp\/v2\/types\/product"}],"wp:featuredmedia":[{"embeddable":true,"href":"https:\/\/glasswaremanufacturers.com\/de\/wp-json\/wp\/v2\/media\/5186"}],"wp:attachment":[{"href":"https:\/\/glasswaremanufacturers.com\/de\/wp-json\/wp\/v2\/media?parent=5187"}],"wp:term":[{"taxonomy":"category","embeddable":true,"href":"https:\/\/glasswaremanufacturers.com\/de\/wp-json\/wp\/v2\/categories?post=5187"}],"curies":[{"name":"wp","href":"https:\/\/api.w.org\/{rel}","templated":true}]}}