{"id":5941,"date":"2026-05-06T23:28:42","date_gmt":"2026-05-06T15:28:42","guid":{"rendered":"https:\/\/glasswaremanufacturers.com\/product\/double-wall-heat-resistant-glass\/"},"modified":"2026-05-06T23:28:42","modified_gmt":"2026-05-06T15:28:42","slug":"doppelwandiges-hitzebestandiges-glas","status":"publish","type":"product","link":"https:\/\/glasswaremanufacturers.com\/de\/product\/double-wall-heat-resistant-glass\/","title":{"rendered":"Doppelwandiges hitzebest\u00e4ndiges Glas"},"content":{"rendered":"<h2>Produkte Details<\/h2>\n<div class=\"product-table\">\n<div class=\"row\">\n<div class=\"cell label\">Material<\/div>\n<div class=\"cell value\">Glas<\/div>\n<\/div>\n<div class=\"row\">\n<div class=\"cell label\">Typ<\/div>\n<div class=\"cell value\">Kaffeetasse<\/div>\n<\/div>\n<div class=\"row\">\n<div class=\"cell label\">Stil<\/div>\n<div class=\"cell value\">Traditionell, leger, klassisch, modern<\/div>\n<\/div>\n<div class=\"row\">\n<div class=\"cell label\">Anlass<\/div>\n<div class=\"cell value\">Camping, Reisen, Party<\/div>\n<\/div>\n<div class=\"row\">\n<div class=\"cell label\">Material<\/div>\n<div class=\"cell value\">Glas<\/div>\n<\/div>\n<div class=\"row\">\n<div class=\"cell label\">Produktname<\/div>\n<div class=\"cell value\">Doppelwandiger Glasbecher<\/div>\n<\/div>\n<div class=\"row\">\n<div class=\"cell label\">Verwendung<\/div>\n<div class=\"cell value\">Kaffee. Tee. Bier. Wasser<\/div>\n<\/div>\n<div class=\"row\">\n<div class=\"cell label\">Typ<\/div>\n<div class=\"cell value\">Glaswaren zum Trinken<\/div>\n<\/div>\n<div class=\"row\">\n<div class=\"cell label\">Farbe<\/div>\n<div class=\"cell value\">Transparent<\/div>\n<\/div>\n<div class=\"row\">\n<div class=\"cell label\">Kapazit\u00e4t<\/div>\n<div class=\"cell value\">300ml<\/div>\n<\/div>\n<div class=\"row\">\n<div class=\"cell label\">Schl\u00fcsselwort<\/div>\n<div class=\"cell value\">Doppelwandige Kaffeetasse<\/div>\n<\/div>\n<div class=\"row\">\n<div class=\"cell label\">Logo<\/div>\n<div class=\"cell value\">Kundenspezifisches Logo akzeptabel<\/div>\n<\/div>\n<div class=\"row\">\n<div class=\"cell label\">Beschreibung<\/div>\n<div class=\"cell value\">Sicher im Kontakt mit Lebensmitteln<\/div>\n<\/div>\n<div class=\"row\">\n<div class=\"cell label\">Stil<\/div>\n<div class=\"cell value\">Klassisch<\/div>\n<\/div>\n<div class=\"row\">\n<div class=\"cell label\">Details zur Verpackung<\/div>\n<div class=\"cell value\">Sicherheitspaket oder nach Ihren W\u00fcnschen, Blase eingewickelt, Seidenpapier, Wellpappe, Polyschaum, Fenster-Box, PVC-Box &amp; Druck-Box f\u00fcr Ihre Option.<\/div>\n<\/div>\n<div class=\"row\">\n<div class=\"cell label\">Verkaufende Einheiten<\/div>\n<div class=\"cell value\">Einzelnes Element<\/div>\n<\/div>\n<div class=\"row\">\n<div class=\"cell label\">Einzelne Packungsgr\u00f6\u00dfe<\/div>\n<div class=\"cell value\">16X10,5X17,6 cm<\/div>\n<\/div>\n<div class=\"row\">\n<div class=\"cell label\">Einfaches Bruttogewicht<\/div>\n<div class=\"cell value\">0,695 kg<\/div>\n<\/div>\n<\/div>\n<p>\n<img decoding=\"async\" src=\"https:\/\/glasswaremanufacturers.com\/wp-content\/uploads\/Double_Wall_Heat_Resistant_Glass.webp\" alt=\"Doppelwandiges hitzebest\u00e4ndiges Glas\" title=\"Doppelwandiges hitzebest\u00e4ndiges Glas\"><\/p>\n<h2>FAQ<\/h2>\n<p><strong>1. Was ist doppelwandiges Glas?<\/strong><br \/>Doppelwandiges Glas besteht aus zwei Schichten f\u00fcr eine bessere W\u00e4rmebest\u00e4ndigkeit und Isolierung.<\/p>\n<p><strong>2. Wie widersteht es der Hitze?<\/strong><br \/>Die doppelwandige Konstruktion schafft eine Lufttasche, die die W\u00e4rme\u00fcbertragung reduziert.<\/p>\n<p><strong>3. Ist es sicher f\u00fcr Hei\u00dfgetr\u00e4nke?<\/strong><br \/>Ja, doppelwandiges Glas ist so konzipiert, dass sowohl hei\u00dfe als auch kalte Getr\u00e4nke sicher transportiert werden k\u00f6nnen.<\/p>\n<p><strong>4. Kann es in der Sp\u00fclmaschine verwendet werden?<\/strong><br \/>Die meisten doppelwandigen Glasprodukte sind zur einfachen Reinigung sp\u00fclmaschinenfest.<\/p>\n<p><strong>5. Verhindert es die Bildung von Kondenswasser?<\/strong><br \/>Ja, die doppelwandige Struktur minimiert die Kondensation auf der Oberfl\u00e4che.<\/p>\n<p><strong>6. Ist sie umweltfreundlich?<\/strong><br \/>F\u00fcr das doppelwandige Glas werden umweltfreundliche Materialien verwendet, die die Umweltbelastung verringern.<\/p>\n<p><strong>7. Welche Gr\u00f6\u00dfen sind verf\u00fcgbar?<\/strong><br \/>Doppelwandige Gl\u00e4ser gibt es in verschiedenen Gr\u00f6\u00dfen f\u00fcr unterschiedliche Getr\u00e4nkebed\u00fcrfnisse.<\/p>\n<p><strong>8. Ist sie f\u00fcr die gewerbliche Nutzung geeignet?<\/strong><br \/>Ja, seine Langlebigkeit und \u00c4sthetik machen ihn ideal f\u00fcr gewerbliche Einrichtungen.<\/p>\n<p><\/p>\n<h2>Neuester Blog<\/h2>","protected":false},"featured_media":5940,"parent":0,"template":"","meta":{"_acf_changed":false,"_seopress_robots_primary_cat":"","_seopress_titles_title":"","_seopress_titles_desc":"","_seopress_robots_index":""},"categories":[12],"class_list":["post-5941","product","type-product","status-publish","has-post-thumbnail","hentry","category-glass-cup-manufacturers"],"acf":{"product_maidian":"<li>Enhances thermal insulation for optimal beverage temperature.<\/li>\r\n<li>Durable design with scratch-resistant properties.<\/li>\r\n<li>Ergonomic shape for comfortable grip and handling.<\/li>\r\n<li>Stylish and modern aesthetic to complement any setting.<\/li>\r\n<li>Prevents condensation for a clean and dry surface.<\/li>\r\n<li>Eco-friendly material minimizes environmental impact.<\/li>\r\n<li>Versatile use for hot and cold beverages.<\/li>\r\n<li>Easy to clean and maintain for long-lasting use.<\/li>"},"_links":{"self":[{"href":"https:\/\/glasswaremanufacturers.com\/de\/wp-json\/wp\/v2\/product\/5941","targetHints":{"allow":["GET"]}}],"collection":[{"href":"https:\/\/glasswaremanufacturers.com\/de\/wp-json\/wp\/v2\/product"}],"about":[{"href":"https:\/\/glasswaremanufacturers.com\/de\/wp-json\/wp\/v2\/types\/product"}],"wp:featuredmedia":[{"embeddable":true,"href":"https:\/\/glasswaremanufacturers.com\/de\/wp-json\/wp\/v2\/media\/5940"}],"wp:attachment":[{"href":"https:\/\/glasswaremanufacturers.com\/de\/wp-json\/wp\/v2\/media?parent=5941"}],"wp:term":[{"taxonomy":"category","embeddable":true,"href":"https:\/\/glasswaremanufacturers.com\/de\/wp-json\/wp\/v2\/categories?post=5941"}],"curies":[{"name":"wp","href":"https:\/\/api.w.org\/{rel}","templated":true}]}}