{"id":5945,"date":"2026-05-06T23:28:46","date_gmt":"2026-05-06T15:28:46","guid":{"rendered":"https:\/\/glasswaremanufacturers.com\/product\/elegant-glass-tea-mug\/"},"modified":"2026-05-06T23:28:46","modified_gmt":"2026-05-06T15:28:46","slug":"eleganter-teebecher-aus-glas","status":"publish","type":"product","link":"https:\/\/glasswaremanufacturers.com\/de\/product\/elegant-glass-tea-mug\/","title":{"rendered":"Eleganter Teebecher aus Glas"},"content":{"rendered":"<h2>Produkte Details<\/h2>\n<div class=\"product-table\">\n<div class=\"row\">\n<div class=\"cell label\">Material<\/div>\n<div class=\"cell value\">Glas<\/div>\n<\/div>\n<div class=\"row\">\n<div class=\"cell label\">Band<\/div>\n<div class=\"cell value\">200 mL, 90ml, 150ml, 180ml<\/div>\n<\/div>\n<div class=\"row\">\n<div class=\"cell label\">Funktion<\/div>\n<div class=\"cell value\">Umweltfreundlich, vorr\u00e4tig<\/div>\n<\/div>\n<div class=\"row\">\n<div class=\"cell label\">Stil<\/div>\n<div class=\"cell value\">Amerikanischer Stil<\/div>\n<\/div>\n<div class=\"row\">\n<div class=\"cell label\">Form<\/div>\n<div class=\"cell value\">Rund<\/div>\n<\/div>\n<div class=\"row\">\n<div class=\"cell label\">Anlass<\/div>\n<div class=\"cell value\">Partei<\/div>\n<\/div>\n<div class=\"row\">\n<div class=\"cell label\">Trinkgeschirr Typ<\/div>\n<div class=\"cell value\">Tassen &amp; Untertassen<\/div>\n<\/div>\n<div class=\"row\">\n<div class=\"cell label\">Name des Produkts<\/div>\n<div class=\"cell value\">Kaffee- und Milchtassen<\/div>\n<\/div>\n<div class=\"row\">\n<div class=\"cell label\">Material<\/div>\n<div class=\"cell value\">Glas<\/div>\n<\/div>\n<div class=\"row\">\n<div class=\"cell label\">Farbe<\/div>\n<div class=\"cell value\">Transparent<\/div>\n<\/div>\n<div class=\"row\">\n<div class=\"cell label\">Verpacken<\/div>\n<div class=\"cell value\">Brauner Kasten<\/div>\n<\/div>\n<div class=\"row\">\n<div class=\"cell label\">Verwendung<\/div>\n<div class=\"cell value\">Kaffee. Tee. Bier. Wasser<\/div>\n<\/div>\n<div class=\"row\">\n<div class=\"cell label\">Verkaufende Einheiten<\/div>\n<div class=\"cell value\">Einzelnes Element<\/div>\n<\/div>\n<div class=\"row\">\n<div class=\"cell label\">Einzelne Packungsgr\u00f6\u00dfe<\/div>\n<div class=\"cell value\">20X15X15 cm<\/div>\n<\/div>\n<div class=\"row\">\n<div class=\"cell label\">Einfaches Bruttogewicht<\/div>\n<div class=\"cell value\">0,500 kg<\/div>\n<\/div>\n<\/div>\n<p>\n<img decoding=\"async\" src=\"https:\/\/glasswaremanufacturers.com\/wp-content\/uploads\/Elegant_Glass_Tea_Mug.webp\" alt=\"Eleganter Teebecher aus Glas\" title=\"Eleganter Teebecher aus Glas\"><\/p>\n<h2>FAQ<\/h2>\n<p><strong>1. Ist der Teebecher aus Glas mikrowellengeeignet?<\/strong><br \/>Ja, der Elegant Glass Tea Mug ist mikrowellengeeignet zum Aufw\u00e4rmen von Getr\u00e4nken.<\/p>\n<p><strong>2. Hat der Becher einen Deckel?<\/strong><br \/>Nein, der Elegant Glass Tea Mug wird nicht mit einem Deckel geliefert.<\/p>\n<p><strong>3. Wie gro\u00df ist das Fassungsverm\u00f6gen des Bechers?<\/strong><br \/>Der Elegant Glass Tea Mug hat ein Fassungsverm\u00f6gen von 8 Unzen.<\/p>\n<p><strong>4. Kann ich diesen Becher f\u00fcr Kaffee verwenden?<\/strong><br \/>Ja, der Elegant Glass Tea Mug ist f\u00fcr Kaffee und andere Hei\u00dfgetr\u00e4nke geeignet.<\/p>\n<p><strong>5. Ist der Becher BPA-frei?<\/strong><br \/>Ja, der Elegant Glass Tea Mug ist aus BPA-freien Materialien hergestellt.<\/p>\n<p><strong>6. Wie reinige ich den Becher?<\/strong><br \/>Der Elegant Glass Tea Mug ist sp\u00fclmaschinenfest und l\u00e4sst sich leicht reinigen.<\/p>\n<p><strong>7. Ist der Becher resistent gegen Temperaturschocks?<\/strong><br \/>Ja, die doppelwandige Konstruktion hilft, W\u00e4rmeschocks zu widerstehen.<\/p>\n<p><strong>8. Passt der Becher in Standardbecherhalter?<\/strong><br \/>Der Elegant Glass Tea Mug passt aufgrund seines Henkeldesigns m\u00f6glicherweise nicht in alle Becherhalter.<\/p>\n<p><\/p>\n<h2>Neuester Blog<\/h2>","protected":false},"featured_media":5944,"parent":0,"template":"","meta":{"_acf_changed":false,"_seopress_robots_primary_cat":"","_seopress_titles_title":"","_seopress_titles_desc":"","_seopress_robots_index":""},"categories":[12],"class_list":["post-5945","product","type-product","status-publish","has-post-thumbnail","hentry","category-glass-cup-manufacturers"],"acf":{"product_maidian":"<li>Premium glass construction ensures durability and elegance.<\/li>\r\n<li>Double-walled design keeps beverages hot or cold longer.<\/li>\r\n<li>Ergonomic handle offers comfort and ease of use.<\/li>\r\n<li>Perfect size for office or home tea enjoyment.<\/li>\r\n<li>Transparent body showcases the beauty of your tea.<\/li>\r\n<li>Easy to clean and dishwasher safe for convenience.<\/li>\r\n<li>Eco-friendly materials contribute to sustainability.<\/li>"},"_links":{"self":[{"href":"https:\/\/glasswaremanufacturers.com\/de\/wp-json\/wp\/v2\/product\/5945","targetHints":{"allow":["GET"]}}],"collection":[{"href":"https:\/\/glasswaremanufacturers.com\/de\/wp-json\/wp\/v2\/product"}],"about":[{"href":"https:\/\/glasswaremanufacturers.com\/de\/wp-json\/wp\/v2\/types\/product"}],"wp:featuredmedia":[{"embeddable":true,"href":"https:\/\/glasswaremanufacturers.com\/de\/wp-json\/wp\/v2\/media\/5944"}],"wp:attachment":[{"href":"https:\/\/glasswaremanufacturers.com\/de\/wp-json\/wp\/v2\/media?parent=5945"}],"wp:term":[{"taxonomy":"category","embeddable":true,"href":"https:\/\/glasswaremanufacturers.com\/de\/wp-json\/wp\/v2\/categories?post=5945"}],"curies":[{"name":"wp","href":"https:\/\/api.w.org\/{rel}","templated":true}]}}