{"id":5947,"date":"2026-05-06T23:28:48","date_gmt":"2026-05-06T15:28:48","guid":{"rendered":"https:\/\/glasswaremanufacturers.com\/product\/embossed-flower-glass-wine-cup\/"},"modified":"2026-05-06T23:28:48","modified_gmt":"2026-05-06T15:28:48","slug":"weinbecher-mit-gepragter-blume-aus-glas","status":"publish","type":"product","link":"https:\/\/glasswaremanufacturers.com\/de\/product\/embossed-flower-glass-wine-cup\/","title":{"rendered":"Gepr\u00e4gte Blume Glas Weinbecher"},"content":{"rendered":"<h2>Produkte Details<\/h2>\n<div class=\"product-table\">\n<div class=\"row\">\n<div class=\"cell label\">Glastyp<\/div>\n<div class=\"cell value\">WEINGLASSE<\/div>\n<\/div>\n<div class=\"row\">\n<div class=\"cell label\">Kapazit\u00e4t<\/div>\n<div class=\"cell value\">260ml<\/div>\n<\/div>\n<div class=\"row\">\n<div class=\"cell label\">Material<\/div>\n<div class=\"cell value\">Glas<\/div>\n<\/div>\n<div class=\"row\">\n<div class=\"cell label\">Funktion<\/div>\n<div class=\"cell value\">Sp\u00fclmaschinenfest, Neues Design, Gepr\u00e4gt, Umweltfreundlich, Langlebig<\/div>\n<\/div>\n<div class=\"row\">\n<div class=\"cell label\">Handwerk<\/div>\n<div class=\"cell value\">Handgefertigt<\/div>\n<\/div>\n<div class=\"row\">\n<div class=\"cell label\">Stil<\/div>\n<div class=\"cell value\">Blume<\/div>\n<\/div>\n<div class=\"row\">\n<div class=\"cell label\">verwenden.<\/div>\n<div class=\"cell value\">Wein<\/div>\n<\/div>\n<div class=\"row\">\n<div class=\"cell label\">Anlass<\/div>\n<div class=\"cell value\">Party<\/div>\n<\/div>\n<div class=\"row\">\n<div class=\"cell label\">Metalltyp<\/div>\n<div class=\"cell value\">Nein Geistig<\/div>\n<\/div>\n<div class=\"row\">\n<div class=\"cell label\">Kunststofftyp<\/div>\n<div class=\"cell value\">kein Kunststoff<\/div>\n<\/div>\n<div class=\"row\">\n<div class=\"cell label\">keramischer Typ<\/div>\n<div class=\"cell value\">Keine Keramik<\/div>\n<\/div>\n<div class=\"row\">\n<div class=\"cell label\">Material<\/div>\n<div class=\"cell value\">Glas<\/div>\n<\/div>\n<div class=\"row\">\n<div class=\"cell label\">Verkaufende Einheiten<\/div>\n<div class=\"cell value\">Vielfaches von 100<\/div>\n<\/div>\n<div class=\"row\">\n<div class=\"cell label\">Packungsgr\u00f6\u00dfe pro Charge<\/div>\n<div class=\"cell value\">28,1X37,2X40,8 cm<\/div>\n<\/div>\n<div class=\"row\">\n<div class=\"cell label\">Bruttogewicht pro Charge<\/div>\n<div class=\"cell value\">9.290 kg<\/div>\n<\/div>\n<\/div>\n<p>\n<img decoding=\"async\" src=\"https:\/\/glasswaremanufacturers.com\/wp-content\/uploads\/Embossed_Flower_Glass_Wine_Cup.webp\" alt=\"Gepr\u00e4gte Blume Glas Weinbecher\" title=\"Gepr\u00e4gte Blume Glas Weinbecher\"><\/p>\n<h2>FAQ<\/h2>\n<p><strong>1. Welches Fassungsverm\u00f6gen hat der Weinbecher?<\/strong><br \/>Die Kapazit\u00e4t variiert und bietet Optionen f\u00fcr unterschiedliche Vorlieben.<\/p>\n<p><strong>2. Ist das Glas sp\u00fclmaschinenfest?<\/strong><br \/>Ja, der Weinbecher aus Glas mit Blumenpr\u00e4gung ist sp\u00fclmaschinenfest.<\/p>\n<p><strong>3. Kann der Weinbecher mit Logos versehen werden?<\/strong><br \/>F\u00fcr das Corporate Branding sind individuelle Anpassungsm\u00f6glichkeiten verf\u00fcgbar.<\/p>\n<p><strong>4. Beeintr\u00e4chtigt das gepr\u00e4gte Design den Weingeschmack?<\/strong><br \/>Das Design hebt das Aroma hervor, ohne den Geschmack des Weins zu ver\u00e4ndern.<\/p>\n<p><strong>5. Welches Material wird f\u00fcr den Weinkelch verwendet?<\/strong><br \/>Er ist aus hochwertigem, langlebigem Glas gefertigt.<\/p>\n<p><strong>6. Sind Gro\u00dfbestellungen m\u00f6glich?<\/strong><br \/>Ja, Gro\u00dfbestellungen k\u00f6nnen f\u00fcr Firmenbed\u00fcrfnisse ber\u00fccksichtigt werden.<\/p>\n<p><strong>7. Ist der Weinbecher f\u00fcr Rot- und Wei\u00dfwein geeignet?<\/strong><br \/>Das Design ist sowohl f\u00fcr Rot- als auch f\u00fcr Wei\u00dfweine geeignet.<\/p>\n<p><strong>8. Wie wirkt sich das Design auf die Weinpr\u00e4sentation aus?<\/strong><br \/>Das elegante Design unterstreicht die visuelle Attraktivit\u00e4t von Weinservicen.<\/p>\n<p><\/p>\n<h2>Neuester Blog<\/h2>","protected":false},"featured_media":5946,"parent":0,"template":"","meta":{"_acf_changed":false,"_seopress_robots_primary_cat":"","_seopress_titles_title":"","_seopress_titles_desc":"","_seopress_robots_index":""},"categories":[12],"class_list":["post-5947","product","type-product","status-publish","has-post-thumbnail","hentry","category-glass-cup-manufacturers"],"acf":{"product_maidian":"<li>Elegant design enhances wine presentation.<\/li>\r\n<li>Embossed flowers add a touch of sophistication.<\/li>\r\n<li>Durable glass ensures long-lasting use.<\/li>\r\n<li>Perfect for corporate events and gatherings.<\/li>\r\n<li>Easy to clean and maintain.<\/li>\r\n<li>Enhances the aroma and taste of wines.<\/li>\r\n<li>Ideal for gifting to clients and partners.<\/li>\r\n<li>Available in various sizes for different needs.<\/li>"},"_links":{"self":[{"href":"https:\/\/glasswaremanufacturers.com\/de\/wp-json\/wp\/v2\/product\/5947","targetHints":{"allow":["GET"]}}],"collection":[{"href":"https:\/\/glasswaremanufacturers.com\/de\/wp-json\/wp\/v2\/product"}],"about":[{"href":"https:\/\/glasswaremanufacturers.com\/de\/wp-json\/wp\/v2\/types\/product"}],"wp:featuredmedia":[{"embeddable":true,"href":"https:\/\/glasswaremanufacturers.com\/de\/wp-json\/wp\/v2\/media\/5946"}],"wp:attachment":[{"href":"https:\/\/glasswaremanufacturers.com\/de\/wp-json\/wp\/v2\/media?parent=5947"}],"wp:term":[{"taxonomy":"category","embeddable":true,"href":"https:\/\/glasswaremanufacturers.com\/de\/wp-json\/wp\/v2\/categories?post=5947"}],"curies":[{"name":"wp","href":"https:\/\/api.w.org\/{rel}","templated":true}]}}