{"id":5995,"date":"2026-05-12T23:16:16","date_gmt":"2026-05-12T15:16:16","guid":{"rendered":"https:\/\/glasswaremanufacturers.com\/product\/glass-cup-with-straw-lid\/"},"modified":"2026-05-12T23:16:16","modified_gmt":"2026-05-12T15:16:16","slug":"glasbecher-mit-strohdeckel","status":"publish","type":"product","link":"https:\/\/glasswaremanufacturers.com\/de\/product\/glass-cup-with-straw-lid\/","title":{"rendered":"Glasbecher mit Strohhalm-Deckel"},"content":{"rendered":"<h2>Produkte Details<\/h2>\n<div class=\"product-table\">\n<div class=\"row\">\n<div class=\"cell label\">Material<\/div>\n<div class=\"cell value\">Hitzebest\u00e4ndiges Borosilikatglas<\/div>\n<\/div>\n<div class=\"row\">\n<div class=\"cell label\">Typ<\/div>\n<div class=\"cell value\">Becher<\/div>\n<\/div>\n<div class=\"row\">\n<div class=\"cell label\">Wandkonstruktion<\/div>\n<div class=\"cell value\">Einzelne Wand<\/div>\n<\/div>\n<div class=\"row\">\n<div class=\"cell label\">Mikrowellengeeignet<\/div>\n<div class=\"cell value\">Ja<\/div>\n<\/div>\n<div class=\"row\">\n<div class=\"cell label\">sp\u00fclmaschinenfest<\/div>\n<div class=\"cell value\">Ja<\/div>\n<\/div>\n<div class=\"row\">\n<div class=\"cell label\">Anmeldung<\/div>\n<div class=\"cell value\">Startseite<\/div>\n<\/div>\n<div class=\"row\">\n<div class=\"cell label\">Funktion<\/div>\n<div class=\"cell value\">Wiederverwendbar, auslaufsicher<\/div>\n<\/div>\n<div class=\"row\">\n<div class=\"cell label\">Stil<\/div>\n<div class=\"cell value\">Modern<\/div>\n<\/div>\n<div class=\"row\">\n<div class=\"cell label\">Anwendbare Personen<\/div>\n<div class=\"cell value\">Unisex<\/div>\n<\/div>\n<div class=\"row\">\n<div class=\"cell label\">Anlass<\/div>\n<div class=\"cell value\">\u00fcberall<\/div>\n<\/div>\n<div class=\"row\">\n<div class=\"cell label\">Name des Produkts<\/div>\n<div class=\"cell value\">Sublimierter Glasbecher<\/div>\n<\/div>\n<div class=\"row\">\n<div class=\"cell label\">Typ<\/div>\n<div class=\"cell value\">Getr\u00e4nketasse<\/div>\n<\/div>\n<div class=\"row\">\n<div class=\"cell label\">Logo<\/div>\n<div class=\"cell value\">Akzeptables benutzerdefiniertes Logo<\/div>\n<\/div>\n<div class=\"row\">\n<div class=\"cell label\">Paket<\/div>\n<div class=\"cell value\">1St\u00fcck\/innerer Karton<\/div>\n<\/div>\n<div class=\"row\">\n<div class=\"cell label\">Material<\/div>\n<div class=\"cell value\">Hoch Borosilikatglas<\/div>\n<\/div>\n<div class=\"row\">\n<div class=\"cell label\">Verwendung<\/div>\n<div class=\"cell value\">Kaffee. Tee. Bier. Wasser<\/div>\n<\/div>\n<div class=\"row\">\n<div class=\"cell label\">Farbe<\/div>\n<div class=\"cell value\">Kundenspezifische Farbe<\/div>\n<\/div>\n<div class=\"row\">\n<div class=\"cell label\">Kapazit\u00e4t<\/div>\n<div class=\"cell value\">16oz<\/div>\n<\/div>\n<div class=\"row\">\n<div class=\"cell label\">MOQ<\/div>\n<div class=\"cell value\">50 St\u00fcck<\/div>\n<\/div>\n<div class=\"row\">\n<div class=\"cell label\">Verkaufende Einheiten<\/div>\n<div class=\"cell value\">Einzelnes Element<\/div>\n<\/div>\n<div class=\"row\">\n<div class=\"cell label\">Einzelne Packungsgr\u00f6\u00dfe<\/div>\n<div class=\"cell value\">10X10X17 cm<\/div>\n<\/div>\n<div class=\"row\">\n<div class=\"cell label\">Einfaches Bruttogewicht<\/div>\n<div class=\"cell value\">0,260 kg<\/div>\n<\/div>\n<\/div>\n<p>\n<img decoding=\"async\" src=\"https:\/\/glasswaremanufacturers.com\/wp-content\/uploads\/Glass_Cup_with_Straw_Lid.webp\" alt=\"Glasbecher mit Strohhalm-Deckel\" title=\"Glasbecher mit Strohhalm-Deckel\"><\/p>\n<h2>FAQ<\/h2>\n<p><strong>1. Ist der Glasbecher sp\u00fclmaschinenfest?<\/strong><br \/>Ja, der Glasbecher ist sp\u00fclmaschinenfest und l\u00e4sst sich leicht reinigen.<\/p>\n<p><strong>2. Kann ich den Becher f\u00fcr Hei\u00dfgetr\u00e4nke verwenden?<\/strong><br \/>Nat\u00fcrlich ist der Glasbecher sowohl f\u00fcr hei\u00dfe als auch f\u00fcr kalte Getr\u00e4nke geeignet.<\/p>\n<p><strong>3. Verhindert der Strohhalmdeckel ein Versch\u00fctten?<\/strong><br \/>Ja, der Strohhalmdeckel ist so konzipiert, dass bei der Benutzung nichts versch\u00fcttet wird.<\/p>\n<p><strong>4. Welche Gr\u00f6\u00dfen sind verf\u00fcgbar?<\/strong><br \/>Der Glasbecher ist in verschiedenen Gr\u00f6\u00dfen erh\u00e4ltlich, um unterschiedlichen Vorlieben gerecht zu werden.<\/p>\n<p><strong>5. Ist das Material umweltfreundlich?<\/strong><br \/>Ja, der Glasbecher ist aus umweltfreundlichen Materialien hergestellt.<\/p>\n<p><strong>6. Wie haltbar ist der Glasbecher?<\/strong><br \/>Der Glasbecher ist so konstruiert, dass er eine lange Lebensdauer hat.<\/p>\n<p><strong>7. Kann ich Ersatzdeckel oder Strohhalme kaufen?<\/strong><br \/>Ja, Ersatzdeckel und Strohhalme sind k\u00e4uflich zu erwerben.<\/p>\n<p><strong>8. Ist der Becher ergonomisch gestaltet?<\/strong><br \/>Ja, der Glasbecher hat eine ergonomische Form f\u00fcr eine bequeme Handhabung.<\/p>\n<p><\/p>\n<h2>Neuester Blog<\/h2>","protected":false},"featured_media":5994,"parent":0,"template":"","meta":{"_acf_changed":false,"_seopress_robots_primary_cat":"","_seopress_titles_title":"","_seopress_titles_desc":"","_seopress_robots_index":"","_seopress_analysis_target_kw":""},"categories":[12],"class_list":["post-5995","product","type-product","status-publish","has-post-thumbnail","hentry","category-glass-cup-manufacturers"],"acf":{"product_maidian":"<li>Durable glass construction ensures longevity.<\/li>\r\n<li>Straw lid design facilitates spill-free sipping.<\/li>\r\n<li>Eco-friendly materials promote sustainable use.<\/li>\r\n<li>Ergonomic shape offers comfortable handling.<\/li>\r\n<li>Easy to clean with dishwasher-safe components.<\/li>\r\n<li>Ideal for both hot and cold beverages.<\/li>\r\n<li>Sleek design enhances drink presentation.<\/li>\r\n<li>Available in various sizes to suit different needs.<\/li>"},"_links":{"self":[{"href":"https:\/\/glasswaremanufacturers.com\/de\/wp-json\/wp\/v2\/product\/5995","targetHints":{"allow":["GET"]}}],"collection":[{"href":"https:\/\/glasswaremanufacturers.com\/de\/wp-json\/wp\/v2\/product"}],"about":[{"href":"https:\/\/glasswaremanufacturers.com\/de\/wp-json\/wp\/v2\/types\/product"}],"wp:featuredmedia":[{"embeddable":true,"href":"https:\/\/glasswaremanufacturers.com\/de\/wp-json\/wp\/v2\/media\/5994"}],"wp:attachment":[{"href":"https:\/\/glasswaremanufacturers.com\/de\/wp-json\/wp\/v2\/media?parent=5995"}],"wp:term":[{"taxonomy":"category","embeddable":true,"href":"https:\/\/glasswaremanufacturers.com\/de\/wp-json\/wp\/v2\/categories?post=5995"}],"curies":[{"name":"wp","href":"https:\/\/api.w.org\/{rel}","templated":true}]}}