{"id":5999,"date":"2026-05-12T23:16:20","date_gmt":"2026-05-12T15:16:20","guid":{"rendered":"https:\/\/glasswaremanufacturers.com\/product\/glass-tea-cup-with-handle\/"},"modified":"2026-05-12T23:16:20","modified_gmt":"2026-05-12T15:16:20","slug":"teetasse-aus-glas-mit-henkel","status":"publish","type":"product","link":"https:\/\/glasswaremanufacturers.com\/de\/product\/glass-tea-cup-with-handle\/","title":{"rendered":"Teetasse aus Glas mit Henkel"},"content":{"rendered":"<h2>Produkte Details<\/h2>\n<div class=\"product-table\">\n<div class=\"row\">\n<div class=\"cell label\">Band<\/div>\n<div class=\"cell value\">420ml<\/div>\n<\/div>\n<div class=\"row\">\n<div class=\"cell label\">Stil<\/div>\n<div class=\"cell value\">Amerikanischer Stil<\/div>\n<\/div>\n<div class=\"row\">\n<div class=\"cell label\">Anlass<\/div>\n<div class=\"cell value\">Geschenke f\u00fcr Unternehmen<\/div>\n<\/div>\n<div class=\"row\">\n<div class=\"cell label\">Trinkgeschirr Typ<\/div>\n<div class=\"cell value\">Tassen &amp; Untertassen<\/div>\n<\/div>\n<div class=\"row\">\n<div class=\"cell label\">Produktname<\/div>\n<div class=\"cell value\">14oz Borosilikatglas Teetasse mit Henkel zum Trinken<\/div>\n<\/div>\n<div class=\"row\">\n<div class=\"cell label\">Verwendung<\/div>\n<div class=\"cell value\">Teetrinken<\/div>\n<\/div>\n<div class=\"row\">\n<div class=\"cell label\">Material<\/div>\n<div class=\"cell value\">Borosilikatglas<\/div>\n<\/div>\n<div class=\"row\">\n<div class=\"cell label\">Kapazit\u00e4t<\/div>\n<div class=\"cell value\">14oz\/420 ml<\/div>\n<\/div>\n<div class=\"row\">\n<div class=\"cell label\">Form<\/div>\n<div class=\"cell value\">Rund mit Griff<\/div>\n<\/div>\n<div class=\"row\">\n<div class=\"cell label\">Logo<\/div>\n<div class=\"cell value\">Akzeptieren Sie den Druck von OEM-Logos<\/div>\n<\/div>\n<div class=\"row\">\n<div class=\"cell label\">Handwerk<\/div>\n<div class=\"cell value\">handgefertigt<\/div>\n<\/div>\n<div class=\"row\">\n<div class=\"cell label\">Gr\u00f6\u00dfe<\/div>\n<div class=\"cell value\">70*150mm<\/div>\n<\/div>\n<div class=\"row\">\n<div class=\"cell label\">MOQ<\/div>\n<div class=\"cell value\">100St\u00fcck<\/div>\n<\/div>\n<div class=\"row\">\n<div class=\"cell label\">Verpacken<\/div>\n<div class=\"cell value\">Wei\u00dfe Box<\/div>\n<\/div>\n<div class=\"row\">\n<div class=\"cell label\">Verkaufende Einheiten<\/div>\n<div class=\"cell value\">Einzelnes Element<\/div>\n<\/div>\n<div class=\"row\">\n<div class=\"cell label\">Einzelne Packungsgr\u00f6\u00dfe<\/div>\n<div class=\"cell value\">8X8X17 cm<\/div>\n<\/div>\n<div class=\"row\">\n<div class=\"cell label\">Einfaches Bruttogewicht<\/div>\n<div class=\"cell value\">0,500 kg<\/div>\n<\/div>\n<\/div>\n<p>\n<img decoding=\"async\" src=\"https:\/\/glasswaremanufacturers.com\/wp-content\/uploads\/Glass_Tea_Cup_with_Handle.webp\" alt=\"Teetasse aus Glas mit Henkel\" title=\"Teetasse aus Glas mit Henkel\"><\/p>\n<h2>FAQ<\/h2>\n<p><strong>1. Ist die Teetasse aus Glas mikrowellensicher?<\/strong><br \/>Ja, unsere Glasteetasse ist mikrowellengeeignet und erm\u00f6glicht das einfache Aufw\u00e4rmen von Getr\u00e4nken.<\/p>\n<p><strong>2. Kann die Glasteetasse auch f\u00fcr kalte Getr\u00e4nke verwendet werden?<\/strong><br \/>Die Glasteetasse ist sowohl f\u00fcr hei\u00dfe als auch f\u00fcr kalte Getr\u00e4nke geeignet.<\/p>\n<p><strong>3. Wird der Griff hei\u00df, wenn er mit hei\u00dfem Tee gef\u00fcllt wird?<\/strong><br \/>Nein, der Griff ist so konzipiert, dass er k\u00fchl bleibt und einen angenehmen Griff gew\u00e4hrleistet.<\/p>\n<p><strong>4. Wie sollte ich die Glasteetasse reinigen?<\/strong><br \/>Die Glasteetasse ist sp\u00fclmaschinenfest und l\u00e4sst sich bequem reinigen.<\/p>\n<p><strong>5. Ist die Glasteetasse f\u00fcr den gewerblichen Gebrauch geeignet?<\/strong><br \/>Ja, er ist perfekt f\u00fcr Caf\u00e9s und Restaurants und bietet Haltbarkeit und Stil.<\/p>\n<p><strong>6. Welches Fassungsverm\u00f6gen hat die gl\u00e4serne Teetasse?<\/strong><br \/>Die gl\u00e4serne Teetasse fasst eine Standardportion, ideal f\u00fcr den pers\u00f6nlichen Gebrauch.<\/p>\n<p><strong>7. Kann die Glasteetasse gestapelt werden?<\/strong><br \/>Ja, das Design erm\u00f6glicht ein effizientes Stapeln und spart somit Lagerplatz.<\/p>\n<p><strong>8. Verf\u00fcgt die Glasteetasse \u00fcber einen rutschfesten Boden?<\/strong><br \/>Ja, er hat einen stabilen Boden, um Versch\u00fcttungen und Unf\u00e4lle zu vermeiden.<\/p>\n<p><\/p>\n<h2>Neuester Blog<\/h2>","protected":false},"featured_media":5998,"parent":0,"template":"","meta":{"_acf_changed":false,"_seopress_robots_primary_cat":"","_seopress_titles_title":"","_seopress_titles_desc":"","_seopress_robots_index":"","_seopress_analysis_target_kw":""},"categories":[12],"class_list":["post-5999","product","type-product","status-publish","has-post-thumbnail","hentry","category-glass-cup-manufacturers"],"acf":{"product_maidian":"<li>Durable glass construction for long-lasting use.<\/li>\r\n<li>Elegant design enhances any beverage experience.<\/li>\r\n<li>Comfortable handle for easy grip and pouring.<\/li>\r\n<li>Temperature-resistant glass suitable for hot beverages.<\/li>\r\n<li>Easy to clean and maintain for busy environments.<\/li>\r\n<li>Perfect size for serving individual tea portions.<\/li>\r\n<li>Crystal-clear glass showcases tea's natural colors.<\/li>\r\n<li>Ideal for cafes, restaurants, and office settings.<\/li>"},"_links":{"self":[{"href":"https:\/\/glasswaremanufacturers.com\/de\/wp-json\/wp\/v2\/product\/5999","targetHints":{"allow":["GET"]}}],"collection":[{"href":"https:\/\/glasswaremanufacturers.com\/de\/wp-json\/wp\/v2\/product"}],"about":[{"href":"https:\/\/glasswaremanufacturers.com\/de\/wp-json\/wp\/v2\/types\/product"}],"wp:featuredmedia":[{"embeddable":true,"href":"https:\/\/glasswaremanufacturers.com\/de\/wp-json\/wp\/v2\/media\/5998"}],"wp:attachment":[{"href":"https:\/\/glasswaremanufacturers.com\/de\/wp-json\/wp\/v2\/media?parent=5999"}],"wp:term":[{"taxonomy":"category","embeddable":true,"href":"https:\/\/glasswaremanufacturers.com\/de\/wp-json\/wp\/v2\/categories?post=5999"}],"curies":[{"name":"wp","href":"https:\/\/api.w.org\/{rel}","templated":true}]}}