{"id":6001,"date":"2026-05-12T23:16:22","date_gmt":"2026-05-12T15:16:22","guid":{"rendered":"https:\/\/glasswaremanufacturers.com\/product\/gradient-glass-mason-cup\/"},"modified":"2026-05-12T23:16:22","modified_gmt":"2026-05-12T15:16:22","slug":"gradient-glas-mason-cup","status":"publish","type":"product","link":"https:\/\/glasswaremanufacturers.com\/de\/product\/gradient-glass-mason-cup\/","title":{"rendered":"Gradient Glas Mason Cup"},"content":{"rendered":"<h2>Produkte Details<\/h2>\n<div class=\"product-table\">\n<div class=\"row\">\n<div class=\"cell label\">Material<\/div>\n<div class=\"cell value\">Glas<\/div>\n<\/div>\n<div class=\"row\">\n<div class=\"cell label\">Band<\/div>\n<div class=\"cell value\">420ml<\/div>\n<\/div>\n<div class=\"row\">\n<div class=\"cell label\">Funktion<\/div>\n<div class=\"cell value\">Vorr\u00e4tig<\/div>\n<\/div>\n<div class=\"row\">\n<div class=\"cell label\">Stil<\/div>\n<div class=\"cell value\">Klassisch<\/div>\n<\/div>\n<div class=\"row\">\n<div class=\"cell label\">Anlass<\/div>\n<div class=\"cell value\">Geschenke f\u00fcr Unternehmen<\/div>\n<\/div>\n<div class=\"row\">\n<div class=\"cell label\">Trinkgeschirr Typ<\/div>\n<div class=\"cell value\">Tassen &amp; Untertassen<\/div>\n<\/div>\n<div class=\"row\">\n<div class=\"cell label\">Produktname<\/div>\n<div class=\"cell value\">Glasbecher<\/div>\n<\/div>\n<div class=\"row\">\n<div class=\"cell label\">Material<\/div>\n<div class=\"cell value\">Glas<\/div>\n<\/div>\n<div class=\"row\">\n<div class=\"cell label\">Farbe<\/div>\n<div class=\"cell value\">Transparent<\/div>\n<\/div>\n<div class=\"row\">\n<div class=\"cell label\">Kapazit\u00e4t<\/div>\n<div class=\"cell value\">480ml<\/div>\n<\/div>\n<div class=\"row\">\n<div class=\"cell label\">Gr\u00f6\u00dfe<\/div>\n<div class=\"cell value\">10,6*13,2 cm<\/div>\n<\/div>\n<div class=\"row\">\n<div class=\"cell label\">Inhalt<\/div>\n<div class=\"cell value\">Tasse+Deckel+Strohhalm<\/div>\n<\/div>\n<div class=\"row\">\n<div class=\"cell label\">Verwendung<\/div>\n<div class=\"cell value\">Kaffee. Tee. Bier. Wasser<\/div>\n<\/div>\n<div class=\"row\">\n<div class=\"cell label\">Schl\u00fcsselwort<\/div>\n<div class=\"cell value\">Keramische Porzellan-Kaffeetasse<\/div>\n<\/div>\n<div class=\"row\">\n<div class=\"cell label\">Stil<\/div>\n<div class=\"cell value\">Espresso-Kaffeetassen-Set<\/div>\n<\/div>\n<div class=\"row\">\n<div class=\"cell label\">Funktion<\/div>\n<div class=\"cell value\">Umweltfreundlich. Umweltfreundlich<\/div>\n<\/div>\n<div class=\"row\">\n<div class=\"cell label\">Verkaufende Einheiten<\/div>\n<div class=\"cell value\">Einzelnes Element<\/div>\n<\/div>\n<div class=\"row\">\n<div class=\"cell label\">Einzelne Packungsgr\u00f6\u00dfe<\/div>\n<div class=\"cell value\">13X13X15,2 cm<\/div>\n<\/div>\n<div class=\"row\">\n<div class=\"cell label\">Einfaches Bruttogewicht<\/div>\n<div class=\"cell value\">0,300 kg<\/div>\n<\/div>\n<\/div>\n<p>\n<img decoding=\"async\" src=\"https:\/\/glasswaremanufacturers.com\/wp-content\/uploads\/Gradient_Glass_Mason_Cup.webp\" alt=\"Gradient Glas Mason Cup\" title=\"Gradient Glas Mason Cup\"><\/p>\n<h2>FAQ<\/h2>\n<p><strong>1. Woraus besteht der Gradient Glass Mason Cup?<\/strong><br \/>Der Gradient Glass Mason Cup ist aus hochwertigem, langlebigem Glas gefertigt.<\/p>\n<p><strong>2. Kann der Gradient Glass Mason Cup Hei\u00dfgetr\u00e4nke aufnehmen?<\/strong><br \/>Ja, der Gradient Glass Mason Cup ist so konzipiert, dass er sowohl hei\u00dfe als auch kalte Getr\u00e4nke sicher aufnehmen kann.<\/p>\n<p><strong>3. Gibt es verschiedene Farben f\u00fcr den Gradient Glass Mason Cup?<\/strong><br \/>Der Becher ist in verschiedenen Farbverl\u00e4ufen erh\u00e4ltlich, die zu Ihrer Marke oder Ihren pers\u00f6nlichen Vorlieben passen.<\/p>\n<p><strong>4. Ist der Gradient Glass Mason Cup umweltfreundlich?<\/strong><br \/>Ja, er wird aus nachhaltigen Materialien hergestellt und ist damit eine umweltfreundliche Wahl.<\/p>\n<p><strong>5. Wie reinige ich den Gradient Glass Mason Cup?<\/strong><br \/>Der Becher hat eine leicht zu reinigende Oberfl\u00e4che, ideal f\u00fcr die Einhaltung von Hygienestandards.<\/p>\n<p><strong>6. Ist der Deckel des Gradient Glass Mason Cups sicher?<\/strong><br \/>Der Deckel ist so konstruiert, dass er ein Versch\u00fctten und Auslaufen verhindert und einen sicheren Transport gew\u00e4hrleistet.<\/p>\n<p><strong>7. Welche Abmessungen hat der Gradient Glass Mason Cup?<\/strong><br \/>Der Becher ist ergonomisch geformt, damit er bequem in der Hand liegt und einfach zu bedienen ist.<\/p>\n<p><strong>8. Kann ich den Gradient Glass Mason Cup f\u00fcr Werbeveranstaltungen verwenden?<\/strong><br \/>Ja, sein stilvolles Design macht ihn perfekt f\u00fcr Branding- und Werbeaktivit\u00e4ten.<\/p>\n<p><\/p>\n<h2>Neuester Blog<\/h2>","protected":false},"featured_media":6000,"parent":0,"template":"","meta":{"_acf_changed":false,"_seopress_robots_primary_cat":"","_seopress_titles_title":"","_seopress_titles_desc":"","_seopress_robots_index":"","_seopress_analysis_target_kw":""},"categories":[12],"class_list":["post-6001","product","type-product","status-publish","has-post-thumbnail","hentry","category-glass-cup-manufacturers"],"acf":{"product_maidian":"<li>Stylishly designed for modern workplaces.<\/li>\r\n<li>Durable glass construction ensures longevity.<\/li>\r\n<li>Easy-to-clean surface maintains hygiene standards.<\/li>\r\n<li>Available in multiple gradient colors for personalization.<\/li>\r\n<li>Perfect for both hot and cold beverages.<\/li>\r\n<li>Eco-friendly materials support sustainability goals.<\/li>\r\n<li>Lightweight design for easy transport.<\/li>\r\n<li>Secure lid prevents spills and leaks.<\/li>"},"_links":{"self":[{"href":"https:\/\/glasswaremanufacturers.com\/de\/wp-json\/wp\/v2\/product\/6001","targetHints":{"allow":["GET"]}}],"collection":[{"href":"https:\/\/glasswaremanufacturers.com\/de\/wp-json\/wp\/v2\/product"}],"about":[{"href":"https:\/\/glasswaremanufacturers.com\/de\/wp-json\/wp\/v2\/types\/product"}],"wp:featuredmedia":[{"embeddable":true,"href":"https:\/\/glasswaremanufacturers.com\/de\/wp-json\/wp\/v2\/media\/6000"}],"wp:attachment":[{"href":"https:\/\/glasswaremanufacturers.com\/de\/wp-json\/wp\/v2\/media?parent=6001"}],"wp:term":[{"taxonomy":"category","embeddable":true,"href":"https:\/\/glasswaremanufacturers.com\/de\/wp-json\/wp\/v2\/categories?post=6001"}],"curies":[{"name":"wp","href":"https:\/\/api.w.org\/{rel}","templated":true}]}}