{"id":3514,"date":"2026-03-13T23:13:34","date_gmt":"2026-03-13T15:13:34","guid":{"rendered":"https:\/\/glasswaremanufacturers.com\/product\/120ml-matte-black-glass-jar-for-cosmetic-packaging\/"},"modified":"2026-03-13T23:13:34","modified_gmt":"2026-03-13T15:13:34","slug":"tarro-de-cristal-negro-mate-de-120-ml-para-envases-de-cosmeticos","status":"publish","type":"product","link":"https:\/\/glasswaremanufacturers.com\/es\/product\/120ml-matte-black-glass-jar-for-cosmetic-packaging\/","title":{"rendered":"Tarro de cristal negro mate de 120 ml para envases de cosm\u00e9ticos"},"content":{"rendered":"<h2>Productos<\/h2>\n<div class=\"product-table\">\n<div class=\"row\">\n<div class=\"cell label\">Material de la tapa<\/div>\n<div class=\"cell value\">Pl\u00e1stico<\/div>\n<\/div>\n<div class=\"row\">\n<div class=\"cell label\">Manipulaci\u00f3n de la impresi\u00f3n<\/div>\n<div class=\"cell value\">Decoraci\u00f3n por cocci\u00f3n, impresi\u00f3n por transferencia t\u00e9rmica, serigraf\u00eda, pulverizaci\u00f3n, glaseado, sello dorado<\/div>\n<\/div>\n<div class=\"row\">\n<div class=\"cell label\">Uso industrial<\/div>\n<div class=\"cell value\">Cosm\u00e9tica<\/div>\n<\/div>\n<div class=\"row\">\n<div class=\"cell label\">Impresi\u00f3n de logotipos<\/div>\n<div class=\"cell value\">s\u00ed<\/div>\n<\/div>\n<div class=\"row\">\n<div class=\"cell label\">Material de base<\/div>\n<div class=\"cell value\">vidrio<\/div>\n<\/div>\n<div class=\"row\">\n<div class=\"cell label\">Material del cuello<\/div>\n<div class=\"cell value\">vidrio<\/div>\n<\/div>\n<div class=\"row\">\n<div class=\"cell label\">Manipulaci\u00f3n de superficies<\/div>\n<div class=\"cell value\">pintura pulverizaci\u00f3n<\/div>\n<\/div>\n<div class=\"row\">\n<div class=\"cell label\">Utilizaci\u00f3n<\/div>\n<div class=\"cell value\">Crema<\/div>\n<\/div>\n<div class=\"row\">\n<div class=\"cell label\">Nombre del producto<\/div>\n<div class=\"cell value\">Tarro de cristal crema<\/div>\n<\/div>\n<div class=\"row\">\n<div class=\"cell label\">Material<\/div>\n<div class=\"cell value\">Vidrio+ Tap\u00f3n de pl\u00e1stico<\/div>\n<\/div>\n<div class=\"row\">\n<div class=\"cell label\">Color<\/div>\n<div class=\"cell value\">Negro\/Blanco<\/div>\n<\/div>\n<div class=\"row\">\n<div class=\"cell label\">Capacidad<\/div>\n<div class=\"cell value\">30g \/50g\/60g\/120g<\/div>\n<\/div>\n<div class=\"row\">\n<div class=\"cell label\">Forma<\/div>\n<div class=\"cell value\">Redondo<\/div>\n<\/div>\n<div class=\"row\">\n<div class=\"cell label\">Palabra clave<\/div>\n<div class=\"cell value\">Tarro de cristal<\/div>\n<\/div>\n<div class=\"row\">\n<div class=\"cell label\">Gorra<\/div>\n<div class=\"cell value\">Tornillo<\/div>\n<\/div>\n<div class=\"row\">\n<div class=\"cell label\">Material del cuerpo<\/div>\n<div class=\"cell value\">Giass<\/div>\n<\/div>\n<div class=\"row\">\n<div class=\"cell label\">Logotipo<\/div>\n<div class=\"cell value\">Logotipo del cliente aceptable<\/div>\n<\/div>\n<div class=\"row\">\n<div class=\"cell label\">Unidades de venta<\/div>\n<div class=\"cell value\">Art\u00edculo individual<\/div>\n<\/div>\n<div class=\"row\">\n<div class=\"cell label\">Tama\u00f1o de envase individual<\/div>\n<div class=\"cell value\">6,8X6,8X67 cm<\/div>\n<\/div>\n<div class=\"row\">\n<div class=\"cell label\">Peso bruto \u00fanico<\/div>\n<div class=\"cell value\">0,500 kg<\/div>\n<\/div>\n<\/div>\n<p>\n<img decoding=\"async\" src=\"https:\/\/glasswaremanufacturers.com\/wp-content\/uploads\/120ml_Matte_Black_Glass_Jar_for_Cosmetic_Packaging.webp\" alt=\"Tarro de cristal negro mate de 120 ml para envases de cosm\u00e9ticos\" title=\"Tarro de cristal negro mate de 120 ml para envases de cosm\u00e9ticos\"><\/p>\n<h2>PREGUNTAS FRECUENTES<\/h2>\n<p><strong>1. \u00bfCu\u00e1l es la capacidad del tarro?<\/strong><br \/>El tarro tiene capacidad para 120 ml, perfecto para varios cosm\u00e9ticos.<\/p>\n<p><strong>2. \u00bfEs ecol\u00f3gico el tarro de cristal?<\/strong><br \/>S\u00ed, es reutilizable y reciclable.<\/p>\n<p><strong>3. \u00bfTiene el tarro un cierre herm\u00e9tico?<\/strong><br \/>S\u00ed, garantiza la frescura y longevidad del producto.<\/p>\n<p><strong>4. \u00bfSe puede personalizar el tarro con logotipos?<\/strong><br \/>Por supuesto, admite dise\u00f1os espec\u00edficos para cada marca.<\/p>\n<p><strong>5. \u00bfEs el acabado negro mate resistente a los ara\u00f1azos?<\/strong><br \/>S\u00ed, est\u00e1 dise\u00f1ado para resistir el desgaste normal.<\/p>\n<p><strong>6. \u00bfQu\u00e9 tipos de cosm\u00e9ticos caben en este tarro?<\/strong><br \/>Ideal para cremas, lociones y b\u00e1lsamos.<\/p>\n<p><strong>7. \u00bfSe puede viajar con el tarro?<\/strong><br \/>S\u00ed, su tama\u00f1o compacto lo hace perfecto para viajar.<\/p>\n<p><strong>8. \u00bfAdmite el tarro pedidos al por mayor?<\/strong><br \/>S\u00ed, las empresas pueden comprar al por mayor.<\/p>\n<p><\/p>","protected":false},"featured_media":3513,"parent":0,"template":"","meta":{"_acf_changed":false,"_seopress_robots_primary_cat":"","_seopress_titles_title":"","_seopress_titles_desc":"","_seopress_robots_index":"","_seopress_analysis_target_kw":""},"categories":[14],"class_list":["post-3514","product","type-product","status-publish","has-post-thumbnail","hentry","category-glass-bottle-manufacturers"],"acf":{"product_maidian":"<li>Elegant matte black finish enhances brand image.<\/li>\r\n<li>Durable glass material ensures product safety.<\/li>\r\n<li>Airtight seal preserves cosmetic freshness.<\/li>\r\n<li>Ideal size for travel-friendly packaging.<\/li>\r\n<li>Sleek design appeals to premium market segments.<\/li>\r\n<li>Eco-friendly and reusable packaging solution.<\/li>\r\n<li>Compatible with various cosmetic products.<\/li>\r\n<li>Customizable for brand-specific designs.<\/li>"},"_links":{"self":[{"href":"https:\/\/glasswaremanufacturers.com\/es\/wp-json\/wp\/v2\/product\/3514","targetHints":{"allow":["GET"]}}],"collection":[{"href":"https:\/\/glasswaremanufacturers.com\/es\/wp-json\/wp\/v2\/product"}],"about":[{"href":"https:\/\/glasswaremanufacturers.com\/es\/wp-json\/wp\/v2\/types\/product"}],"wp:featuredmedia":[{"embeddable":true,"href":"https:\/\/glasswaremanufacturers.com\/es\/wp-json\/wp\/v2\/media\/3513"}],"wp:attachment":[{"href":"https:\/\/glasswaremanufacturers.com\/es\/wp-json\/wp\/v2\/media?parent=3514"}],"wp:term":[{"taxonomy":"category","embeddable":true,"href":"https:\/\/glasswaremanufacturers.com\/es\/wp-json\/wp\/v2\/categories?post=3514"}],"curies":[{"name":"wp","href":"https:\/\/api.w.org\/{rel}","templated":true}]}}