{"id":4797,"date":"2026-04-14T23:32:58","date_gmt":"2026-04-14T15:32:58","guid":{"rendered":"https:\/\/glasswaremanufacturers.com\/product\/250ml-glass-coffee-mug\/"},"modified":"2026-04-14T23:32:58","modified_gmt":"2026-04-14T15:32:58","slug":"taza-de-cafe-de-cristal-de-250-ml","status":"publish","type":"product","link":"https:\/\/glasswaremanufacturers.com\/es\/product\/250ml-glass-coffee-mug\/","title":{"rendered":"Taza de caf\u00e9 de cristal de 250 ml"},"content":{"rendered":"<h2>Productos<\/h2>\n<div class=\"product-table\">\n<div class=\"row\">\n<div class=\"cell label\">material<\/div>\n<div class=\"cell value\">Vidrio<\/div>\n<\/div>\n<div class=\"row\">\n<div class=\"cell label\">tipo<\/div>\n<div class=\"cell value\">Vaso<\/div>\n<\/div>\n<div class=\"row\">\n<div class=\"cell label\">Construcci\u00f3n de muros<\/div>\n<div class=\"cell value\">Pared gruesa<\/div>\n<\/div>\n<div class=\"row\">\n<div class=\"cell label\">Apto para microondas<\/div>\n<div class=\"cell value\">S\u00ed<\/div>\n<\/div>\n<div class=\"row\">\n<div class=\"cell label\">apto para lavavajillas<\/div>\n<div class=\"cell value\">S\u00ed<\/div>\n<\/div>\n<div class=\"row\">\n<div class=\"cell label\">Aplicaci\u00f3n<\/div>\n<div class=\"cell value\">Hogar, Senderismo, Regalo, Oficina<\/div>\n<\/div>\n<div class=\"row\">\n<div class=\"cell label\">funci\u00f3n<\/div>\n<div class=\"cell value\">No invertido, desechable<\/div>\n<\/div>\n<div class=\"row\">\n<div class=\"cell label\">estilo<\/div>\n<div class=\"cell value\">Moderno<\/div>\n<\/div>\n<div class=\"row\">\n<div class=\"cell label\">Personas aplicables<\/div>\n<div class=\"cell value\">Unisex<\/div>\n<\/div>\n<div class=\"row\">\n<div class=\"cell label\">ocasi\u00f3n<\/div>\n<div class=\"cell value\">Viajar<\/div>\n<\/div>\n<div class=\"row\">\n<div class=\"cell label\">Utilizaci\u00f3n<\/div>\n<div class=\"cell value\">Art\u00edculos de bebida<\/div>\n<\/div>\n<div class=\"row\">\n<div class=\"cell label\">Logotipo<\/div>\n<div class=\"cell value\">Logotipo personalizado aceptable<\/div>\n<\/div>\n<div class=\"row\">\n<div class=\"cell label\">MOQ<\/div>\n<div class=\"cell value\">500 unidades<\/div>\n<\/div>\n<div class=\"row\">\n<div class=\"cell label\">Colores<\/div>\n<div class=\"cell value\">borrar<\/div>\n<\/div>\n<div class=\"row\">\n<div class=\"cell label\">Capacidad<\/div>\n<div class=\"cell value\">250 ml<\/div>\n<\/div>\n<div class=\"row\">\n<div class=\"cell label\">Muestra<\/div>\n<div class=\"cell value\">Muestra Proporcionar<\/div>\n<\/div>\n<div class=\"row\">\n<div class=\"cell label\">OEM\/ODM<\/div>\n<div class=\"cell value\">Aceptable<\/div>\n<\/div>\n<div class=\"row\">\n<div class=\"cell label\">Embalaje<\/div>\n<div class=\"cell value\">Caja de cart\u00f3n<\/div>\n<\/div>\n<div class=\"row\">\n<div class=\"cell label\">Tapa<\/div>\n<div class=\"cell value\">\/<\/div>\n<\/div>\n<div class=\"row\">\n<div class=\"cell label\">Forma<\/div>\n<div class=\"cell value\">Redondo<\/div>\n<\/div>\n<div class=\"row\">\n<div class=\"cell label\">Unidades de venta<\/div>\n<div class=\"cell value\">Art\u00edculo individual<\/div>\n<\/div>\n<div class=\"row\">\n<div class=\"cell label\">Tama\u00f1o de envase individual<\/div>\n<div class=\"cell value\">10X10X10 cm<\/div>\n<\/div>\n<div class=\"row\">\n<div class=\"cell label\">Peso bruto \u00fanico<\/div>\n<div class=\"cell value\">0,500 kg<\/div>\n<\/div>\n<\/div>\n<p>\n<img decoding=\"async\" src=\"https:\/\/glasswaremanufacturers.com\/wp-content\/uploads\/250ml_Glass_Coffee_Mug.webp\" alt=\"Taza de caf\u00e9 de cristal de 250 ml\" title=\"Taza de caf\u00e9 de cristal de 250 ml\"><\/p>\n<h2>PREGUNTAS FRECUENTES<\/h2>\n<p><strong>1. \u00bfLa taza de cristal se puede lavar en el lavavajillas?<\/strong><br \/>S\u00ed, la Taza de caf\u00e9 de cristal de 250 ml es apta para el lavavajillas, lo que garantiza una limpieza f\u00e1cil.<\/p>\n<p><strong>2. \u00bfPuede utilizarse la taza para bebidas calientes?<\/strong><br \/>Por supuesto, la Taza de caf\u00e9 de cristal de 250 ml est\u00e1 dise\u00f1ada para bebidas fr\u00edas y calientes.<\/p>\n<p><strong>3. \u00bfEs la taza de cristal adecuada para su uso en la oficina?<\/strong><br \/>S\u00ed, su dise\u00f1o elegante lo hace perfecto para entornos profesionales.<\/p>\n<p><strong>4. \u00bfCu\u00e1l es la capacidad de la taza?<\/strong><br \/>La taza tiene una capacidad de 250 ml, ideal para raciones de caf\u00e9 est\u00e1ndar.<\/p>\n<p><strong>5. \u00bfEs la taza apta para microondas?<\/strong><br \/>S\u00ed, la taza de caf\u00e9 de cristal es apta para microondas para recalentarla c\u00f3modamente.<\/p>\n<p><strong>6. \u00bfContiene la taza sustancias qu\u00edmicas nocivas?<\/strong><br \/>No, el material de vidrio no contiene sustancias qu\u00edmicas nocivas, lo que garantiza la seguridad.<\/p>\n<p><strong>7. \u00bfSe puede personalizar la taza con logotipos?<\/strong><br \/>S\u00ed, la superficie transparente de la taza es ideal para personalizar la marca y el logotipo.<\/p>\n<p><strong>8. \u00bfEs ecol\u00f3gica la taza de cristal?<\/strong><br \/>S\u00ed, utilizar una taza de cristal reduce los residuos de vasos desechables, fomentando la sostenibilidad.<\/p>\n<p><\/p>\n<h2>Blog reciente<\/h2>\n<ul class=\"reco-links\">\n<li><a href=\"https:\/\/glasswaremanufacturers.com\/es\/fabricantes-de-vasos-de-vidrio-en-venezuela\/\" target=\"_blank\">fabricantes de vasos de vidrio en venezuela<\/a><\/li>\n<li><a href=\"https:\/\/glasswaremanufacturers.com\/es\/fabricantes-de-vasos-de-vidrio-en-venezuela\/\" target=\"_blank\">fabricantes de vasos de vidrio en venezuela<\/a><\/li>\n<li><a href=\"https:\/\/glasswaremanufacturers.com\/es\/fabricantes-de-vasos-de-cristal-en-ciudad-del-vaticano\/\" target=\"_blank\">fabricantes de vasos de cristal en ciudad del vaticano<\/a><\/li>\n<li><a href=\"https:\/\/glasswaremanufacturers.com\/es\/fabricantes-de-vasos-de-cristal-en-uzbekistan\/\" target=\"_blank\">fabricantes de vasos de cristal en uzbekist\u00e1n<\/a><\/li>\n<\/ul>","protected":false},"featured_media":4796,"parent":0,"template":"","meta":{"_acf_changed":false,"_seopress_robots_primary_cat":"","_seopress_titles_title":"","_seopress_titles_desc":"","_seopress_robots_index":"","_seopress_analysis_target_kw":""},"categories":[12],"class_list":["post-4797","product","type-product","status-publish","has-post-thumbnail","hentry","category-glass-cup-manufacturers"],"acf":{"product_maidian":"<li>Durable glass material ensures long-lasting use.<\/li>\r\n<li>Sleek design complements any professional setting.<\/li>\r\n<li>Easy to clean and maintain, saving time.<\/li>\r\n<li>Perfect size for coffee breaks at the office.<\/li>\r\n<li>Eco-friendly alternative to disposable cups.<\/li>\r\n<li>Enhances the coffee drinking experience.<\/li>\r\n<li>Ideal for branding or corporate gifting.<\/li>\r\n<li>Microwave safe for quick reheating.<\/li>"},"_links":{"self":[{"href":"https:\/\/glasswaremanufacturers.com\/es\/wp-json\/wp\/v2\/product\/4797","targetHints":{"allow":["GET"]}}],"collection":[{"href":"https:\/\/glasswaremanufacturers.com\/es\/wp-json\/wp\/v2\/product"}],"about":[{"href":"https:\/\/glasswaremanufacturers.com\/es\/wp-json\/wp\/v2\/types\/product"}],"wp:featuredmedia":[{"embeddable":true,"href":"https:\/\/glasswaremanufacturers.com\/es\/wp-json\/wp\/v2\/media\/4796"}],"wp:attachment":[{"href":"https:\/\/glasswaremanufacturers.com\/es\/wp-json\/wp\/v2\/media?parent=4797"}],"wp:term":[{"taxonomy":"category","embeddable":true,"href":"https:\/\/glasswaremanufacturers.com\/es\/wp-json\/wp\/v2\/categories?post=4797"}],"curies":[{"name":"wp","href":"https:\/\/api.w.org\/{rel}","templated":true}]}}