{"id":4807,"date":"2026-04-14T23:33:06","date_gmt":"2026-04-14T15:33:06","guid":{"rendered":"https:\/\/glasswaremanufacturers.com\/product\/500ml-glass-cup-with-straw\/"},"modified":"2026-04-14T23:33:06","modified_gmt":"2026-04-14T15:33:06","slug":"vaso-de-cristal-de-500-ml-con-pajita","status":"publish","type":"product","link":"https:\/\/glasswaremanufacturers.com\/es\/product\/500ml-glass-cup-with-straw\/","title":{"rendered":"Vaso de cristal de 500 ml con pajita"},"content":{"rendered":"<h2>Productos<\/h2>\n<div class=\"product-table\">\n<div class=\"row\">\n<div class=\"cell label\">material<\/div>\n<div class=\"cell value\">Vidrio<\/div>\n<\/div>\n<div class=\"row\">\n<div class=\"cell label\">tipo<\/div>\n<div class=\"cell value\">Vaso<\/div>\n<\/div>\n<div class=\"row\">\n<div class=\"cell label\">Apto para microondas<\/div>\n<div class=\"cell value\">S\u00ed<\/div>\n<\/div>\n<div class=\"row\">\n<div class=\"cell label\">apto para lavavajillas<\/div>\n<div class=\"cell value\">S\u00ed<\/div>\n<\/div>\n<div class=\"row\">\n<div class=\"cell label\">Aplicaci\u00f3n<\/div>\n<div class=\"cell value\">Casa, Hotel, Oficina, Regalo, Senderismo, Camping, Boda, Fiesta, Viaje, Vuelta al cole<\/div>\n<\/div>\n<div class=\"row\">\n<div class=\"cell label\">funci\u00f3n<\/div>\n<div class=\"cell value\">Port\u00e1til, reutilizable<\/div>\n<\/div>\n<div class=\"row\">\n<div class=\"cell label\">tipos de tapones para botellas de agua<\/div>\n<div class=\"cell value\">Atornillar<\/div>\n<\/div>\n<div class=\"row\">\n<div class=\"cell label\">estilo<\/div>\n<div class=\"cell value\">Moderno<\/div>\n<\/div>\n<div class=\"row\">\n<div class=\"cell label\">Patr\u00f3n<\/div>\n<div class=\"cell value\">Personalizable<\/div>\n<\/div>\n<div class=\"row\">\n<div class=\"cell label\">Personas aplicables<\/div>\n<div class=\"cell value\">Unisex<\/div>\n<\/div>\n<div class=\"row\">\n<div class=\"cell label\">ocasi\u00f3n<\/div>\n<div class=\"cell value\">Universal<\/div>\n<\/div>\n<div class=\"row\">\n<div class=\"cell label\">Muestra<\/div>\n<div class=\"cell value\">Disponible<\/div>\n<\/div>\n<div class=\"row\">\n<div class=\"cell label\">Dise\u00f1o<\/div>\n<div class=\"cell value\">Aceptar dise\u00f1os personalizados<\/div>\n<\/div>\n<div class=\"row\">\n<div class=\"cell label\">Estilo<\/div>\n<div class=\"cell value\">Moderno<\/div>\n<\/div>\n<div class=\"row\">\n<div class=\"cell label\">Nombre del producto<\/div>\n<div class=\"cell value\">Vajilla de cristal<\/div>\n<\/div>\n<div class=\"row\">\n<div class=\"cell label\">Tipo<\/div>\n<div class=\"cell value\">Vajilla de cristal<\/div>\n<\/div>\n<div class=\"row\">\n<div class=\"cell label\">Logotipo<\/div>\n<div class=\"cell value\">Logotipo personalizado aceptable<\/div>\n<\/div>\n<div class=\"row\">\n<div class=\"cell label\">Ventaja<\/div>\n<div class=\"cell value\">Port\u00e1til, duradero y seguro para uso alimentario<\/div>\n<\/div>\n<div class=\"row\">\n<div class=\"cell label\">Paquete<\/div>\n<div class=\"cell value\">Embalaje de cart\u00f3n est\u00e1ndar<\/div>\n<\/div>\n<div class=\"row\">\n<div class=\"cell label\">Unidades de venta<\/div>\n<div class=\"cell value\">Art\u00edculo individual<\/div>\n<\/div>\n<div class=\"row\">\n<div class=\"cell label\">Tama\u00f1o de envase individual<\/div>\n<div class=\"cell value\">10X10X20 cm<\/div>\n<\/div>\n<div class=\"row\">\n<div class=\"cell label\">Peso bruto \u00fanico<\/div>\n<div class=\"cell value\">0,800 kg<\/div>\n<\/div>\n<\/div>\n<p>\n<img decoding=\"async\" src=\"https:\/\/glasswaremanufacturers.com\/wp-content\/uploads\/500ml_Glass_Cup_with_Straw.webp\" alt=\"Vaso de cristal de 500 ml con pajita\" title=\"Vaso de cristal de 500 ml con pajita\"><\/p>\n<h2>PREGUNTAS FRECUENTES<\/h2>\n<p><strong>1. \u00bfEs el vaso de cristal apto para el lavavajillas?<\/strong><br \/>S\u00ed, el vaso de cristal se puede lavar en el lavavajillas para facilitar su limpieza.<\/p>\n<p><strong>2. \u00bfPuedo utilizar la taza para bebidas calientes?<\/strong><br \/>Por supuesto, el vaso de cristal es adecuado tanto para bebidas fr\u00edas como calientes.<\/p>\n<p><strong>3. \u00bfCu\u00e1l es la capacidad de la taza?<\/strong><br \/>El vaso de cristal tiene una capacidad de 500 ml, ideal para diversas bebidas.<\/p>\n<p><strong>4. \u00bfEs reutilizable la pajita?<\/strong><br \/>S\u00ed, la pajita est\u00e1 dise\u00f1ada para m\u00faltiples usos y es respetuosa con el medio ambiente.<\/p>\n<p><strong>5. \u00bfLa taza viene con tapa?<\/strong><br \/>No, la taza no incluye tapa; es un dise\u00f1o abierto.<\/p>\n<p><strong>6. \u00bfDe qu\u00e9 material est\u00e1 hecha la paja?<\/strong><br \/>La pajita est\u00e1 hecha de un material duradero y sin BPA.<\/p>\n<p><strong>7. \u00bfEs ecol\u00f3gico el vaso de cristal?<\/strong><br \/>S\u00ed, el dise\u00f1o de cristal y pajita es respetuoso con el medio ambiente, ya que reduce los residuos de pl\u00e1stico.<\/p>\n<p><strong>8. \u00bfSe puede utilizar la taza al aire libre?<\/strong><br \/>S\u00ed, el vaso de cristal es perfecto para exteriores, ya que ofrece estilo y comodidad.<\/p>\n<p><\/p>\n<h2>Blog reciente<\/h2>\n<ul class=\"reco-links\">\n<li><a href=\"https:\/\/glasswaremanufacturers.com\/es\/fabricantes-de-vasos-de-cristal-en-haiti\/\" target=\"_blank\">fabricantes de vasos de cristal en hait\u00ed<\/a><\/li>\n<li><a href=\"https:\/\/glasswaremanufacturers.com\/es\/fabricantes-de-vasos-de-cristal-en-myanmar\/\" target=\"_blank\">fabricantes de vasos de cristal en myanmar<\/a><\/li>\n<li><a href=\"https:\/\/glasswaremanufacturers.com\/es\/fabricantes-de-vasos-de-cristal-en-guinea-bissau\/\" target=\"_blank\">fabricantes de vasos de cristal en guinea bissau<\/a><\/li>\n<li><a href=\"https:\/\/glasswaremanufacturers.com\/es\/fabricantes-de-vasos-de-cristal-en-guinea\/\" target=\"_blank\">fabricantes de vasos de cristal en guinea<\/a><\/li>\n<\/ul>","protected":false},"featured_media":4806,"parent":0,"template":"","meta":{"_acf_changed":false,"_seopress_robots_primary_cat":"","_seopress_titles_title":"","_seopress_titles_desc":"","_seopress_robots_index":""},"categories":[12],"class_list":["post-4807","product","type-product","status-publish","has-post-thumbnail","hentry","category-glass-cup-manufacturers"],"acf":{"product_maidian":"<li>Durable 500ml glass for long-term use.<\/li>\r\n<li>Eco-friendly design reduces plastic waste.<\/li>\r\n<li>Convenient straw for easy sipping.<\/li>\r\n<li>Stylish and modern look for any setting.<\/li>\r\n<li>Easy to clean and maintain without hassle.<\/li>\r\n<li>Perfect for both hot and cold beverages.<\/li>\r\n<li>Ideal for office, home, or outdoor use.<\/li>\r\n<li>Enhances drinking experience with smooth flow.<\/li>"},"_links":{"self":[{"href":"https:\/\/glasswaremanufacturers.com\/es\/wp-json\/wp\/v2\/product\/4807","targetHints":{"allow":["GET"]}}],"collection":[{"href":"https:\/\/glasswaremanufacturers.com\/es\/wp-json\/wp\/v2\/product"}],"about":[{"href":"https:\/\/glasswaremanufacturers.com\/es\/wp-json\/wp\/v2\/types\/product"}],"wp:featuredmedia":[{"embeddable":true,"href":"https:\/\/glasswaremanufacturers.com\/es\/wp-json\/wp\/v2\/media\/4806"}],"wp:attachment":[{"href":"https:\/\/glasswaremanufacturers.com\/es\/wp-json\/wp\/v2\/media?parent=4807"}],"wp:term":[{"taxonomy":"category","embeddable":true,"href":"https:\/\/glasswaremanufacturers.com\/es\/wp-json\/wp\/v2\/categories?post=4807"}],"curies":[{"name":"wp","href":"https:\/\/api.w.org\/{rel}","templated":true}]}}