{"id":4809,"date":"2026-04-14T23:33:08","date_gmt":"2026-04-14T15:33:08","guid":{"rendered":"https:\/\/glasswaremanufacturers.com\/product\/400ml-square-glass-cup\/"},"modified":"2026-04-14T23:33:08","modified_gmt":"2026-04-14T15:33:08","slug":"vaso-de-cristal-cuadrado-de-400-ml","status":"publish","type":"product","link":"https:\/\/glasswaremanufacturers.com\/es\/product\/400ml-square-glass-cup\/","title":{"rendered":"Vaso de cristal cuadrado de 400 ml"},"content":{"rendered":"<h2>Productos<\/h2>\n<div class=\"product-table\">\n<div class=\"row\">\n<div class=\"cell label\">material<\/div>\n<div class=\"cell value\">Vidrio<\/div>\n<\/div>\n<div class=\"row\">\n<div class=\"cell label\">estilo<\/div>\n<div class=\"cell value\">Moderno<\/div>\n<\/div>\n<div class=\"row\">\n<div class=\"cell label\">ocasi\u00f3n<\/div>\n<div class=\"cell value\">Presenta<\/div>\n<\/div>\n<div class=\"row\">\n<div class=\"cell label\">Nombre del producto<\/div>\n<div class=\"cell value\">Vaso de cristal cuadrado de 400 ml<\/div>\n<\/div>\n<div class=\"row\">\n<div class=\"cell label\">Material<\/div>\n<div class=\"cell value\">Vidrio<\/div>\n<\/div>\n<div class=\"row\">\n<div class=\"cell label\">Capacidad<\/div>\n<div class=\"cell value\">400 ml<\/div>\n<\/div>\n<div class=\"row\">\n<div class=\"cell label\">Color<\/div>\n<div class=\"cell value\">Claro<\/div>\n<\/div>\n<div class=\"row\">\n<div class=\"cell label\">Utilizaci\u00f3n<\/div>\n<div class=\"cell value\">Caf\u00e9. T\u00e9. Cerveza. Agua<\/div>\n<\/div>\n<div class=\"row\">\n<div class=\"cell label\">Logotipo<\/div>\n<div class=\"cell value\">Acepta logotipos personalizados<\/div>\n<\/div>\n<div class=\"row\">\n<div class=\"cell label\">MOQ<\/div>\n<div class=\"cell value\">10 unidades<\/div>\n<\/div>\n<div class=\"row\">\n<div class=\"cell label\">Tapa<\/div>\n<div class=\"cell value\">Tapa de pl\u00e1stico<\/div>\n<\/div>\n<div class=\"row\">\n<div class=\"cell label\">Muestra<\/div>\n<div class=\"cell value\">Muestra Proporcionar<\/div>\n<\/div>\n<div class=\"row\">\n<div class=\"cell label\">Embalaje<\/div>\n<div class=\"cell value\">Caja<\/div>\n<\/div>\n<div class=\"row\">\n<div class=\"cell label\">Unidades de venta<\/div>\n<div class=\"cell value\">Art\u00edculo individual<\/div>\n<\/div>\n<div class=\"row\">\n<div class=\"cell label\">Tama\u00f1o de envase individual<\/div>\n<div class=\"cell value\">10X10X10 cm<\/div>\n<\/div>\n<div class=\"row\">\n<div class=\"cell label\">Peso bruto \u00fanico<\/div>\n<div class=\"cell value\">1.000 kg<\/div>\n<\/div>\n<\/div>\n<p>\n<img decoding=\"async\" src=\"https:\/\/glasswaremanufacturers.com\/wp-content\/uploads\/400ml_Square_Glass_Cup.webp\" alt=\"Vaso de cristal cuadrado de 400 ml\" title=\"Vaso de cristal cuadrado de 400 ml\"><\/p>\n<h2>PREGUNTAS FRECUENTES<\/h2>\n<p><strong>1. \u00bfCu\u00e1l es la capacidad del vaso de cristal?<\/strong><br \/>El vaso de cristal tiene una capacidad de 400 ml, ideal para bebidas de oficina.<\/p>\n<p><strong>2. \u00bfEs el vaso de cristal apto para el lavavajillas?<\/strong><br \/>S\u00ed, el vaso de cristal es f\u00e1cil de limpiar y se puede lavar en el lavavajillas.<\/p>\n<p><strong>3. \u00bfSe puede utilizar el vaso de cristal para bebidas calientes?<\/strong><br \/>Por supuesto, el vaso de cristal cuadrado de 400 ml es adecuado tanto para bebidas fr\u00edas como calientes.<\/p>\n<p><strong>4. \u00bfDe qu\u00e9 material est\u00e1 hecho el vaso de cristal?<\/strong><br \/>El vaso est\u00e1 fabricado con vidrio de alta calidad sin plomo, lo que garantiza su seguridad y durabilidad.<\/p>\n<p><strong>5. \u00bfAfecta la forma cuadrada al agarre?<\/strong><br \/>Su forma cuadrada mejora el agarre y el manejo, lo que facilita su uso.<\/p>\n<p><strong>6. \u00bfEs adecuado el vaso de cristal para entornos corporativos?<\/strong><br \/>S\u00ed, su elegante dise\u00f1o lo convierte en un complemento perfecto para los comedores de empresa.<\/p>\n<p><strong>7. \u00bfC\u00f3mo ahorra espacio de almacenamiento el vaso de cristal?<\/strong><br \/>Su dise\u00f1o apilable permite un almacenamiento eficiente, ahorrando un valioso espacio.<\/p>\n<p><strong>8. \u00bfEst\u00e1 disponible el vaso de cristal en otros tama\u00f1os?<\/strong><br \/>Actualmente, el vaso de cristal est\u00e1 disponible en un tama\u00f1o de 400 ml, ideal para raciones de bebida est\u00e1ndar.<\/p>\n<p><\/p>\n<h2>Blog reciente<\/h2>\n<ul class=\"reco-links\">\n<li><a href=\"https:\/\/glasswaremanufacturers.com\/es\/fabricantes-de-vasos-de-vidrio-en-nicaragua\/\" target=\"_blank\">fabricantes de vasos de vidrio en nicaragua<\/a><\/li>\n<li><a href=\"https:\/\/glasswaremanufacturers.com\/es\/fabricantes-de-vasos-de-cristal-en-mozambique\/\" target=\"_blank\">fabricantes de vasos de cristal en mozambique<\/a><\/li>\n<li><a href=\"https:\/\/glasswaremanufacturers.com\/es\/fabricantes-de-vasos-de-cristal-en-granada\/\" target=\"_blank\">fabricantes de vasos de cristal en granada<\/a><\/li>\n<li><a href=\"https:\/\/glasswaremanufacturers.com\/es\/fabricantes-de-vasos-de-cristal-en-sudan-del-sur\/\" target=\"_blank\">fabricantes de vasos de cristal en sud\u00e1n del sur<\/a><\/li>\n<\/ul>","protected":false},"featured_media":4808,"parent":0,"template":"","meta":{"_acf_changed":false,"_seopress_robots_primary_cat":"","_seopress_titles_title":"","_seopress_titles_desc":"","_seopress_robots_index":""},"categories":[12],"class_list":["post-4809","product","type-product","status-publish","has-post-thumbnail","hentry","category-glass-cup-manufacturers"],"acf":{"product_maidian":"<li>Durable and stylish design ideal for office use.<\/li>\r\n<li>400ml capacity perfect for serving beverages.<\/li>\r\n<li>Square shape enhances grip and handling.<\/li>\r\n<li>Made from high-quality, lead-free glass.<\/li>\r\n<li>Easy to clean and dishwasher-safe.<\/li>\r\n<li>Suitable for both hot and cold drinks.<\/li>\r\n<li>Elegant addition to corporate dining settings.<\/li>\r\n<li>Stackable design saves storage space.<\/li>"},"_links":{"self":[{"href":"https:\/\/glasswaremanufacturers.com\/es\/wp-json\/wp\/v2\/product\/4809","targetHints":{"allow":["GET"]}}],"collection":[{"href":"https:\/\/glasswaremanufacturers.com\/es\/wp-json\/wp\/v2\/product"}],"about":[{"href":"https:\/\/glasswaremanufacturers.com\/es\/wp-json\/wp\/v2\/types\/product"}],"wp:featuredmedia":[{"embeddable":true,"href":"https:\/\/glasswaremanufacturers.com\/es\/wp-json\/wp\/v2\/media\/4808"}],"wp:attachment":[{"href":"https:\/\/glasswaremanufacturers.com\/es\/wp-json\/wp\/v2\/media?parent=4809"}],"wp:term":[{"taxonomy":"category","embeddable":true,"href":"https:\/\/glasswaremanufacturers.com\/es\/wp-json\/wp\/v2\/categories?post=4809"}],"curies":[{"name":"wp","href":"https:\/\/api.w.org\/{rel}","templated":true}]}}