{"id":4813,"date":"2026-04-14T23:33:11","date_gmt":"2026-04-14T15:33:11","guid":{"rendered":"https:\/\/glasswaremanufacturers.com\/product\/530ml-stripe-glass-cup\/"},"modified":"2026-04-14T23:33:11","modified_gmt":"2026-04-14T15:33:11","slug":"vaso-de-cristal-rayado-de-530-ml","status":"publish","type":"product","link":"https:\/\/glasswaremanufacturers.com\/es\/product\/530ml-stripe-glass-cup\/","title":{"rendered":"Vaso de cristal rayado 530Ml"},"content":{"rendered":"<h2>Productos<\/h2>\n<div class=\"product-table\">\n<div class=\"row\">\n<div class=\"cell label\">material<\/div>\n<div class=\"cell value\">Vidrio<\/div>\n<\/div>\n<div class=\"row\">\n<div class=\"cell label\">tipo<\/div>\n<div class=\"cell value\">Vaso<\/div>\n<\/div>\n<div class=\"row\">\n<div class=\"cell label\">Aplicaci\u00f3n<\/div>\n<div class=\"cell value\">Hogar, Hotel, Oficina, Regalo, Senderismo, Camping, Boda, Fiesta, Deporte, Graduaci\u00f3n, Viaje, Vuelta al cole, Bebidas calientes, Bebidas fr\u00edas, Termos al vac\u00edo, T\u00e9 de la tarde<\/div>\n<\/div>\n<div class=\"row\">\n<div class=\"cell label\">funci\u00f3n<\/div>\n<div class=\"cell value\">En stock<\/div>\n<\/div>\n<div class=\"row\">\n<div class=\"cell label\">tipos de tapones para botellas de agua<\/div>\n<div class=\"cell value\">Mosquet\u00f3n<\/div>\n<\/div>\n<div class=\"row\">\n<div class=\"cell label\">estilo<\/div>\n<div class=\"cell value\">Moderno<\/div>\n<\/div>\n<div class=\"row\">\n<div class=\"cell label\">Patr\u00f3n<\/div>\n<div class=\"cell value\">S\u00f3lido<\/div>\n<\/div>\n<div class=\"row\">\n<div class=\"cell label\">Personas aplicables<\/div>\n<div class=\"cell value\">Estudiante<\/div>\n<\/div>\n<div class=\"row\">\n<div class=\"cell label\">ocasi\u00f3n<\/div>\n<div class=\"cell value\">Vuelta al cole<\/div>\n<\/div>\n<div class=\"row\">\n<div class=\"cell label\">Unidades de venta<\/div>\n<div class=\"cell value\">Art\u00edculo individual<\/div>\n<\/div>\n<div class=\"row\">\n<div class=\"cell label\">Tama\u00f1o de envase individual<\/div>\n<div class=\"cell value\">15X15X9 cm<\/div>\n<\/div>\n<div class=\"row\">\n<div class=\"cell label\">Peso bruto \u00fanico<\/div>\n<div class=\"cell value\">0,200 kg<\/div>\n<\/div>\n<\/div>\n<p>\n<img decoding=\"async\" src=\"https:\/\/glasswaremanufacturers.com\/wp-content\/uploads\/530ml_Stripe_Glass_Cup.webp\" alt=\"Vaso de cristal rayado 530Ml\" title=\"Vaso de cristal rayado 530Ml\"><\/p>\n<h2>PREGUNTAS FRECUENTES<\/h2>\n<p><strong>1. \u00bfCu\u00e1l es la capacidad del vaso de cristal?<\/strong><br \/>El vaso de cristal tiene una capacidad de 530 ml, ideal para contener bebidas.<\/p>\n<p><strong>2. \u00bfEs el vaso de cristal apto para el lavavajillas?<\/strong><br \/>S\u00ed, el vaso de cristal rayado es f\u00e1cil de limpiar y se puede lavar en el lavavajillas.<\/p>\n<p><strong>3. \u00bfPuede utilizarse el vaso de cristal para bebidas calientes?<\/strong><br \/>Su resistente estructura de cristal permite mantener las bebidas calientes de forma segura.<\/p>\n<p><strong>4. \u00bfEs el dise\u00f1o de las rayas puramente est\u00e9tico?<\/strong><br \/>El dise\u00f1o de rayas a\u00f1ade atractivo est\u00e9tico y mejora el agarre.<\/p>\n<p><strong>5. \u00bfC\u00f3mo beneficia este vaso al medio ambiente?<\/strong><br \/>Elegir el vidrio en lugar del pl\u00e1stico reduce el impacto medioambiental.<\/p>\n<p><strong>6. \u00bfEs adecuado este vaso para regalos de empresa?<\/strong><br \/>S\u00ed, su elegante dise\u00f1o lo hace perfecto para regalos de empresa.<\/p>\n<p><strong>7. \u00bfSe adapta el vaso a los portavasos est\u00e1ndar?<\/strong><br \/>S\u00ed, el tama\u00f1o de 530 ml se adapta a los portavasos est\u00e1ndar para mayor comodidad.<\/p>\n<p><strong>8. \u00bfPor qu\u00e9 elegir este vaso de vidrio en lugar del de pl\u00e1stico?<\/strong><br \/>El vidrio es m\u00e1s duradero, ecol\u00f3gico y mantiene el sabor de las bebidas.<\/p>\n<p><\/p>\n<h2>Blog reciente<\/h2>\n<ul class=\"reco-links\">\n<li><a href=\"https:\/\/glasswaremanufacturers.com\/es\/fabricantes-de-vasos-de-cristal-en-eslovenia\/\" target=\"_blank\">fabricantes de vasos de cristal en eslovenia<\/a><\/li>\n<li><a href=\"https:\/\/glasswaremanufacturers.com\/es\/fabricantes-de-vasos-de-cristal-en-eslovaquia\/\" target=\"_blank\">fabricantes de vasos de cristal en eslovaquia<\/a><\/li>\n<li><a href=\"https:\/\/glasswaremanufacturers.com\/es\/fabricantes-de-vasos-de-cristal-en-somalia\/\" target=\"_blank\">fabricantes de vasos de cristal en somalia<\/a><\/li>\n<li><a href=\"https:\/\/glasswaremanufacturers.com\/es\/fabricantes-de-vasos-de-cristal-en-guatemala\/\" target=\"_blank\">fabricantes de vasos de cristal en guatemala<\/a><\/li>\n<\/ul>","protected":false},"featured_media":4812,"parent":0,"template":"","meta":{"_acf_changed":false,"_seopress_robots_primary_cat":"","_seopress_titles_title":"","_seopress_titles_desc":"","_seopress_robots_index":""},"categories":[12],"class_list":["post-4813","product","type-product","status-publish","has-post-thumbnail","hentry","category-glass-cup-manufacturers"],"acf":{"product_maidian":"<li>Durable glass construction ensures longevity.<\/li>\r\n<li>530ml capacity perfect for beverages at work.<\/li>\r\n<li>Elegant stripe design enhances aesthetic appeal.<\/li>\r\n<li>Easy to clean, suitable for busy environments.<\/li>\r\n<li>Comfortable grip for secure handling.<\/li>\r\n<li>Eco-friendly alternative to plastic cups.<\/li>\r\n<li>Ideal for corporate gifting or office use.<\/li>\r\n<li>Fits standard cup holders for convenience.<\/li>"},"_links":{"self":[{"href":"https:\/\/glasswaremanufacturers.com\/es\/wp-json\/wp\/v2\/product\/4813","targetHints":{"allow":["GET"]}}],"collection":[{"href":"https:\/\/glasswaremanufacturers.com\/es\/wp-json\/wp\/v2\/product"}],"about":[{"href":"https:\/\/glasswaremanufacturers.com\/es\/wp-json\/wp\/v2\/types\/product"}],"wp:featuredmedia":[{"embeddable":true,"href":"https:\/\/glasswaremanufacturers.com\/es\/wp-json\/wp\/v2\/media\/4812"}],"wp:attachment":[{"href":"https:\/\/glasswaremanufacturers.com\/es\/wp-json\/wp\/v2\/media?parent=4813"}],"wp:term":[{"taxonomy":"category","embeddable":true,"href":"https:\/\/glasswaremanufacturers.com\/es\/wp-json\/wp\/v2\/categories?post=4813"}],"curies":[{"name":"wp","href":"https:\/\/api.w.org\/{rel}","templated":true}]}}