{"id":5148,"date":"2026-04-18T22:42:26","date_gmt":"2026-04-18T14:42:26","guid":{"rendered":"https:\/\/glasswaremanufacturers.com\/product\/clear-glass-drinking-cup\/"},"modified":"2026-04-18T22:42:26","modified_gmt":"2026-04-18T14:42:26","slug":"vaso-de-cristal-transparente","status":"publish","type":"product","link":"https:\/\/glasswaremanufacturers.com\/es\/product\/clear-glass-drinking-cup\/","title":{"rendered":"Vaso de cristal transparente"},"content":{"rendered":"<h2>Productos<\/h2>\n<div class=\"product-table\">\n<div class=\"row\">\n<div class=\"cell label\">tipo de vidrio<\/div>\n<div class=\"cell value\">Transparente<\/div>\n<\/div>\n<div class=\"row\">\n<div class=\"cell label\">capacidad<\/div>\n<div class=\"cell value\">270ML<\/div>\n<\/div>\n<div class=\"row\">\n<div class=\"cell label\">material<\/div>\n<div class=\"cell value\">Vidrio<\/div>\n<\/div>\n<div class=\"row\">\n<div class=\"cell label\">estilo<\/div>\n<div class=\"cell value\">Estilo americano<\/div>\n<\/div>\n<div class=\"row\">\n<div class=\"cell label\">utilice<\/div>\n<div class=\"cell value\">Vino<\/div>\n<\/div>\n<div class=\"row\">\n<div class=\"cell label\">cantidad<\/div>\n<div class=\"cell value\">1<\/div>\n<\/div>\n<div class=\"row\">\n<div class=\"cell label\">Material<\/div>\n<div class=\"cell value\">Vidrio<\/div>\n<\/div>\n<div class=\"row\">\n<div class=\"cell label\">Nombre del producto<\/div>\n<div class=\"cell value\">Copa de cristal<\/div>\n<\/div>\n<div class=\"row\">\n<div class=\"cell label\">Capacidad<\/div>\n<div class=\"cell value\">270 ml<\/div>\n<\/div>\n<div class=\"row\">\n<div class=\"cell label\">Color<\/div>\n<div class=\"cell value\">Colorido<\/div>\n<\/div>\n<div class=\"row\">\n<div class=\"cell label\">Utilizaci\u00f3n<\/div>\n<div class=\"cell value\">Inicio Hotel Restaurante Boda Fiesta<\/div>\n<\/div>\n<div class=\"row\">\n<div class=\"cell label\">Logotipo<\/div>\n<div class=\"cell value\">Logotipo personalizado<\/div>\n<\/div>\n<div class=\"row\">\n<div class=\"cell label\">Embalaje<\/div>\n<div class=\"cell value\">Caja<\/div>\n<\/div>\n<div class=\"row\">\n<div class=\"cell label\">Estilo<\/div>\n<div class=\"cell value\">Moderno a la moda<\/div>\n<\/div>\n<div class=\"row\">\n<div class=\"cell label\">Aplicaci\u00f3n<\/div>\n<div class=\"cell value\">Hotel Restaurante Casa Boda Fiesta<\/div>\n<\/div>\n<div class=\"row\">\n<div class=\"cell label\">MOQ<\/div>\n<div class=\"cell value\">50 unidades<\/div>\n<\/div>\n<div class=\"row\">\n<div class=\"cell label\">Unidades de venta<\/div>\n<div class=\"cell value\">Art\u00edculo individual<\/div>\n<\/div>\n<div class=\"row\">\n<div class=\"cell label\">Tama\u00f1o de envase individual<\/div>\n<div class=\"cell value\">16X14X20 cm<\/div>\n<\/div>\n<div class=\"row\">\n<div class=\"cell label\">Peso bruto \u00fanico<\/div>\n<div class=\"cell value\">1.000 kg<\/div>\n<\/div>\n<\/div>\n<p>\n<img decoding=\"async\" src=\"https:\/\/glasswaremanufacturers.com\/wp-content\/uploads\/Clear_Glass_Drinking_Cup.webp\" alt=\"Vaso de cristal transparente\" title=\"Vaso de cristal transparente\"><\/p>\n<h2>PREGUNTAS FRECUENTES<\/h2>\n<p><strong>1. \u00bfEs el vaso de cristal apto para el lavavajillas?<\/strong><br \/>S\u00ed, el vaso de cristal es apto para el lavavajillas, por lo que su limpieza resulta sencilla y eficaz.<\/p>\n<p><strong>2. \u00bfPuedo utilizar el vaso para bebidas calientes?<\/strong><br \/>Por supuesto, el vaso est\u00e1 dise\u00f1ado para soportar tanto bebidas fr\u00edas como calientes.<\/p>\n<p><strong>3. \u00bfEl vidrio no contiene plomo?<\/strong><br \/>S\u00ed, el vidrio no contiene plomo, lo que garantiza seguridad y tranquilidad.<\/p>\n<p><strong>4. \u00bfMantiene el cristal su claridad con el paso del tiempo?<\/strong><br \/>S\u00ed, nuestro vidrio mantiene su claridad cristalina para un uso prolongado.<\/p>\n<p><strong>5. \u00bfLas tazas son apilables?<\/strong><br \/>S\u00ed, el dise\u00f1o apilable ayuda a ahorrar espacio en las zonas de almacenamiento.<\/p>\n<p><strong>6. \u00bfCu\u00e1l es la capacidad de la taza?<\/strong><br \/>El vaso de cristal tiene un volumen est\u00e1ndar, adecuado para diversas bebidas.<\/p>\n<p><strong>7. \u00bfEs el vidrio apto para uso comercial?<\/strong><br \/>S\u00ed, es ideal tanto para entornos comerciales como dom\u00e9sticos.<\/p>\n<p><strong>8. \u00bfTiene el vaso un dise\u00f1o ergon\u00f3mico?<\/strong><br \/>S\u00ed, el vaso tiene una forma ergon\u00f3mica para un agarre c\u00f3modo.<\/p>\n<p><strong>9. \u00bfPuede el vidrio soportar cambios de temperatura?<\/strong><br \/>S\u00ed, est\u00e1 dise\u00f1ado para soportar importantes variaciones de temperatura.<\/p>\n<p><strong>10. \u00bfEs moderno el dise\u00f1o del cristal?<\/strong><br \/>S\u00ed, su elegante dise\u00f1o complementa cualquier colecci\u00f3n de vajilla contempor\u00e1nea.<\/p>\n<p><\/p>\n<h2>Blog reciente<\/h2>\n<ul class=\"reco-links\">\n<li><a href=\"https:\/\/glasswaremanufacturers.com\/es\/fabricantes-de-vasos-de-cristal-en-iraq\/\" target=\"_blank\">fabricantes de vasos de cristal en iraq<\/a><\/li>\n<li><a href=\"https:\/\/glasswaremanufacturers.com\/es\/glass-cup-manufacturers-in-romania\/\" target=\"_blank\">fabricantes de vasos de cristal en rumania<\/a><\/li>\n<li><a href=\"https:\/\/glasswaremanufacturers.com\/es\/glass-cup-manufacturers-in-greece\/\" target=\"_blank\">fabricantes de vasos de cristal en grecia<\/a><\/li>\n<li><a href=\"https:\/\/glasswaremanufacturers.com\/es\/fabricantes-de-vasos-de-vidrio-en-peru\/\" target=\"_blank\">fabricantes de vasos de vidrio en peru<\/a><\/li>\n<\/ul>","protected":false},"featured_media":5147,"parent":0,"template":"","meta":{"_acf_changed":false,"_seopress_robots_primary_cat":"","_seopress_titles_title":"","_seopress_titles_desc":"","_seopress_robots_index":""},"categories":[12],"class_list":["post-5148","product","type-product","status-publish","has-post-thumbnail","hentry","category-glass-cup-manufacturers"],"acf":{"product_maidian":"<li>Durable glass construction ensures longevity.<\/li>\r\n<li>Elegant design enhances any beverage presentation.<\/li>\r\n<li>Easy to clean for hassle-free maintenance.<\/li>\r\n<li>Perfect size for a variety of drinks.<\/li>\r\n<li>Lead-free glass guarantees safety.<\/li>\r\n<li>Stackable design saves storage space.<\/li>\r\n<li>Crystal-clear clarity showcases drink colors.<\/li>\r\n<li>Comfortable grip with ergonomic shape.<\/li>\r\n<li>Versatile use for hot and cold beverages.<\/li>\r\n<li>Ideal for both commercial and home use.<\/li>"},"_links":{"self":[{"href":"https:\/\/glasswaremanufacturers.com\/es\/wp-json\/wp\/v2\/product\/5148","targetHints":{"allow":["GET"]}}],"collection":[{"href":"https:\/\/glasswaremanufacturers.com\/es\/wp-json\/wp\/v2\/product"}],"about":[{"href":"https:\/\/glasswaremanufacturers.com\/es\/wp-json\/wp\/v2\/types\/product"}],"wp:featuredmedia":[{"embeddable":true,"href":"https:\/\/glasswaremanufacturers.com\/es\/wp-json\/wp\/v2\/media\/5147"}],"wp:attachment":[{"href":"https:\/\/glasswaremanufacturers.com\/es\/wp-json\/wp\/v2\/media?parent=5148"}],"wp:term":[{"taxonomy":"category","embeddable":true,"href":"https:\/\/glasswaremanufacturers.com\/es\/wp-json\/wp\/v2\/categories?post=5148"}],"curies":[{"name":"wp","href":"https:\/\/api.w.org\/{rel}","templated":true}]}}