{"id":5150,"date":"2026-04-18T22:42:28","date_gmt":"2026-04-18T14:42:28","guid":{"rendered":"https:\/\/glasswaremanufacturers.com\/product\/colored-double-wall-glass\/"},"modified":"2026-04-18T22:42:28","modified_gmt":"2026-04-18T14:42:28","slug":"vidrio-de-color-de-doble-pared","status":"publish","type":"product","link":"https:\/\/glasswaremanufacturers.com\/es\/product\/colored-double-wall-glass\/","title":{"rendered":"Vidrio de doble pared coloreado"},"content":{"rendered":"<h2>Productos<\/h2>\n<div class=\"product-table\">\n<div class=\"row\">\n<div class=\"cell label\">material<\/div>\n<div class=\"cell value\">Vidrio<\/div>\n<\/div>\n<div class=\"row\">\n<div class=\"cell label\">tipo<\/div>\n<div class=\"cell value\">Tazas de caf\u00e9<\/div>\n<\/div>\n<div class=\"row\">\n<div class=\"cell label\">Aplicaci\u00f3n<\/div>\n<div class=\"cell value\">Hogar, Hotel, Oficina, Regalo<\/div>\n<\/div>\n<div class=\"row\">\n<div class=\"cell label\">funci\u00f3n<\/div>\n<div class=\"cell value\">Reutilizable<\/div>\n<\/div>\n<div class=\"row\">\n<div class=\"cell label\">estilo<\/div>\n<div class=\"cell value\">N\u00f3rdico<\/div>\n<\/div>\n<div class=\"row\">\n<div class=\"cell label\">ocasi\u00f3n<\/div>\n<div class=\"cell value\">Regalos de empresa<\/div>\n<\/div>\n<div class=\"row\">\n<div class=\"cell label\">Nombre del producto<\/div>\n<div class=\"cell value\">Vaso de cristal de doble pared<\/div>\n<\/div>\n<div class=\"row\">\n<div class=\"cell label\">Material<\/div>\n<div class=\"cell value\">Vidrio borosilicato<\/div>\n<\/div>\n<div class=\"row\">\n<div class=\"cell label\">Color<\/div>\n<div class=\"cell value\">Claro<\/div>\n<\/div>\n<div class=\"row\">\n<div class=\"cell label\">Capacidad<\/div>\n<div class=\"cell value\">301-400 ml<\/div>\n<\/div>\n<div class=\"row\">\n<div class=\"cell label\">Logotipo<\/div>\n<div class=\"cell value\">Logotipo personalizado aceptable<\/div>\n<\/div>\n<div class=\"row\">\n<div class=\"cell label\">Embalaje<\/div>\n<div class=\"cell value\">Se acepta el embalaje a medida<\/div>\n<\/div>\n<div class=\"row\">\n<div class=\"cell label\">MOQ<\/div>\n<div class=\"cell value\">500 unidades<\/div>\n<\/div>\n<div class=\"row\">\n<div class=\"cell label\">Aplicaci\u00f3n<\/div>\n<div class=\"cell value\">Vida cotidiana Inicio<\/div>\n<\/div>\n<div class=\"row\">\n<div class=\"cell label\">Tiempo de muestreo<\/div>\n<div class=\"cell value\">5-7 d\u00edas laborables<\/div>\n<\/div>\n<div class=\"row\">\n<div class=\"cell label\">Plazo de entrega<\/div>\n<div class=\"cell value\">15-20 d\u00edas<\/div>\n<\/div>\n<div class=\"row\">\n<div class=\"cell label\">Unidades de venta<\/div>\n<div class=\"cell value\">Art\u00edculo individual<\/div>\n<\/div>\n<div class=\"row\">\n<div class=\"cell label\">Tama\u00f1o de envase individual<\/div>\n<div class=\"cell value\">30X20X16 cm<\/div>\n<\/div>\n<div class=\"row\">\n<div class=\"cell label\">Peso bruto \u00fanico<\/div>\n<div class=\"cell value\">0,700 kg<\/div>\n<\/div>\n<\/div>\n<p>\n<img decoding=\"async\" src=\"https:\/\/glasswaremanufacturers.com\/wp-content\/uploads\/Colored_Double_Wall_Glass.webp\" alt=\"Vidrio de doble pared coloreado\" title=\"Vidrio de doble pared coloreado\"><\/p>\n<h2>PREGUNTAS FRECUENTES<\/h2>\n<p><strong>1. \u00bfQu\u00e9 hace que el vidrio tenga doble pared?<\/strong><br \/>La construcci\u00f3n de doble pared proporciona aislamiento para mantener la temperatura de la bebida.<\/p>\n<p><strong>2. \u00bfEs seguro el vaso para bebidas calientes?<\/strong><br \/>S\u00ed, el vidrio de borosilicato soporta altas temperaturas con seguridad.<\/p>\n<p><strong>3. \u00bfPuedo utilizar este vaso para bebidas fr\u00edas?<\/strong><br \/>Absolutamente, retiene eficazmente las temperaturas fr\u00edas.<\/p>\n<p><strong>4. \u00bfSe puede lavar el cristal en el lavavajillas?<\/strong><br \/>S\u00ed, est\u00e1 dise\u00f1ado para facilitar su limpieza en el lavavajillas.<\/p>\n<p><strong>5. \u00bfHay cristales de distintos colores?<\/strong><br \/>S\u00ed, el vidrio coloreado ofrece varias opciones vibrantes.<\/p>\n<p><strong>6. \u00bfQu\u00e9 materiales se utilizan en el vidrio?<\/strong><br \/>Fabricado con vidrio de borosilicato resistente y materiales no t\u00f3xicos.<\/p>\n<p><strong>7. \u00bfEs el vaso adecuado para entornos profesionales?<\/strong><br \/>S\u00ed, su aspecto elegante es ideal para cualquier entorno profesional.<\/p>\n<p><strong>8. \u00bfC\u00f3mo beneficia el dise\u00f1o ergon\u00f3mico a los usuarios?<\/strong><br \/>Garantiza un manejo c\u00f3modo y minimiza los derrames.<\/p>\n<p><\/p>\n<h2>Blog reciente<\/h2>\n<ul class=\"reco-links\">\n<li><a href=\"https:\/\/glasswaremanufacturers.com\/es\/fabricantes-de-vasos-de-cristal-en-kuwait\/\" target=\"_blank\">fabricantes de vasos de cristal en kuwait<\/a><\/li>\n<li><a href=\"https:\/\/glasswaremanufacturers.com\/es\/fabricantes-de-vasos-de-cristal-en-qatar\/\" target=\"_blank\">fabricantes de vasos de cristal en qatar<\/a><\/li>\n<li><a href=\"https:\/\/glasswaremanufacturers.com\/es\/fabricantes-de-vasos-de-cristal-en-nueva-zelanda\/\" target=\"_blank\">fabricantes de vasos de cristal en nueva zelanda<\/a><\/li>\n<li><a href=\"https:\/\/glasswaremanufacturers.com\/es\/fabricantes-de-vasos-de-cristal-en-portugal\/\" target=\"_blank\">fabricantes de vasos de cristal en portugal<\/a><\/li>\n<\/ul>","protected":false},"featured_media":5149,"parent":0,"template":"","meta":{"_acf_changed":false,"_seopress_robots_primary_cat":"","_seopress_titles_title":"","_seopress_titles_desc":"","_seopress_robots_index":""},"categories":[12],"class_list":["post-5150","product","type-product","status-publish","has-post-thumbnail","hentry","category-glass-cup-manufacturers"],"acf":{"product_maidian":"<li>Enhance beverage presentation with vibrant colors.<\/li>\r\n<li>Double wall insulation keeps drinks hot or cold longer.<\/li>\r\n<li>Durable borosilicate glass resists temperature changes.<\/li>\r\n<li>Ergonomic design for comfortable handling.<\/li>\r\n<li>Non-toxic materials ensure safe usage.<\/li>\r\n<li>Elegant appearance suits any professional setting.<\/li>\r\n<li>Easy to clean, dishwasher safe.<\/li>\r\n<li>Versatile use for both hot and cold beverages.<\/li>"},"_links":{"self":[{"href":"https:\/\/glasswaremanufacturers.com\/es\/wp-json\/wp\/v2\/product\/5150","targetHints":{"allow":["GET"]}}],"collection":[{"href":"https:\/\/glasswaremanufacturers.com\/es\/wp-json\/wp\/v2\/product"}],"about":[{"href":"https:\/\/glasswaremanufacturers.com\/es\/wp-json\/wp\/v2\/types\/product"}],"wp:featuredmedia":[{"embeddable":true,"href":"https:\/\/glasswaremanufacturers.com\/es\/wp-json\/wp\/v2\/media\/5149"}],"wp:attachment":[{"href":"https:\/\/glasswaremanufacturers.com\/es\/wp-json\/wp\/v2\/media?parent=5150"}],"wp:term":[{"taxonomy":"category","embeddable":true,"href":"https:\/\/glasswaremanufacturers.com\/es\/wp-json\/wp\/v2\/categories?post=5150"}],"curies":[{"name":"wp","href":"https:\/\/api.w.org\/{rel}","templated":true}]}}