{"id":5152,"date":"2026-04-18T22:42:30","date_gmt":"2026-04-18T14:42:30","guid":{"rendered":"https:\/\/glasswaremanufacturers.com\/product\/colored-glass-drinking-cups\/"},"modified":"2026-04-18T22:42:30","modified_gmt":"2026-04-18T14:42:30","slug":"vasos-de-cristal-de-colores","status":"publish","type":"product","link":"https:\/\/glasswaremanufacturers.com\/es\/product\/colored-glass-drinking-cups\/","title":{"rendered":"Vasos de vidrio de colores"},"content":{"rendered":"<h2>Productos<\/h2>\n<div class=\"product-table\">\n<div class=\"row\">\n<div class=\"cell label\">material<\/div>\n<div class=\"cell value\">Vidrio<\/div>\n<\/div>\n<div class=\"row\">\n<div class=\"cell label\">tipo<\/div>\n<div class=\"cell value\">Vaso<\/div>\n<\/div>\n<div class=\"row\">\n<div class=\"cell label\">Apto para microondas<\/div>\n<div class=\"cell value\">No<\/div>\n<\/div>\n<div class=\"row\">\n<div class=\"cell label\">apto para lavavajillas<\/div>\n<div class=\"cell value\">No<\/div>\n<\/div>\n<div class=\"row\">\n<div class=\"cell label\">Aplicaci\u00f3n<\/div>\n<div class=\"cell value\">Casa, Hotel, Oficina, Camping, Fiesta, Bebidas fr\u00edas, Vuelta al cole, T\u00e9 de la tarde<\/div>\n<\/div>\n<div class=\"row\">\n<div class=\"cell label\">funci\u00f3n<\/div>\n<div class=\"cell value\">Port\u00e1til, sin BPA, apto para alimentos<\/div>\n<\/div>\n<div class=\"row\">\n<div class=\"cell label\">estilo<\/div>\n<div class=\"cell value\">Moderno<\/div>\n<\/div>\n<div class=\"row\">\n<div class=\"cell label\">Patr\u00f3n<\/div>\n<div class=\"cell value\">logotipo<\/div>\n<\/div>\n<div class=\"row\">\n<div class=\"cell label\">Personas aplicables<\/div>\n<div class=\"cell value\">Unisex<\/div>\n<\/div>\n<div class=\"row\">\n<div class=\"cell label\">ocasi\u00f3n<\/div>\n<div class=\"cell value\">Camping<\/div>\n<\/div>\n<div class=\"row\">\n<div class=\"cell label\">Tipo<\/div>\n<div class=\"cell value\">Beber<\/div>\n<\/div>\n<div class=\"row\">\n<div class=\"cell label\">Logotipo<\/div>\n<div class=\"cell value\">Logotipo personalizado<\/div>\n<\/div>\n<div class=\"row\">\n<div class=\"cell label\">Impresi\u00f3n<\/div>\n<div class=\"cell value\">Impresi\u00f3n en seda, impresi\u00f3n por transferencia t\u00e9rmica, l\u00e1ser, etc.<\/div>\n<\/div>\n<div class=\"row\">\n<div class=\"cell label\">Color<\/div>\n<div class=\"cell value\">Cualquier color personalizado disponible<\/div>\n<\/div>\n<div class=\"row\">\n<div class=\"cell label\">Talla<\/div>\n<div class=\"cell value\">300\/350 ml<\/div>\n<\/div>\n<div class=\"row\">\n<div class=\"cell label\">Entrega<\/div>\n<div class=\"cell value\">25-30 d\u00edas<\/div>\n<\/div>\n<div class=\"row\">\n<div class=\"cell label\">Embalaje<\/div>\n<div class=\"cell value\">Embalaje a granel<\/div>\n<\/div>\n<div class=\"row\">\n<div class=\"cell label\">Muestra<\/div>\n<div class=\"cell value\">Avalible<\/div>\n<\/div>\n<div class=\"row\">\n<div class=\"cell label\">MOQ<\/div>\n<div class=\"cell value\">1000 unidades<\/div>\n<\/div>\n<div class=\"row\">\n<div class=\"cell label\">Estilo<\/div>\n<div class=\"cell value\">cl\u00e1sico<\/div>\n<\/div>\n<div class=\"row\">\n<div class=\"cell label\">Unidades de venta<\/div>\n<div class=\"cell value\">Art\u00edculo individual<\/div>\n<\/div>\n<div class=\"row\">\n<div class=\"cell label\">Tama\u00f1o de envase individual<\/div>\n<div class=\"cell value\">20X20X20 cm<\/div>\n<\/div>\n<div class=\"row\">\n<div class=\"cell label\">Peso bruto \u00fanico<\/div>\n<div class=\"cell value\">2.000 kg<\/div>\n<\/div>\n<\/div>\n<p>\n<img decoding=\"async\" src=\"https:\/\/glasswaremanufacturers.com\/wp-content\/uploads\/Colored_Glass_Drinking_Cups.webp\" alt=\"Vasos de vidrio de colores\" title=\"Vasos de vidrio de colores\"><\/p>\n<h2>PREGUNTAS FRECUENTES<\/h2>\n<p><strong>1. \u00bfLas tazas se pueden lavar en el lavavajillas?<\/strong><br \/>S\u00ed, los vasos de cristal de colores se pueden lavar en el lavavajillas para facilitar su limpieza.<\/p>\n<p><strong>2. \u00bfQu\u00e9 materiales se utilizan?<\/strong><br \/>Los vasos son de vidrio coloreado duradero y no t\u00f3xico.<\/p>\n<p><strong>3. \u00bfPueden contener bebidas calientes?<\/strong><br \/>S\u00ed, estas tazas est\u00e1n dise\u00f1adas para contener tanto bebidas fr\u00edas como calientes.<\/p>\n<p><strong>4. \u00bfSon los colores resistentes a la decoloraci\u00f3n?<\/strong><br \/>S\u00ed, los colores vibrantes est\u00e1n dise\u00f1ados para resistir la decoloraci\u00f3n con el paso del tiempo.<\/p>\n<p><strong>5. 5. \u00bfHay tazas de diferentes tama\u00f1os?<\/strong><br \/>S\u00ed, est\u00e1n disponibles en varios tama\u00f1os para adaptarse a diferentes necesidades.<\/p>\n<p><strong>6. \u00bfLas tazas son apilables?<\/strong><br \/>S\u00ed, el dise\u00f1o permite apilarlos f\u00e1cilmente para ahorrar espacio.<\/p>\n<p><strong>7. \u00bfEs ecol\u00f3gico el vidrio?<\/strong><br \/>S\u00ed, el vidrio est\u00e1 fabricado con materiales sostenibles.<\/p>\n<p><strong>8. \u00bfPueden utilizarse en exteriores?<\/strong><br \/>S\u00ed, estas tazas son adecuadas tanto para interiores como para exteriores.<\/p>\n<p><\/p>\n<h2>Blog reciente<\/h2>\n<ul class=\"reco-links\">\n<li><a href=\"https:\/\/glasswaremanufacturers.com\/es\/fabricantes-de-vasos-de-cristal-en-checa\/\" target=\"_blank\">fabricantes de vasos de cristal en checa<\/a><\/li>\n<li><a href=\"https:\/\/glasswaremanufacturers.com\/es\/fabricantes-de-vasos-de-vidrio-en-chile\/\" target=\"_blank\">fabricantes de vasos de vidrio en chile<\/a><\/li>\n<li><a href=\"https:\/\/glasswaremanufacturers.com\/es\/fabricantes-de-vasos-de-cristal-en-hong-kong\/\" target=\"_blank\">fabricantes de vasos de cristal en hong kong<\/a><\/li>\n<li><a href=\"https:\/\/glasswaremanufacturers.com\/es\/fabricantes-de-vasos-de-vidrio-en-colombia\/\" target=\"_blank\">fabricantes de vasos de vidrio en colombia<\/a><\/li>\n<\/ul>","protected":false},"featured_media":5151,"parent":0,"template":"","meta":{"_acf_changed":false,"_seopress_robots_primary_cat":"","_seopress_titles_title":"","_seopress_titles_desc":"","_seopress_robots_index":""},"categories":[12],"class_list":["post-5152","product","type-product","status-publish","has-post-thumbnail","hentry","category-glass-cup-manufacturers"],"acf":{"product_maidian":"<li>Durable colored glass for long-lasting use.<\/li>\r\n<li>Available in various vibrant colors to match any decor.<\/li>\r\n<li>Perfect for both hot and cold beverages.<\/li>\r\n<li>Eco-friendly materials promote sustainability.<\/li>\r\n<li>Non-toxic and safe for everyday use.<\/li>\r\n<li>Easy to clean, dishwasher safe.<\/li>\r\n<li>Stylish design enhances table aesthetics.<\/li>\r\n<li>Ideal for restaurants, cafes, and home use.<\/li>"},"_links":{"self":[{"href":"https:\/\/glasswaremanufacturers.com\/es\/wp-json\/wp\/v2\/product\/5152","targetHints":{"allow":["GET"]}}],"collection":[{"href":"https:\/\/glasswaremanufacturers.com\/es\/wp-json\/wp\/v2\/product"}],"about":[{"href":"https:\/\/glasswaremanufacturers.com\/es\/wp-json\/wp\/v2\/types\/product"}],"wp:featuredmedia":[{"embeddable":true,"href":"https:\/\/glasswaremanufacturers.com\/es\/wp-json\/wp\/v2\/media\/5151"}],"wp:attachment":[{"href":"https:\/\/glasswaremanufacturers.com\/es\/wp-json\/wp\/v2\/media?parent=5152"}],"wp:term":[{"taxonomy":"category","embeddable":true,"href":"https:\/\/glasswaremanufacturers.com\/es\/wp-json\/wp\/v2\/categories?post=5152"}],"curies":[{"name":"wp","href":"https:\/\/api.w.org\/{rel}","templated":true}]}}