{"id":5154,"date":"2026-04-18T22:42:31","date_gmt":"2026-04-18T14:42:31","guid":{"rendered":"https:\/\/glasswaremanufacturers.com\/product\/colored-glass-wine-cup\/"},"modified":"2026-04-18T22:42:31","modified_gmt":"2026-04-18T14:42:31","slug":"copa-de-vino-de-cristal-de-color","status":"publish","type":"product","link":"https:\/\/glasswaremanufacturers.com\/es\/product\/colored-glass-wine-cup\/","title":{"rendered":"Copa de vino de cristal coloreado"},"content":{"rendered":"<h2>Productos<\/h2>\n<div class=\"product-table\">\n<div class=\"row\">\n<div class=\"cell label\">material<\/div>\n<div class=\"cell value\">Cristal<\/div>\n<\/div>\n<div class=\"row\">\n<div class=\"cell label\">tipo<\/div>\n<div class=\"cell value\">Tazas de cerveza<\/div>\n<\/div>\n<div class=\"row\">\n<div class=\"cell label\">Apto para microondas<\/div>\n<div class=\"cell value\">No<\/div>\n<\/div>\n<div class=\"row\">\n<div class=\"cell label\">apto para lavavajillas<\/div>\n<div class=\"cell value\">No<\/div>\n<\/div>\n<div class=\"row\">\n<div class=\"cell label\">Aplicaci\u00f3n<\/div>\n<div class=\"cell value\">bebidas fr\u00edas<\/div>\n<\/div>\n<div class=\"row\">\n<div class=\"cell label\">funci\u00f3n<\/div>\n<div class=\"cell value\">En stock<\/div>\n<\/div>\n<div class=\"row\">\n<div class=\"cell label\">tipos de tapones para botellas de agua<\/div>\n<div class=\"cell value\">No<\/div>\n<\/div>\n<div class=\"row\">\n<div class=\"cell label\">estilo<\/div>\n<div class=\"cell value\">CL\u00c1SICO,Moderno,N\u00f3rdico,Tradicional<\/div>\n<\/div>\n<div class=\"row\">\n<div class=\"cell label\">Patr\u00f3n<\/div>\n<div class=\"cell value\">logotipo<\/div>\n<\/div>\n<div class=\"row\">\n<div class=\"cell label\">Personas aplicables<\/div>\n<div class=\"cell value\">Adultos<\/div>\n<\/div>\n<div class=\"row\">\n<div class=\"cell label\">ocasi\u00f3n<\/div>\n<div class=\"cell value\">Uso diario,Regalo de empresa,Fiesta,Regalo de Navidad<\/div>\n<\/div>\n<div class=\"row\">\n<div class=\"cell label\">Nombre del producto<\/div>\n<div class=\"cell value\">180ml 250ml Eco-friendly Custom Colored Glass Drinkware<\/div>\n<\/div>\n<div class=\"row\">\n<div class=\"cell label\">Material<\/div>\n<div class=\"cell value\">Vidrio<\/div>\n<\/div>\n<div class=\"row\">\n<div class=\"cell label\">Utilizaci\u00f3n<\/div>\n<div class=\"cell value\">Caf\u00e9. T\u00e9. Cerveza. Agua<\/div>\n<\/div>\n<div class=\"row\">\n<div class=\"cell label\">Color<\/div>\n<div class=\"cell value\">Color personalizado<\/div>\n<\/div>\n<div class=\"row\">\n<div class=\"cell label\">Capacidad<\/div>\n<div class=\"cell value\">180 ml\/250 ml<\/div>\n<\/div>\n<div class=\"row\">\n<div class=\"cell label\">MOQ<\/div>\n<div class=\"cell value\">100 unidades<\/div>\n<\/div>\n<div class=\"row\">\n<div class=\"cell label\">Estilo<\/div>\n<div class=\"cell value\">Arte moderno \u00danico<\/div>\n<\/div>\n<div class=\"row\">\n<div class=\"cell label\">PAGO<\/div>\n<div class=\"cell value\">T\/T<\/div>\n<\/div>\n<div class=\"row\">\n<div class=\"cell label\">Calidad<\/div>\n<div class=\"cell value\">Alta calidad<\/div>\n<\/div>\n<div class=\"row\">\n<div class=\"cell label\">Servicio<\/div>\n<div class=\"cell value\">Respuesta en l\u00ednea 24 horas<\/div>\n<\/div>\n<div class=\"row\">\n<div class=\"cell label\">Unidades de venta<\/div>\n<div class=\"cell value\">Art\u00edculo individual<\/div>\n<\/div>\n<div class=\"row\">\n<div class=\"cell label\">Tama\u00f1o de envase individual<\/div>\n<div class=\"cell value\">15X15X15 cm<\/div>\n<\/div>\n<div class=\"row\">\n<div class=\"cell label\">Peso bruto \u00fanico<\/div>\n<div class=\"cell value\">2.000 kg<\/div>\n<\/div>\n<\/div>\n<p>\n<img decoding=\"async\" src=\"https:\/\/glasswaremanufacturers.com\/wp-content\/uploads\/Colored_Glass_Wine_Cup.webp\" alt=\"Copa de vino de cristal coloreado\" title=\"Copa de vino de cristal coloreado\"><\/p>\n<h2>PREGUNTAS FRECUENTES<\/h2>\n<p><strong>1. \u00bfDe qu\u00e9 material est\u00e1n hechas las tazas?<\/strong><br \/>Las copas de vino de cristal de colores est\u00e1n fabricadas con cristal duradero de alta calidad.<\/p>\n<p><strong>2. \u00bfSe pueden lavar estas tazas en el lavavajillas?<\/strong><br \/>S\u00ed, las copas de vino de cristal de colores est\u00e1n dise\u00f1adas para poder lavarse f\u00e1cilmente en el lavavajillas.<\/p>\n<p><strong>3. \u00bfPueden utilizarse estas copas para vinos tintos y blancos?<\/strong><br \/>Absolutamente, las copas de vino de cristal de colores son vers\u00e1tiles para cualquier tipo de vino.<\/p>\n<p><strong>4. \u00bfSe desti\u00f1en los colores con el tiempo?<\/strong><br \/>No, los vibrantes colores del cristal est\u00e1n dise\u00f1ados para permanecer vivos y duraderos.<\/p>\n<p><strong>5. \u00bfQu\u00e9 tama\u00f1os hay disponibles para estas copas de vino?<\/strong><br \/>Las copas de vino de cristal de colores vienen en varios tama\u00f1os para satisfacer diferentes necesidades de servicio.<\/p>\n<p><strong>6. \u00bfSon estas copas de vino adecuadas para eventos formales?<\/strong><br \/>S\u00ed, su elegante dise\u00f1o las hace ideales para eventos de alto nivel.<\/p>\n<p><strong>7. \u00bfC\u00f3mo mejoran estas copas la experiencia de la cata de vinos?<\/strong><br \/>Los vibrantes colores a\u00f1aden una dimensi\u00f3n visual \u00fanica a la experiencia de la cata de vinos.<\/p>\n<p><strong>8. \u00bfHay una cantidad m\u00ednima de pedido?<\/strong><br \/>S\u00ed, p\u00f3ngase en contacto con nosotros para obtener informaci\u00f3n sobre las cantidades m\u00ednimas de pedido.<\/p>\n<p><\/p>\n<h2>Blog reciente<\/h2>\n<ul class=\"reco-links\">\n<li><a href=\"https:\/\/glasswaremanufacturers.com\/es\/fabricantes-de-vasos-de-cristal-en-dinamarca\/\" target=\"_blank\">fabricantes de vasos de cristal en dinamarca<\/a><\/li>\n<li><a href=\"https:\/\/glasswaremanufacturers.com\/es\/fabricantes-de-vasos-de-cristal-en-singapur\/\" target=\"_blank\">fabricantes de vasos de cristal en singapur<\/a><\/li>\n<li><a href=\"https:\/\/glasswaremanufacturers.com\/es\/fabricantes-de-vasos-de-cristal-en-filipinas\/\" target=\"_blank\">fabricantes de vasos de cristal en filipinas<\/a><\/li>\n<li><a href=\"https:\/\/glasswaremanufacturers.com\/es\/fabricantes-de-vasos-de-cristal-en-malasia\/\" target=\"_blank\">fabricantes de vasos de cristal en malasia<\/a><\/li>\n<\/ul>","protected":false},"featured_media":5153,"parent":0,"template":"","meta":{"_acf_changed":false,"_seopress_robots_primary_cat":"","_seopress_titles_title":"","_seopress_titles_desc":"","_seopress_robots_index":""},"categories":[12],"class_list":["post-5154","product","type-product","status-publish","has-post-thumbnail","hentry","category-glass-cup-manufacturers"],"acf":{"product_maidian":"<li>Enhance wine tasting experience with vibrant colors.<\/li>\r\n<li>Durable material ensures long-lasting use.<\/li>\r\n<li>Easy to clean and maintain for busy settings.<\/li>\r\n<li>Perfect for upscale events and casual gatherings.<\/li>\r\n<li>Lightweight design for comfortable handling.<\/li>\r\n<li>Versatile for both red and white wines.<\/li>\r\n<li>Attractive design to impress guests and clients.<\/li>\r\n<li>Available in various sizes to suit different needs.<\/li>"},"_links":{"self":[{"href":"https:\/\/glasswaremanufacturers.com\/es\/wp-json\/wp\/v2\/product\/5154","targetHints":{"allow":["GET"]}}],"collection":[{"href":"https:\/\/glasswaremanufacturers.com\/es\/wp-json\/wp\/v2\/product"}],"about":[{"href":"https:\/\/glasswaremanufacturers.com\/es\/wp-json\/wp\/v2\/types\/product"}],"wp:featuredmedia":[{"embeddable":true,"href":"https:\/\/glasswaremanufacturers.com\/es\/wp-json\/wp\/v2\/media\/5153"}],"wp:attachment":[{"href":"https:\/\/glasswaremanufacturers.com\/es\/wp-json\/wp\/v2\/media?parent=5154"}],"wp:term":[{"taxonomy":"category","embeddable":true,"href":"https:\/\/glasswaremanufacturers.com\/es\/wp-json\/wp\/v2\/categories?post=5154"}],"curies":[{"name":"wp","href":"https:\/\/api.w.org\/{rel}","templated":true}]}}