{"id":5156,"date":"2026-04-18T22:42:33","date_gmt":"2026-04-18T14:42:33","guid":{"rendered":"https:\/\/glasswaremanufacturers.com\/product\/colorful-glass-drinking-cup\/"},"modified":"2026-04-18T22:42:33","modified_gmt":"2026-04-18T14:42:33","slug":"vaso-de-cristal-de-colores","status":"publish","type":"product","link":"https:\/\/glasswaremanufacturers.com\/es\/product\/colorful-glass-drinking-cup\/","title":{"rendered":"Vaso de cristal de colores"},"content":{"rendered":"<h2>Productos<\/h2>\n<div class=\"product-table\">\n<div class=\"row\">\n<div class=\"cell label\">material<\/div>\n<div class=\"cell value\">Vidrio<\/div>\n<\/div>\n<div class=\"row\">\n<div class=\"cell label\">tipo<\/div>\n<div class=\"cell value\">Tazas de leche<\/div>\n<\/div>\n<div class=\"row\">\n<div class=\"cell label\">Aplicaci\u00f3n<\/div>\n<div class=\"cell value\">Inicio<\/div>\n<\/div>\n<div class=\"row\">\n<div class=\"cell label\">funci\u00f3n<\/div>\n<div class=\"cell value\">Abastecido, respetuoso con el medio ambiente<\/div>\n<\/div>\n<div class=\"row\">\n<div class=\"cell label\">estilo<\/div>\n<div class=\"cell value\">Ninguno<\/div>\n<\/div>\n<div class=\"row\">\n<div class=\"cell label\">Personas aplicables<\/div>\n<div class=\"cell value\">Unisex<\/div>\n<\/div>\n<div class=\"row\">\n<div class=\"cell label\">ocasi\u00f3n<\/div>\n<div class=\"cell value\">Fiesta<\/div>\n<\/div>\n<div class=\"row\">\n<div class=\"cell label\">Nombre del producto<\/div>\n<div class=\"cell value\">Vaso de cristal<\/div>\n<\/div>\n<div class=\"row\">\n<div class=\"cell label\">Forma<\/div>\n<div class=\"cell value\">Forma redonda<\/div>\n<\/div>\n<div class=\"row\">\n<div class=\"cell label\">Palabra clave<\/div>\n<div class=\"cell value\">Botella de cristal<\/div>\n<\/div>\n<div class=\"row\">\n<div class=\"cell label\">Talla<\/div>\n<div class=\"cell value\">como foto<\/div>\n<\/div>\n<div class=\"row\">\n<div class=\"cell label\">MOQ<\/div>\n<div class=\"cell value\">500 unidades<\/div>\n<\/div>\n<div class=\"row\">\n<div class=\"cell label\">Tapa<\/div>\n<div class=\"cell value\">sin tapa<\/div>\n<\/div>\n<div class=\"row\">\n<div class=\"cell label\">Color<\/div>\n<div class=\"cell value\">como foto<\/div>\n<\/div>\n<div class=\"row\">\n<div class=\"cell label\">Muestra<\/div>\n<div class=\"cell value\">Puede proporcionarla<\/div>\n<\/div>\n<div class=\"row\">\n<div class=\"cell label\">Unidades de venta<\/div>\n<div class=\"cell value\">Art\u00edculo individual<\/div>\n<\/div>\n<div class=\"row\">\n<div class=\"cell label\">Tama\u00f1o de envase individual<\/div>\n<div class=\"cell value\">1X1X1 cm<\/div>\n<\/div>\n<div class=\"row\">\n<div class=\"cell label\">Peso bruto \u00fanico<\/div>\n<div class=\"cell value\">0,350 kg<\/div>\n<\/div>\n<\/div>\n<p>\n<img decoding=\"async\" src=\"https:\/\/glasswaremanufacturers.com\/wp-content\/uploads\/Colorful_Glass_Drinking_Cup.webp\" alt=\"Vaso de cristal de colores\" title=\"Vaso de cristal de colores\"><\/p>\n<h2>PREGUNTAS FRECUENTES<\/h2>\n<p><strong>1. \u00bfCu\u00e1l es el material utilizado?<\/strong><br \/>La taza est\u00e1 fabricada en vidrio duradero de alta calidad.<\/p>\n<p><strong>2. \u00bfLas tazas son aptas para microondas?<\/strong><br \/>S\u00ed, estos vasos de cristal son aptos para microondas.<\/p>\n<p><strong>3. \u00bfPuedo utilizarlos para bebidas calientes?<\/strong><br \/>Por supuesto, estas tazas son adecuadas para bebidas calientes.<\/p>\n<p><strong>4. \u00bfC\u00f3mo se limpian las tazas?<\/strong><br \/>Las tazas se pueden lavar en el lavavajillas para facilitar su limpieza.<\/p>\n<p><strong>5. \u00bfLas tazas son apilables?<\/strong><br \/>S\u00ed, el dise\u00f1o permite apilarlos y guardarlos f\u00e1cilmente.<\/p>\n<p><strong>6. \u00bfPuedo personalizar las tazas con mi logotipo?<\/strong><br \/>Existen opciones personalizables para personalizar la marca.<\/p>\n<p><strong>7. \u00bfSon ecol\u00f3gicas las tazas?<\/strong><br \/>S\u00ed, ayudan a reducir el uso de pl\u00e1stico con su material de vidrio.<\/p>\n<p><strong>8. \u00bfQu\u00e9 colores hay disponibles?<\/strong><br \/>Las tazas vienen en una variedad de colores vibrantes.<\/p>\n<p><\/p>\n<h2>Blog reciente<\/h2>\n<ul class=\"reco-links\">\n<li><a href=\"https:\/\/glasswaremanufacturers.com\/es\/fabricantes-de-vasos-de-cristal-en-bangladesh\/\" target=\"_blank\">fabricantes de vasos de cristal en bangladesh<\/a><\/li>\n<li><a href=\"https:\/\/glasswaremanufacturers.com\/es\/fabricantes-de-vasos-de-cristal-en-finlandia\/\" target=\"_blank\">fabricantes de vasos de cristal en finlandia<\/a><\/li>\n<li><a href=\"https:\/\/glasswaremanufacturers.com\/es\/fabricantes-de-vasos-de-cristal-en-egipto\/\" target=\"_blank\">fabricantes de vasos de cristal en egipto<\/a><\/li>\n<li><a href=\"https:\/\/glasswaremanufacturers.com\/es\/fabricantes-de-vasos-de-cristal-en-pakistan\/\" target=\"_blank\">fabricantes de vasos de cristal en pakistan<\/a><\/li>\n<\/ul>","protected":false},"featured_media":5155,"parent":0,"template":"","meta":{"_acf_changed":false,"_seopress_robots_primary_cat":"","_seopress_titles_title":"","_seopress_titles_desc":"","_seopress_robots_index":""},"categories":[12],"class_list":["post-5156","product","type-product","status-publish","has-post-thumbnail","hentry","category-glass-cup-manufacturers"],"acf":{"product_maidian":"<li>Durable glass design for long-lasting use.<\/li>\r\n<li>Vibrant colors to enhance any setting.<\/li>\r\n<li>Ideal for both hot and cold beverages.<\/li>\r\n<li>Easy to clean and dishwasher safe.<\/li>\r\n<li>Perfect for restaurants, cafes, and bars.<\/li>\r\n<li>Stackable design for convenient storage.<\/li>\r\n<li>Eco-friendly material reducing plastic usage.<\/li>\r\n<li>Customizable options available for branding.<\/li>"},"_links":{"self":[{"href":"https:\/\/glasswaremanufacturers.com\/es\/wp-json\/wp\/v2\/product\/5156","targetHints":{"allow":["GET"]}}],"collection":[{"href":"https:\/\/glasswaremanufacturers.com\/es\/wp-json\/wp\/v2\/product"}],"about":[{"href":"https:\/\/glasswaremanufacturers.com\/es\/wp-json\/wp\/v2\/types\/product"}],"wp:featuredmedia":[{"embeddable":true,"href":"https:\/\/glasswaremanufacturers.com\/es\/wp-json\/wp\/v2\/media\/5155"}],"wp:attachment":[{"href":"https:\/\/glasswaremanufacturers.com\/es\/wp-json\/wp\/v2\/media?parent=5156"}],"wp:term":[{"taxonomy":"category","embeddable":true,"href":"https:\/\/glasswaremanufacturers.com\/es\/wp-json\/wp\/v2\/categories?post=5156"}],"curies":[{"name":"wp","href":"https:\/\/api.w.org\/{rel}","templated":true}]}}