{"id":5158,"date":"2026-04-18T22:42:34","date_gmt":"2026-04-18T14:42:34","guid":{"rendered":"https:\/\/glasswaremanufacturers.com\/product\/confetti-glass-drinking-cup\/"},"modified":"2026-04-18T22:42:34","modified_gmt":"2026-04-18T14:42:34","slug":"vaso-de-cristal-confeti","status":"publish","type":"product","link":"https:\/\/glasswaremanufacturers.com\/es\/product\/confetti-glass-drinking-cup\/","title":{"rendered":"Vaso de cristal con confeti"},"content":{"rendered":"<h2>Productos<\/h2>\n<div class=\"product-table\">\n<div class=\"row\">\n<div class=\"cell label\">material<\/div>\n<div class=\"cell value\">Vidrio<\/div>\n<\/div>\n<div class=\"row\">\n<div class=\"cell label\">tipo<\/div>\n<div class=\"cell value\">vasos de zumo<\/div>\n<\/div>\n<div class=\"row\">\n<div class=\"cell label\">Construcci\u00f3n de muros<\/div>\n<div class=\"cell value\">Pared simple<\/div>\n<\/div>\n<div class=\"row\">\n<div class=\"cell label\">Apto para microondas<\/div>\n<div class=\"cell value\">S\u00ed<\/div>\n<\/div>\n<div class=\"row\">\n<div class=\"cell label\">apto para lavavajillas<\/div>\n<div class=\"cell value\">S\u00ed<\/div>\n<\/div>\n<div class=\"row\">\n<div class=\"cell label\">Aplicaci\u00f3n<\/div>\n<div class=\"cell value\">Casa, Boda, Hotel, Oficina, Viaje, T\u00e9 de la tarde<\/div>\n<\/div>\n<div class=\"row\">\n<div class=\"cell label\">funci\u00f3n<\/div>\n<div class=\"cell value\">Reutilizable, apto para alimentos, Hot Selling, Transparente, reutilizable<\/div>\n<\/div>\n<div class=\"row\">\n<div class=\"cell label\">tipos de tapones para botellas de agua<\/div>\n<div class=\"cell value\">ninguno<\/div>\n<\/div>\n<div class=\"row\">\n<div class=\"cell label\">estilo<\/div>\n<div class=\"cell value\">Moderno<\/div>\n<\/div>\n<div class=\"row\">\n<div class=\"cell label\">Patr\u00f3n<\/div>\n<div class=\"cell value\">Dibujos animados, Fruta, Coraz\u00f3n<\/div>\n<\/div>\n<div class=\"row\">\n<div class=\"cell label\">Personas aplicables<\/div>\n<div class=\"cell value\">Unisex<\/div>\n<\/div>\n<div class=\"row\">\n<div class=\"cell label\">ocasi\u00f3n<\/div>\n<div class=\"cell value\">Presenta<\/div>\n<\/div>\n<div class=\"row\">\n<div class=\"cell label\">Estilo<\/div>\n<div class=\"cell value\">Cl\u00e1sico<\/div>\n<\/div>\n<div class=\"row\">\n<div class=\"cell label\">Material\/tipo<\/div>\n<div class=\"cell value\">Vidrio<\/div>\n<\/div>\n<div class=\"row\">\n<div class=\"cell label\">Unidades de venta<\/div>\n<div class=\"cell value\">Art\u00edculo individual<\/div>\n<\/div>\n<div class=\"row\">\n<div class=\"cell label\">Tama\u00f1o de envase individual<\/div>\n<div class=\"cell value\">10X10X15 cm<\/div>\n<\/div>\n<div class=\"row\">\n<div class=\"cell label\">Peso bruto \u00fanico<\/div>\n<div class=\"cell value\">0,490 kg<\/div>\n<\/div>\n<\/div>\n<p>\n<img decoding=\"async\" src=\"https:\/\/glasswaremanufacturers.com\/wp-content\/uploads\/Confetti_Glass_Drinking_Cup.webp\" alt=\"Vaso de cristal con confeti\" title=\"Vaso de cristal con confeti\"><\/p>\n<h2>PREGUNTAS FRECUENTES<\/h2>\n<p><strong>1. \u00bfCu\u00e1l es la capacidad del vaso Confetti?<\/strong><br \/>El vaso de vidrio Confetti tiene una capacidad de hasta 12 onzas, perfecto para bebidas est\u00e1ndar.<\/p>\n<p><strong>2. El vaso de vidrio Confetti, \u00bfse puede lavar en el lavavajillas?<\/strong><br \/>S\u00ed, el vaso de vidrio Confetti es apto para el lavavajillas, por lo que es f\u00e1cil de limpiar.<\/p>\n<p><strong>3. \u00bfSe pueden personalizar los vasos de vidrio Confetti con logotipos?<\/strong><br \/>Por supuesto, el vaso Confetti puede personalizarse con el logotipo de su empresa.<\/p>\n<p><strong>4. \u00bfPor qu\u00e9 es ecol\u00f3gico el vaso de vidrio Confetti?<\/strong><br \/>El vaso de vidrio Confetti est\u00e1 fabricado con materiales sostenibles, lo que reduce el impacto medioambiental.<\/p>\n<p><strong>5. \u00bfC\u00f3mo beneficia el dise\u00f1o del confeti a los eventos empresariales?<\/strong><br \/>El dise\u00f1o de confeti a\u00f1ade un toque festivo, realzando el ambiente de los eventos empresariales.<\/p>\n<p><strong>6. \u00bfEl vaso de vidrio Confetti es adecuado para bebidas calientes?<\/strong><br \/>El vaso de vidrio Confetti est\u00e1 dise\u00f1ado para bebidas fr\u00edas; no se recomienda utilizarlo para bebidas calientes.<\/p>\n<p><strong>7. \u00bfEst\u00e1 disponible el vaso de vidrio Confetti en diferentes tama\u00f1os?<\/strong><br \/>Actualmente, el vaso de vidrio Confetti est\u00e1 disponible en un tama\u00f1o est\u00e1ndar optimizado para una mayor versatilidad.<\/p>\n<p><strong>8. \u00bfQu\u00e9 tipo de vidrio se utiliza en el vaso Confetti Glass Drinking Cup?<\/strong><br \/>El vaso de vidrio Confetti est\u00e1 fabricado con vidrio duradero de alta calidad para un uso fiable.<\/p>\n<p><\/p>\n<h2>Blog reciente<\/h2>\n<ul class=\"reco-links\">\n<li><a href=\"https:\/\/glasswaremanufacturers.com\/es\/fabricantes-de-vasos-de-cristal-en-sudafrica\/\" target=\"_blank\">fabricantes de vasos de cristal en sud\u00e1frica<\/a><\/li>\n<li><a href=\"https:\/\/glasswaremanufacturers.com\/es\/fabricantes-de-vasos-de-cristal-en-nigeria\/\" target=\"_blank\">fabricantes de vasos de cristal en nigeria<\/a><\/li>\n<li><a href=\"https:\/\/glasswaremanufacturers.com\/es\/glass-cup-manufacturers-in-argentina\/\" target=\"_blank\">fabricantes de vasos de vidrio en argentina<\/a><\/li>\n<li><a href=\"https:\/\/glasswaremanufacturers.com\/es\/fabricantes-de-vasos-de-cristal-en-israel\/\" target=\"_blank\">fabricantes de vasos de cristal en israel<\/a><\/li>\n<\/ul>","protected":false},"featured_media":5157,"parent":0,"template":"","meta":{"_acf_changed":false,"_seopress_robots_primary_cat":"","_seopress_titles_title":"","_seopress_titles_desc":"","_seopress_robots_index":""},"categories":[12],"class_list":["post-5158","product","type-product","status-publish","has-post-thumbnail","hentry","category-glass-cup-manufacturers"],"acf":{"product_maidian":"<li>Durable glass construction ensures long-lasting use.<\/li>\r\n<li>Elegant confetti design enhances aesthetic appeal.<\/li>\r\n<li>Perfect for serving beverages at corporate events.<\/li>\r\n<li>Easy to clean and maintain for busy environments.<\/li>\r\n<li>Versatile size accommodates various drink types.<\/li>\r\n<li>Eco-friendly material reduces environmental impact.<\/li>\r\n<li>Comfortable grip design for easy handling.<\/li>\r\n<li>Ideal for promotional branding opportunities.<\/li>"},"_links":{"self":[{"href":"https:\/\/glasswaremanufacturers.com\/es\/wp-json\/wp\/v2\/product\/5158","targetHints":{"allow":["GET"]}}],"collection":[{"href":"https:\/\/glasswaremanufacturers.com\/es\/wp-json\/wp\/v2\/product"}],"about":[{"href":"https:\/\/glasswaremanufacturers.com\/es\/wp-json\/wp\/v2\/types\/product"}],"wp:featuredmedia":[{"embeddable":true,"href":"https:\/\/glasswaremanufacturers.com\/es\/wp-json\/wp\/v2\/media\/5157"}],"wp:attachment":[{"href":"https:\/\/glasswaremanufacturers.com\/es\/wp-json\/wp\/v2\/media?parent=5158"}],"wp:term":[{"taxonomy":"category","embeddable":true,"href":"https:\/\/glasswaremanufacturers.com\/es\/wp-json\/wp\/v2\/categories?post=5158"}],"curies":[{"name":"wp","href":"https:\/\/api.w.org\/{rel}","templated":true}]}}