{"id":5160,"date":"2026-04-18T22:42:36","date_gmt":"2026-04-18T14:42:36","guid":{"rendered":"https:\/\/glasswaremanufacturers.com\/product\/crystal-beer-glass-mug\/"},"modified":"2026-04-18T22:42:36","modified_gmt":"2026-04-18T14:42:36","slug":"jarra-de-cerveza-de-cristal","status":"publish","type":"product","link":"https:\/\/glasswaremanufacturers.com\/es\/product\/crystal-beer-glass-mug\/","title":{"rendered":"Taza de cristal para cerveza"},"content":{"rendered":"<h2>Productos<\/h2>\n<div class=\"product-table\">\n<div class=\"row\">\n<div class=\"cell label\">tipo de vidrio<\/div>\n<div class=\"cell value\">Transparente<\/div>\n<\/div>\n<div class=\"row\">\n<div class=\"cell label\">material<\/div>\n<div class=\"cell value\">Vidrio<\/div>\n<\/div>\n<div class=\"row\">\n<div class=\"cell label\">funci\u00f3n<\/div>\n<div class=\"cell value\">sostenible<\/div>\n<\/div>\n<div class=\"row\">\n<div class=\"cell label\">estilo<\/div>\n<div class=\"cell value\">Cl\u00e1sico<\/div>\n<\/div>\n<div class=\"row\">\n<div class=\"cell label\">utilice<\/div>\n<div class=\"cell value\">Vino<\/div>\n<\/div>\n<div class=\"row\">\n<div class=\"cell label\">ocasi\u00f3n<\/div>\n<div class=\"cell value\">Fiesta<\/div>\n<\/div>\n<div class=\"row\">\n<div class=\"cell label\">cantidad<\/div>\n<div class=\"cell value\">1<\/div>\n<\/div>\n<div class=\"row\">\n<div class=\"cell label\">producci\u00f3n<\/div>\n<div class=\"cell value\">vaso de cerveza con asa<\/div>\n<\/div>\n<div class=\"row\">\n<div class=\"cell label\">Unidades de venta<\/div>\n<div class=\"cell value\">Art\u00edculo individual<\/div>\n<\/div>\n<div class=\"row\">\n<div class=\"cell label\">Tama\u00f1o de envase individual<\/div>\n<div class=\"cell value\">30X30X30 cm<\/div>\n<\/div>\n<div class=\"row\">\n<div class=\"cell label\">Peso bruto \u00fanico<\/div>\n<div class=\"cell value\">1.000 kg<\/div>\n<\/div>\n<\/div>\n<p>\n<img decoding=\"async\" src=\"https:\/\/glasswaremanufacturers.com\/wp-content\/uploads\/Crystal_Beer_Glass_Mug.webp\" alt=\"Taza de cristal para cerveza\" title=\"Taza de cristal para cerveza\"><\/p>\n<h2>PREGUNTAS FRECUENTES<\/h2>\n<p><strong>1. \u00bfCu\u00e1l es la capacidad de la Taza de Cristal para Cerveza?<\/strong><br \/>La jarra tiene capacidad para 500 ml, ideal para raciones de cerveza est\u00e1ndar.<\/p>\n<p><strong>2. \u00bfEs la Taza de Cerveza de Cristal apta para microondas?<\/strong><br \/>No, no se recomienda su uso en microondas para preservar su calidad.<\/p>\n<p><strong>3. \u00bfSe puede utilizar la Taza de Cerveza de Cristal para otras bebidas?<\/strong><br \/>S\u00ed, es vers\u00e1til para cualquier bebida fr\u00eda, mejorando la presentaci\u00f3n.<\/p>\n<p><strong>4. \u00bfC\u00f3mo debo limpiar la Taza de Cristal para Cerveza?<\/strong><br \/>Se puede lavar en el lavavajillas, lo que garantiza un mantenimiento sin complicaciones.<\/p>\n<p><strong>5. \u00bfQu\u00e9 materiales se utilizan en la Taza de Cristal para Cerveza?<\/strong><br \/>Fabricado en cristal de alta calidad para una claridad \u00f3ptima.<\/p>\n<p><strong>6. \u00bfAfecta la jarra de cristal a la temperatura de la cerveza?<\/strong><br \/>El vaso mantiene la temperatura de forma eficaz para una experiencia refrescante.<\/p>\n<p><strong>7. \u00bfLa Taza de Cerveza de Cristal es adecuada para eventos al aire libre?<\/strong><br \/>S\u00ed, su dise\u00f1o duradero lo hace perfecto para su uso en exteriores.<\/p>\n<p><strong>8. \u00bfPuedo personalizar la Taza de Cerveza de Cristal con logotipos?<\/strong><br \/>S\u00ed, existen opciones de personalizaci\u00f3n para la marca.<\/p>\n<p><\/p>\n<h2>Blog reciente<\/h2>\n<ul class=\"reco-links\">\n<li><a href=\"https:\/\/glasswaremanufacturers.com\/es\/fabricantes-de-vasos-de-cristal-en-noruega\/\" target=\"_blank\">fabricantes de vasos de cristal en noruega<\/a><\/li>\n<li><a href=\"https:\/\/glasswaremanufacturers.com\/es\/fabricantes-de-vasos-de-cristal-en-tailandia\/\" target=\"_blank\">fabricantes de vasos de cristal en tailandia<\/a><\/li>\n<li><a href=\"https:\/\/glasswaremanufacturers.com\/es\/fabricantes-de-vasos-de-cristal-en-irlanda\/\" target=\"_blank\">fabricantes de vasos de cristal en irlanda<\/a><\/li>\n<li><a href=\"https:\/\/glasswaremanufacturers.com\/es\/fabricantes-de-vasos-de-cristal-en-uae\/\" target=\"_blank\">fabricantes de vasos de cristal en uae<\/a><\/li>\n<\/ul>","protected":false},"featured_media":5159,"parent":0,"template":"","meta":{"_acf_changed":false,"_seopress_robots_primary_cat":"","_seopress_titles_title":"","_seopress_titles_desc":"","_seopress_robots_index":""},"categories":[12],"class_list":["post-5160","product","type-product","status-publish","has-post-thumbnail","hentry","category-glass-cup-manufacturers"],"acf":{"product_maidian":"<li>Enhances beer flavor with crystal-clear clarity.<\/li>\r\n<li>Durable design perfect for frequent use.<\/li>\r\n<li>Ergonomic handle for comfortable grip.<\/li>\r\n<li>Ideal for showcasing craft beer colors.<\/li>\r\n<li>Dishwasher-safe for easy cleaning.<\/li>"},"_links":{"self":[{"href":"https:\/\/glasswaremanufacturers.com\/es\/wp-json\/wp\/v2\/product\/5160","targetHints":{"allow":["GET"]}}],"collection":[{"href":"https:\/\/glasswaremanufacturers.com\/es\/wp-json\/wp\/v2\/product"}],"about":[{"href":"https:\/\/glasswaremanufacturers.com\/es\/wp-json\/wp\/v2\/types\/product"}],"wp:featuredmedia":[{"embeddable":true,"href":"https:\/\/glasswaremanufacturers.com\/es\/wp-json\/wp\/v2\/media\/5159"}],"wp:attachment":[{"href":"https:\/\/glasswaremanufacturers.com\/es\/wp-json\/wp\/v2\/media?parent=5160"}],"wp:term":[{"taxonomy":"category","embeddable":true,"href":"https:\/\/glasswaremanufacturers.com\/es\/wp-json\/wp\/v2\/categories?post=5160"}],"curies":[{"name":"wp","href":"https:\/\/api.w.org\/{rel}","templated":true}]}}