{"id":5162,"date":"2026-04-18T22:42:37","date_gmt":"2026-04-18T14:42:37","guid":{"rendered":"https:\/\/glasswaremanufacturers.com\/product\/crystal-glass-drinkware-set\/"},"modified":"2026-04-18T22:42:37","modified_gmt":"2026-04-18T14:42:37","slug":"juego-de-copas-de-cristal","status":"publish","type":"product","link":"https:\/\/glasswaremanufacturers.com\/es\/product\/crystal-glass-drinkware-set\/","title":{"rendered":"Vajilla de cristal"},"content":{"rendered":"<h2>Productos<\/h2>\n<div class=\"product-table\">\n<div class=\"row\">\n<div class=\"cell label\">material<\/div>\n<div class=\"cell value\">Vidrio<\/div>\n<\/div>\n<div class=\"row\">\n<div class=\"cell label\">tipo<\/div>\n<div class=\"cell value\">Vino gless<\/div>\n<\/div>\n<div class=\"row\">\n<div class=\"cell label\">Aplicaci\u00f3n<\/div>\n<div class=\"cell value\">Casa, Hotel, Boda, Fiesta, bebidas fr\u00edas<\/div>\n<\/div>\n<div class=\"row\">\n<div class=\"cell label\">funci\u00f3n<\/div>\n<div class=\"cell value\">Reutilizable, resistente al calor, transparente, reutilizable<\/div>\n<\/div>\n<div class=\"row\">\n<div class=\"cell label\">estilo<\/div>\n<div class=\"cell value\">Minimalista<\/div>\n<\/div>\n<div class=\"row\">\n<div class=\"cell label\">Personas aplicables<\/div>\n<div class=\"cell value\">Adultos<\/div>\n<\/div>\n<div class=\"row\">\n<div class=\"cell label\">ocasi\u00f3n<\/div>\n<div class=\"cell value\">Fiesta<\/div>\n<\/div>\n<div class=\"row\">\n<div class=\"cell label\">Nombre del producto<\/div>\n<div class=\"cell value\">Vaso de cristal<\/div>\n<\/div>\n<div class=\"row\">\n<div class=\"cell label\">Color<\/div>\n<div class=\"cell value\">Transparente<\/div>\n<\/div>\n<div class=\"row\">\n<div class=\"cell label\">Material<\/div>\n<div class=\"cell value\">Vidrio<\/div>\n<\/div>\n<div class=\"row\">\n<div class=\"cell label\">Forma<\/div>\n<div class=\"cell value\">Irregular<\/div>\n<\/div>\n<div class=\"row\">\n<div class=\"cell label\">Estilo<\/div>\n<div class=\"cell value\">color s\u00f3lido<\/div>\n<\/div>\n<div class=\"row\">\n<div class=\"cell label\">Talla<\/div>\n<div class=\"cell value\">Customzied<\/div>\n<\/div>\n<div class=\"row\">\n<div class=\"cell label\">Peso<\/div>\n<div class=\"cell value\">120-295g<\/div>\n<\/div>\n<div class=\"row\">\n<div class=\"cell label\">Ventaja<\/div>\n<div class=\"cell value\">Duradero<\/div>\n<\/div>\n<div class=\"row\">\n<div class=\"cell label\">Escenario de uso<\/div>\n<div class=\"cell value\">Cocina<\/div>\n<\/div>\n<div class=\"row\">\n<div class=\"cell label\">Caracter\u00edstica<\/div>\n<div class=\"cell value\">Reutilizable<\/div>\n<\/div>\n<div class=\"row\">\n<div class=\"cell label\">Unidades de venta<\/div>\n<div class=\"cell value\">Art\u00edculo individual<\/div>\n<\/div>\n<\/div>\n<p>\n<img decoding=\"async\" src=\"https:\/\/glasswaremanufacturers.com\/wp-content\/uploads\/Crystal_Glass_Drinkware_Set.webp\" alt=\"Vajilla de cristal\" title=\"Vajilla de cristal\"><\/p>\n<h2>PREGUNTAS FRECUENTES<\/h2>\n<p><strong>1. \u00bfDe qu\u00e9 material es la vajilla?<\/strong><br \/>La Vajilla de Cristal est\u00e1 fabricada en cristal de alta calidad, lo que garantiza su durabilidad y elegancia.<\/p>\n<p><strong>2. \u00bfSe puede personalizar la vajilla?<\/strong><br \/>S\u00ed, el conjunto est\u00e1 disponible en opciones personalizables para adaptarse a las diferentes necesidades de las empresas.<\/p>\n<p><strong>3. \u00bfEs adecuada la vajilla para eventos corporativos?<\/strong><br \/>Por supuesto, su elegante dise\u00f1o lo hace ideal para eventos corporativos y entornos profesionales.<\/p>\n<p><strong>4. \u00bfC\u00f3mo debe limpiarse la vajilla?<\/strong><br \/>El conjunto es f\u00e1cil de limpiar con los m\u00e9todos habituales de limpieza de cristal, lo que garantiza su claridad y brillo.<\/p>\n<p><strong>5. \u00bfQu\u00e9 tipos de bebidas pueden servirse con este juego?<\/strong><br \/>La vajilla es adecuada para varios tipos de bebidas, realzando la presentaci\u00f3n de cada una de ellas.<\/p>\n<p><strong>6. \u00bfEs duradero para un uso frecuente?<\/strong><br \/>S\u00ed, su dise\u00f1o duradero garantiza un uso prolongado incluso con manipulaciones frecuentes.<\/p>\n<p><strong>7. \u00bfExisten diferentes tama\u00f1os de vajilla?<\/strong><br \/>S\u00ed, el juego est\u00e1 disponible en varios tama\u00f1os para adaptarse a las distintas necesidades de servicio.<\/p>\n<p><strong>8. \u00bfQu\u00e9 hace que este set sea perfecto para regalar?<\/strong><br \/>Su elegancia y opciones de personalizaci\u00f3n lo hacen ideal para regalos de empresa.<\/p>\n<p><\/p>\n<h2>Blog reciente<\/h2>\n<ul class=\"reco-links\">\n<li><a href=\"https:\/\/glasswaremanufacturers.com\/es\/fabricantes-de-vasos-de-cristal-en-austria\/\" target=\"_blank\">fabricantes de vasos de cristal en austria<\/a><\/li>\n<li><a href=\"https:\/\/glasswaremanufacturers.com\/es\/fabricantes-de-vasos-de-cristal-en-belgica\/\" target=\"_blank\">fabricantes de vasos de cristal en b\u00e9lgica<\/a><\/li>\n<li><a href=\"https:\/\/glasswaremanufacturers.com\/es\/fabricantes-de-vasos-de-cristal-en-indonesia\/\" target=\"_blank\">fabricantes de vasos de cristal en indonesia<\/a><\/li>\n<li><a href=\"https:\/\/glasswaremanufacturers.com\/es\/fabricantes-de-vasos-de-cristal-en-italia\/\" target=\"_blank\">fabricantes de vasos de cristal en italia<\/a><\/li>\n<\/ul>","protected":false},"featured_media":5161,"parent":0,"template":"","meta":{"_acf_changed":false,"_seopress_robots_primary_cat":"","_seopress_titles_title":"","_seopress_titles_desc":"","_seopress_robots_index":""},"categories":[12],"class_list":["post-5162","product","type-product","status-publish","has-post-thumbnail","hentry","category-glass-cup-manufacturers"],"acf":{"product_maidian":"<li>Durable design for long-lasting use<\/li>\r\n<li>Elegant aesthetics for professional settings<\/li>\r\n<li>High-quality material ensures clarity and shine<\/li>\r\n<li>Easy to clean and maintain<\/li>\r\n<li>Enhances beverage presentation<\/li>\r\n<li>Available in customizable sets<\/li>\r\n<li>Perfect for corporate gifting<\/li>\r\n<li>Suitable for various drink types<\/li>"},"_links":{"self":[{"href":"https:\/\/glasswaremanufacturers.com\/es\/wp-json\/wp\/v2\/product\/5162","targetHints":{"allow":["GET"]}}],"collection":[{"href":"https:\/\/glasswaremanufacturers.com\/es\/wp-json\/wp\/v2\/product"}],"about":[{"href":"https:\/\/glasswaremanufacturers.com\/es\/wp-json\/wp\/v2\/types\/product"}],"wp:featuredmedia":[{"embeddable":true,"href":"https:\/\/glasswaremanufacturers.com\/es\/wp-json\/wp\/v2\/media\/5161"}],"wp:attachment":[{"href":"https:\/\/glasswaremanufacturers.com\/es\/wp-json\/wp\/v2\/media?parent=5162"}],"wp:term":[{"taxonomy":"category","embeddable":true,"href":"https:\/\/glasswaremanufacturers.com\/es\/wp-json\/wp\/v2\/categories?post=5162"}],"curies":[{"name":"wp","href":"https:\/\/api.w.org\/{rel}","templated":true}]}}