{"id":5164,"date":"2026-04-18T22:42:39","date_gmt":"2026-04-18T14:42:39","guid":{"rendered":"https:\/\/glasswaremanufacturers.com\/product\/crystal-wine-glass-cup\/"},"modified":"2026-04-18T22:42:39","modified_gmt":"2026-04-18T14:42:39","slug":"copa-de-vino-de-cristal","status":"publish","type":"product","link":"https:\/\/glasswaremanufacturers.com\/es\/product\/crystal-wine-glass-cup\/","title":{"rendered":"Copa de vino de cristal"},"content":{"rendered":"<h2>Productos<\/h2>\n<div class=\"product-table\">\n<div class=\"row\">\n<div class=\"cell label\">tipo de vidrio<\/div>\n<div class=\"cell value\">Vino tinto Vino blanco Chupito de champ\u00e1n Copa de brandy<\/div>\n<\/div>\n<div class=\"row\">\n<div class=\"cell label\">material<\/div>\n<div class=\"cell value\">Vidrio<\/div>\n<\/div>\n<div class=\"row\">\n<div class=\"cell label\">estilo<\/div>\n<div class=\"cell value\">Cl\u00e1sico<\/div>\n<\/div>\n<div class=\"row\">\n<div class=\"cell label\">utilice<\/div>\n<div class=\"cell value\">Vino, champ\u00e1n, vino tinto, vino blanco, vino de chupito, vino de brandy, agua<\/div>\n<\/div>\n<div class=\"row\">\n<div class=\"cell label\">ocasi\u00f3n<\/div>\n<div class=\"cell value\">Fiesta<\/div>\n<\/div>\n<div class=\"row\">\n<div class=\"cell label\">Estilo de dise\u00f1o<\/div>\n<div class=\"cell value\">Retro<\/div>\n<\/div>\n<div class=\"row\">\n<div class=\"cell label\">Unidades de venta<\/div>\n<div class=\"cell value\">Art\u00edculo individual<\/div>\n<\/div>\n<div class=\"row\">\n<div class=\"cell label\">Tama\u00f1o de envase individual<\/div>\n<div class=\"cell value\">25X10X10 cm<\/div>\n<\/div>\n<div class=\"row\">\n<div class=\"cell label\">Peso bruto \u00fanico<\/div>\n<div class=\"cell value\">0,500 kg<\/div>\n<\/div>\n<\/div>\n<p>\n<img decoding=\"async\" src=\"https:\/\/glasswaremanufacturers.com\/wp-content\/uploads\/Crystal_Wine_Glass_Cup.webp\" alt=\"Copa de vino de cristal\" title=\"Copa de vino de cristal\"><\/p>\n<h2>PREGUNTAS FRECUENTES<\/h2>\n<p><strong>1. \u00bfEn qu\u00e9 se diferencian las copas de cristal de las copas normales?<\/strong><br \/>Las copas de cristal ofrecen mayor claridad y dise\u00f1o, mejorando la experiencia de degustaci\u00f3n del vino.<\/p>\n<p><strong>2. \u00bfSon estas copas adecuadas para todos los tipos de vino?<\/strong><br \/>S\u00ed, las copas de cristal est\u00e1n disponibles en varios tama\u00f1os para adaptarse a los distintos tipos de vino.<\/p>\n<p><strong>3. \u00bfPueden utilizarse copas de cristal en el lavavajillas?<\/strong><br \/>Aunque son duraderos, se recomienda lavarlos a mano para mantener su calidad y claridad.<\/p>\n<p><strong>4. \u00bfEl cristal utilizado en estos vasos no contiene plomo?<\/strong><br \/>S\u00ed, nuestras copas de cristal para vino est\u00e1n fabricadas con materiales sin plomo para beber de forma segura.<\/p>\n<p><strong>5. \u00bfC\u00f3mo mejora el dise\u00f1o de la copa la aireaci\u00f3n del vino?<\/strong><br \/>El dise\u00f1o de precisi\u00f3n mejora la aireaci\u00f3n del vino para una mejor experiencia de sabor.<\/p>\n<p><strong>6. \u00bfSon estas gafas adecuadas para regalos de empresa?<\/strong><br \/>Por supuesto, son perfectos para promociones corporativas y regalos por su elegancia.<\/p>\n<p><strong>7. \u00bfSe rompen f\u00e1cilmente las copas de cristal?<\/strong><br \/>Nuestras gafas est\u00e1n dise\u00f1adas para durar, pero manip\u00falelas con cuidado para evitar da\u00f1os.<\/p>\n<p><strong>8. \u00bfQu\u00e9 tama\u00f1os hay disponibles para las copas de cristal para vino?<\/strong><br \/>Ofrecemos varios tama\u00f1os para acomodar diferentes tipos de vino y preferencias.<\/p>\n<p><\/p>\n<h2>Blog reciente<\/h2>\n<ul class=\"reco-links\">\n<li><a href=\"https:\/\/glasswaremanufacturers.com\/es\/fabricantes-de-vasos-de-cristal-en-brasil\/\" target=\"_blank\">fabricantes de vasos de cristal en brasil<\/a><\/li>\n<li><a href=\"https:\/\/glasswaremanufacturers.com\/es\/fabricantes-de-vasos-de-cristal-en-japon\/\" target=\"_blank\">fabricantes de vasos de cristal en jap\u00f3n<\/a><\/li>\n<li><a href=\"https:\/\/glasswaremanufacturers.com\/es\/fabricantes-de-vasos-de-cristal-en-alemania\/\" target=\"_blank\">fabricantes de vasos de cristal en alemania<\/a><\/li>\n<li><a href=\"https:\/\/glasswaremanufacturers.com\/es\/fabricantes-de-vasos-de-cristal-en-ee-uu\/\" target=\"_blank\">fabricantes de vasos de cristal en ee.uu.<\/a><\/li>\n<\/ul>","protected":false},"featured_media":5163,"parent":0,"template":"","meta":{"_acf_changed":false,"_seopress_robots_primary_cat":"","_seopress_titles_title":"","_seopress_titles_desc":"","_seopress_robots_index":""},"categories":[12],"class_list":["post-5164","product","type-product","status-publish","has-post-thumbnail","hentry","category-glass-cup-manufacturers"],"acf":{"product_maidian":"<li>Enhance wine tasting experience with fine crystal glass.<\/li>\r\n<li>Elegant design suitable for upscale events and dining.<\/li>\r\n<li>Durable construction ensures long-lasting use.<\/li>\r\n<li>Precision-crafted for optimal wine aeration.<\/li>\r\n<li>Lead-free crystal for safe and healthy drinking.<\/li>\r\n<li>Perfect for gifting or corporate promotions.<\/li>\r\n<li>Available in various sizes to match different wine types.<\/li>\r\n<li>Easy to clean and maintain.<\/li>"},"_links":{"self":[{"href":"https:\/\/glasswaremanufacturers.com\/es\/wp-json\/wp\/v2\/product\/5164","targetHints":{"allow":["GET"]}}],"collection":[{"href":"https:\/\/glasswaremanufacturers.com\/es\/wp-json\/wp\/v2\/product"}],"about":[{"href":"https:\/\/glasswaremanufacturers.com\/es\/wp-json\/wp\/v2\/types\/product"}],"wp:featuredmedia":[{"embeddable":true,"href":"https:\/\/glasswaremanufacturers.com\/es\/wp-json\/wp\/v2\/media\/5163"}],"wp:attachment":[{"href":"https:\/\/glasswaremanufacturers.com\/es\/wp-json\/wp\/v2\/media?parent=5164"}],"wp:term":[{"taxonomy":"category","embeddable":true,"href":"https:\/\/glasswaremanufacturers.com\/es\/wp-json\/wp\/v2\/categories?post=5164"}],"curies":[{"name":"wp","href":"https:\/\/api.w.org\/{rel}","templated":true}]}}