{"id":5166,"date":"2026-04-18T22:42:41","date_gmt":"2026-04-18T14:42:41","guid":{"rendered":"https:\/\/glasswaremanufacturers.com\/product\/custom-animal-glass-mug\/"},"modified":"2026-04-18T22:42:41","modified_gmt":"2026-04-18T14:42:41","slug":"taza-de-cristal-animal-personalizada","status":"publish","type":"product","link":"https:\/\/glasswaremanufacturers.com\/es\/product\/custom-animal-glass-mug\/","title":{"rendered":"Taza de cristal personalizada"},"content":{"rendered":"<h2>Productos<\/h2>\n<div class=\"product-table\">\n<div class=\"row\">\n<div class=\"cell label\">material<\/div>\n<div class=\"cell value\">Vidrio<\/div>\n<\/div>\n<div class=\"row\">\n<div class=\"cell label\">tipo<\/div>\n<div class=\"cell value\">Tazas de caf\u00e9<\/div>\n<\/div>\n<div class=\"row\">\n<div class=\"cell label\">Apto para microondas<\/div>\n<div class=\"cell value\">S\u00ed<\/div>\n<\/div>\n<div class=\"row\">\n<div class=\"cell label\">apto para lavavajillas<\/div>\n<div class=\"cell value\">S\u00ed<\/div>\n<\/div>\n<div class=\"row\">\n<div class=\"cell label\">Aplicaci\u00f3n<\/div>\n<div class=\"cell value\">Hogar, Hotel, Oficina<\/div>\n<\/div>\n<div class=\"row\">\n<div class=\"cell label\">funci\u00f3n<\/div>\n<div class=\"cell value\">Port\u00e1til, reutilizable, a prueba de fugas<\/div>\n<\/div>\n<div class=\"row\">\n<div class=\"cell label\">estilo<\/div>\n<div class=\"cell value\">Pa\u00eds<\/div>\n<\/div>\n<div class=\"row\">\n<div class=\"cell label\">Personas aplicables<\/div>\n<div class=\"cell value\">Unisex<\/div>\n<\/div>\n<div class=\"row\">\n<div class=\"cell label\">ocasi\u00f3n<\/div>\n<div class=\"cell value\">Graduaci\u00f3n<\/div>\n<\/div>\n<div class=\"row\">\n<div class=\"cell label\">Nombre del producto<\/div>\n<div class=\"cell value\">Vaso de cristal<\/div>\n<\/div>\n<div class=\"row\">\n<div class=\"cell label\">Material<\/div>\n<div class=\"cell value\">Vidrio de alto contenido en borosilicato<\/div>\n<\/div>\n<div class=\"row\">\n<div class=\"cell label\">Caracter\u00edstica<\/div>\n<div class=\"cell value\">Ecol\u00f3gico<\/div>\n<\/div>\n<div class=\"row\">\n<div class=\"cell label\">Utilizaci\u00f3n<\/div>\n<div class=\"cell value\">Caf\u00e9. T\u00e9. Cerveza. Agua<\/div>\n<\/div>\n<div class=\"row\">\n<div class=\"cell label\">Color<\/div>\n<div class=\"cell value\">Claro<\/div>\n<\/div>\n<div class=\"row\">\n<div class=\"cell label\">Capacidad<\/div>\n<div class=\"cell value\">400 ml\/Capacidad personalizada aceptable<\/div>\n<\/div>\n<div class=\"row\">\n<div class=\"cell label\">Logotipo<\/div>\n<div class=\"cell value\">Logotipo personalizado aceptable<\/div>\n<\/div>\n<div class=\"row\">\n<div class=\"cell label\">Embalaje<\/div>\n<div class=\"cell value\">Se acepta el embalaje a medida<\/div>\n<\/div>\n<div class=\"row\">\n<div class=\"cell label\">MOQ<\/div>\n<div class=\"cell value\">1 unidad<\/div>\n<\/div>\n<div class=\"row\">\n<div class=\"cell label\">Dise\u00f1o<\/div>\n<div class=\"cell value\">Aceptar dise\u00f1os personalizados<\/div>\n<\/div>\n<div class=\"row\">\n<div class=\"cell label\">Unidades de venta<\/div>\n<div class=\"cell value\">Art\u00edculo individual<\/div>\n<\/div>\n<div class=\"row\">\n<div class=\"cell label\">Tama\u00f1o de envase individual<\/div>\n<div class=\"cell value\">20X20X20 cm<\/div>\n<\/div>\n<div class=\"row\">\n<div class=\"cell label\">Peso bruto \u00fanico<\/div>\n<div class=\"cell value\">1.000 kg<\/div>\n<\/div>\n<\/div>\n<p>\n<img decoding=\"async\" src=\"https:\/\/glasswaremanufacturers.com\/wp-content\/uploads\/Custom_Animal_Glass_Mug.webp\" alt=\"Taza de cristal personalizada\" title=\"Taza de cristal personalizada\"><\/p>\n<h2>PREGUNTAS FRECUENTES<\/h2>\n<p><strong>1. \u00bfQu\u00e9 materiales se utilizan en la taza?<\/strong><br \/>La taza est\u00e1 hecha de vidrio resistente, lo que garantiza su longevidad y calidad.<\/p>\n<p><strong>2. \u00bfPuedo personalizar el dise\u00f1o?<\/strong><br \/>S\u00ed, puede personalizar el dise\u00f1o para incluir su marca o ilustraciones espec\u00edficas de animales.<\/p>\n<p><strong>3. \u00bfLa taza es apta para microondas?<\/strong><br \/>Por supuesto, la taza es apta para microondas para calentarla f\u00e1cilmente.<\/p>\n<p><strong>4. \u00bfC\u00f3mo se limpia la taza?<\/strong><br \/>La taza es apta para el lavavajillas, lo que facilita su limpieza y mantenimiento.<\/p>\n<p><strong>5. \u00bfSe pueden hacer pedidos al por mayor?<\/strong><br \/>S\u00ed, ofrecemos precios competitivos para pedidos al por mayor que se adapten a las necesidades de las empresas.<\/p>\n<p><strong>6. \u00bfQu\u00e9 tallas hay disponibles?<\/strong><br \/>Ofrecemos varios tama\u00f1os para adaptarnos a las distintas preferencias y necesidades.<\/p>\n<p><strong>7. \u00bfEs ecol\u00f3gica la taza?<\/strong><br \/>S\u00ed, los materiales utilizados son respetuosos con el medio ambiente, lo que atrae a las empresas con conciencia ecol\u00f3gica.<\/p>\n<p><strong>8. \u00bfPuede utilizarse esta taza para actos promocionales?<\/strong><br \/>Sin duda, el dise\u00f1o \u00fanico de la taza la hace perfecta para regalos promocionales y eventos corporativos.<\/p>\n<p><\/p>\n<h2>Blog reciente<\/h2>\n<ul class=\"reco-links\">\n<li><a href=\"https:\/\/glasswaremanufacturers.com\/es\/fabricantes-de-vasos-de-cristal-en-china\/\" target=\"_blank\">fabricantes de vasos de cristal en china<\/a><\/li>\n<li><a href=\"https:\/\/glasswaremanufacturers.com\/es\/fabricantes-de-vasos-de-cristal-en-espana\/\" target=\"_blank\">fabricantes de vasos de cristal en espa\u00f1a<\/a><\/li>\n<li><a href=\"https:\/\/glasswaremanufacturers.com\/es\/fabricantes-de-vasos-de-cristal-en-iran\/\" target=\"_blank\">fabricantes de vasos de cristal en ir\u00e1n<\/a><\/li>\n<li><a href=\"https:\/\/glasswaremanufacturers.com\/es\/fabricantes-de-vasos-de-cristal-en-taiwan\/\" target=\"_blank\">fabricantes de vasos de cristal en taiwan<\/a><\/li>\n<\/ul>","protected":false},"featured_media":5165,"parent":0,"template":"","meta":{"_acf_changed":false,"_seopress_robots_primary_cat":"","_seopress_titles_title":"","_seopress_titles_desc":"","_seopress_robots_index":""},"categories":[12],"class_list":["post-5166","product","type-product","status-publish","has-post-thumbnail","hentry","category-glass-cup-manufacturers"],"acf":{"product_maidian":"<li>Unique animal designs enhance user experience.<\/li>\r\n<li>Durable glass construction ensures longevity.<\/li>\r\n<li>Customizable options for branding purposes.<\/li>\r\n<li>Perfect for promotional gifts and corporate events.<\/li>\r\n<li>Eco-friendly materials appeal to environmentally conscious businesses.<\/li>\r\n<li>Microwave and dishwasher safe for convenience.<\/li>\r\n<li>Available in various sizes to suit different needs.<\/li>\r\n<li>Competitive pricing for bulk orders.<\/li>"},"_links":{"self":[{"href":"https:\/\/glasswaremanufacturers.com\/es\/wp-json\/wp\/v2\/product\/5166","targetHints":{"allow":["GET"]}}],"collection":[{"href":"https:\/\/glasswaremanufacturers.com\/es\/wp-json\/wp\/v2\/product"}],"about":[{"href":"https:\/\/glasswaremanufacturers.com\/es\/wp-json\/wp\/v2\/types\/product"}],"wp:featuredmedia":[{"embeddable":true,"href":"https:\/\/glasswaremanufacturers.com\/es\/wp-json\/wp\/v2\/media\/5165"}],"wp:attachment":[{"href":"https:\/\/glasswaremanufacturers.com\/es\/wp-json\/wp\/v2\/media?parent=5166"}],"wp:term":[{"taxonomy":"category","embeddable":true,"href":"https:\/\/glasswaremanufacturers.com\/es\/wp-json\/wp\/v2\/categories?post=5166"}],"curies":[{"name":"wp","href":"https:\/\/api.w.org\/{rel}","templated":true}]}}