{"id":5168,"date":"2026-04-18T22:42:42","date_gmt":"2026-04-18T14:42:42","guid":{"rendered":"https:\/\/glasswaremanufacturers.com\/product\/custom-logo-glass-coffee-cup\/"},"modified":"2026-04-18T22:42:42","modified_gmt":"2026-04-18T14:42:42","slug":"taza-de-cafe-de-cristal-con-logotipo-personalizado","status":"publish","type":"product","link":"https:\/\/glasswaremanufacturers.com\/es\/product\/custom-logo-glass-coffee-cup\/","title":{"rendered":"Taza de caf\u00e9 de cristal con logotipo personalizado"},"content":{"rendered":"<h2>Productos<\/h2>\n<div class=\"product-table\">\n<div class=\"row\">\n<div class=\"cell label\">material<\/div>\n<div class=\"cell value\">Vidrio sodoc\u00e1lcico<\/div>\n<\/div>\n<div class=\"row\">\n<div class=\"cell label\">Aplicaci\u00f3n<\/div>\n<div class=\"cell value\">Hogar, Restaurante, Regalo, Fiesta<\/div>\n<\/div>\n<div class=\"row\">\n<div class=\"cell label\">funci\u00f3n<\/div>\n<div class=\"cell value\">Ecol\u00f3gico, reciclable<\/div>\n<\/div>\n<div class=\"row\">\n<div class=\"cell label\">estilo<\/div>\n<div class=\"cell value\">Moderno<\/div>\n<\/div>\n<div class=\"row\">\n<div class=\"cell label\">Embalaje<\/div>\n<div class=\"cell value\">Papel blanco\/papel burbuja, caja de papel interior, b<\/div>\n<\/div>\n<div class=\"row\">\n<div class=\"cell label\">ocasi\u00f3n<\/div>\n<div class=\"cell value\">Fiesta<\/div>\n<\/div>\n<div class=\"row\">\n<div class=\"cell label\">Talla<\/div>\n<div class=\"cell value\">Arriba D: 78mm, Abajo D: 63mm, H: 93mm<\/div>\n<\/div>\n<div class=\"row\">\n<div class=\"cell label\">Unidades de venta<\/div>\n<div class=\"cell value\">Art\u00edculo individual<\/div>\n<\/div>\n<\/div>\n<p>\n<img decoding=\"async\" src=\"https:\/\/glasswaremanufacturers.com\/wp-content\/uploads\/Custom_Logo_Glass_Coffee_Cup.webp\" alt=\"Taza de caf\u00e9 de cristal con logotipo personalizado\" title=\"Taza de caf\u00e9 de cristal con logotipo personalizado\"><\/p>\n<h2>PREGUNTAS FRECUENTES<\/h2>\n<p><strong>1. \u00bfDe qu\u00e9 material es la taza de caf\u00e9?<\/strong><br \/>La taza de caf\u00e9 est\u00e1 hecha de vidrio resistente para una mayor duraci\u00f3n.<\/p>\n<p><strong>2. \u00bfPuedo personalizar el logotipo de la taza?<\/strong><br \/>S\u00ed, puede personalizar la taza con su logotipo.<\/p>\n<p><strong>3. \u00bfLa taza de caf\u00e9 de cristal se puede lavar en el lavavajillas?<\/strong><br \/>Por supuesto, nuestra taza de caf\u00e9 de cristal est\u00e1 dise\u00f1ada para poder lavarse en el lavavajillas.<\/p>\n<p><strong>4. \u00bfQu\u00e9 tama\u00f1os hay disponibles para la taza de caf\u00e9?<\/strong><br \/>La taza de caf\u00e9 est\u00e1 disponible en varios tama\u00f1os para adaptarse a diferentes necesidades.<\/p>\n<p><strong>5. \u00bfEs ecol\u00f3gico el vaso de caf\u00e9 de vidrio?<\/strong><br \/>S\u00ed, la taza presenta un dise\u00f1o ecol\u00f3gico que promueve la sostenibilidad.<\/p>\n<p><strong>6. \u00bfSe puede utilizar la taza de caf\u00e9 de cristal como regalo de empresa?<\/strong><br \/>S\u00ed, es ideal para regalos de empresa y actos promocionales.<\/p>\n<p><strong>7. \u00bfOfrece el cristal un tacto de primera calidad?<\/strong><br \/>El cristal de alta calidad proporciona una sensaci\u00f3n elegante y de primera calidad.<\/p>\n<p><strong>8. \u00bfC\u00f3mo mejora la taza de caf\u00e9 la visibilidad de la marca?<\/strong><br \/>La colocaci\u00f3n personalizada del logotipo optimiza eficazmente la visibilidad de la marca.<\/p>\n<p><\/p>\n<h2>Blog reciente<\/h2>\n<ul class=\"reco-links\">\n<li><a href=\"https:\/\/glasswaremanufacturers.com\/es\/fabricantes-de-vasos-de-cristal-en-mexico\/\" target=\"_blank\">fabricantes de vasos de cristal en mexico<\/a><\/li>\n<li><a href=\"https:\/\/glasswaremanufacturers.com\/es\/fabricantes-de-vasos-de-cristal-en-turquia\/\" target=\"_blank\">fabricantes de vasos de cristal en turquia<\/a><\/li>\n<li><a href=\"https:\/\/glasswaremanufacturers.com\/es\/fabricantes-de-vasos-de-cristal-en-los-paises-bajos\/\" target=\"_blank\">fabricantes de vasos de cristal en los pa\u00edses bajos<\/a><\/li>\n<li><a href=\"https:\/\/glasswaremanufacturers.com\/es\/fabricantes-de-vasos-de-cristal-en-arabia-saudi\/\" target=\"_blank\">fabricantes de vasos de cristal en arabia saud\u00ed<\/a><\/li>\n<\/ul>","protected":false},"featured_media":5167,"parent":0,"template":"","meta":{"_acf_changed":false,"_seopress_robots_primary_cat":"","_seopress_titles_title":"","_seopress_titles_desc":"","_seopress_robots_index":""},"categories":[12],"class_list":["post-5168","product","type-product","status-publish","has-post-thumbnail","hentry","category-glass-cup-manufacturers"],"acf":{"product_maidian":"<li>Enhance brand visibility with custom logo placement.<\/li>\r\n<li>Durable glass material ensures long-lasting use.<\/li>\r\n<li>Ideal for corporate gifts and promotional events.<\/li>\r\n<li>Eco-friendly design supports sustainability initiatives.<\/li>\r\n<li>Dishwasher safe for easy cleaning.<\/li>\r\n<li>High-quality glass offers a premium feel.<\/li>\r\n<li>Available in various sizes to fit your needs.<\/li>\r\n<li>Boost employee morale with personalized drinkware.<\/li>"},"_links":{"self":[{"href":"https:\/\/glasswaremanufacturers.com\/es\/wp-json\/wp\/v2\/product\/5168","targetHints":{"allow":["GET"]}}],"collection":[{"href":"https:\/\/glasswaremanufacturers.com\/es\/wp-json\/wp\/v2\/product"}],"about":[{"href":"https:\/\/glasswaremanufacturers.com\/es\/wp-json\/wp\/v2\/types\/product"}],"wp:featuredmedia":[{"embeddable":true,"href":"https:\/\/glasswaremanufacturers.com\/es\/wp-json\/wp\/v2\/media\/5167"}],"wp:attachment":[{"href":"https:\/\/glasswaremanufacturers.com\/es\/wp-json\/wp\/v2\/media?parent=5168"}],"wp:term":[{"taxonomy":"category","embeddable":true,"href":"https:\/\/glasswaremanufacturers.com\/es\/wp-json\/wp\/v2\/categories?post=5168"}],"curies":[{"name":"wp","href":"https:\/\/api.w.org\/{rel}","templated":true}]}}