{"id":5175,"date":"2026-04-19T11:47:01","date_gmt":"2026-04-19T03:47:01","guid":{"rendered":"https:\/\/glasswaremanufacturers.com\/product\/custom-logo-glass-drinking-cups\/"},"modified":"2026-04-19T11:47:01","modified_gmt":"2026-04-19T03:47:01","slug":"vasos-de-cristal-con-logotipo-personalizado","status":"publish","type":"product","link":"https:\/\/glasswaremanufacturers.com\/es\/product\/custom-logo-glass-drinking-cups\/","title":{"rendered":"Vasos de cristal con logotipo personalizado"},"content":{"rendered":"<h2>Productos<\/h2>\n<div class=\"product-table\">\n<div class=\"row\">\n<div class=\"cell label\">material<\/div>\n<div class=\"cell value\">Vidrio<\/div>\n<\/div>\n<div class=\"row\">\n<div class=\"cell label\">tipo<\/div>\n<div class=\"cell value\">Vaso<\/div>\n<\/div>\n<div class=\"row\">\n<div class=\"cell label\">Caracter\u00edstica<\/div>\n<div class=\"cell value\">Respetuoso con el medio ambiente, sin BPA, apto para microondas<\/div>\n<\/div>\n<div class=\"row\">\n<div class=\"cell label\">Aplicaci\u00f3n<\/div>\n<div class=\"cell value\">Casa, Restaurante, Vino, Fiesta, Regalos, Cerveza<\/div>\n<\/div>\n<div class=\"row\">\n<div class=\"cell label\">estilo<\/div>\n<div class=\"cell value\">Cl\u00e1sico<\/div>\n<\/div>\n<div class=\"row\">\n<div class=\"cell label\">ocasi\u00f3n<\/div>\n<div class=\"cell value\">Regalos de empresa<\/div>\n<\/div>\n<div class=\"row\">\n<div class=\"cell label\">Accesorios<\/div>\n<div class=\"cell value\">Ninguno<\/div>\n<\/div>\n<div class=\"row\">\n<div class=\"cell label\">Embalaje<\/div>\n<div class=\"cell value\">Caja de color<\/div>\n<\/div>\n<div class=\"row\">\n<div class=\"cell label\">Material<\/div>\n<div class=\"cell value\">Vidrio sodoc\u00e1lcico<\/div>\n<\/div>\n<div class=\"row\">\n<div class=\"cell label\">Aplicaci\u00f3n<\/div>\n<div class=\"cell value\">Vida cotidiana Inicio<\/div>\n<\/div>\n<div class=\"row\">\n<div class=\"cell label\">Nombre del producto<\/div>\n<div class=\"cell value\">Set de 6 vasos cuadrados<\/div>\n<\/div>\n<div class=\"row\">\n<div class=\"cell label\">Utilizaci\u00f3n<\/div>\n<div class=\"cell value\">Caf\u00e9. T\u00e9. Cerveza. Agua<\/div>\n<\/div>\n<div class=\"row\">\n<div class=\"cell label\">Logotipo<\/div>\n<div class=\"cell value\">Logotipo personalizado aceptable<\/div>\n<\/div>\n<div class=\"row\">\n<div class=\"cell label\">Muestra<\/div>\n<div class=\"cell value\">Se ofrece<\/div>\n<\/div>\n<div class=\"row\">\n<div class=\"cell label\">Talla<\/div>\n<div class=\"cell value\">68*55*90mm,211g,180ml<\/div>\n<\/div>\n<div class=\"row\">\n<div class=\"cell label\">OEM Y ODM<\/div>\n<div class=\"cell value\">Alta acogida Personalizado<\/div>\n<\/div>\n<div class=\"row\">\n<div class=\"cell label\">MOQ<\/div>\n<div class=\"cell value\">60 unidades<\/div>\n<\/div>\n<div class=\"row\">\n<div class=\"cell label\">Certificado<\/div>\n<div class=\"cell value\">FDA,LFGB<\/div>\n<\/div>\n<div class=\"row\">\n<div class=\"cell label\">Unidades de venta<\/div>\n<div class=\"cell value\">Art\u00edculo individual<\/div>\n<\/div>\n<\/div>\n<p>\n<img decoding=\"async\" src=\"https:\/\/glasswaremanufacturers.com\/wp-content\/uploads\/Custom_Logo_Glass_Drinking_Cups.webp\" alt=\"Vasos de cristal con logotipo personalizado\" title=\"Vasos de cristal con logotipo personalizado\"><\/p>\n<h2>PREGUNTAS FRECUENTES<\/h2>\n<p><strong>1. \u00bfQu\u00e9 son los vasos de cristal con logotipo personalizado?<\/strong><br \/>Los vasos de cristal con logotipo personalizado son art\u00edculos de cristaler\u00eda personalizados con el logotipo o dise\u00f1o de su marca.<\/p>\n<p><strong>2. \u00bfC\u00f3mo pueden estas tazas mejorar la visibilidad de la marca?<\/strong><br \/>Estas tazas muestran su marca de forma destacada, aumentando el reconocimiento y la fidelidad de los clientes.<\/p>\n<p><strong>3. \u00bfSon duraderos los vasos de cristal?<\/strong><br \/>S\u00ed, est\u00e1n hechos de vidrio de alta calidad para una mayor durabilidad y longevidad.<\/p>\n<p><strong>4. \u00bfPuedo utilizar estas tazas para actos promocionales?<\/strong><br \/>Por supuesto, son perfectos para actos promocionales y regalos de empresa.<\/p>\n<p><strong>5. \u00bfSon ecol\u00f3gicas las tazas?<\/strong><br \/>S\u00ed, son reutilizables, lo que reduce el impacto medioambiental en comparaci\u00f3n con las opciones desechables.<\/p>\n<p><strong>6. \u00bfPuedo personalizar el dise\u00f1o de los vasos de cristal?<\/strong><br \/>S\u00ed, existen numerosas opciones de dise\u00f1o personalizables para crear una marca \u00fanica.<\/p>\n<p><strong>7. \u00bfQu\u00e9 industrias se benefician del uso de estas tazas?<\/strong><br \/>Las cafeter\u00edas, los restaurantes y las empresas que acuden a ferias se benefician del uso de estos vasos de marca.<\/p>\n<p><strong>8. \u00bfHay tazas de diferentes tama\u00f1os?<\/strong><br \/>S\u00ed, est\u00e1n disponibles en varios tama\u00f1os para satisfacer distintas necesidades.<\/p>\n<p><\/p>\n<h2>Blog reciente<\/h2>\n<ul class=\"reco-links\">\n<li><a href=\"https:\/\/glasswaremanufacturers.com\/es\/fabricantes-de-vasos-de-cristal-en-suiza\/\" target=\"_blank\">fabricantes de vasos de cristal en suiza<\/a><\/li>\n<li><a href=\"https:\/\/glasswaremanufacturers.com\/es\/fabricantes-de-vasos-de-cristal-en-polonia\/\" target=\"_blank\">fabricantes de vasos de cristal en polonia<\/a><\/li>\n<li><a href=\"https:\/\/glasswaremanufacturers.com\/es\/fabricantes-de-vasos-de-cristal-en-australia\/\" target=\"_blank\">fabricantes de vasos de cristal en australia<\/a><\/li>\n<li><a href=\"https:\/\/glasswaremanufacturers.com\/es\/fabricantes-de-vasos-de-cristal-en-francia\/\" target=\"_blank\">fabricantes de vasos de cristal en francia<\/a><\/li>\n<\/ul>","protected":false},"featured_media":5174,"parent":0,"template":"","meta":{"_acf_changed":false,"_seopress_robots_primary_cat":"","_seopress_titles_title":"","_seopress_titles_desc":"","_seopress_robots_index":""},"categories":[12],"class_list":["post-5175","product","type-product","status-publish","has-post-thumbnail","hentry","category-glass-cup-manufacturers"],"acf":{"product_maidian":"<li>Enhance brand visibility with personalized glass cups.<\/li>\r\n<li>High-quality glass ensures durability and elegance.<\/li>\r\n<li>Ideal for corporate gifts and promotional events.<\/li>\r\n<li>Eco-friendly, reusable beverage solution.<\/li>\r\n<li>Customizable design options for unique branding.<\/li>\r\n<li>Perfect for cafes, restaurants, and trade shows.<\/li>\r\n<li>Boost customer engagement with branded merchandise.<\/li>\r\n<li>Available in various sizes to suit different needs.<\/li>"},"_links":{"self":[{"href":"https:\/\/glasswaremanufacturers.com\/es\/wp-json\/wp\/v2\/product\/5175","targetHints":{"allow":["GET"]}}],"collection":[{"href":"https:\/\/glasswaremanufacturers.com\/es\/wp-json\/wp\/v2\/product"}],"about":[{"href":"https:\/\/glasswaremanufacturers.com\/es\/wp-json\/wp\/v2\/types\/product"}],"wp:featuredmedia":[{"embeddable":true,"href":"https:\/\/glasswaremanufacturers.com\/es\/wp-json\/wp\/v2\/media\/5174"}],"wp:attachment":[{"href":"https:\/\/glasswaremanufacturers.com\/es\/wp-json\/wp\/v2\/media?parent=5175"}],"wp:term":[{"taxonomy":"category","embeddable":true,"href":"https:\/\/glasswaremanufacturers.com\/es\/wp-json\/wp\/v2\/categories?post=5175"}],"curies":[{"name":"wp","href":"https:\/\/api.w.org\/{rel}","templated":true}]}}