{"id":5177,"date":"2026-04-19T11:47:03","date_gmt":"2026-04-19T03:47:03","guid":{"rendered":"https:\/\/glasswaremanufacturers.com\/product\/cute-glass-drinking-cup\/"},"modified":"2026-04-19T11:47:03","modified_gmt":"2026-04-19T03:47:03","slug":"bonito-vaso-de-cristal","status":"publish","type":"product","link":"https:\/\/glasswaremanufacturers.com\/es\/product\/cute-glass-drinking-cup\/","title":{"rendered":"Taza de cristal para beber"},"content":{"rendered":"<h2>Productos<\/h2>\n<div class=\"product-table\">\n<div class=\"row\">\n<div class=\"cell label\">tipo de vidrio<\/div>\n<div class=\"cell value\">VIDRIO<\/div>\n<\/div>\n<div class=\"row\">\n<div class=\"cell label\">material<\/div>\n<div class=\"cell value\">Vidrio<\/div>\n<\/div>\n<div class=\"row\">\n<div class=\"cell label\">capacidad<\/div>\n<div class=\"cell value\">150 ml<\/div>\n<\/div>\n<div class=\"row\">\n<div class=\"cell label\">funci\u00f3n<\/div>\n<div class=\"cell value\">Ecol\u00f3gico<\/div>\n<\/div>\n<div class=\"row\">\n<div class=\"cell label\">estilo<\/div>\n<div class=\"cell value\">Moderno<\/div>\n<\/div>\n<div class=\"row\">\n<div class=\"cell label\">ocasi\u00f3n<\/div>\n<div class=\"cell value\">No disponible<\/div>\n<\/div>\n<div class=\"row\">\n<div class=\"cell label\">utilice<\/div>\n<div class=\"cell value\">Vino<\/div>\n<\/div>\n<div class=\"row\">\n<div class=\"cell label\">tipo de metal<\/div>\n<div class=\"cell value\">no<\/div>\n<\/div>\n<div class=\"row\">\n<div class=\"cell label\">tipo cer\u00e1mica<\/div>\n<div class=\"cell value\">no<\/div>\n<\/div>\n<div class=\"row\">\n<div class=\"cell label\">tipo de pl\u00e1stico<\/div>\n<div class=\"cell value\">no<\/div>\n<\/div>\n<div class=\"row\">\n<div class=\"cell label\">cantidad<\/div>\n<div class=\"cell value\">>10<\/div>\n<\/div>\n<div class=\"row\">\n<div class=\"cell label\">producci\u00f3n<\/div>\n<div class=\"cell value\">vaso de cristal<\/div>\n<\/div>\n<div class=\"row\">\n<div class=\"cell label\">Tipo de vajilla<\/div>\n<div class=\"cell value\">Vidrio<\/div>\n<\/div>\n<div class=\"row\">\n<div class=\"cell label\">color<\/div>\n<div class=\"cell value\">borrar<\/div>\n<\/div>\n<div class=\"row\">\n<div class=\"cell label\">Embalaje<\/div>\n<div class=\"cell value\">huevo encajado<\/div>\n<\/div>\n<div class=\"row\">\n<div class=\"cell label\">Aplicaci\u00f3n<\/div>\n<div class=\"cell value\">beber<\/div>\n<\/div>\n<div class=\"row\">\n<div class=\"cell label\">Utilizaci\u00f3n<\/div>\n<div class=\"cell value\">bar<\/div>\n<\/div>\n<div class=\"row\">\n<div class=\"cell label\">Nombre del producto<\/div>\n<div class=\"cell value\">vaso de chupito<\/div>\n<\/div>\n<div class=\"row\">\n<div class=\"cell label\">Estilo<\/div>\n<div class=\"cell value\">Moderno<\/div>\n<\/div>\n<div class=\"row\">\n<div class=\"cell label\">Logotipo<\/div>\n<div class=\"cell value\">Logotipo personalizado aceptable<\/div>\n<\/div>\n<div class=\"row\">\n<div class=\"cell label\">Forma<\/div>\n<div class=\"cell value\">redondo<\/div>\n<\/div>\n<div class=\"row\">\n<div class=\"cell label\">Unidades de venta<\/div>\n<div class=\"cell value\">Art\u00edculo individual<\/div>\n<\/div>\n<div class=\"row\">\n<div class=\"cell label\">Tama\u00f1o de envase individual<\/div>\n<div class=\"cell value\">15X10X10 cm<\/div>\n<\/div>\n<div class=\"row\">\n<div class=\"cell label\">Peso bruto \u00fanico<\/div>\n<div class=\"cell value\">0,500 kg<\/div>\n<\/div>\n<\/div>\n<p>\n<img decoding=\"async\" src=\"https:\/\/glasswaremanufacturers.com\/wp-content\/uploads\/Cute_Glass_Drinking_Cup.webp\" alt=\"Taza de cristal para beber\" title=\"Taza de cristal para beber\"><\/p>\n<h2>PREGUNTAS FRECUENTES<\/h2>\n<p><strong>1. \u00bfSe puede lavar el cristal en el lavavajillas?<\/strong><br \/>S\u00ed, el vaso de cristal Cute Glass Drinking Cup se puede lavar en el lavavajillas para limpiarlo sin problemas.<\/p>\n<p><strong>2. \u00bfQu\u00e9 tallas hay disponibles?<\/strong><br \/>La taza est\u00e1 disponible en varios tama\u00f1os para satisfacer distintas necesidades de bebida.<\/p>\n<p><strong>3. \u00bfPuede contener bebidas calientes?<\/strong><br \/>S\u00ed, nuestro vaso de cristal est\u00e1 dise\u00f1ado para soportar tanto bebidas fr\u00edas como calientes.<\/p>\n<p><strong>4. \u00bfEl vidrio no contiene plomo?<\/strong><br \/>Por supuesto, el vaso de cristal Cute Glass Drinking Cup est\u00e1 fabricado con materiales sin plomo.<\/p>\n<p><strong>5. \u00bfTiene garant\u00eda?<\/strong><br \/>S\u00ed, ofrecemos una garant\u00eda por defectos de fabricaci\u00f3n.<\/p>\n<p><strong>6. \u00bfEs el cristal resistente a la rotura?<\/strong><br \/>Aunque duradero, es de cristal y debe manipularse con cuidado para evitar roturas.<\/p>\n<p><strong>7. \u00bfC\u00f3mo puedo hacer un pedido al por mayor?<\/strong><br \/>P\u00f3ngase en contacto con nuestro equipo de ventas para conocer las opciones de compra al por mayor y los descuentos.<\/p>\n<p><strong>8. \u00bfExisten dise\u00f1os personalizados?<\/strong><br \/>S\u00ed, ofrecemos opciones de personalizaci\u00f3n para marcas o dise\u00f1os personales.<\/p>\n<p><\/p>\n<h2>Blog reciente<\/h2>\n<ul class=\"reco-links\">\n<li><a href=\"https:\/\/glasswaremanufacturers.com\/es\/glass-cup-manufacturers-in-uk\/\" target=\"_blank\">fabricantes de vasos de cristal en el reino unido<\/a><\/li>\n<li><a href=\"https:\/\/glasswaremanufacturers.com\/es\/fabricantes-de-vasos-de-cristal-en-la-india\/\" target=\"_blank\">fabricantes de vasos de cristal en la india<\/a><\/li>\n<li><a href=\"https:\/\/glasswaremanufacturers.com\/es\/fabricantes-de-vasos-de-cristal-en-canada\/\" target=\"_blank\">fabricantes de vasos de cristal en canad\u00e1<\/a><\/li>\n<li><a href=\"https:\/\/glasswaremanufacturers.com\/es\/fabricantes-de-vasos-de-cristal-en-rusia\/\" target=\"_blank\">fabricantes de vasos de cristal en rusia<\/a><\/li>\n<\/ul>","protected":false},"featured_media":5176,"parent":0,"template":"","meta":{"_acf_changed":false,"_seopress_robots_primary_cat":"","_seopress_titles_title":"","_seopress_titles_desc":"","_seopress_robots_index":""},"categories":[12],"class_list":["post-5177","product","type-product","status-publish","has-post-thumbnail","hentry","category-glass-cup-manufacturers"],"acf":{"product_maidian":"<li>Durable glass construction ensures long-lasting use.<\/li>\r\n<li>Sleek design adds elegance to any setting.<\/li>\r\n<li>Easy to clean and maintain for busy environments.<\/li>\r\n<li>Available in various sizes to suit different needs.<\/li>\r\n<li>Perfect for both hot and cold beverages.<\/li>\r\n<li>Environmentally friendly, reusable glass material.<\/li>\r\n<li>Comfortable grip for easy handling.<\/li>\r\n<li>Non-toxic materials ensure safe drinking.<\/li>"},"_links":{"self":[{"href":"https:\/\/glasswaremanufacturers.com\/es\/wp-json\/wp\/v2\/product\/5177","targetHints":{"allow":["GET"]}}],"collection":[{"href":"https:\/\/glasswaremanufacturers.com\/es\/wp-json\/wp\/v2\/product"}],"about":[{"href":"https:\/\/glasswaremanufacturers.com\/es\/wp-json\/wp\/v2\/types\/product"}],"wp:featuredmedia":[{"embeddable":true,"href":"https:\/\/glasswaremanufacturers.com\/es\/wp-json\/wp\/v2\/media\/5176"}],"wp:attachment":[{"href":"https:\/\/glasswaremanufacturers.com\/es\/wp-json\/wp\/v2\/media?parent=5177"}],"wp:term":[{"taxonomy":"category","embeddable":true,"href":"https:\/\/glasswaremanufacturers.com\/es\/wp-json\/wp\/v2\/categories?post=5177"}],"curies":[{"name":"wp","href":"https:\/\/api.w.org\/{rel}","templated":true}]}}