{"id":5179,"date":"2026-04-19T11:47:09","date_gmt":"2026-04-19T03:47:09","guid":{"rendered":"https:\/\/glasswaremanufacturers.com\/product\/decorative-household-glass-cup\/"},"modified":"2026-04-19T11:47:09","modified_gmt":"2026-04-19T03:47:09","slug":"vaso-de-cristal-decorativo-para-el-hogar","status":"publish","type":"product","link":"https:\/\/glasswaremanufacturers.com\/es\/product\/decorative-household-glass-cup\/","title":{"rendered":"Vaso de cristal decorativo para el hogar"},"content":{"rendered":"<h2>Productos<\/h2>\n<div class=\"product-table\">\n<div class=\"row\">\n<div class=\"cell label\">material<\/div>\n<div class=\"cell value\">Vidrio<\/div>\n<\/div>\n<div class=\"row\">\n<div class=\"cell label\">volumen<\/div>\n<div class=\"cell value\">190 ml<\/div>\n<\/div>\n<div class=\"row\">\n<div class=\"cell label\">funci\u00f3n<\/div>\n<div class=\"cell value\">Port\u00e1til, reutilizable, respetuoso con el medio ambiente, resistente al calor, duradero<\/div>\n<\/div>\n<div class=\"row\">\n<div class=\"cell label\">estilo<\/div>\n<div class=\"cell value\">Cl\u00e1sico<\/div>\n<\/div>\n<div class=\"row\">\n<div class=\"cell label\">Forma<\/div>\n<div class=\"cell value\">Redondo<\/div>\n<\/div>\n<div class=\"row\">\n<div class=\"cell label\">ocasi\u00f3n<\/div>\n<div class=\"cell value\">bebida<\/div>\n<\/div>\n<div class=\"row\">\n<div class=\"cell label\">Tipo de vajilla<\/div>\n<div class=\"cell value\">Tazas<\/div>\n<\/div>\n<div class=\"row\">\n<div class=\"cell label\">Unidades de venta<\/div>\n<div class=\"cell value\">Art\u00edculo individual<\/div>\n<\/div>\n<\/div>\n<p>\n<img decoding=\"async\" src=\"https:\/\/glasswaremanufacturers.com\/wp-content\/uploads\/Decorative_Household_Glass_Cup.webp\" alt=\"Vaso de cristal decorativo para el hogar\" title=\"Vaso de cristal decorativo para el hogar\"><\/p>\n<h2>PREGUNTAS FRECUENTES<\/h2>\n<p><strong>1. \u00bfDe qu\u00e9 est\u00e1 hecho el vaso de cristal?<\/strong><br \/>El vaso est\u00e1 fabricado con material de vidrio duradero y de alta calidad.<\/p>\n<p><strong>2. \u00bfEs seguro el vaso de cristal para bebidas calientes?<\/strong><br \/>S\u00ed, el vaso de cristal est\u00e1 dise\u00f1ado para manipular con seguridad tanto bebidas fr\u00edas como calientes.<\/p>\n<p><strong>3. \u00bfPuedo meter el vaso de cristal en el lavavajillas?<\/strong><br \/>Por supuesto, el vaso de cristal se puede lavar en el lavavajillas para facilitar su limpieza.<\/p>\n<p><strong>4. \u00bfEs ecol\u00f3gico el vaso de cristal?<\/strong><br \/>S\u00ed, el vaso de cristal es reutilizable y est\u00e1 fabricado con materiales sostenibles.<\/p>\n<p><strong>5. \u00bfHay diferentes tama\u00f1os disponibles?<\/strong><br \/>S\u00ed, el vaso de cristal est\u00e1 disponible en varios tama\u00f1os para adaptarse a distintas necesidades.<\/p>\n<p><strong>6. \u00bfSe puede regalar el vaso de cristal?<\/strong><br \/>Su dise\u00f1o decorativo lo hace perfecto para regalar en ocasiones especiales.<\/p>\n<p><strong>7. \u00bfSon at\u00f3xicos los materiales utilizados en el vaso?<\/strong><br \/>S\u00ed, todos los materiales utilizados son seguros y no t\u00f3xicos.<\/p>\n<p><strong>8. \u00bfEl vaso de cristal realzar\u00e1 la decoraci\u00f3n de mi casa?<\/strong><br \/>El elegante dise\u00f1o del vaso de cristal a\u00f1ade valor est\u00e9tico a cualquier interior.<\/p>\n<p><\/p>\n<h2>Blog reciente<\/h2>\n<ul class=\"reco-links\">\n<li><a href=\"https:\/\/glasswaremanufacturers.com\/es\/fabricantes-de-vasos-de-cristal-en-turquia\/\" target=\"_blank\">fabricantes de vasos de cristal en turquia<\/a><\/li>\n<li><a href=\"https:\/\/glasswaremanufacturers.com\/es\/fabricantes-de-vasos-de-cristal-en-canada\/\" target=\"_blank\">fabricantes de vasos de cristal en canad\u00e1<\/a><\/li>\n<li><a href=\"https:\/\/glasswaremanufacturers.com\/es\/fabricantes-de-vasos-de-cristal-en-indonesia\/\" target=\"_blank\">fabricantes de vasos de cristal en indonesia<\/a><\/li>\n<li><a href=\"https:\/\/glasswaremanufacturers.com\/es\/fabricantes-de-vasos-de-cristal-en-mexico\/\" target=\"_blank\">fabricantes de vasos de cristal en mexico<\/a><\/li>\n<\/ul>","protected":false},"featured_media":5178,"parent":0,"template":"","meta":{"_acf_changed":false,"_seopress_robots_primary_cat":"","_seopress_titles_title":"","_seopress_titles_desc":"","_seopress_robots_index":""},"categories":[12],"class_list":["post-5179","product","type-product","status-publish","has-post-thumbnail","hentry","category-glass-cup-manufacturers"],"acf":{"product_maidian":"<li>Enhance interior aesthetics with elegant design.<\/li>\r\n<li>Durable and made from high-quality glass material.<\/li>\r\n<li>Versatile for both hot and cold beverages.<\/li>\r\n<li>Easy to clean and dishwasher safe.<\/li>\r\n<li>Perfect for gifting on special occasions.<\/li>\r\n<li>Available in a range of sizes and styles.<\/li>\r\n<li>Eco-friendly, reusable, and sustainable option.<\/li>\r\n<li>Safe and non-toxic materials used in production.<\/li>"},"_links":{"self":[{"href":"https:\/\/glasswaremanufacturers.com\/es\/wp-json\/wp\/v2\/product\/5179","targetHints":{"allow":["GET"]}}],"collection":[{"href":"https:\/\/glasswaremanufacturers.com\/es\/wp-json\/wp\/v2\/product"}],"about":[{"href":"https:\/\/glasswaremanufacturers.com\/es\/wp-json\/wp\/v2\/types\/product"}],"wp:featuredmedia":[{"embeddable":true,"href":"https:\/\/glasswaremanufacturers.com\/es\/wp-json\/wp\/v2\/media\/5178"}],"wp:attachment":[{"href":"https:\/\/glasswaremanufacturers.com\/es\/wp-json\/wp\/v2\/media?parent=5179"}],"wp:term":[{"taxonomy":"category","embeddable":true,"href":"https:\/\/glasswaremanufacturers.com\/es\/wp-json\/wp\/v2\/categories?post=5179"}],"curies":[{"name":"wp","href":"https:\/\/api.w.org\/{rel}","templated":true}]}}