{"id":5181,"date":"2026-04-19T11:47:11","date_gmt":"2026-04-19T03:47:11","guid":{"rendered":"https:\/\/glasswaremanufacturers.com\/product\/double-wall-borosilicate-cup\/"},"modified":"2026-04-19T11:47:11","modified_gmt":"2026-04-19T03:47:11","slug":"vaso-de-borosilicato-de-doble-pared","status":"publish","type":"product","link":"https:\/\/glasswaremanufacturers.com\/es\/product\/double-wall-borosilicate-cup\/","title":{"rendered":"Vaso de borosilicato de doble pared"},"content":{"rendered":"<h2>Productos<\/h2>\n<div class=\"product-table\">\n<div class=\"row\">\n<div class=\"cell label\">material<\/div>\n<div class=\"cell value\">Vidrio<\/div>\n<\/div>\n<div class=\"row\">\n<div class=\"cell label\">tipo<\/div>\n<div class=\"cell value\">Tazas de caf\u00e9<\/div>\n<\/div>\n<div class=\"row\">\n<div class=\"cell label\">Aplicaci\u00f3n<\/div>\n<div class=\"cell value\">Inicio<\/div>\n<\/div>\n<div class=\"row\">\n<div class=\"cell label\">funci\u00f3n<\/div>\n<div class=\"cell value\">Port\u00e1til<\/div>\n<\/div>\n<div class=\"row\">\n<div class=\"cell label\">estilo<\/div>\n<div class=\"cell value\">Deportes<\/div>\n<\/div>\n<div class=\"row\">\n<div class=\"cell label\">Utilizaci\u00f3n<\/div>\n<div class=\"cell value\">Art\u00edculos de bebida<\/div>\n<\/div>\n<div class=\"row\">\n<div class=\"cell label\">Temporada<\/div>\n<div class=\"cell value\">Todos los d\u00edas<\/div>\n<\/div>\n<div class=\"row\">\n<div class=\"cell label\">Estilo de dise\u00f1o<\/div>\n<div class=\"cell value\">Tradicional<\/div>\n<\/div>\n<div class=\"row\">\n<div class=\"cell label\">Selecci\u00f3n del espacio<\/div>\n<div class=\"cell value\">Ayuda<\/div>\n<\/div>\n<div class=\"row\">\n<div class=\"cell label\">Espacio<\/div>\n<div class=\"cell value\">Cocina<\/div>\n<\/div>\n<div class=\"row\">\n<div class=\"cell label\">Selecci\u00f3n de ocasiones<\/div>\n<div class=\"cell value\">Ayuda<\/div>\n<\/div>\n<div class=\"row\">\n<div class=\"cell label\">Selecci\u00f3n de vacaciones<\/div>\n<div class=\"cell value\">Ayuda<\/div>\n<\/div>\n<div class=\"row\">\n<div class=\"cell label\">Vacaciones<\/div>\n<div class=\"cell value\">A\u00f1o Nuevo chino<\/div>\n<\/div>\n<div class=\"row\">\n<div class=\"cell label\">Material<\/div>\n<div class=\"cell value\">Vidrio de borosilicato de alta resistencia al calor<\/div>\n<\/div>\n<div class=\"row\">\n<div class=\"cell label\">volumen<\/div>\n<div class=\"cell value\">100 ml<\/div>\n<\/div>\n<div class=\"row\">\n<div class=\"cell label\">Unidades de venta<\/div>\n<div class=\"cell value\">Art\u00edculo individual<\/div>\n<\/div>\n<div class=\"row\">\n<div class=\"cell label\">Tama\u00f1o de envase individual<\/div>\n<div class=\"cell value\">15X5X3 cm<\/div>\n<\/div>\n<div class=\"row\">\n<div class=\"cell label\">Peso bruto \u00fanico<\/div>\n<div class=\"cell value\">2.000 kg<\/div>\n<\/div>\n<\/div>\n<p>\n<img decoding=\"async\" src=\"https:\/\/glasswaremanufacturers.com\/wp-content\/uploads\/Double_Wall_Borosilicate_Cup.webp\" alt=\"Vaso de borosilicato de doble pared\" title=\"Vaso de borosilicato de doble pared\"><\/p>\n<h2>PREGUNTAS FRECUENTES<\/h2>\n<p><strong>1. \u00bfQu\u00e9 es el vidrio borosilicato?<\/strong><br \/>El vidrio borosilicato es un tipo de vidrio conocido por su durabilidad y resistencia a los cambios de temperatura.<\/p>\n<p><strong>2. \u00bfC\u00f3mo funciona el dise\u00f1o de doble pared?<\/strong><br \/>El dise\u00f1o de doble pared crea una capa aislante que mantiene las bebidas calientes o fr\u00edas durante m\u00e1s tiempo.<\/p>\n<p><strong>3. \u00bfEs la taza apta para microondas?<\/strong><br \/>S\u00ed, el Vaso de Borosilicato de Doble Pared es apto para microondas.<\/p>\n<p><strong>4. \u00bfPuedo utilizarlo para bebidas fr\u00edas?<\/strong><br \/>Por supuesto, es perfecto para bebidas fr\u00edas gracias a sus propiedades aislantes.<\/p>\n<p><strong>5. \u00bfEvita la condensaci\u00f3n?<\/strong><br \/>S\u00ed, la doble pared evita la condensaci\u00f3n, manteniendo las superficies secas.<\/p>\n<p><strong>6. \u00bfSe puede lavar la taza en el lavavajillas?<\/strong><br \/>S\u00ed, se puede limpiar en el lavavajillas.<\/p>\n<p><strong>7. \u00bfPor qu\u00e9 es ecol\u00f3gico?<\/strong><br \/>La taza est\u00e1 fabricada con vidrio de borosilicato sostenible, lo que reduce el impacto ambiental.<\/p>\n<p><strong>8. \u00bfEs el cristal propenso a romperse?<\/strong><br \/>El vidrio de borosilicato es muy duradero y resistente a la rotura en comparaci\u00f3n con el vidrio normal.<\/p>\n<p><\/p>\n<h2>Blog reciente<\/h2>\n<ul class=\"reco-links\">\n<li><a href=\"https:\/\/glasswaremanufacturers.com\/es\/fabricantes-de-vasos-de-cristal-en-rusia\/\" target=\"_blank\">fabricantes de vasos de cristal en rusia<\/a><\/li>\n<li><a href=\"https:\/\/glasswaremanufacturers.com\/es\/fabricantes-de-vasos-de-cristal-en-taiwan\/\" target=\"_blank\">fabricantes de vasos de cristal en taiwan<\/a><\/li>\n<li><a href=\"https:\/\/glasswaremanufacturers.com\/es\/glass-cup-manufacturers-in-australia\/\" target=\"_blank\">fabricantes de vasos de cristal en australia<\/a><\/li>\n<li><a href=\"https:\/\/glasswaremanufacturers.com\/es\/fabricantes-de-vasos-de-cristal-en-polonia\/\" target=\"_blank\">fabricantes de vasos de cristal en polonia<\/a><\/li>\n<\/ul>","protected":false},"featured_media":5180,"parent":0,"template":"","meta":{"_acf_changed":false,"_seopress_robots_primary_cat":"","_seopress_titles_title":"","_seopress_titles_desc":"","_seopress_robots_index":""},"categories":[12],"class_list":["post-5181","product","type-product","status-publish","has-post-thumbnail","hentry","category-glass-cup-manufacturers"],"acf":{"product_maidian":"<li>Durable double wall design enhances thermal insulation.<\/li>\r\n<li>Borosilicate glass ensures high resistance to temperature changes.<\/li>\r\n<li>Lightweight and easy to handle for everyday use.<\/li>\r\n<li>Stylish and modern aesthetic fits any setting.<\/li>\r\n<li>Eco-friendly material promotes sustainability.<\/li>\r\n<li>Microwave and dishwasher safe for convenience.<\/li>\r\n<li>Prevents condensation, keeping surfaces dry.<\/li>\r\n<li>Perfect for both hot and cold beverages.<\/li>"},"_links":{"self":[{"href":"https:\/\/glasswaremanufacturers.com\/es\/wp-json\/wp\/v2\/product\/5181","targetHints":{"allow":["GET"]}}],"collection":[{"href":"https:\/\/glasswaremanufacturers.com\/es\/wp-json\/wp\/v2\/product"}],"about":[{"href":"https:\/\/glasswaremanufacturers.com\/es\/wp-json\/wp\/v2\/types\/product"}],"wp:featuredmedia":[{"embeddable":true,"href":"https:\/\/glasswaremanufacturers.com\/es\/wp-json\/wp\/v2\/media\/5180"}],"wp:attachment":[{"href":"https:\/\/glasswaremanufacturers.com\/es\/wp-json\/wp\/v2\/media?parent=5181"}],"wp:term":[{"taxonomy":"category","embeddable":true,"href":"https:\/\/glasswaremanufacturers.com\/es\/wp-json\/wp\/v2\/categories?post=5181"}],"curies":[{"name":"wp","href":"https:\/\/api.w.org\/{rel}","templated":true}]}}