{"id":5185,"date":"2026-04-19T11:47:14","date_gmt":"2026-04-19T03:47:14","guid":{"rendered":"https:\/\/glasswaremanufacturers.com\/product\/double-wall-coffee-glass-cup\/"},"modified":"2026-04-19T11:47:14","modified_gmt":"2026-04-19T03:47:14","slug":"vaso-de-vidrio-para-cafe-de-doble-pared","status":"publish","type":"product","link":"https:\/\/glasswaremanufacturers.com\/es\/product\/double-wall-coffee-glass-cup\/","title":{"rendered":"Vaso de caf\u00e9 de doble pared"},"content":{"rendered":"<h2>Productos<\/h2>\n<div class=\"product-table\">\n<div class=\"row\">\n<div class=\"cell label\">material<\/div>\n<div class=\"cell value\">alto borosilicato<\/div>\n<\/div>\n<div class=\"row\">\n<div class=\"cell label\">tipo<\/div>\n<div class=\"cell value\">vaso para beber<\/div>\n<\/div>\n<div class=\"row\">\n<div class=\"cell label\">Caracter\u00edstica<\/div>\n<div class=\"cell value\">Ecol\u00f3gico<\/div>\n<\/div>\n<div class=\"row\">\n<div class=\"cell label\">Aplicaci\u00f3n<\/div>\n<div class=\"cell value\">Inicio<\/div>\n<\/div>\n<div class=\"row\">\n<div class=\"cell label\">estilo<\/div>\n<div class=\"cell value\">Moderno<\/div>\n<\/div>\n<div class=\"row\">\n<div class=\"cell label\">ocasi\u00f3n<\/div>\n<div class=\"cell value\">Presenta<\/div>\n<\/div>\n<div class=\"row\">\n<div class=\"cell label\">Embalaje<\/div>\n<div class=\"cell value\">Caja blanca<\/div>\n<\/div>\n<div class=\"row\">\n<div class=\"cell label\">Material<\/div>\n<div class=\"cell value\">Alto borosilicato<\/div>\n<\/div>\n<div class=\"row\">\n<div class=\"cell label\">Fuction<\/div>\n<div class=\"cell value\">t\u00e9, caf\u00e9, agua<\/div>\n<\/div>\n<div class=\"row\">\n<div class=\"cell label\">Mercado<\/div>\n<div class=\"cell value\">Europa,Asia<\/div>\n<\/div>\n<div class=\"row\">\n<div class=\"cell label\">Color<\/div>\n<div class=\"cell value\">transparente<\/div>\n<\/div>\n<div class=\"row\">\n<div class=\"cell label\">Instrucciones de cuidado<\/div>\n<div class=\"cell value\">lavar s\u00f3lo a mano<\/div>\n<\/div>\n<div class=\"row\">\n<div class=\"cell label\">Paquete<\/div>\n<div class=\"cell value\">4pcs\/inner, 24pcs\/carton<\/div>\n<\/div>\n<div class=\"row\">\n<div class=\"cell label\">capacidad<\/div>\n<div class=\"cell value\">300 ml<\/div>\n<\/div>\n<div class=\"row\">\n<div class=\"cell label\">Estilo<\/div>\n<div class=\"cell value\">Moderno<\/div>\n<\/div>\n<div class=\"row\">\n<div class=\"cell label\">MOQ<\/div>\n<div class=\"cell value\">1000 unidades<\/div>\n<\/div>\n<div class=\"row\">\n<div class=\"cell label\">Utilizaci\u00f3n<\/div>\n<div class=\"cell value\">Vajilla Bar Inicio<\/div>\n<\/div>\n<div class=\"row\">\n<div class=\"cell label\">Unidades de venta<\/div>\n<div class=\"cell value\">Art\u00edculo individual<\/div>\n<\/div>\n<div class=\"row\">\n<div class=\"cell label\">Tama\u00f1o de envase individual<\/div>\n<div class=\"cell value\">53X53X20 cm<\/div>\n<\/div>\n<div class=\"row\">\n<div class=\"cell label\">Peso bruto \u00fanico<\/div>\n<div class=\"cell value\">6.000 kg<\/div>\n<\/div>\n<\/div>\n<p>\n<img decoding=\"async\" src=\"https:\/\/glasswaremanufacturers.com\/wp-content\/uploads\/Double_Wall_Coffee_Glass_Cup.webp\" alt=\"Vaso de caf\u00e9 de doble pared\" title=\"Vaso de caf\u00e9 de doble pared\"><\/p>\n<h2>PREGUNTAS FRECUENTES<\/h2>\n<p><strong>1. \u00bfQu\u00e9 hace que el vaso de caf\u00e9 de doble pared sea \u00fanico?<\/strong><br \/>El dise\u00f1o de doble pared mantiene la temperatura de la bebida al tiempo que evita la condensaci\u00f3n.<\/p>\n<p><strong>2. \u00bfEs seguro el vaso de cristal para bebidas calientes?<\/strong><br \/>S\u00ed, el vidrio de borosilicato es resistente al calor y seguro para las bebidas calientes.<\/p>\n<p><strong>3. \u00bfSe puede utilizar la taza para bebidas fr\u00edas?<\/strong><br \/>Absolutamente, est\u00e1 dise\u00f1ado para mantener las bebidas fr\u00edas sin sudar.<\/p>\n<p><strong>4. \u00bfSe puede lavar el vaso en el lavavajillas?<\/strong><br \/>S\u00ed, es apto para microondas y lavavajillas para facilitar su limpieza.<\/p>\n<p><strong>5. 5. \u00bfExisten diferentes tama\u00f1os de vasos de cristal?<\/strong><br \/>S\u00ed, est\u00e1 disponible en varios tama\u00f1os para adaptarse a las distintas necesidades de bebidas.<\/p>\n<p><strong>6. \u00bfSe puede utilizar el vaso de cristal en el microondas?<\/strong><br \/>S\u00ed, el vidrio de borosilicato es apto para microondas.<\/p>\n<p><strong>7. \u00bfEs ecol\u00f3gico el vaso de cristal?<\/strong><br \/>S\u00ed, ofrece una alternativa ecol\u00f3gica a los vasos de pl\u00e1stico de un solo uso.<\/p>\n<p><strong>8. \u00bfCu\u00e1l es el beneficio del dise\u00f1o?<\/strong><br \/>Su elegante dise\u00f1o no s\u00f3lo es atractivo, sino que tambi\u00e9n proporciona un agarre c\u00f3modo.<\/p>\n<p><\/p>\n<h2>Blog reciente<\/h2>","protected":false},"featured_media":5184,"parent":0,"template":"","meta":{"_acf_changed":false,"_seopress_robots_primary_cat":"","_seopress_titles_title":"","_seopress_titles_desc":"","_seopress_robots_index":""},"categories":[12],"class_list":["post-5185","product","type-product","status-publish","has-post-thumbnail","hentry","category-glass-cup-manufacturers"],"acf":{"product_maidian":"<li>Maintains optimal temperature for hot or cold beverages<\/li>\r\n<li>Durable and scratch-resistant borosilicate glass<\/li>\r\n<li>Stylish design enhances aesthetic appeal<\/li>\r\n<li>Comfortable grip reduces risk of spills<\/li>\r\n<li>Eco-friendly alternative to plastic cups<\/li>\r\n<li>Microwave and dishwasher safe for convenience<\/li>\r\n<li>Perfect for corporate gifts and promotions<\/li>\r\n<li>Available in multiple sizes for diverse needs<\/li>"},"_links":{"self":[{"href":"https:\/\/glasswaremanufacturers.com\/es\/wp-json\/wp\/v2\/product\/5185","targetHints":{"allow":["GET"]}}],"collection":[{"href":"https:\/\/glasswaremanufacturers.com\/es\/wp-json\/wp\/v2\/product"}],"about":[{"href":"https:\/\/glasswaremanufacturers.com\/es\/wp-json\/wp\/v2\/types\/product"}],"wp:featuredmedia":[{"embeddable":true,"href":"https:\/\/glasswaremanufacturers.com\/es\/wp-json\/wp\/v2\/media\/5184"}],"wp:attachment":[{"href":"https:\/\/glasswaremanufacturers.com\/es\/wp-json\/wp\/v2\/media?parent=5185"}],"wp:term":[{"taxonomy":"category","embeddable":true,"href":"https:\/\/glasswaremanufacturers.com\/es\/wp-json\/wp\/v2\/categories?post=5185"}],"curies":[{"name":"wp","href":"https:\/\/api.w.org\/{rel}","templated":true}]}}