{"id":5187,"date":"2026-04-19T11:47:15","date_gmt":"2026-04-19T03:47:15","guid":{"rendered":"https:\/\/glasswaremanufacturers.com\/product\/double-wall-espresso-glass\/"},"modified":"2026-04-19T11:47:15","modified_gmt":"2026-04-19T03:47:15","slug":"vaso-espresso-de-doble-pared","status":"publish","type":"product","link":"https:\/\/glasswaremanufacturers.com\/es\/product\/double-wall-espresso-glass\/","title":{"rendered":"Vaso espresso de doble pared"},"content":{"rendered":"<h2>Productos<\/h2>\n<div class=\"product-table\">\n<div class=\"row\">\n<div class=\"cell label\">material<\/div>\n<div class=\"cell value\">Vidrio<\/div>\n<\/div>\n<div class=\"row\">\n<div class=\"cell label\">tipo<\/div>\n<div class=\"cell value\">Tazas de caf\u00e9<\/div>\n<\/div>\n<div class=\"row\">\n<div class=\"cell label\">Construcci\u00f3n de muros<\/div>\n<div class=\"cell value\">Doble pared<\/div>\n<\/div>\n<div class=\"row\">\n<div class=\"cell label\">Apto para microondas<\/div>\n<div class=\"cell value\">S\u00ed<\/div>\n<\/div>\n<div class=\"row\">\n<div class=\"cell label\">apto para lavavajillas<\/div>\n<div class=\"cell value\">S\u00ed<\/div>\n<\/div>\n<div class=\"row\">\n<div class=\"cell label\">Aplicaci\u00f3n<\/div>\n<div class=\"cell value\">Casa, Hotel, Oficina, Regalo, Camping, Boda, Fiesta, Bebidas calientes, Bebidas fr\u00edas, T\u00e9 de la tarde<\/div>\n<\/div>\n<div class=\"row\">\n<div class=\"cell label\">funci\u00f3n<\/div>\n<div class=\"cell value\">Reutilizable, Inteligente, Doble Pared, Sin BPA, Apto para alimentos, Resistente al calor, Aislado, Hot Selling, Transparente, reutilizable<\/div>\n<\/div>\n<div class=\"row\">\n<div class=\"cell label\">estilo<\/div>\n<div class=\"cell value\">Bonito<\/div>\n<\/div>\n<div class=\"row\">\n<div class=\"cell label\">Patr\u00f3n<\/div>\n<div class=\"cell value\">logotipo<\/div>\n<\/div>\n<div class=\"row\">\n<div class=\"cell label\">Personas aplicables<\/div>\n<div class=\"cell value\">Unisex<\/div>\n<\/div>\n<div class=\"row\">\n<div class=\"cell label\">ocasi\u00f3n<\/div>\n<div class=\"cell value\">Regalos de empresa<\/div>\n<\/div>\n<div class=\"row\">\n<div class=\"cell label\">Material<\/div>\n<div class=\"cell value\">Vidrio borosilicato<\/div>\n<\/div>\n<div class=\"row\">\n<div class=\"cell label\">Ventaja<\/div>\n<div class=\"cell value\">Sin BPA ni plomo<\/div>\n<\/div>\n<div class=\"row\">\n<div class=\"cell label\">Artesan\u00eda<\/div>\n<div class=\"cell value\">100% hecho a mano, soplado a boca<\/div>\n<\/div>\n<div class=\"row\">\n<div class=\"cell label\">capacidad<\/div>\n<div class=\"cell value\">150ML \/ 5oz.<\/div>\n<\/div>\n<div class=\"row\">\n<div class=\"cell label\">Logotipo<\/div>\n<div class=\"cell value\">Logotipo personalizado aceptable<\/div>\n<\/div>\n<div class=\"row\">\n<div class=\"cell label\">NW \/PC<\/div>\n<div class=\"cell value\">130 g<\/div>\n<\/div>\n<div class=\"row\">\n<div class=\"cell label\">Embalaje<\/div>\n<div class=\"cell value\">96 PCS\/CTN<\/div>\n<\/div>\n<div class=\"row\">\n<div class=\"cell label\">Apto para microondas<\/div>\n<div class=\"cell value\">S\u00ed<\/div>\n<\/div>\n<div class=\"row\">\n<div class=\"cell label\">Dimensi\u00f3n de la caja<\/div>\n<div class=\"cell value\">19,2 *19,2 * 8,8 CM<\/div>\n<\/div>\n<div class=\"row\">\n<div class=\"cell label\">Apto para lavavajillas<\/div>\n<div class=\"cell value\">S\u00ed<\/div>\n<\/div>\n<div class=\"row\">\n<div class=\"cell label\">Unidades de venta<\/div>\n<div class=\"cell value\">Art\u00edculo individual<\/div>\n<\/div>\n<div class=\"row\">\n<div class=\"cell label\">Tama\u00f1o de envase individual<\/div>\n<div class=\"cell value\">11X11X10 cm<\/div>\n<\/div>\n<div class=\"row\">\n<div class=\"cell label\">Peso bruto \u00fanico<\/div>\n<div class=\"cell value\">0,200 kg<\/div>\n<\/div>\n<\/div>\n<p>\n<img decoding=\"async\" src=\"https:\/\/glasswaremanufacturers.com\/wp-content\/uploads\/Double_Wall_Espresso_Glass.webp\" alt=\"Vaso espresso de doble pared\" title=\"Vaso espresso de doble pared\"><\/p>\n<h2>PREGUNTAS FRECUENTES<\/h2>\n<p><strong>1. \u00bfQu\u00e9 es un vaso espresso de doble pared?<\/strong><br \/>El vaso de caf\u00e9 espresso de doble pared est\u00e1 dise\u00f1ado para mantener las bebidas calientes o fr\u00edas durante m\u00e1s tiempo y realzar su sabor.<\/p>\n<p><strong>2. \u00bfPueden utilizarse estas gafas en entornos comerciales?<\/strong><br \/>S\u00ed, son perfectas para cafeter\u00edas, restaurantes y oficinas gracias a su dise\u00f1o duradero.<\/p>\n<p><strong>3. \u00bfSe pueden lavar estos vasos en el lavavajillas?<\/strong><br \/>Por supuesto, se pueden lavar en el lavavajillas para limpiarlas c\u00f3modamente.<\/p>\n<p><strong>4. \u00bfC\u00f3mo funciona el dise\u00f1o de doble pared?<\/strong><br \/>El dise\u00f1o de doble pared a\u00edsla la bebida, conservando la temperatura y el sabor.<\/p>\n<p><strong>5. \u00bfEs duradero el vidrio de borosilicato?<\/strong><br \/>S\u00ed, el vidrio de borosilicato es conocido por su solidez y su resistencia a los ara\u00f1azos.<\/p>\n<p><strong>6. \u00bfEvita el cristal la condensaci\u00f3n?<\/strong><br \/>S\u00ed, la construcci\u00f3n de doble pared reduce la condensaci\u00f3n para una experiencia m\u00e1s limpia.<\/p>\n<p><strong>7. \u00bfQu\u00e9 tama\u00f1o de espresso pueden contener estos vasos?<\/strong><br \/>Son ideales para porciones de espresso de tama\u00f1o est\u00e1ndar, normalmente de 2-3 onzas.<\/p>\n<p><strong>8. \u00bfPueden estos vasos soportar los cambios de temperatura?<\/strong><br \/>S\u00ed, las gafas est\u00e1n dise\u00f1adas para soportar variaciones bruscas de temperatura.<\/p>\n<p><\/p>\n<h2>Blog reciente<\/h2>","protected":false},"featured_media":5186,"parent":0,"template":"","meta":{"_acf_changed":false,"_seopress_robots_primary_cat":"","_seopress_titles_title":"","_seopress_titles_desc":"","_seopress_robots_index":""},"categories":[12],"class_list":["post-5187","product","type-product","status-publish","has-post-thumbnail","hentry","category-glass-cup-manufacturers"],"acf":{"product_maidian":"<li>Enhances espresso flavor with double-wall insulation.<\/li>\r\n<li>Maintains the perfect temperature for longer periods.<\/li>\r\n<li>Elegant design complements professional settings.<\/li>\r\n<li>Durable and scratch-resistant borosilicate glass.<\/li>\r\n<li>Comfortable grip for easy handling.<\/li>\r\n<li>Ideal for cafes, restaurants, and office use.<\/li>\r\n<li>Reduces condensation for a clean surface.<\/li>\r\n<li>Dishwasher safe for hassle-free maintenance.<\/li>"},"_links":{"self":[{"href":"https:\/\/glasswaremanufacturers.com\/es\/wp-json\/wp\/v2\/product\/5187","targetHints":{"allow":["GET"]}}],"collection":[{"href":"https:\/\/glasswaremanufacturers.com\/es\/wp-json\/wp\/v2\/product"}],"about":[{"href":"https:\/\/glasswaremanufacturers.com\/es\/wp-json\/wp\/v2\/types\/product"}],"wp:featuredmedia":[{"embeddable":true,"href":"https:\/\/glasswaremanufacturers.com\/es\/wp-json\/wp\/v2\/media\/5186"}],"wp:attachment":[{"href":"https:\/\/glasswaremanufacturers.com\/es\/wp-json\/wp\/v2\/media?parent=5187"}],"wp:term":[{"taxonomy":"category","embeddable":true,"href":"https:\/\/glasswaremanufacturers.com\/es\/wp-json\/wp\/v2\/categories?post=5187"}],"curies":[{"name":"wp","href":"https:\/\/api.w.org\/{rel}","templated":true}]}}