{"id":5941,"date":"2026-05-06T23:28:42","date_gmt":"2026-05-06T15:28:42","guid":{"rendered":"https:\/\/glasswaremanufacturers.com\/product\/double-wall-heat-resistant-glass\/"},"modified":"2026-05-06T23:28:42","modified_gmt":"2026-05-06T15:28:42","slug":"doble-pared-de-vidrio-resistente-al-calor","status":"publish","type":"product","link":"https:\/\/glasswaremanufacturers.com\/es\/product\/double-wall-heat-resistant-glass\/","title":{"rendered":"Doble pared de vidrio resistente al calor"},"content":{"rendered":"<h2>Productos<\/h2>\n<div class=\"product-table\">\n<div class=\"row\">\n<div class=\"cell label\">material<\/div>\n<div class=\"cell value\">Vidrio<\/div>\n<\/div>\n<div class=\"row\">\n<div class=\"cell label\">tipo<\/div>\n<div class=\"cell value\">taza de caf\u00e9<\/div>\n<\/div>\n<div class=\"row\">\n<div class=\"cell label\">estilo<\/div>\n<div class=\"cell value\">Tradicional, Informal, Cl\u00e1sico, Moderno<\/div>\n<\/div>\n<div class=\"row\">\n<div class=\"cell label\">ocasi\u00f3n<\/div>\n<div class=\"cell value\">Camping, Viajes, Fiesta<\/div>\n<\/div>\n<div class=\"row\">\n<div class=\"cell label\">Material<\/div>\n<div class=\"cell value\">Vidrio<\/div>\n<\/div>\n<div class=\"row\">\n<div class=\"cell label\">Nombre del producto<\/div>\n<div class=\"cell value\">Vaso de cristal de doble pared<\/div>\n<\/div>\n<div class=\"row\">\n<div class=\"cell label\">Utilizaci\u00f3n<\/div>\n<div class=\"cell value\">Caf\u00e9. T\u00e9. Cerveza. Agua<\/div>\n<\/div>\n<div class=\"row\">\n<div class=\"cell label\">Tipo<\/div>\n<div class=\"cell value\">Cristaler\u00eda<\/div>\n<\/div>\n<div class=\"row\">\n<div class=\"cell label\">Color<\/div>\n<div class=\"cell value\">Transparente<\/div>\n<\/div>\n<div class=\"row\">\n<div class=\"cell label\">Capacidad<\/div>\n<div class=\"cell value\">300 ml<\/div>\n<\/div>\n<div class=\"row\">\n<div class=\"cell label\">Palabra clave<\/div>\n<div class=\"cell value\">Taza de caf\u00e9 de doble pared<\/div>\n<\/div>\n<div class=\"row\">\n<div class=\"cell label\">Logotipo<\/div>\n<div class=\"cell value\">Logotipo personalizado aceptable<\/div>\n<\/div>\n<div class=\"row\">\n<div class=\"cell label\">Descripci\u00f3n<\/div>\n<div class=\"cell value\">Seguro en contacto con alimentos<\/div>\n<\/div>\n<div class=\"row\">\n<div class=\"cell label\">Estilo<\/div>\n<div class=\"cell value\">Cl\u00e1sico<\/div>\n<\/div>\n<div class=\"row\">\n<div class=\"cell label\">Detalles del embalaje<\/div>\n<div class=\"cell value\">paquete de seguridad o de acuerdo a sus peticiones, burbuja envuelto, papel de seda, papel corrugado, polyfoam, caja de ventana, caja de PVC y caja de impresi\u00f3n para su opci\u00f3n.<\/div>\n<\/div>\n<div class=\"row\">\n<div class=\"cell label\">Unidades de venta<\/div>\n<div class=\"cell value\">Art\u00edculo individual<\/div>\n<\/div>\n<div class=\"row\">\n<div class=\"cell label\">Tama\u00f1o de envase individual<\/div>\n<div class=\"cell value\">16X10,5X17,6 cm<\/div>\n<\/div>\n<div class=\"row\">\n<div class=\"cell label\">Peso bruto \u00fanico<\/div>\n<div class=\"cell value\">0,695 kg<\/div>\n<\/div>\n<\/div>\n<p>\n<img decoding=\"async\" src=\"https:\/\/glasswaremanufacturers.com\/wp-content\/uploads\/Double_Wall_Heat_Resistant_Glass.webp\" alt=\"Doble pared de vidrio resistente al calor\" title=\"Doble pared de vidrio resistente al calor\"><\/p>\n<h2>PREGUNTAS FRECUENTES<\/h2>\n<p><strong>1. \u00bfQu\u00e9 es el vidrio de doble pared?<\/strong><br \/>El cristal de doble pared consta de dos capas para mejorar la resistencia al calor y el aislamiento.<\/p>\n<p><strong>2. \u00bfC\u00f3mo resiste el calor?<\/strong><br \/>El dise\u00f1o de doble pared crea una bolsa de aire que reduce la transferencia de calor.<\/p>\n<p><strong>3. \u00bfEs seguro para bebidas calientes?<\/strong><br \/>S\u00ed, el vidrio de doble pared est\u00e1 dise\u00f1ado para manipular con seguridad tanto bebidas fr\u00edas como calientes.<\/p>\n<p><strong>4. \u00bfSe puede lavar en el lavavajillas?<\/strong><br \/>La mayor\u00eda de los productos de vidrio de doble pared se pueden lavar en el lavavajillas para facilitar su limpieza.<\/p>\n<p><strong>5. \u00bfEvita la condensaci\u00f3n?<\/strong><br \/>S\u00ed, la estructura de doble pared minimiza la condensaci\u00f3n en la superficie.<\/p>\n<p><strong>6. \u00bfEs respetuoso con el medio ambiente?<\/strong><br \/>El vidrio de doble pared utiliza materiales ecol\u00f3gicos, lo que reduce el impacto ambiental.<\/p>\n<p><strong>7. \u00bfCu\u00e1les son las tallas disponibles?<\/strong><br \/>El vidrio de doble pared est\u00e1 disponible en varios tama\u00f1os para adaptarse a las diferentes necesidades de bebidas.<\/p>\n<p><strong>8. \u00bfEs adecuado para uso comercial?<\/strong><br \/>S\u00ed, su durabilidad y est\u00e9tica lo hacen ideal para entornos comerciales.<\/p>\n<p><\/p>\n<h2>Blog reciente<\/h2>","protected":false},"featured_media":5940,"parent":0,"template":"","meta":{"_acf_changed":false,"_seopress_robots_primary_cat":"","_seopress_titles_title":"","_seopress_titles_desc":"","_seopress_robots_index":""},"categories":[12],"class_list":["post-5941","product","type-product","status-publish","has-post-thumbnail","hentry","category-glass-cup-manufacturers"],"acf":{"product_maidian":"<li>Enhances thermal insulation for optimal beverage temperature.<\/li>\r\n<li>Durable design with scratch-resistant properties.<\/li>\r\n<li>Ergonomic shape for comfortable grip and handling.<\/li>\r\n<li>Stylish and modern aesthetic to complement any setting.<\/li>\r\n<li>Prevents condensation for a clean and dry surface.<\/li>\r\n<li>Eco-friendly material minimizes environmental impact.<\/li>\r\n<li>Versatile use for hot and cold beverages.<\/li>\r\n<li>Easy to clean and maintain for long-lasting use.<\/li>"},"_links":{"self":[{"href":"https:\/\/glasswaremanufacturers.com\/es\/wp-json\/wp\/v2\/product\/5941","targetHints":{"allow":["GET"]}}],"collection":[{"href":"https:\/\/glasswaremanufacturers.com\/es\/wp-json\/wp\/v2\/product"}],"about":[{"href":"https:\/\/glasswaremanufacturers.com\/es\/wp-json\/wp\/v2\/types\/product"}],"wp:featuredmedia":[{"embeddable":true,"href":"https:\/\/glasswaremanufacturers.com\/es\/wp-json\/wp\/v2\/media\/5940"}],"wp:attachment":[{"href":"https:\/\/glasswaremanufacturers.com\/es\/wp-json\/wp\/v2\/media?parent=5941"}],"wp:term":[{"taxonomy":"category","embeddable":true,"href":"https:\/\/glasswaremanufacturers.com\/es\/wp-json\/wp\/v2\/categories?post=5941"}],"curies":[{"name":"wp","href":"https:\/\/api.w.org\/{rel}","templated":true}]}}