{"id":5945,"date":"2026-05-06T23:28:46","date_gmt":"2026-05-06T15:28:46","guid":{"rendered":"https:\/\/glasswaremanufacturers.com\/product\/elegant-glass-tea-mug\/"},"modified":"2026-05-06T23:28:46","modified_gmt":"2026-05-06T15:28:46","slug":"elegante-taza-de-te-de-cristal","status":"publish","type":"product","link":"https:\/\/glasswaremanufacturers.com\/es\/product\/elegant-glass-tea-mug\/","title":{"rendered":"Elegante taza de t\u00e9 de cristal"},"content":{"rendered":"<h2>Productos<\/h2>\n<div class=\"product-table\">\n<div class=\"row\">\n<div class=\"cell label\">material<\/div>\n<div class=\"cell value\">Vidrio<\/div>\n<\/div>\n<div class=\"row\">\n<div class=\"cell label\">volumen<\/div>\n<div class=\"cell value\">200 ml, 90 ml, 150 ml, 180 ml<\/div>\n<\/div>\n<div class=\"row\">\n<div class=\"cell label\">funci\u00f3n<\/div>\n<div class=\"cell value\">Ecol\u00f3gico, Surtido<\/div>\n<\/div>\n<div class=\"row\">\n<div class=\"cell label\">estilo<\/div>\n<div class=\"cell value\">Estilo americano<\/div>\n<\/div>\n<div class=\"row\">\n<div class=\"cell label\">Forma<\/div>\n<div class=\"cell value\">Redondo<\/div>\n<\/div>\n<div class=\"row\">\n<div class=\"cell label\">ocasi\u00f3n<\/div>\n<div class=\"cell value\">fiesta<\/div>\n<\/div>\n<div class=\"row\">\n<div class=\"cell label\">Tipo de vajilla<\/div>\n<div class=\"cell value\">Tazas y platillos<\/div>\n<\/div>\n<div class=\"row\">\n<div class=\"cell label\">Nombre del producto<\/div>\n<div class=\"cell value\">Tazas de caf\u00e9 y leche<\/div>\n<\/div>\n<div class=\"row\">\n<div class=\"cell label\">Material<\/div>\n<div class=\"cell value\">Vidrio<\/div>\n<\/div>\n<div class=\"row\">\n<div class=\"cell label\">Color<\/div>\n<div class=\"cell value\">Transparente<\/div>\n<\/div>\n<div class=\"row\">\n<div class=\"cell label\">Embalaje<\/div>\n<div class=\"cell value\">Caja marr\u00f3n<\/div>\n<\/div>\n<div class=\"row\">\n<div class=\"cell label\">Utilizaci\u00f3n<\/div>\n<div class=\"cell value\">Caf\u00e9. T\u00e9. Cerveza. Agua<\/div>\n<\/div>\n<div class=\"row\">\n<div class=\"cell label\">Unidades de venta<\/div>\n<div class=\"cell value\">Art\u00edculo individual<\/div>\n<\/div>\n<div class=\"row\">\n<div class=\"cell label\">Tama\u00f1o de envase individual<\/div>\n<div class=\"cell value\">20X15X15 cm<\/div>\n<\/div>\n<div class=\"row\">\n<div class=\"cell label\">Peso bruto \u00fanico<\/div>\n<div class=\"cell value\">0,500 kg<\/div>\n<\/div>\n<\/div>\n<p>\n<img decoding=\"async\" src=\"https:\/\/glasswaremanufacturers.com\/wp-content\/uploads\/Elegant_Glass_Tea_Mug.webp\" alt=\"Elegante taza de t\u00e9 de cristal\" title=\"Elegante taza de t\u00e9 de cristal\"><\/p>\n<h2>PREGUNTAS FRECUENTES<\/h2>\n<p><strong>1. \u00bfEs la taza de cristal apta para microondas?<\/strong><br \/>S\u00ed, la Elegant Glass Tea Mug es apta para microondas para recalentar bebidas.<\/p>\n<p><strong>2. \u00bfTiene tapa la taza?<\/strong><br \/>No, la Elegant Glass Tea Mug no viene con tapa.<\/p>\n<p><strong>3. \u00bfCu\u00e1l es la capacidad de la taza?<\/strong><br \/>La Elegant Glass Tea Mug tiene una capacidad de 8 onzas.<\/p>\n<p><strong>4. \u00bfPuedo utilizar esta taza para el caf\u00e9?<\/strong><br \/>S\u00ed, la Elegant Glass Tea Mug es adecuada para caf\u00e9 y otras bebidas calientes.<\/p>\n<p><strong>5. \u00bfLa taza no contiene BPA?<\/strong><br \/>S\u00ed, la Elegant Glass Tea Mug est\u00e1 fabricada con materiales sin BPA.<\/p>\n<p><strong>6. \u00bfC\u00f3mo se limpia la taza?<\/strong><br \/>La Elegante Taza de T\u00e9 de Cristal se puede lavar en el lavavajillas para facilitar su limpieza.<\/p>\n<p><strong>7. \u00bfEs la taza resistente al choque t\u00e9rmico?<\/strong><br \/>S\u00ed, el dise\u00f1o de doble pared ayuda a resistir el choque t\u00e9rmico.<\/p>\n<p><strong>8. \u00bfSe adapta la taza a los portavasos est\u00e1ndar?<\/strong><br \/>Es posible que la Taza de T\u00e9 de Cristal Elegante no se adapte a todos los portavasos debido al dise\u00f1o de su asa.<\/p>\n<p><\/p>\n<h2>Blog reciente<\/h2>","protected":false},"featured_media":5944,"parent":0,"template":"","meta":{"_acf_changed":false,"_seopress_robots_primary_cat":"","_seopress_titles_title":"","_seopress_titles_desc":"","_seopress_robots_index":""},"categories":[12],"class_list":["post-5945","product","type-product","status-publish","has-post-thumbnail","hentry","category-glass-cup-manufacturers"],"acf":{"product_maidian":"<li>Premium glass construction ensures durability and elegance.<\/li>\r\n<li>Double-walled design keeps beverages hot or cold longer.<\/li>\r\n<li>Ergonomic handle offers comfort and ease of use.<\/li>\r\n<li>Perfect size for office or home tea enjoyment.<\/li>\r\n<li>Transparent body showcases the beauty of your tea.<\/li>\r\n<li>Easy to clean and dishwasher safe for convenience.<\/li>\r\n<li>Eco-friendly materials contribute to sustainability.<\/li>"},"_links":{"self":[{"href":"https:\/\/glasswaremanufacturers.com\/es\/wp-json\/wp\/v2\/product\/5945","targetHints":{"allow":["GET"]}}],"collection":[{"href":"https:\/\/glasswaremanufacturers.com\/es\/wp-json\/wp\/v2\/product"}],"about":[{"href":"https:\/\/glasswaremanufacturers.com\/es\/wp-json\/wp\/v2\/types\/product"}],"wp:featuredmedia":[{"embeddable":true,"href":"https:\/\/glasswaremanufacturers.com\/es\/wp-json\/wp\/v2\/media\/5944"}],"wp:attachment":[{"href":"https:\/\/glasswaremanufacturers.com\/es\/wp-json\/wp\/v2\/media?parent=5945"}],"wp:term":[{"taxonomy":"category","embeddable":true,"href":"https:\/\/glasswaremanufacturers.com\/es\/wp-json\/wp\/v2\/categories?post=5945"}],"curies":[{"name":"wp","href":"https:\/\/api.w.org\/{rel}","templated":true}]}}